{"id":1150,"date":"2017-08-08T14:06:32","date_gmt":"2017-08-08T14:06:32","guid":{"rendered":"https:\/\/usinacreativa.com.ar\/faardit2017\/?page_id=1150"},"modified":"2020-01-28T12:27:42","modified_gmt":"2020-01-28T12:27:42","slug":"premios-y-becas","status":"publish","type":"page","link":"https:\/\/faardit.org.ar\/web\/premios-y-becas\/","title":{"rendered":"Premios y Becas"},"content":{"rendered":"<p><img loading=\"lazy\" class=\"alignnone size-full wp-image-3610\" src=\"https:\/\/faardit.org.ar\/web\/wp-content\/uploads\/2020\/01\/FlyerAIRP2020.jpg\" alt=\"\" width=\"900\" height=\"598\" srcset=\"https:\/\/faardit.org.ar\/web\/wp-content\/uploads\/2020\/01\/FlyerAIRP2020.jpg 900w, https:\/\/faardit.org.ar\/web\/wp-content\/uploads\/2020\/01\/FlyerAIRP2020-300x199.jpg 300w, https:\/\/faardit.org.ar\/web\/wp-content\/uploads\/2020\/01\/FlyerAIRP2020-768x510.jpg 768w, https:\/\/faardit.org.ar\/web\/wp-content\/uploads\/2020\/01\/FlyerAIRP2020-272x182.jpg 272w\" sizes=\"(max-width: 900px) 100vw, 900px\" \/><\/p>\n<p>&nbsp;<\/p>\n<p>Becas 2020 AIRP\/SAR\/FAARDIT<\/p>\n<p><span class=\"_5mfr\"><span class=\"_6qdm\">&#x1f539;<\/span><\/span>\u00a02 VACANTES &#8211;<span class=\"text_exposed_show\"><br \/>\n<span class=\"_5mfr\"><span class=\"_6qdm\">&#x1f539;<\/span><\/span>\u00a027 de julio al 21 de agosto de 2019<br \/>\n<span class=\"_5mfr\"><span class=\"_6qdm\">&#x1f539;<\/span><\/span>\u00a0Abierta la inscripci\u00f3n:\u00a0<a href=\"http:\/\/www.airp.org\/?fbclid=IwAR3fF8I7-S3UhBir1qw-741x-jLf2B226TILDu4v3_ZL4_ODIpDJUL9imgE\" target=\"_blank\" rel=\"noopener nofollow noreferrer\" data-ft=\"{&quot;tn&quot;:&quot;-U&quot;}\" data-lynx-mode=\"async\" data-lynx-uri=\"https:\/\/l.facebook.com\/l.php?u=http%3A%2F%2Fwww.airp.org%2F%3Ffbclid%3DIwAR3fF8I7-S3UhBir1qw-741x-jLf2B226TILDu4v3_ZL4_ODIpDJUL9imgE&amp;h=AT0yMgOc7KW1yy2ADLVA5kgHE1nAYSwPJS7vxNp7sCua87ekIS39At7o9hE4l3orMxpoEx3m8aBTQ_mvyZf1S5Pyoq5Z2H2EBxFSTceDBTlGjk6_wwnzoXMxYuXniYWODnX0prLp_qKVAx6mGWnMCHIH7kbr0nFl-Qsh8Cin36jN3_UCeG69x0XVl1qSh_DIo-eBN8sQTbNdgKX7owSyqqN7zbMIRsQ3O-4g83TWKc8_PbZkW4UYTjxk1peRDnVOgR5By2pUQAahk-y7RsfHy15vJRTGqCRUqILIVK1FdRPfONjgjFRB6C3QEQOJ8hR6QazqG6X229dlUpd1HQJO7Nx1bYZ54zJwb_EQZfxOFO0DQfn_zXLcJvhE5RRInEsRJTX2h5kPoUIHyD9k0XysUJFTACU-1z6qrGyIIVmCOc2JvXsICzlzwxU2WDaeDI4RB9UYQrxYruLgAv0wC9iVT7m8CWon-bXvuAVbuflvM2Y9LVvO1QDMP790k3jP8hG1_1VKqvM2pdk2wkTfOS-exPUlDevHFFUZ-LuOOAMLf0DWSaxlxti6CJbuHvw9bquy6f2lOL3mnZSkHIjsHLKdJRfHQj9Wvg23UBTL_x2ssh1jlAkIHVJm4rSVcwPvrgvplw\">http:\/\/www.airp.org\/<\/a><\/span><\/p>\n<div class=\"text_exposed_show\">\n<p>No dejes de participar del curso de correlaci\u00f3n patolog\u00eda radiol\u00f3gica de cuatro semanas organizado en conjunto entre la AIRP\/SAR\/FAARDIT.<\/p>\n<p>Durante el curso, el participante realiza una revisi\u00f3n exhaustiva de todas las modalidades de im\u00e1genes, amplia gama de enfermedades y patolog\u00edas de todos los \u00f3rganos.<\/p>\n<p><span class=\"_5mfr\"><span class=\"_6qdm\">&#x2705;<\/span><\/span>\u00a0La Beca AIRP\/SAR\/FAARDIT consiste en:<\/p>\n<p><span class=\"_5mfr\"><span class=\"_6qdm\">&#x1f539;<\/span><\/span>Inscripci\u00f3n al curso<br \/>\n<span class=\"_5mfr\"><span class=\"_6qdm\">&#x1f539;<\/span><\/span>\u00a0Pasaje<br \/>\n<span class=\"_5mfr\"><span class=\"_6qdm\">&#x1f539;<\/span><\/span>\u00a0Alojamiento compartido por 4 semanas en Washington DC<\/p>\n<p><span class=\"_5mfr\"><span class=\"_6qdm\">&#x2705;<\/span><\/span>\u00a0REQUISITOS<\/p>\n<p><span class=\"_5mfr\"><span class=\"_6qdm\">&#x1f539;<\/span><\/span>\u00a0Socios SAR: cuota al d\u00eda, egresados o en formaci\u00f3n del Curso de Especialistas de la SAR. Socios FAARDIT: cuota al d\u00eda, egresados con certificaci\u00f3n mediante el CoNaEDI o residentes de \u00faltimo a\u00f1o.<\/p>\n<p><span class=\"_5mfr\"><span class=\"_6qdm\">&#x1f539;<\/span><\/span>Haber participado del CADI 2019.<\/p>\n<p><span class=\"_5mfr\"><span class=\"_6qdm\">&#x1f539;<\/span><\/span>\u00a0Menor a 35 a\u00f1os de edad.<\/p>\n<p><span class=\"_5mfr\"><span class=\"_6qdm\">&#x1f539;<\/span><\/span>\u00a0Enviar un caso original de correlaci\u00f3n Radio-Patol\u00f3gica bas\u00e1ndose en las especificaciones de AIRP\u00a0<a href=\"https:\/\/www.airp.org\/resident-courses\/case-submission?fbclid=IwAR1y4tAVcINhs9bM4uEBRxhzyin-lwuhCjw1ARUAIVKVP3iyny625IXhl9w\" target=\"_blank\" rel=\"noopener nofollow noreferrer\" data-ft=\"{&quot;tn&quot;:&quot;-U&quot;}\" data-lynx-mode=\"async\" data-lynx-uri=\"https:\/\/l.facebook.com\/l.php?u=https%3A%2F%2Fwww.airp.org%2Fresident-courses%2Fcase-submission%3Ffbclid%3DIwAR1y4tAVcINhs9bM4uEBRxhzyin-lwuhCjw1ARUAIVKVP3iyny625IXhl9w&amp;h=AT1s6aKu7mRJWyf-8HrYOICnn6prbsM_krMqqRhJiAnxjjHx0QsdOqCIjcK48hWhmM7JymPL0-qsm_xQTOM7FZLiaeO4hUvgcFAwH5RlvX6L-2pxty3ovnayvX9NvUmOFI1fC_YInE9tXBqbLEajqrLL_DbkJdHmcUgoxA-l4-cJwpYr-IhsAJHRRH2TeCr8WBVJVsJg-EYffgbC2fK9QgHtEBxcwYHrWQHgZlD5gWLaBCo-7W5RB65BDTpFeuZhu-WqCMEThFCZebDkqdRH-PzHBkeXKZWbxmjosEkRBTcwyvWVs1DSs4cvU3UVXn98Rt2mvdf6_pVecJYu7XW-PiCBpNniiG-MRyYfGw76rnXHDZEqldHUofgHAxbG3d7QpG0gZBXeVyPhlj2K2tVOxqtrd8h_7evjWHW3Ef5kvIlB993465KpgUXhFsfCenhHsrvtmKJIBTKzr7hy6cWeDDCc7VgjWOve7nX1BAJ9Tqc3v8bqhxp8kpITNKW8KD6bAORiQ5CQljjcZFj_Y0HNppeYzuxRA5FGAZz5KZBppTYuyFpb2KabIEUP7s9kG4S1-R6p5C2OqjBSZ1ouSm6_ZxCLYL5r0iEpDJ-wpL1S2PjsEdAofuBWdUZFGBrgME9vkA\">https:\/\/www.airp.org\/resident-courses\/case-submission<\/a><\/p>\n<p><span class=\"_5mfr\"><span class=\"_6qdm\">&#x2705;<\/span><\/span>\u00a0Fecha de cierre 30 de marzo de 2020<\/p>\n<p>Los casos ser\u00e1n evaluados por el Comit\u00e9 de Docencia y Ense\u00f1anza de la SAR y FAARDIT y por docentes del curso AIRP.<\/p>\n<p><span class=\"_5mfr\"><span class=\"_6qdm\">&#x2705;<\/span><\/span>\u00a0INFORMES<\/p>\n<p>Socios SAR: Arenales<\/p>\n<p><span class=\"_5mfr\"><span class=\"_6qdm\">&#x1f539;<\/span><\/span>1985 PB (C1124AAC), CABA<br \/>\n<span class=\"_5mfr\"><span class=\"_6qdm\">&#x1f539;<\/span><\/span>Tel\u00e9fono: +541148155444<br \/>\n<span class=\"_5mfr\"><span class=\"_6qdm\">&#x1f539;<\/span><\/span>Atenci\u00f3n: lunes a viernes de 10:00 a 18:00 hs<br \/>\n<span class=\"_5mfr\"><span class=\"_6qdm\">&#x1f539;<\/span><\/span>e-mail: secretaria@sar.org.ar<br \/>\n<span class=\"_5mfr\"><span class=\"_6qdm\">&#x1f539;<\/span><\/span><a href=\"https:\/\/l.facebook.com\/l.php?u=http%3A%2F%2Fwww.sar.org.ar%2F%3Ffbclid%3DIwAR3kuJECRvHBDNXQ-2QCL8Sn3vjBVkRTIGjpKhLng_3bhFJYt-ea0N6c4bs&amp;h=AT0yBijuBpAUiDe_ChWYgGQoPE1xG5VL7hUUBpV31UMW4moY_LhQMefOm9Qa2VTeYJRSUVG-CZE_oB56X0NEOqgR0PKQrPHr9xrnM-PjIV0rn1YA23DK2eGCu1D28JmE6ow4-fn-qkN5yz4DKXxXo6MGwwOSeM1QQ0Xw4QDzokFh-E1nTnQVCCwhM98ds1KOf6LyloxdlXA7PX5FVlUy8lY0gMbES6mJnWb7u_PzHokXM5koSn5mmSIUA8yV1wdUK3vB8AbZpo_pepHP6oEXarDZDLwkCXxMq574rEJIEQbhsb5DpfumJ02e8nldgZJA80z48Zfte19KOFwLtQR23uFpP2h9zRK32x16neRXqgNPxCMIcdAjAZPCZ-VZPNR8BSwr5jRvc8nl5vlLXR0v2EyOvhXyIIjNYiN1UW-jOeRaGSgKM0cv_2h8eZ-_QD_lcZrEXgUVUD5E9hx5gq0eIjBiy5Zb5uX8e03xVdYEV4yMsbCGMgWMBhI91Rh_Gn--o9OXCYD32Nd8xYIZeHw-bJTnyUSJShIzaAS9WnCYzbuFttqTBOep-HRK1CUw5du0ykDTYEoj_19kfDCXxCXeSSOqItfylyUSWjuSHjUajIMgnoqYwtH0h24E8brUXGdZRw\" target=\"_blank\" rel=\"noopener nofollow noreferrer\" data-ft=\"{&quot;tn&quot;:&quot;-U&quot;}\" data-lynx-mode=\"async\">www.sar.org.ar<\/a><\/p>\n<p>Socios FAARDIT:<\/p>\n<p><span class=\"_5mfr\"><span class=\"_6qdm\">&#x1f539;<\/span><\/span>Potos\u00ed 1362 (X5004EML) &#8211; C\u00f3rdoba<br \/>\n<span class=\"_5mfr\"><span class=\"_6qdm\">&#x1f539;<\/span><\/span>Tel\u00e9fono: +54 9 3515519103<br \/>\n<span class=\"_5mfr\"><span class=\"_6qdm\">&#x1f539;<\/span><\/span>Atenci\u00f3n: lunes a viernes, de 09:00 a 15:00 hs<br \/>\n<span class=\"_5mfr\"><span class=\"_6qdm\">&#x1f539;<\/span><\/span>e-mail: juan@faardit.org.ar<br \/>\n<span class=\"_5mfr\"><span class=\"_6qdm\">&#x1f539;<\/span><\/span><a href=\"https:\/\/l.facebook.com\/l.php?u=http%3A%2F%2Fwww.faardit.org.ar%2F%3Ffbclid%3DIwAR2zQGZxe4OZB2W9rqQ0lk_Vjx1fo87sCKTjMGBHds5xRz78J3jtqoQgwT8&amp;h=AT2n6M6_S4UmBEpNin3xBDePNl-aCqs_qGOXLHxOw5_6NWD80nTI4pwLVhSX7IWPkqf-DGOEbxAy-sMGVl9g_1YUA9CZV0ajWNx2BkqnIIk48WUFCvg7T-OL7-mmr8AsD62YlTAv1EA6Cl47P3a0PS3I-nV5QgSR2t04u1XD4p1H2sWQXIuVJSB_Qepi-HtXKMn2vvJyF_o1zdnokY_zMAeBqIteBnPi74QhBoROzB9hQA4_e9QQE17q9ZLPsiQ89L_-fVNzgqP3PRAVdr4iUmZoIiwc-CJnS_4ogQWODXvBDZ-3r3ZK9ejnkrntAXaj6Rdje0Kn8sXAxwc1d3HBg-5NfB7LQ9tGFDQcWCEXH9j6cfy0h6PQoGgrFgPp310c9fAT4tJY8ZOLlzGbxc2PRoCblLNTZHRQQJCMmauJVDF-kbwH3ljMsdzbK00SMcULM1GFklEip-dhaVu50U4UUWl7JQI5p9i9F9zI9-JESJg9pcXmHxAKFoLMixLS3PkLyc_Z2h2LhLNPicAu_dyLX-W1hVAQkhYYi_7W-ujFIN7zTpg760mdvuEopKY68YVmgjxyjXeOaFHkIdys-dMKff1TsSd9sui5_1VGic4nuez7-tAHBicKJxQd5LAHNv0LFQ\" target=\"_blank\" rel=\"noopener nofollow noreferrer\" data-ft=\"{&quot;tn&quot;:&quot;-U&quot;}\" data-lynx-mode=\"async\">www.faardit.org.ar<\/a><\/p>\n<\/div>\n<p>&nbsp;<\/p>\n<p>&nbsp;<\/p>\n<p>&nbsp;<\/p>\n<p>&nbsp;<\/p>\n<div class=\"\" data-block=\"true\" data-editor=\"5t5a9\" data-offset-key=\"bge36-0-0\">\n<div class=\"_1mf _1mj\" data-offset-key=\"bge36-0-0\"><\/div>\n<\/div>\n","protected":false},"excerpt":{"rendered":"<p>&nbsp; Becas 2020 AIRP\/SAR\/FAARDIT &#x1f539;\u00a02 VACANTES &#8211; &#x1f539;\u00a027 de julio al 21 de agosto de 2019 &#x1f539;\u00a0Abierta la inscripci\u00f3n:\u00a0http:\/\/www.airp.org\/ No dejes de participar del curso de correlaci\u00f3n patolog\u00eda radiol\u00f3gica de cuatro semanas organizado en conjunto entre la AIRP\/SAR\/FAARDIT. Durante el curso, el participante realiza una&#8230;<\/p>\n","protected":false},"author":1,"featured_media":0,"parent":0,"menu_order":0,"comment_status":"closed","ping_status":"closed","template":"","meta":[],"_links":{"self":[{"href":"https:\/\/faardit.org.ar\/web\/wp-json\/wp\/v2\/pages\/1150"}],"collection":[{"href":"https:\/\/faardit.org.ar\/web\/wp-json\/wp\/v2\/pages"}],"about":[{"href":"https:\/\/faardit.org.ar\/web\/wp-json\/wp\/v2\/types\/page"}],"author":[{"embeddable":true,"href":"https:\/\/faardit.org.ar\/web\/wp-json\/wp\/v2\/users\/1"}],"replies":[{"embeddable":true,"href":"https:\/\/faardit.org.ar\/web\/wp-json\/wp\/v2\/comments?post=1150"}],"version-history":[{"count":12,"href":"https:\/\/faardit.org.ar\/web\/wp-json\/wp\/v2\/pages\/1150\/revisions"}],"predecessor-version":[{"id":3611,"href":"https:\/\/faardit.org.ar\/web\/wp-json\/wp\/v2\/pages\/1150\/revisions\/3611"}],"wp:attachment":[{"href":"https:\/\/faardit.org.ar\/web\/wp-json\/wp\/v2\/media?parent=1150"}],"curies":[{"name":"wp","href":"https:\/\/api.w.org\/{rel}","templated":true}]}}