{"id":1152,"date":"2017-08-08T14:06:58","date_gmt":"2017-08-08T14:06:58","guid":{"rendered":"https:\/\/usinacreativa.com.ar\/faardit2017\/?page_id=1152"},"modified":"2025-06-12T21:54:55","modified_gmt":"2025-06-12T21:54:55","slug":"posteres-electronicos","status":"publish","type":"page","link":"https:\/\/faardit.org.ar\/web\/posteres-electronicos\/","title":{"rendered":"E-Posters Congresos"},"content":{"rendered":"<p><div class=\"page-section  clearfix first-section\" style=\"z-index:1\" id='rpsG1FUUWHIF3JKIATC5VX8DCBRA07ABY5N' data-exheight='0' >\n\t\n\t<div class=\"section-inner-wrap\">\n\n\t\t\n\n\n\t\t\t\n\n\t<div class=\"skeleton section-content auto_align clearfix\" data-width=\"Contained\">\n\t\t\n\t\t\t\t\t\n<div class=\"rad-container  layout_element  full last first  top   clearfix\" id=\"rpcV536J7K6L91AXWHSDFRXY23GM64GUGRP\" data-layout=\"full\">\n\t\n\t \t\n\n\t<div class=\"rad-inner-container clearfix\">\n\t \n\n\n<div  data-key=\"rad_text_widget\"  style='-webkit-transition-delay:0s;transition-delay:0s;' id=\"rpwTI3P5D5PVYLVS25UXJA34BBSI9AE277H\" class=\" w_full w_layout_element  top   rad-widget\">\n\t\n<div class='ioa-text-column none  col-align-left  clearfix'> \n      \n      <div class='ioa-text-area'>\n        <h3 class='text-title'> Accede a los E-Poster de Congresos previos<\/h3>\n        \n        \n        <div class='ioa-text clearfix'><span style=\"color: #000000;\"><span style=\"font-size: medium;\">Se encuentran disponibles para su visualizaci\u00f3n los E-Posters de Congresos de a\u00f1os anteriores del CADI (Congreso Argentino de Diagn\u00f3stico por Im\u00e1genes) y SORDIC (Congreso Internacional de Diagn\u00f3stico por Im\u00e1genes de C\u00f3rdoba). Esta actividad acad\u00e9mica virtual es de <strong>acceso p\u00fablico y gratuito<\/strong>.<\/span><\/span>\n<p><span style=\"color: #000000;\"><span style=\"font-size: medium;\">Este importante material acad\u00e9mico se encuentra dividido por Congreso, a\u00f1o y \u00e1rea tem\u00e1tica, siendo f\u00e1cil su acceso y visualizaci\u00f3n. Si no pudiste concurrir o visualizar los E-Posters durante la realizaci\u00f3n de los Congresos, ahora te brindamos la oportunidad de que lo hagas. No pierdas tiempo y accede ahora.<\/span><\/span><\/div>\n        \n      <\/div> \n     <\/div>\n<\/div>\t\t\n\t<\/div>\n\n\t\n<\/div>\n\n\t\t\t\n\t\n\t<\/div>\n\n\t\t\n\n\t\t<\/div>\n<\/div>\t\n\n<div class=\"page-section  clearfix last-section\" style=\"z-index:2\" id='rpsWUHL8C9DFXK98D9DCLB7J2WU340HKAS6' data-exheight='0' >\n\t\n\t<div class=\"section-inner-wrap\">\n\n\t\t\n\n\n\t\t\t\n\n\t<div class=\"skeleton section-content auto_align clearfix\" data-width=\"Contained\">\n\t\t\n\t\t\t\t\t\n<div class=\"rad-container  layout_element  one_fifth first  top   clearfix\" id=\"rpcMFT0X259H3YVRQXRFKHSV5GAY9M4J5HT\" data-layout=\"one_fifth\">\n\t\n\t \t\n\n\t<div class=\"rad-inner-container clearfix\">\n\t \n\n\n<div  data-key=\"rad_text_widget\"  style='-webkit-transition-delay:0s;transition-delay:0s;' id=\"rpwMLTS1F9VU9Q8GX93U96NWA4KVQS03MT4\" class=\" w_full w_layout_element  top   icon-col-layout  rad-widget\">\n\t\n<div class='ioa-text-column left-icon  col-align-center  clearfix'> \n      <div class='ioa-icon-area' style='margin-top:0'> <img src='https:\/\/faardit.org.ar\/web\/wp-content\/uploads\/2024\/01\/05-Iconos-Web-Faardit-Calendario-Nov23.png' alt='text icon'\/>  <\/div>\n      <div class='ioa-text-area'>\n        <h3 class='text-title'> <\/h3>\n        \n        \n        \n        \n      <\/div> \n     <\/div>\n<\/div>\t\t\n\t<\/div>\n\n\t\n<\/div>\n\n\t\t\n<div class=\"rad-container  layout_element  four_fifth last top   clearfix\" id=\"rpcFC8QE3FFEBPYVUJCM4BQ9WTMNLPFHAIY\" data-layout=\"four_fifth\">\n\t\n\t \t\n\n\t<div class=\"rad-inner-container clearfix\">\n\t\n<div  data-key=\"rad_toggle_widget\"  id=\"rpwVNRVO326SC2PO4PICLPETPYKRFI16YAT\" class=\" w_full w_layout_element  top   rad-widget\">\n\n\t<div class=\"toggle-inner-wrap\">\n\t\t\n\n\t\t<div class=\" clearfix toggle-style-simple\" itemscope itemtype=\"http:\/\/schema.org\/ItemList\">\n  \t\t\n\t\t\n\t\t <div class='toggle ' itemscope itemtype='http:\/\/schema.org\/Thing'><h4><a href=\"#tg69d346349988a\" class='toggle-title ' itemprop='name'  > <i class='ioa-front-icon  plus-2icon-'><\/i> CONGRESO INTERNACIONAL DE DIAGN\u00d3STICO POR IM\u00c1GENES DE C\u00d3RDOBA<\/a><\/h4><div id='tg69d346349988a' itemprop='description' class='toggle-body collapse'>\n<p><a href=\"http:\/\/congreso.sordic.org.ar\/2024\/posters\">Congreso Internacional de Diagn\u00f3stico por Im\u00e1genes de C\u00f3rdoba 2024<\/a><\/p>\n<p><a href=\"http:\/\/congreso.sordic.org.ar\/2022\/posters\">Congreso Internacional de Diagn\u00f3stico por Im\u00e1genes de C\u00f3rdoba 2022<\/a><\/p>\n<p><a href=\"http:\/\/congreso.faardit.org.ar\/2019\/sordic\">Congreso Internacional de Diagn\u00f3stico por Im\u00e1genes de C\u00f3rdoba 2019<\/a><\/p>\n<p><a href=\"http:\/\/congreso.sordic.org.ar\/2017\/posters\/educativos\">Congreso Internacional de Diagn\u00f3stico por Im\u00e1genes de C\u00f3rdoba 2017<br \/>\n<\/a><\/div> <\/div>\n\t\t\n  \n\t\t<\/div>\n\n\t\n\t<\/div>\n<\/div>\n\n\t\t\n\t<\/div>\n\n\t\n<\/div>\n\n\t\t\n<div class=\"rad-container  layout_element  one_fifth first   clearfix\" id=\"rpcYBB1FLHMV7D150JLWFE6IEP3DIGBN7LI\" data-layout=\"one_fifth\">\n\t<span class=\"vline\" style='-webkit-transition-delay:350ms;transition-delay:350ms;'><\/span>\n\t \t\n\n\t<div class=\"rad-inner-container clearfix\">\n\t \n\n\n<div  data-key=\"rad_text_widget\"  style='-webkit-transition-delay:0s;transition-delay:0s;' id=\"rpwE105F8BIJD5J3V6411DIOS7DWRDKOHSE\" class=\" w_full w_layout_element  top   icon-col-layout  rad-widget\">\n\t\n<div class='ioa-text-column left-icon  col-align-center  clearfix'> \n      <div class='ioa-icon-area' style='margin-top:0'> <img src='https:\/\/faardit.org.ar\/web\/wp-content\/uploads\/2024\/01\/05-Iconos-Web-Faardit-Calendario-Nov23.png' alt='text icon'\/>  <\/div>\n      <div class='ioa-text-area'>\n        <h3 class='text-title'> <\/h3>\n        \n        \n        \n        \n      <\/div> \n     <\/div>\n<\/div>\t\t\n\t<\/div>\n\n\t\n<\/div>\n\n\t\t\n<div class=\"rad-container  layout_element  four_fifth last  clearfix\" id=\"rpcD558JYYJ9OCOS62H64CK9VW6U0BP5UGS\" data-layout=\"four_fifth\">\n\t<span class=\"vline\" style='-webkit-transition-delay:700ms;transition-delay:700ms;'><\/span>\n\t \t\n\n\t<div class=\"rad-inner-container clearfix\">\n\t\n<div  data-key=\"rad_toggle_widget\"  id=\"rpwUKYWE1BXH92JB5JX8RQO4M7WM16H2T9R\" class=\" w_full w_layout_element  top   rad-widget\">\n\n\t<div class=\"toggle-inner-wrap\">\n\t\t\n\n\t\t<div class=\" clearfix toggle-style-simple\" itemscope itemtype=\"http:\/\/schema.org\/ItemList\">\n  \t\t\n\t\t\n\t\t <div class='toggle ' itemscope itemtype='http:\/\/schema.org\/Thing'><h4><a href=\"#tg69d346349a44c\" class='toggle-title ' itemprop='name'  > <i class='ioa-front-icon  plus-2icon-'><\/i> CONGRESO ARGENTINO DE DIAGN\u00d3STICO POR IM\u00c1GENES<\/a><\/h4><div id='tg69d346349a44c' itemprop='description' class='toggle-body collapse'> <a href=\"http:\/\/congreso.faardit.org.ar\/2024\/posters\">Congreso CADI 2024<\/a>\n<p><a href=\"http:\/\/congreso.faardit.org.ar\/2023\/posters\">Congreso CADI 2023<\/a><\/p>\n<p><a href=\"http:\/\/congreso.faardit.org.ar\/2022\/posters\">Congreso CADI 2022<\/a><\/p>\n<p><a href=\"http:\/\/congreso.faardit.org.ar\/2019\/posters\">Congreso CADI 2019<\/a><\/p>\n<p><a href=\"http:\/\/congreso.faardit.org.ar\/2018\/posters\">Congreso CADI 2018<\/a><\/p>\n<p><a href=\"http:\/\/congreso.faardit.org.ar\/2015\/posters\">Congreso Im\u00e1genes 2015<\/a><\/p>\n<p><a href=\"http:\/\/congreso.faardit.org.ar\/2014\/posters\">Congreso Im\u00e1genes 2014<\/a><\/p>\n<p><a href=\"http:\/\/congreso.faardit.org.ar\/2013\/posters\">Congreso Im\u00e1genes 2013<\/a><\/p>\n<p><a href=\"http:\/\/congreso.faardit.org.ar\/2012\/posters\">Congreso Im\u00e1genes 2012<\/a><\/div> <\/div>\n\t\t\n  \n\t\t<\/div>\n\n\t\n\t<\/div>\n<\/div>\n\n\t\t\n\t<\/div>\n\n\t\n<\/div>\n\n\t\t\t\n\t\n\t<\/div>\n\n\t\t\n\n\t\t<\/div>\n<\/div>\t\n\n<\/p>\n","protected":false},"excerpt":{"rendered":"","protected":false},"author":1,"featured_media":0,"parent":0,"menu_order":0,"comment_status":"closed","ping_status":"closed","template":"","meta":[],"_links":{"self":[{"href":"https:\/\/faardit.org.ar\/web\/wp-json\/wp\/v2\/pages\/1152"}],"collection":[{"href":"https:\/\/faardit.org.ar\/web\/wp-json\/wp\/v2\/pages"}],"about":[{"href":"https:\/\/faardit.org.ar\/web\/wp-json\/wp\/v2\/types\/page"}],"author":[{"embeddable":true,"href":"https:\/\/faardit.org.ar\/web\/wp-json\/wp\/v2\/users\/1"}],"replies":[{"embeddable":true,"href":"https:\/\/faardit.org.ar\/web\/wp-json\/wp\/v2\/comments?post=1152"}],"version-history":[{"count":25,"href":"https:\/\/faardit.org.ar\/web\/wp-json\/wp\/v2\/pages\/1152\/revisions"}],"predecessor-version":[{"id":7905,"href":"https:\/\/faardit.org.ar\/web\/wp-json\/wp\/v2\/pages\/1152\/revisions\/7905"}],"wp:attachment":[{"href":"https:\/\/faardit.org.ar\/web\/wp-json\/wp\/v2\/media?parent=1152"}],"curies":[{"name":"wp","href":"https:\/\/api.w.org\/{rel}","templated":true}]}}