{"id":123,"date":"2017-03-21T14:56:12","date_gmt":"2017-03-21T14:56:12","guid":{"rendered":"https:\/\/usinacreativa.com.ar\/faardit2017\/?page_id=123"},"modified":"2023-09-15T17:26:56","modified_gmt":"2023-09-15T17:26:56","slug":"afiliacion","status":"publish","type":"page","link":"https:\/\/faardit.org.ar\/web\/afiliacion\/","title":{"rendered":"Afiliarse a FAARDIT"},"content":{"rendered":"<div class=\"page-section  clearfix first-section last-section\" style=\"z-index:1\" id='rpsLE750VT2K9353BYDDS1JSYGDUY2RIDC2' data-exheight='0' >\n\t\n\t<div class=\"section-inner-wrap\">\n\n\t\t\n\n\n\t\t\t\n\n\t<div class=\"skeleton section-content auto_align clearfix\" data-width=\"Contained\">\n\t\t\n\t\t\t\t\t\n<div class=\"rad-container  layout_element  three_fourth first  top   clearfix\" id=\"rpcELR7YN10BS89S6HVIOS6G6A107U62HCG\" data-layout=\"three_fourth\">\n\t\n\t \t\n\n\t<div class=\"rad-inner-container clearfix\">\n\t \n\n\n<div  data-key=\"rad_text_widget\"  style='-webkit-transition-delay:0s;transition-delay:0s;' id=\"rpwQWGSPC5THP143LMC5NW3Y567LP1E1AQL\" class=\" w_full w_layout_element  top   rad-widget\">\n\t\n<div class='ioa-text-column none  col-align-left  clearfix'> \n      \n      <div class='ioa-text-area'>\n        <h3 class='text-title'>AFILIATE A FAARDIT Y OBTEN\u00c9 BENEFICIOS<\/h3>\n        \n        \n        <div class='ioa-text clearfix'>Asoci\u00e1ndose a una de las Sociedades cient\u00edficas afiliadas a FAARDIT, recibir\u00e1s los beneficios que brinda la Sociedad Local, sumando adem\u00e1s los de esta Federaci\u00f3n y los provenientes del Colegio Interamericano de Radiolog\u00eda.<\/p>\n<p>Para mayor informaci\u00f3n puede consultar en la secci\u00f3n <a href=\"https:\/\/usinacreativa.com.ar\/faardit2017\/contacto\/\">Contacto<\/a> de esta web. \u00a1Te esperamos!<\/div>\n        \n      <\/div> \n     <\/div>\n<\/div>\n<div  data-key=\"rad_intro_widget\"  id=\"rpwSQ19Q25GJR7SNV3F2UGKW5M7V7B2GLHY\" class=\" w_full w_layout_element   rad-widget\">\n\t<div class=\"col-left intro_title-inner-wrap\">\n\t\t\t\n\t\t<div class=\"intro_title-title-inner-wrap clearfix\"  itemscope itemtype=\"http:\/\/schema.org\/Thing\">\n\t\t\t\n\t\t\t\t\t\t\t\t<h2 itemprop=\"name\" class=\"clearfix custom-font\">Formulario de Afiliaci\u00f3n<\/h2>\n\t\t\t\t\t\t<h5 itemprop=\"description\" class=\"text_subtitle  \"> COMPLETE LOS CAMPOS Y HAGA CLIC EN SIGUIENTE PARA AVANZAR EN LAS P\u00c1GINAS DEL FORMULARIO.<\/h5>\t\t\t\n\t\t<\/div>\t\n\n\t\t\n\t<\/div>\n<\/div>\n\n \n\n\n<div  data-key=\"rad_text_widget\"  style='-webkit-transition-delay:0s;transition-delay:0s;' id=\"rpwQKCKNWHGEAOYEV3SEY4E0H89YIVDDTX6\" class=\" w_full w_layout_element   rad-widget\">\n\t\n<div class='ioa-text-column iconed icon-style-default col-align-left  clearfix'> \n      <div class='ioa-icon-area' style='margin-top:0'> <i style=\"color:#ffffff;border-width:2px;border-style:solid;-webkit-transition-delay:0s;transition-delay:0s;\" class=\"ioa-front-icon info-circled-2icon- default default\"><\/i>  <\/div>\n      <div class='ioa-text-area'>\n        <h3 class='text-title'>Importante<\/h3>\n        \n        \n        <div class='ioa-text clearfix'>Seleccionar la categor\u00eda de afiliaci\u00f3n determinar\u00e1 el registro de sus datos en las siguientes p\u00e1ginas. Su solicitud ser\u00e1 respondida dentro de los pr\u00f3ximos 7 d\u00edas h\u00e1biles.<\/div>\n        \n      <\/div> \n     <\/div>\n<\/div> \n\n\n<div  data-key=\"rad_html_widget\"  id=\"rpwB9OUR3XHB9DO02ETS2QVF5DXRRMY6DG4\" class=\"col-align-left  w_full w_layout_element   rad-widget\">\n\t\n\t<div class='ioa-text-column clearfix'>\n\t      <div class='ioa-text-area'>\n\t        \n\t        \n\t        <div class='ioa-text clearfix'><div role=\"form\" class=\"wpcf7\" id=\"wpcf7-f3032-o1\" lang=\"es-ES\" dir=\"ltr\">\n<div class=\"screen-reader-response\"><p role=\"status\" aria-live=\"polite\" aria-atomic=\"true\"> <ul><\/ul><\/div>\n<form action=\"\/web\/wp-json\/wp\/v2\/pages\/123#wpcf7-f3032-o1\" method=\"post\" class=\"wpcf7-form init\" novalidate=\"novalidate\" data-status=\"init\">\n<div style=\"display: none;\">\n<input type=\"hidden\" name=\"_wpcf7\" value=\"3032\" \/>\n<input type=\"hidden\" name=\"_wpcf7_version\" value=\"5.4.1\" \/>\n<input type=\"hidden\" name=\"_wpcf7_locale\" value=\"es_ES\" \/>\n<input type=\"hidden\" name=\"_wpcf7_unit_tag\" value=\"wpcf7-f3032-o1\" \/>\n<input type=\"hidden\" name=\"_wpcf7_container_post\" value=\"0\" \/>\n<input type=\"hidden\" name=\"_wpcf7_posted_data_hash\" value=\"\" \/>\n<input type=\"hidden\" name=\"_wpcf7_recaptcha_response\" value=\"\" \/>\n<\/div>\n<p>[honeypot website]<br \/>\n<label> Apellido (requerido)<br \/>\n    <span class=\"wpcf7-form-control-wrap lastname\"><input type=\"text\" name=\"lastname\" value=\"\" size=\"40\" class=\"wpcf7-form-control wpcf7-text wpcf7-validates-as-required\" aria-required=\"true\" aria-invalid=\"false\" \/><\/span> <\/label><\/p>\n<p><label> Nombre (requerido)<br \/>\n    <span class=\"wpcf7-form-control-wrap your-name\"><input type=\"text\" name=\"your-name\" value=\"\" size=\"40\" class=\"wpcf7-form-control wpcf7-text wpcf7-validates-as-required\" aria-required=\"true\" aria-invalid=\"false\" \/><\/span> <\/label><\/p>\n<p><label> Tipo de Documento (requerido)<\/p>\n<p><label><span class=\"wpcf7-form-control-wrap Tipodedocumento\"><select name=\"Tipodedocumento\" class=\"wpcf7-form-control wpcf7-select\" aria-invalid=\"false\"><option value=\"Documento Nacional de Identidad (DNI)\">Documento Nacional de Identidad (DNI)<\/option><option value=\"Carnet de extranjero\">Carnet de extranjero<\/option><option value=\"Reg. Unico de Contribuyentes (RUC)\">Reg. Unico de Contribuyentes (RUC)<\/option><option value=\"Pasaporte\">Pasaporte<\/option><\/select><\/span><\/label><\/p>\n<p><label> N\u00famero de documento  (requerido)<br \/>\n<span class=\"wpcf7-form-control-wrap numero\"><input type=\"text\" name=\"numero\" value=\"\" size=\"40\" class=\"wpcf7-form-control wpcf7-text wpcf7-validates-as-required\" aria-required=\"true\" aria-invalid=\"false\" \/><\/span><\/label><\/p>\n<p><label> Fecha de nacimiento (requerido)<br \/>\n<span class=\"wpcf7-form-control-wrap fechadenacimiento\"><input type=\"date\" name=\"fechadenacimiento\" value=\"\" class=\"wpcf7-form-control wpcf7-date wpcf7-validates-as-date\" aria-invalid=\"false\" \/><\/span><\/label><\/p>\n<p>Categor\u00eda de afiliaci\u00f3n (requerido)<\/p>\n<p><span class=\"wpcf7-form-control-wrap categoriadeafiliacion\"><span class=\"wpcf7-form-control wpcf7-checkbox wpcf7-validates-as-required wpcf7-exclusive-checkbox\"><span class=\"wpcf7-list-item first\"><label><span class=\"wpcf7-list-item-label\">M\u00e9dico Especialista en Diagn\u00f3stico por Im\u00e1genes de Argentina<\/span><input type=\"checkbox\" name=\"categoriadeafiliacion\" value=\"M\u00e9dico Especialista en Diagn\u00f3stico por Im\u00e1genes de Argentina\" \/><\/label><\/span><span class=\"wpcf7-list-item\"><label><span class=\"wpcf7-list-item-label\">M\u00e9dico Especialista en Diagn\u00f3stico por Im\u00e1genes de Otros Pa\u00edses<\/span><input type=\"checkbox\" name=\"categoriadeafiliacion\" value=\"M\u00e9dico Especialista en Diagn\u00f3stico por Im\u00e1genes de Otros Pa\u00edses\" \/><\/label><\/span><span class=\"wpcf7-list-item\"><label><span class=\"wpcf7-list-item-label\">M\u00e9dico Residente<\/span><input type=\"checkbox\" name=\"categoriadeafiliacion\" value=\"M\u00e9dico Residente\" \/><\/label><\/span><span class=\"wpcf7-list-item\"><label><span class=\"wpcf7-list-item-label\">Lic o T\u00e9cnico en Bioim\u00e1genes de Argentina<\/span><input type=\"checkbox\" name=\"categoriadeafiliacion\" value=\"Lic o T\u00e9cnico en Bioim\u00e1genes de Argentina\" \/><\/label><\/span><span class=\"wpcf7-list-item\"><label><span class=\"wpcf7-list-item-label\">Lic o T\u00e9cnico en Bioim\u00e1genes de Otros Pa\u00edses<\/span><input type=\"checkbox\" name=\"categoriadeafiliacion\" value=\"Lic o T\u00e9cnico en Bioim\u00e1genes de Otros Pa\u00edses\" \/><\/label><\/span><span class=\"wpcf7-list-item last\"><label><span class=\"wpcf7-list-item-label\">Estudiante de Tecnicatura en Bioim\u00e1genes de Argentina<\/span><input type=\"checkbox\" name=\"categoriadeafiliacion\" value=\"Estudiante de Tecnicatura en Bioim\u00e1genes de Argentina\" \/><\/label><\/span><\/span><\/span><\/p>\n<p><label> Domicilio<br \/>\n<span class=\"wpcf7-form-control-wrap domicilio\"><input type=\"text\" name=\"domicilio\" value=\"\" size=\"40\" class=\"wpcf7-form-control wpcf7-text wpcf7-validates-as-required\" aria-required=\"true\" aria-invalid=\"false\" \/><\/span><\/label><\/p>\n<p><label> N\u00famero de t\u00e9lefono<br \/>\n<span class=\"wpcf7-form-control-wrap numerodetelefono\"><input type=\"text\" name=\"numerodetelefono\" value=\"\" size=\"40\" class=\"wpcf7-form-control wpcf7-text\" aria-invalid=\"false\" \/><\/span><\/label><\/p>\n<p><label> Celular<br \/>\n<span class=\"wpcf7-form-control-wrap telefonocelular\"><input type=\"tel\" name=\"telefonocelular\" value=\"\" size=\"40\" class=\"wpcf7-form-control wpcf7-text wpcf7-tel wpcf7-validates-as-required wpcf7-validates-as-tel\" aria-required=\"true\" aria-invalid=\"false\" \/><\/span><\/label><\/p>\n<p><label> Tu correo electr\u00f3nico (requerido)<br \/>\n    <span class=\"wpcf7-form-control-wrap your-email\"><input type=\"email\" name=\"your-email\" value=\"\" size=\"40\" class=\"wpcf7-form-control wpcf7-text wpcf7-email wpcf7-validates-as-required wpcf7-validates-as-email\" aria-required=\"true\" aria-invalid=\"false\" \/><\/span> <\/label><\/p>\n<p><label> Localidad<br \/>\n<span class=\"wpcf7-form-control-wrap localidad\"><input type=\"text\" name=\"localidad\" value=\"\" size=\"40\" class=\"wpcf7-form-control wpcf7-text wpcf7-validates-as-required\" aria-required=\"true\" aria-invalid=\"false\" \/><\/span><\/label><\/p>\n<p><label> C\u00f3digo postal<br \/>\n<span class=\"wpcf7-form-control-wrap codigopostal\"><input type=\"text\" name=\"codigopostal\" value=\"\" size=\"40\" class=\"wpcf7-form-control wpcf7-text wpcf7-validates-as-required\" aria-required=\"true\" aria-invalid=\"false\" \/><\/span><\/label><\/p>\n<p><label> Provincia\/jurisdicci\u00f3n (requerido)<br \/>\n<span class=\"wpcf7-form-control-wrap provincia\"><input type=\"text\" name=\"provincia\" value=\"\" size=\"40\" class=\"wpcf7-form-control wpcf7-text wpcf7-validates-as-required\" aria-required=\"true\" aria-invalid=\"false\" \/><\/span><\/label><\/p>\n<p><label> Pa\u00eds (requerido)<br \/>\n<span class=\"wpcf7-form-control-wrap pais\"><input type=\"text\" name=\"pais\" value=\"\" size=\"40\" class=\"wpcf7-form-control wpcf7-text wpcf7-validates-as-required\" aria-required=\"true\" aria-invalid=\"false\" \/><\/span><\/label><\/p>\n<p><label> Instituci\u00f3n a la que pertenece<br \/>\n<span class=\"wpcf7-form-control-wrap institucion\"><input type=\"text\" name=\"institucion\" value=\"\" size=\"40\" class=\"wpcf7-form-control wpcf7-text\" aria-invalid=\"false\" \/><\/span><\/label><\/p>\n<p><label> Domicilio de la institucion<br \/>\n<span class=\"wpcf7-form-control-wrap domicilioinstitucion\"><input type=\"text\" name=\"domicilioinstitucion\" value=\"\" size=\"40\" class=\"wpcf7-form-control wpcf7-text\" aria-invalid=\"false\" \/><\/span><\/label><\/p>\n<p><label> Provincia\/jurisdicci\u00f3n<br \/>\n<span class=\"wpcf7-form-control-wrap provinciainstitucion\"><input type=\"text\" name=\"provinciainstitucion\" value=\"\" size=\"40\" class=\"wpcf7-form-control wpcf7-text\" aria-invalid=\"false\" \/><\/span><\/label><\/p>\n<p><label> N\u00famero de instituci\u00f3n<br \/>\n<span class=\"wpcf7-form-control-wrap numerodeinstitucion\"><input type=\"text\" name=\"numerodeinstitucion\" value=\"\" size=\"40\" class=\"wpcf7-form-control wpcf7-text\" aria-invalid=\"false\" \/><\/span><\/label><\/p>\n<p><label> C\u00f3digo postal de instituci\u00f3n<br \/>\n<span class=\"wpcf7-form-control-wrap codigopostal2\"><input type=\"text\" name=\"codigopostal2\" value=\"\" size=\"40\" class=\"wpcf7-form-control wpcf7-text\" aria-invalid=\"false\" \/><\/span><\/label><\/p>\n<p><label> Pa\u00eds de la instituci\u00f3n<br \/>\n<span class=\"wpcf7-form-control-wrap paisinstitucion\"><input type=\"text\" name=\"paisinstitucion\" value=\"\" size=\"40\" class=\"wpcf7-form-control wpcf7-text\" aria-invalid=\"false\" \/><\/span><\/label><\/p>\n<p><label> Correo electronico de instituci\u00f3n<br \/>\n<span class=\"wpcf7-form-control-wrap emailinstitucion\"><input type=\"email\" name=\"emailinstitucion\" value=\"\" size=\"40\" class=\"wpcf7-form-control wpcf7-text wpcf7-email wpcf7-validates-as-email\" aria-invalid=\"false\" \/><\/span><\/label><\/p>\n<p><label> A\u00f1o de egreso<br \/>\n<span class=\"wpcf7-form-control-wrap aodeegreso\"><input type=\"text\" name=\"aodeegreso\" value=\"\" size=\"40\" class=\"wpcf7-form-control wpcf7-text\" aria-invalid=\"false\" \/><\/span><\/label><\/p>\n<p><label> Matr\u00edcula provincial<br \/>\n<span class=\"wpcf7-form-control-wrap matricula\"><input type=\"text\" name=\"matricula\" value=\"\" size=\"40\" class=\"wpcf7-form-control wpcf7-text\" aria-invalid=\"false\" \/><\/span><\/label><\/p>\n<p><label> Especialidad<\/p>\n<p><span class=\"wpcf7-form-control-wrap especialidad\"><span class=\"wpcf7-form-control wpcf7-checkbox wpcf7-validates-as-required wpcf7-exclusive-checkbox\"><span class=\"wpcf7-list-item first\"><label><span class=\"wpcf7-list-item-label\">Ecograf\u00eda<\/span><input type=\"checkbox\" name=\"especialidad\" value=\"Ecograf\u00eda\" \/><\/label><\/span><span class=\"wpcf7-list-item\"><label><span class=\"wpcf7-list-item-label\">Mamograf\u00eda<\/span><input type=\"checkbox\" name=\"especialidad\" value=\"Mamograf\u00eda\" \/><\/label><\/span><span class=\"wpcf7-list-item\"><label><span class=\"wpcf7-list-item-label\">Tomograf\u00eda<\/span><input type=\"checkbox\" name=\"especialidad\" value=\"Tomograf\u00eda\" \/><\/label><\/span><span class=\"wpcf7-list-item\"><label><span class=\"wpcf7-list-item-label\">Resonancia<\/span><input type=\"checkbox\" name=\"especialidad\" value=\"Resonancia\" \/><\/label><\/span><span class=\"wpcf7-list-item\"><label><span class=\"wpcf7-list-item-label\">M\u00fasculo Esquel\u00e9tico<\/span><input type=\"checkbox\" name=\"especialidad\" value=\"M\u00fasculo Esquel\u00e9tico\" \/><\/label><\/span><span class=\"wpcf7-list-item\"><label><span class=\"wpcf7-list-item-label\">Doppler<\/span><input type=\"checkbox\" name=\"especialidad\" value=\"Doppler\" \/><\/label><\/span><span class=\"wpcf7-list-item\"><label><span class=\"wpcf7-list-item-label\">PET-CT\/MN<\/span><input type=\"checkbox\" name=\"especialidad\" value=\"PET-CT\/MN\" \/><\/label><\/span><span class=\"wpcf7-list-item\"><label><span class=\"wpcf7-list-item-label\">Hemodinamia<\/span><input type=\"checkbox\" name=\"especialidad\" value=\"Hemodinamia\" \/><\/label><\/span><span class=\"wpcf7-list-item last\"><label><span class=\"wpcf7-list-item-label\">Radiolog\u00eda Convencional<\/span><input type=\"checkbox\" name=\"especialidad\" value=\"Radiolog\u00eda Convencional\" \/><\/label><\/span><\/span><\/span><\/p>\n<p><input type=\"submit\" value=\"Enviar\" class=\"wpcf7-form-control wpcf7-submit\" \/><\/p>\n<div class=\"wpcf7-response-output\" aria-hidden=\"true\"><\/div><\/form><\/div><\/div>\n\t      <\/div>\n\t     <\/div>\n<\/div>\n\t\t\n\t<\/div>\n\n\t\n<\/div>\n\n\t\t\n<div class=\"rad-container  layout_element  one_fourth last top   clearfix\" id=\"rpcV4NUAIEQOW91NE4L4YUT2ULHGR3C7K53\" data-layout=\"one_fourth\">\n\t\n\t \t\n\n\t<div class=\"rad-inner-container clearfix\">\n\t\n<div  data-key=\"rad_button_widget\"  id=\"rpwUCNMWV88GDG4BK7ET5VX78SSRQ7HSYPI\" class=\" button-align-left  w_full w_layout_element  top   clearfix rad-widget rad-button-widget \">\n\t<a   href=\"https:\/\/faardit.org.ar\/web\/wp-content\/uploads\/2022\/01\/Reglamento-Bioimagenes-FAARDIT.pdf\"  class=\" ioa-button style-classic size-small has-icon \">\n\t\t\t<i class=\"ioa-front-icon ioa-front-icon ok-2icon-\"><\/i>\t\t\t<span>Reglamento Bioim\u00e1genes<\/span>\n\t<\/a>\n<\/div>\n\n\t\t\n\t<\/div>\n\n\t\n<\/div>\n\n\t\t\t\n\t\n\t<\/div>\n\n\t\t\n\n\t\t<\/div>\n<\/div>\t\n\n\n","protected":false},"excerpt":{"rendered":"","protected":false},"author":1,"featured_media":0,"parent":0,"menu_order":0,"comment_status":"closed","ping_status":"closed","template":"","meta":[],"_links":{"self":[{"href":"https:\/\/faardit.org.ar\/web\/wp-json\/wp\/v2\/pages\/123"}],"collection":[{"href":"https:\/\/faardit.org.ar\/web\/wp-json\/wp\/v2\/pages"}],"about":[{"href":"https:\/\/faardit.org.ar\/web\/wp-json\/wp\/v2\/types\/page"}],"author":[{"embeddable":true,"href":"https:\/\/faardit.org.ar\/web\/wp-json\/wp\/v2\/users\/1"}],"replies":[{"embeddable":true,"href":"https:\/\/faardit.org.ar\/web\/wp-json\/wp\/v2\/comments?post=123"}],"version-history":[{"count":4,"href":"https:\/\/faardit.org.ar\/web\/wp-json\/wp\/v2\/pages\/123\/revisions"}],"predecessor-version":[{"id":6445,"href":"https:\/\/faardit.org.ar\/web\/wp-json\/wp\/v2\/pages\/123\/revisions\/6445"}],"wp:attachment":[{"href":"https:\/\/faardit.org.ar\/web\/wp-json\/wp\/v2\/media?parent=123"}],"curies":[{"name":"wp","href":"https:\/\/api.w.org\/{rel}","templated":true}]}}