{"id":1354,"date":"2017-08-16T14:40:52","date_gmt":"2017-08-16T14:40:52","guid":{"rendered":"https:\/\/usinacreativa.com.ar\/faardit2017\/?page_id=1354"},"modified":"2025-10-28T18:39:06","modified_gmt":"2025-10-28T18:39:06","slug":"asociacion-bahia-blanca","status":"publish","type":"page","link":"https:\/\/faardit.org.ar\/web\/sociedades-afiliadas\/asociacion-bahia-blanca\/","title":{"rendered":""},"content":{"rendered":"<p><div class=\"page-section  clearfix first-section\" style=\"z-index:1\" id='rpsMMC2DBIFK4HS11N7GXTN3DSK5HCO2197' data-exheight='0' >\n\t\n\t<div class=\"section-inner-wrap\">\n\n\t\t\n\n\n\t\t\t\n\n\t<div class=\"skeleton section-content auto_align clearfix\" data-width=\"Contained\">\n\t\t\n\t\t\t\t\t\n<div class=\"rad-container  layout_element  one_fourth first  top   clearfix\" id=\"rpcV7R357EPGV7MVBJL61B3523HYUAGSSXF\" data-layout=\"one_fourth\">\n\t\n\t \t\n\n\t<div class=\"rad-inner-container clearfix\">\n\t\n<div  data-key=\"rad_image_widget\"  id=\"rpwN514CSBY9C4FBIS4L7S1UH4OETVSUJ1L\" class=\" w_full w_layout_element  top   rad-widget\">\n\t<div class=\"image-inner-wrap \">\n\t\t\t\t\n\t\t<div  class=' hover-item  image-align-none' itemscope itemprop='http:\/\/schema.org\/ImageObject'> <img src='https:\/\/faardit.org.ar\/web\/wp-content\/uploads\/2017\/08\/BahiaBlanca6.png' itemprop='url' alt='' title='BahiaBlanca6' \/>  <\/div>\t\t\t\t\t<\/div>\n<\/div>\n\t\t\n\t<\/div>\n\n\t\n<\/div>\n\n\t\t\n<div class=\"rad-container  layout_element  three_fourth last top   clearfix\" id=\"rpcI5GGNM66UPTF2VWVG6L9EQI4FNPINQFT\" data-layout=\"three_fourth\">\n\t\n\t \t\n\n\t<div class=\"rad-inner-container clearfix\">\n\t\n<div  data-key=\"rad_intro_widget\"  id=\"rpwM43XOOBMIGYJ1907HFHR0UUICFDQK7HM\" class=\" w_full w_layout_element  top   rad-widget\">\n\t<div class=\"col-left intro_title-inner-wrap\">\n\t\t\t\n\t\t<div class=\"intro_title-title-inner-wrap clearfix\"  itemscope itemtype=\"http:\/\/schema.org\/Thing\">\n\t\t\t\n\t\t\t\t\t\t\t\t<h2 itemprop=\"name\" class=\"clearfix custom-font\">ASOCIACI\u00d3N DE RADIOLOG\u00cdA, DIAGN\u00d3STICO POR IM\u00c1GENES<br \/>\nY TERAPIA RADIANTE DE BAH\u00cdA BLANCA<\/h2>\n\t\t\t\t\t\t\t\t\t\n\t\t<\/div>\t\n\n\t\t\n\t<\/div>\n<\/div>\n\n\t\t\n\t<\/div>\n\n\t\n<\/div>\n\n\t\t\t\n\t\n\t<\/div>\n\n\t\t\n\n\t\t<\/div>\n<\/div>\t\n\n<div class=\"page-section  clearfix last-section\" style=\"z-index:2\" id='rpsU6P89B805U68RSGEKEKWOUD4122MS8QY' data-exheight='0' >\n\t\n\t<div class=\"section-inner-wrap\">\n\n\t\t\n\n\n\t\t\t\n\n\t<div class=\"skeleton section-content auto_align clearfix\" data-width=\"Contained\">\n\t\t\n\t\t\t\t\t\n<div class=\"rad-container  layout_element  one_half first  top   clearfix\" id=\"rpcB5DCOJL3N92UXLT3YJ3DOTX9M9N6TQF6\" data-layout=\"one_half\">\n\t\n\t \t\n\n\t<div class=\"rad-inner-container clearfix\">\n\t \n\n\n<div  data-key=\"rad_text_widget\"  style='-webkit-transition-delay:0s;transition-delay:0s;' id=\"rpwVSHJ7F7DWNIUSVK2SRXWJ6PP0FV4DB4V\" class=\" w_full w_layout_element  top   rad-widget\">\n\t\n<div class='ioa-text-column none  col-align-left  clearfix'> \n      \n      <div class='ioa-text-area'>\n        <h3 class='text-title'>Domicilio<\/h3>\n        \n        \n        <div class='ioa-text clearfix'>\n<p><span style=\"color: #000000;\">Gorriti 770 (B8000GJC) Bah\u00eda Blanca &#8211; Buenos Aires<br \/>Tel\u00e9fono: +54 9 291 452-9397<\/span><\/p>\n<\/div>\n        \n      <\/div> \n     <\/div>\n<\/div> \n\n\n<div  data-key=\"rad_text_widget\"  style='-webkit-transition-delay:0s;transition-delay:0s;' id=\"rpwBQ8IOFXJGJ33K61G2BLEXUCCOHE40C9O\" class=\" w_full w_layout_element   rad-widget\">\n\t\n<div class='ioa-text-column none  col-align-left  clearfix'> \n      \n      <div class='ioa-text-area'>\n        <h3 class='text-title'>Correo electr\u00f3nico<\/h3>\n        \n        \n        <div class='ioa-text clearfix'>\n<p><span style=\"color: #000000;\">asoc.rad.bblanca@gmail.com<\/span><\/p>\n<\/div>\n        \n      <\/div> \n     <\/div>\n<\/div> \n\n\n<div  data-key=\"rad_text_widget\"  style='-webkit-transition-delay:0s;transition-delay:0s;' id=\"rpwS0VJIEKPG4VFI8Q4FDONXAGYEW33HC1K\" class=\" w_full w_layout_element   rad-widget\">\n\t\n<div class='ioa-text-column none  col-align-left  clearfix'> \n      \n      <div class='ioa-text-area'>\n        <h3 class='text-title'>Sitio Web<\/h3>\n        \n        \n        <div class='ioa-text clearfix'>\n<p><span style=\"color: #000000;\">http:\/\/arditbb.blogspot.com.ar\/<\/span><\/p>\n<\/div>\n        \n      <\/div> \n     <\/div>\n<\/div> \n\n\n<div  data-key=\"rad_text_widget\"  style='-webkit-transition-delay:0s;transition-delay:0s;' id=\"rpwFG120BX6XCDBP700VM79GYHONH61YUNU\" class=\" w_full w_layout_element   rad-widget\">\n\t\n<div class='ioa-text-column none  col-align-left  clearfix'> \n      \n      <div class='ioa-text-area'>\n        <h3 class='text-title'>Comisi\u00f3n Directiva<\/h3>\n        \n        \n        <div class='ioa-text clearfix'>\n<p><span style=\"color: #000000;\"><strong>Presidente:<\/strong> Dra. Zulma Pavone <\/span><\/p>\n<p><span style=\"color: #000000;\"><strong>Vicepresidente:<\/strong> Dra. Laura Mart\u00ednez <\/span><\/p>\n<p><span style=\"color: #000000;\"><strong>Tesorera:<\/strong> Dra. Ana Garc\u00eda <\/span><\/p>\n<p><span style=\"color: #000000;\"><strong>Pro-Tesorera:<\/strong> Dra. Virginia Prenna <\/span><\/p>\n<p><span style=\"color: #000000;\"><strong>Secretaria:<\/strong> Dra. Gisel Delieutraz <\/span><\/p>\n<p><span style=\"color: #000000;\"><strong>Pro-Secretario:<\/strong> Dra. Luc\u00eda Altamirano <\/span><\/p>\n<p><span style=\"color: #000000;\"><strong>Vocales Titulares:<\/strong> <\/span><\/p>\n<p><span style=\"color: #000000;\">Dra. Ursula Muller <\/span><\/p>\n<p><span style=\"color: #000000;\">Dra. Florencia Prado <\/span><\/p>\n<p><span style=\"color: #000000;\"><strong>Vocales Suplentes:<\/strong> <\/span><\/p>\n<p><span style=\"color: #000000;\">Dr. Leonardo Cabrera <\/span><\/p>\n<p><span style=\"color: #000000;\">Dra. Antonella Russo <\/span><\/p>\n<p><span style=\"color: #000000;\"><strong>Comisi\u00f3n Revisora de Cuentas Titular:<\/strong> <\/span><\/p>\n<p><span style=\"color: #000000;\">Dr. Mart\u00edn Balza <\/span><\/p>\n<p><span style=\"color: #000000;\">Dr. Leonardo Mayorga <\/span><\/p>\n<p><span style=\"color: #000000;\"><strong>Comisi\u00f3n Revisora de Cuentas Suplente:<\/strong> <\/span><\/p>\n<p><span style=\"color: #000000;\">Dr. Andr\u00e9s Genoud<\/span><\/p>\n<\/div>\n        \n      <\/div> \n     <\/div>\n<\/div>\t\t\n\t<\/div>\n\n\t\n<\/div>\n\n\t\t\n<div class=\"rad-container  layout_element  one_half last top   clearfix\" id=\"rpcJD3P5R0B3X3DAXQ7003J9PY5MWO77KDS\" data-layout=\"one_half\">\n\t\n\t \t\n\n\t<div class=\"rad-inner-container clearfix\">\n\t \n\n\n<div  data-key=\"rad_text_widget\"  style='-webkit-transition-delay:0s;transition-delay:0s;' id=\"rpwB9N61M0O8NE79BYRA7FF9BNCT9WGWA0T\" class=\" w_full w_layout_element  top   rad-widget\">\n\t\n<div class='ioa-text-column none  col-align-center  clearfix'> \n      \n      <div class='ioa-text-area'>\n        <h3 class='text-title'>Pr\u00f3ximos eventos de la Asociaci\u00f3n<\/h3>\n        \n        \n        \n        \n      <\/div> \n     <\/div>\n<\/div>\n<div  data-key=\"rad_post_list_widget\"  id=\"rpwENNM99OHVJ811VGE6DXK7M2ISIVJ5VKT\" class=\" w_full w_layout_element   rad-widget\">\n  <div class=\"post_list-inner-wrap  \" >\n\n\n        <ul  itemscope itemtype=\"http:\/\/schema.org\/ItemList\" class=\"rad-posts-list hoverable posts plain-list clearfix \" >          \n            <\/ul>\n        \n\n    \n  <\/div>\n<\/div>\n\t\t\n\t<\/div>\n\n\t\n<\/div>\n\n\t\t\t\n\t\n\t<\/div>\n\n\t\t\n\n\t\t<\/div>\n<\/div>\t\n\n<\/p>\n","protected":false},"excerpt":{"rendered":"","protected":false},"author":1,"featured_media":0,"parent":240,"menu_order":0,"comment_status":"closed","ping_status":"closed","template":"","meta":[],"_links":{"self":[{"href":"https:\/\/faardit.org.ar\/web\/wp-json\/wp\/v2\/pages\/1354"}],"collection":[{"href":"https:\/\/faardit.org.ar\/web\/wp-json\/wp\/v2\/pages"}],"about":[{"href":"https:\/\/faardit.org.ar\/web\/wp-json\/wp\/v2\/types\/page"}],"author":[{"embeddable":true,"href":"https:\/\/faardit.org.ar\/web\/wp-json\/wp\/v2\/users\/1"}],"replies":[{"embeddable":true,"href":"https:\/\/faardit.org.ar\/web\/wp-json\/wp\/v2\/comments?post=1354"}],"version-history":[{"count":6,"href":"https:\/\/faardit.org.ar\/web\/wp-json\/wp\/v2\/pages\/1354\/revisions"}],"predecessor-version":[{"id":8164,"href":"https:\/\/faardit.org.ar\/web\/wp-json\/wp\/v2\/pages\/1354\/revisions\/8164"}],"up":[{"embeddable":true,"href":"https:\/\/faardit.org.ar\/web\/wp-json\/wp\/v2\/pages\/240"}],"wp:attachment":[{"href":"https:\/\/faardit.org.ar\/web\/wp-json\/wp\/v2\/media?parent=1354"}],"curies":[{"name":"wp","href":"https:\/\/api.w.org\/{rel}","templated":true}]}}