{"id":1392,"date":"2017-08-16T15:29:18","date_gmt":"2017-08-16T15:29:18","guid":{"rendered":"https:\/\/usinacreativa.com.ar\/faardit2017\/?page_id=1392"},"modified":"2024-04-23T15:40:52","modified_gmt":"2024-04-23T15:40:52","slug":"ardimtec","status":"publish","type":"page","link":"https:\/\/faardit.org.ar\/web\/sociedades-afiliadas\/ardimtec\/","title":{"rendered":""},"content":{"rendered":"<p><div class=\"page-section  clearfix first-section\" style=\"z-index:1\" id='rpsKJN1E8YEOFEF8DPKRFOFVSGTF53K1823' data-exheight='0' >\n\t\n\t<div class=\"section-inner-wrap\">\n\n\t\t\n\n\n\t\t\t\n\n\t<div class=\"skeleton section-content auto_align clearfix\" data-width=\"Contained\">\n\t\t\n\t\t\t\t\t\n<div class=\"rad-container  layout_element  four_fifth first  top   clearfix\" id=\"rpcI250HJW84QYQIDJJVC5MVXTT9VO8SRJ5\" data-layout=\"four_fifth\">\n\t\n\t \t\n\n\t<div class=\"rad-inner-container clearfix\">\n\t\n<div  data-key=\"rad_intro_widget\"  id=\"rpwAV4O16NSWKTWFNF7RMWS94Y1CKIA0QT4\" class=\" w_full w_layout_element  top   rad-widget\">\n\t<div class=\"col-left intro_title-inner-wrap\">\n\t\t\t\n\t\t<div class=\"intro_title-title-inner-wrap clearfix\"  itemscope itemtype=\"http:\/\/schema.org\/Thing\">\n\t\t\t\n\t\t\t\t\t\t\t\t<h2 itemprop=\"name\" class=\"clearfix custom-font\">ASOCIACI\u00d3N DE RADIOLOG\u00cdA, DIAGN\u00d3STICO POR IM\u00c1GENES, <br \/> MEDICINA NUCLEAR Y TERAPIA RADIANTE DEL CHACO (ARDIMTEC)<\/h2>\n\t\t\t\t\t\t\t\t\t\n\t\t<\/div>\t\n\n\t\t\n\t<\/div>\n<\/div>\n\n\t\t\n\t<\/div>\n\n\t\n<\/div>\n\n\t\t\t\n\t\n\t<\/div>\n\n\t\t\n\n\t\t<\/div>\n<\/div>\t\n\n<div class=\"page-section  clearfix last-section\" style=\"z-index:2\" id='rpsHH5BV1CRAC8LRJS1I73TUJBLL4Y2PQDG' data-exheight='0' >\n\t\n\t<div class=\"section-inner-wrap\">\n\n\t\t\n\n\n\t\t\t\n\n\t<div class=\"skeleton section-content auto_align clearfix\" data-width=\"Contained\">\n\t\t\n\t\t\t\t\t\n<div class=\"rad-container  layout_element  one_half first  top   clearfix\" id=\"rpcVF6GIJEJTCD0LNC84OO6PE2WU8PVWRP3\" data-layout=\"one_half\">\n\t\n\t \t\n\n\t<div class=\"rad-inner-container clearfix\">\n\t \n\n\n<div  data-key=\"rad_text_widget\"  style='-webkit-transition-delay:0s;transition-delay:0s;' id=\"rpwAMSAHDGJ27AE2FEIJDYWNVCT8739CJTP\" class=\" w_full w_layout_element  top   rad-widget\">\n\t\n<div class='ioa-text-column none  col-align-left  clearfix'> \n      \n      <div class='ioa-text-area'>\n        <h3 class='text-title'>Domicilio<\/h3>\n        \n        \n        <div class='ioa-text clearfix'>\n<p><span style=\"color: #000000;\">Av. 9 de Julio 635 (3500) Resistencia &#8211; Chaco<br \/><\/span><span style=\"color: #000000;\">Tel\u00e9fono: +54 9 362 444-9500<\/span><\/p>\n<\/div>\n        \n      <\/div> \n     <\/div>\n<\/div> \n\n\n<div  data-key=\"rad_text_widget\"  style='-webkit-transition-delay:0s;transition-delay:0s;' id=\"rpwQQGPI5DDFBKPPFVLJWRIB4E3ANHBXB7X\" class=\" w_full w_layout_element   rad-widget\">\n\t\n<div class='ioa-text-column none  col-align-left  clearfix'> \n      \n      <div class='ioa-text-area'>\n        <h3 class='text-title'>Correo electr\u00f3nico<\/h3>\n        \n        \n        <div class='ioa-text clearfix'>\n<p><span style=\"color: #000000;\">cradiologico@crrsa.com.ar<\/span><\/p>\n<\/div>\n        \n      <\/div> \n     <\/div>\n<\/div> \n\n\n<div  data-key=\"rad_text_widget\"  style='-webkit-transition-delay:0s;transition-delay:0s;' id=\"rpwOJGWO8U429SNKGS228459GA8DM5UK7EU\" class=\" w_full w_layout_element   rad-widget\">\n\t\n<div class='ioa-text-column none  col-align-left  clearfix'> \n      \n      <div class='ioa-text-area'>\n        <h3 class='text-title'>Comisi\u00f3n Directiva<\/h3>\n        \n        \n        <div class='ioa-text clearfix'>\n<p><span style=\"color: #000000;\">Presidente <br \/>Dr. Antonio Seclen Acosta <\/span><\/p>\n<p><span style=\"color: #000000;\">Vicepresidente <br \/><\/span><span style=\"color: #000000;\">Dr. Hugo Garragori <\/span><\/p>\n<p><span style=\"color: #000000;\">Tesorero <br \/>Dr. Agust\u00edn Tomassone <\/span><\/p>\n<p><span style=\"color: #000000;\">Secretario <br \/><\/span><span style=\"color: #000000;\">Dr. Daniel Forlino <\/span><\/p>\n<p><span style=\"color: #000000;\">Vocal Titular <br \/><\/span><span style=\"color: #000000;\">Dra. Sof\u00eda Pati\u00f1o <\/span><\/p>\n<p><span style=\"color: #000000;\">Vocal Suplente <br \/>Dra. Tania Abramovich <\/span><\/p>\n<p><span style=\"color: #000000;\">Revisor de Cuentas <br \/>Dr. Eduardo Santa Cruz<\/span><\/p>\n<\/div>\n        \n      <\/div> \n     <\/div>\n<\/div>\t\t\n\t<\/div>\n\n\t\n<\/div>\n\n\t\t\n<div class=\"rad-container  layout_element  one_half last top   clearfix\" id=\"rpcDVWFBCRPJ7CRTXUQ93Q00RX32LU0HELN\" data-layout=\"one_half\">\n\t\n\t \t\n\n\t<div class=\"rad-inner-container clearfix\">\n\t \n\n\n<div  data-key=\"rad_text_widget\"  style='-webkit-transition-delay:0s;transition-delay:0s;' id=\"rpwYXWTDWOC4WWOP1WK2FGIENTQS5ALJUNG\" class=\" w_full w_layout_element  top   rad-widget\">\n\t\n<div class='ioa-text-column none  col-align-center  clearfix'> \n      \n      <div class='ioa-text-area'>\n        <h3 class='text-title'>Pr\u00f3ximos eventos de la Asociaci\u00f3n<\/h3>\n        \n        \n        \n        \n      <\/div> \n     <\/div>\n<\/div>\n<div  data-key=\"rad_post_list_widget\"  id=\"rpwD8YAIKWA55FGM16WDFO4VRR5O9IYHR2A\" class=\" w_full w_layout_element   rad-widget\">\n  <div class=\"post_list-inner-wrap  \" >\n\n\n        <ul  itemscope itemtype=\"http:\/\/schema.org\/ItemList\" class=\"rad-posts-list hoverable posts plain-list clearfix \" >          \n            <\/ul>\n        \n\n    \n  <\/div>\n<\/div>\n\t\t\n\t<\/div>\n\n\t\n<\/div>\n\n\t\t\t\n\t\n\t<\/div>\n\n\t\t\n\n\t\t<\/div>\n<\/div>\t\n\n<\/p>\n","protected":false},"excerpt":{"rendered":"","protected":false},"author":1,"featured_media":0,"parent":240,"menu_order":0,"comment_status":"closed","ping_status":"closed","template":"","meta":[],"_links":{"self":[{"href":"https:\/\/faardit.org.ar\/web\/wp-json\/wp\/v2\/pages\/1392"}],"collection":[{"href":"https:\/\/faardit.org.ar\/web\/wp-json\/wp\/v2\/pages"}],"about":[{"href":"https:\/\/faardit.org.ar\/web\/wp-json\/wp\/v2\/types\/page"}],"author":[{"embeddable":true,"href":"https:\/\/faardit.org.ar\/web\/wp-json\/wp\/v2\/users\/1"}],"replies":[{"embeddable":true,"href":"https:\/\/faardit.org.ar\/web\/wp-json\/wp\/v2\/comments?post=1392"}],"version-history":[{"count":1,"href":"https:\/\/faardit.org.ar\/web\/wp-json\/wp\/v2\/pages\/1392\/revisions"}],"predecessor-version":[{"id":6992,"href":"https:\/\/faardit.org.ar\/web\/wp-json\/wp\/v2\/pages\/1392\/revisions\/6992"}],"up":[{"embeddable":true,"href":"https:\/\/faardit.org.ar\/web\/wp-json\/wp\/v2\/pages\/240"}],"wp:attachment":[{"href":"https:\/\/faardit.org.ar\/web\/wp-json\/wp\/v2\/media?parent=1392"}],"curies":[{"name":"wp","href":"https:\/\/api.w.org\/{rel}","templated":true}]}}