{"id":1466,"date":"2017-08-22T15:54:14","date_gmt":"2017-08-22T15:54:14","guid":{"rendered":"https:\/\/usinacreativa.com.ar\/faardit2017\/?page_id=1466"},"modified":"2024-04-23T15:32:56","modified_gmt":"2024-04-23T15:32:56","slug":"sordic","status":"publish","type":"page","link":"https:\/\/faardit.org.ar\/web\/sociedades-afiliadas\/sordic\/","title":{"rendered":""},"content":{"rendered":"<p><div class=\"page-section  clearfix first-section\" style=\"z-index:1\" id='rpsKFJF2APNNPR0FJX32XAL2UY8JNEAT949' data-exheight='0' >\n\t\n\t<div class=\"section-inner-wrap\">\n\n\t\t\n\n\n\t\t\t\n\n\t<div class=\"skeleton section-content auto_align clearfix\" data-width=\"Contained\">\n\t\t\n\t\t\t\t\t\n<div class=\"rad-container  layout_element  one_fourth first  top   clearfix\" id=\"rpcQVGETR83AAI57379RM0HDVHEBOFO41R9\" data-layout=\"one_fourth\">\n\t\n\t \t\n\n\t<div class=\"rad-inner-container clearfix\">\n\t\n<div  data-key=\"rad_image_widget\"  id=\"rpwC3JIQTU1EPPT1KJ6NU03KFFYHJ3LMCHH\" class=\" w_full w_layout_element  top   rad-widget\">\n\t<div class=\"image-inner-wrap \">\n\t\t\t\t\n\t\t<div  class=' hover-item  image-align-none' itemscope itemprop='http:\/\/schema.org\/ImageObject'> <img src='https:\/\/faardit.org.ar\/web\/wp-content\/uploads\/2017\/08\/Sordic3.png' itemprop='url' alt='' title='Sordic3' \/>  <\/div>\t\t\t\t\t<\/div>\n<\/div>\n\t\t\n\t<\/div>\n\n\t\n<\/div>\n\n\t\t\n<div class=\"rad-container  layout_element  three_fourth last top   clearfix\" id=\"rpcCI7BMBSDUMW42JVVONQFPN47RJ88R0PK\" data-layout=\"three_fourth\">\n\t\n\t \t\n\n\t<div class=\"rad-inner-container clearfix\">\n\t\n<div  data-key=\"rad_intro_widget\"  id=\"rpwG1Q356NUU4D3GWBWUFV7PUQ09R6W8N4K\" class=\" w_full w_layout_element  top   rad-widget\">\n\t<div class=\"col-left intro_title-inner-wrap\">\n\t\t\t\n\t\t<div class=\"intro_title-title-inner-wrap clearfix\"  itemscope itemtype=\"http:\/\/schema.org\/Thing\">\n\t\t\t\n\t\t\t\t\t\t\t\t<h2 itemprop=\"name\" class=\"clearfix custom-font\">SOCIEDAD DE RADIOLOG\u00cdA Y DIAGN\u00d3STICO POR IM\u00c1GENES<br \/>\nDE LA PROVINCIA DE C\u00d3RDOBA<\/h2>\n\t\t\t\t\t\t\t\t\t\n\t\t<\/div>\t\n\n\t\t\n\t<\/div>\n<\/div>\n\n\t\t\n\t<\/div>\n\n\t\n<\/div>\n\n\t\t\t\n\t\n\t<\/div>\n\n\t\t\n\n\t\t<\/div>\n<\/div>\t\n\n<div class=\"page-section  clearfix last-section\" style=\"z-index:2\" id='rpsLVIY37LE34T32QW2O25MVEY007E06G5S' data-exheight='0' >\n\t\n\t<div class=\"section-inner-wrap\">\n\n\t\t\n\n\n\t\t\t\n\n\t<div class=\"skeleton section-content auto_align clearfix\" data-width=\"Contained\">\n\t\t\n\t\t\t\t\t\n<div class=\"rad-container  layout_element  one_half first  top   clearfix\" id=\"rpcE26C231AB2NHJSG5WKQDW9GA20DIXNM2\" data-layout=\"one_half\">\n\t\n\t \t\n\n\t<div class=\"rad-inner-container clearfix\">\n\t \n\n\n<div  data-key=\"rad_text_widget\"  style='-webkit-transition-delay:0s;transition-delay:0s;' id=\"rpwYMUEKLHP2KYMCK29KYWCX3G4G85OLP2D\" class=\" w_full w_layout_element  top   rad-widget\">\n\t\n<div class='ioa-text-column none  col-align-left  clearfix'> \n      \n      <div class='ioa-text-area'>\n        <h3 class='text-title'>Domicilio<\/h3>\n        \n        \n        <div class='ioa-text clearfix'>\n<p><span style=\"color: #000000;\">Ambrosio Olmos 820 E.P. (5000) C\u00f3rdoba <br \/>Tel\u00e9fono: 0351 460-4313<\/span><\/p>\n<\/div>\n        \n      <\/div> \n     <\/div>\n<\/div> \n\n\n<div  data-key=\"rad_text_widget\"  style='-webkit-transition-delay:0s;transition-delay:0s;' id=\"rpwGTC7PKBOOMVC77F2374M30BIDVDSLNDE\" class=\" w_full w_layout_element   rad-widget\">\n\t\n<div class='ioa-text-column none  col-align-left  clearfix'> \n      \n      <div class='ioa-text-area'>\n        <h3 class='text-title'>Correo electr\u00f3nico<\/h3>\n        \n        \n        <div class='ioa-text clearfix'>secretaria@sordic.org.ar<\/div>\n        \n      <\/div> \n     <\/div>\n<\/div> \n\n\n<div  data-key=\"rad_text_widget\"  style='-webkit-transition-delay:0s;transition-delay:0s;' id=\"rpwYOLDP91CQ7319KSGT7RCTI2XWVIUMCFK\" class=\" w_full w_layout_element   rad-widget\">\n\t\n<div class='ioa-text-column none  col-align-left  clearfix'> \n      \n      <div class='ioa-text-area'>\n        <h3 class='text-title'>Sitio Web<\/h3>\n        \n        \n        <div class='ioa-text clearfix'>\n<p><span style=\"color: #000000;\"><a style=\"color: #000000;\" href=\"http:\/\/www.sordic.org.ar\/\">sordic.org.ar<\/a><\/span><\/p>\n<\/div>\n        \n      <\/div> \n     <\/div>\n<\/div> \n\n\n<div  data-key=\"rad_text_widget\"  style='-webkit-transition-delay:0s;transition-delay:0s;' id=\"rpwY73IO1RRSNQQ89AON2D54H0A884FKVO0\" class=\" w_full w_layout_element   rad-widget\">\n\t\n<div class='ioa-text-column none  col-align-left  clearfix'> \n      \n      <div class='ioa-text-area'>\n        <h3 class='text-title'>Comisi\u00f3n Directiva<\/h3>\n        \n        \n        <div class='ioa-text clearfix'>\n<p><span style=\"color: #000000;\"><strong>Presidente:<\/strong> Dra. Mar\u00eda Lucrecia Ballarino<\/span><\/p>\n<p><span style=\"color: #000000;\"><strong>Vicepresidente:<\/strong> Dr. Ricardo Perez <\/span><\/p>\n<p><span style=\"color: #000000;\"><strong>Secretario General:<\/strong> Dr. Federico Roca <\/span><\/p>\n<p><span style=\"color: #000000;\"><strong>Secretario de Actas:<\/strong> Dra. Mar\u00eda Paula Tiscornia<\/span><\/p>\n<p><span style=\"color: #000000;\"><strong>Tesorero:<\/strong> Dr. Rodrigo Re<\/span><\/p>\n<p><span style=\"color: #000000;\"><strong>Pro- Tesorero:<\/strong> Dr. Diego Cabral <\/span><\/p>\n<p><span style=\"color: #000000;\"><strong>Vocales Titulares: <\/strong><\/span><\/p>\n<p><span style=\"color: #000000;\">Dra. Carolina Paulazo <\/span><\/p>\n<p><span style=\"color: #000000;\">Dra. Vanina Vargas <\/span><\/p>\n<p><span style=\"color: #000000;\">Dra. Natalia C\u00e9sar<\/span><\/p>\n<p><span style=\"color: #000000;\">Dr. Pablo Carpinella <\/span><\/p>\n<p><span style=\"color: #000000;\"><strong>Vocales Suplentes:<\/strong> <\/span><\/p>\n<p><span style=\"color: #000000;\">Dr. Miguel Devallis <\/span><\/p>\n<p><span style=\"color: #000000;\">Dr. Alejandro G\u00f3mez<\/span><\/p>\n<p><span style=\"color: #000000;\">Dra. Mar\u00eda Florencia Mu\u00f1oz Ferragut<\/span><\/p>\n<p><span style=\"color: #000000;\"><strong>Revisores de Cuenta:<\/strong> <\/span><\/p>\n<p><span style=\"color: #000000;\">Dra. Luciana Mendoza <\/span><\/p>\n<p><span style=\"color: #000000;\">Dr. Marcelo Carmona<br \/><\/span><\/p>\n<p>Dra. Mar\u00eda Florencia Mu\u00f1oz Ferragut<\/p>\n<p><span style=\"color: #000000;\"><strong>Revisor de Cuentas Suplente: <\/strong><\/span><\/p>\n<p><span style=\"color: #000000;\">Dr. Andr\u00e9s Scheifler Grieve<\/span><\/p>\n<\/div>\n        \n      <\/div> \n     <\/div>\n<\/div>\t\t\n\t<\/div>\n\n\t\n<\/div>\n\n\t\t\n<div class=\"rad-container  layout_element  one_half last top   clearfix\" id=\"rpcKEE8UL6OG8CJX8SIR5PEB0NE7QDFT41T\" data-layout=\"one_half\">\n\t\n\t \t\n\n\t<div class=\"rad-inner-container clearfix\">\n\t \n\n\n<div  data-key=\"rad_text_widget\"  style='-webkit-transition-delay:0s;transition-delay:0s;' id=\"rpwPM1AAKR20YL4CFYC69VF4BL2K1B73HAX\" class=\" w_full w_layout_element  top   rad-widget\">\n\t\n<div class='ioa-text-column none  col-align-center  clearfix'> \n      \n      <div class='ioa-text-area'>\n        <h3 class='text-title'>Pr\u00f3ximos eventos de la Asociaci\u00f3n<\/h3>\n        \n        \n        \n        \n      <\/div> \n     <\/div>\n<\/div>\n<div  data-key=\"rad_post_list_widget\"  id=\"rpwV4VNLJDAQ9LEWWR7J0N1FLUYQWUULCOF\" class=\" w_full w_layout_element   rad-widget\">\n  <div class=\"post_list-inner-wrap  \" >\n\n\n        <ul  itemscope itemtype=\"http:\/\/schema.org\/ItemList\" class=\"rad-posts-list hoverable posts plain-list clearfix \" >          \n            <\/ul>\n        \n\n    \n  <\/div>\n<\/div>\n\t\t\n\t<\/div>\n\n\t\n<\/div>\n\n\t\t\t\n\t\n\t<\/div>\n\n\t\t\n\n\t\t<\/div>\n<\/div>\t\n\n<\/p>\n","protected":false},"excerpt":{"rendered":"","protected":false},"author":1,"featured_media":0,"parent":240,"menu_order":0,"comment_status":"closed","ping_status":"closed","template":"","meta":[],"_links":{"self":[{"href":"https:\/\/faardit.org.ar\/web\/wp-json\/wp\/v2\/pages\/1466"}],"collection":[{"href":"https:\/\/faardit.org.ar\/web\/wp-json\/wp\/v2\/pages"}],"about":[{"href":"https:\/\/faardit.org.ar\/web\/wp-json\/wp\/v2\/types\/page"}],"author":[{"embeddable":true,"href":"https:\/\/faardit.org.ar\/web\/wp-json\/wp\/v2\/users\/1"}],"replies":[{"embeddable":true,"href":"https:\/\/faardit.org.ar\/web\/wp-json\/wp\/v2\/comments?post=1466"}],"version-history":[{"count":10,"href":"https:\/\/faardit.org.ar\/web\/wp-json\/wp\/v2\/pages\/1466\/revisions"}],"predecessor-version":[{"id":6990,"href":"https:\/\/faardit.org.ar\/web\/wp-json\/wp\/v2\/pages\/1466\/revisions\/6990"}],"up":[{"embeddable":true,"href":"https:\/\/faardit.org.ar\/web\/wp-json\/wp\/v2\/pages\/240"}],"wp:attachment":[{"href":"https:\/\/faardit.org.ar\/web\/wp-json\/wp\/v2\/media?parent=1466"}],"curies":[{"name":"wp","href":"https:\/\/api.w.org\/{rel}","templated":true}]}}