{"id":1512,"date":"2017-08-23T13:04:22","date_gmt":"2017-08-23T13:04:22","guid":{"rendered":"https:\/\/usinacreativa.com.ar\/faardit2017\/?page_id=1512"},"modified":"2026-03-18T18:16:44","modified_gmt":"2026-03-18T18:16:44","slug":"asociacion-saltena-radiologia","status":"publish","type":"page","link":"https:\/\/faardit.org.ar\/web\/sociedades-afiliadas\/asociacion-saltena-radiologia\/","title":{"rendered":""},"content":{"rendered":"<p><div class=\"page-section  clearfix first-section\" style=\"z-index:1\" id='rpsOQFNW2VJE7OR3NQ5644HAK9KEUS6F722' data-exheight='0' >\n\t\n\t<div class=\"section-inner-wrap\">\n\n\t\t\n\n\n\t\t\t\n\n\t<div class=\"skeleton section-content auto_align clearfix\" data-width=\"Contained\">\n\t\t\n\t\t\t\t\t\n<div class=\"rad-container  layout_element  one_fourth first  top   clearfix\" id=\"rpcUN5G5JYK30U0KS7MNRK6NVA19J8LFAR4\" data-layout=\"one_fourth\">\n\t\n\t \t\n\n\t<div class=\"rad-inner-container clearfix\">\n\t\n<div  data-key=\"rad_image_widget\"  id=\"rpwTNAMPT4AX48M2JTLS29A1N14P4561NNY\" class=\" w_full w_layout_element  top   rad-widget\">\n\t<div class=\"image-inner-wrap \">\n\t\t\t\t\n\t\t<div  class=' hover-item  image-align-none' itemscope itemprop='http:\/\/schema.org\/ImageObject'> <img src='https:\/\/faardit.org.ar\/web\/wp-content\/uploads\/2017\/08\/SALTA.png' itemprop='url' alt='' title='SALTA' \/>  <\/div>\t\t\t\t\t<\/div>\n<\/div>\n\t\t\n\t<\/div>\n\n\t\n<\/div>\n\n\t\t\n<div class=\"rad-container  layout_element  three_fourth last top   clearfix\" id=\"rpcPPTYKM6NRJ5YV8C4XMXAHG6ILB0UJG1P\" data-layout=\"three_fourth\">\n\t\n\t \t\n\n\t<div class=\"rad-inner-container clearfix\">\n\t\n<div  data-key=\"rad_intro_widget\"  id=\"rpwG4L7A062INV09E2D0353F4YE1BPQDBYQ\" class=\" w_full w_layout_element  top   rad-widget\">\n\t<div class=\"col-left intro_title-inner-wrap\">\n\t\t\t\n\t\t<div class=\"intro_title-title-inner-wrap clearfix\"  itemscope itemtype=\"http:\/\/schema.org\/Thing\">\n\t\t\t\n\t\t\t\t\t\t\t\t<h2 itemprop=\"name\" class=\"clearfix custom-font\">ASOCIACI\u00d3N SALTE\u00d1A DE RADIOLOG\u00cdA, DIAGN\u00d3STICO POR IM\u00c1GENES, TERAPIA RADIANTE Y MEDICINA NUCLEAR <\/h2>\n\t\t\t\t\t\t\t\t\t\n\t\t<\/div>\t\n\n\t\t\n\t<\/div>\n<\/div>\n\n\t\t\n\t<\/div>\n\n\t\n<\/div>\n\n\t\t\t\n\t\n\t<\/div>\n\n\t\t\n\n\t\t<\/div>\n<\/div>\t\n\n<div class=\"page-section  clearfix last-section\" style=\"z-index:2\" id='rpsYGI7F50AHHTO4AUYOWJ144XOGAX540UM' data-exheight='0' >\n\t\n\t<div class=\"section-inner-wrap\">\n\n\t\t\n\n\n\t\t\t\n\n\t<div class=\"skeleton section-content auto_align clearfix\" data-width=\"Contained\">\n\t\t\n\t\t\t\t\t\n<div class=\"rad-container  layout_element  one_half first  top   clearfix\" id=\"rpcY292DO4HKHHXOWWLQLFJH9PARG7SL0Y2\" data-layout=\"one_half\">\n\t\n\t \t\n\n\t<div class=\"rad-inner-container clearfix\">\n\t \n\n\n<div  data-key=\"rad_text_widget\"  style='-webkit-transition-delay:0s;transition-delay:0s;' id=\"rpwJ3MFAL4LYPM1D3YQ3C72LARJMIU8L3GW\" class=\" w_full w_layout_element  top   rad-widget\">\n\t\n<div class='ioa-text-column none  col-align-left  clearfix'> \n      \n      <div class='ioa-text-area'>\n        <h3 class='text-title'>Domicilio<\/h3>\n        \n        \n        <div class='ioa-text clearfix'>\n<p><span style=\"color: #000000;\">Correspondencia: Imagen Clara. Centro de Diagn\u00f3stico por Im\u00e1genes. Urquiza 964 (4400) Salta<\/span><\/p>\n<\/div>\n        \n      <\/div> \n     <\/div>\n<\/div> \n\n\n<div  data-key=\"rad_text_widget\"  style='-webkit-transition-delay:0s;transition-delay:0s;' id=\"rpwP7OPGWCA43JO6KVOS71RCOO4PD1SJMW8\" class=\" w_full w_layout_element   rad-widget\">\n\t\n<div class='ioa-text-column none  col-align-left  clearfix'> \n      \n      <div class='ioa-text-area'>\n        <h3 class='text-title'>Correo electr\u00f3nico<\/h3>\n        \n        \n        <div class='ioa-text clearfix'>\n<p><span style=\"color: #000000;\">asociacionderadiologiasla@gmail.com<\/span><\/p>\n<\/div>\n        \n      <\/div> \n     <\/div>\n<\/div> \n\n\n<div  data-key=\"rad_text_widget\"  style='-webkit-transition-delay:0s;transition-delay:0s;' id=\"rpwJWKGBH4W3VQ2NS2I8K5QTKINCDS1HTDG\" class=\" w_full w_layout_element   rad-widget\">\n\t\n<div class='ioa-text-column none  col-align-left  clearfix'> \n      \n      <div class='ioa-text-area'>\n        <h3 class='text-title'>Comisi\u00f3n Directiva<\/h3>\n        \n        \n        <div class='ioa-text clearfix'>\n<p><span style=\"color: #000000;\"><strong>Presidente:<\/strong><\/span><\/p>\n<p>Dra. Cabrera Lenes Patricia<\/p>\n<p><span style=\"color: #000000;\"><strong> Secretario Administrativo:<\/strong><\/span><\/p>\n<p>Dr. Valdez Orlando<\/p>\n<p><span style=\"color: #000000;\"><strong>Secretario de Convenio:<\/strong><\/span><\/p>\n<p>Dr. Ramos Cayetano<\/p>\n<p><span style=\"color: #000000;\"><strong>Secretario Cient\u00edfico:<\/strong><\/span><\/p>\n<p>Dr. Arias Franco<\/p>\n<p><span style=\"color: #000000;\"><strong>Vocal Titular 1\u00b0:<\/strong><\/span><\/p>\n<p>Dr. Lovaglio Santiago<\/p>\n<p><span style=\"color: #000000;\"><strong>Vocal Titular 2\u00b0:<\/strong><\/span><\/p>\n<p>Dra. Serpa Luisina<\/p>\n<p><span style=\"color: #000000;\"><strong>Tesorera:<\/strong><\/span><\/p>\n<p>Dra. Boyesuck Claudia<\/p>\n<p><span style=\"color: #000000;\"><strong>Vocal Suplente 1\u00b0:<\/strong><\/span><\/p>\n<p>Dr. Salvador Diego<\/p>\n<p><span style=\"color: #000000;\"><strong>Vocal Suplente 2\u00b0:<\/strong><\/span><\/p>\n<p>Dr. Villarroel Federico<\/p>\n<p><span style=\"color: #000000;\"><strong>S\u00edndico Titular:<\/strong><\/span><\/p>\n<p>Dra. V\u00e1zquez Patricia<\/p>\n<p><span style=\"color: #000000;\"><strong>S\u00edndico Suplente: <\/strong><\/span><\/p>\n<p>Dr. Luna Cristian<\/p>\n<\/div>\n        \n      <\/div> \n     <\/div>\n<\/div>\t\t\n\t<\/div>\n\n\t\n<\/div>\n\n\t\t\n<div class=\"rad-container  layout_element  one_half last top   clearfix\" id=\"rpcFO2K7IDEO2NBQJWAJPMX82M7H3P952F1\" data-layout=\"one_half\">\n\t\n\t \t\n\n\t<div class=\"rad-inner-container clearfix\">\n\t \n\n\n<div  data-key=\"rad_text_widget\"  style='-webkit-transition-delay:0s;transition-delay:0s;' id=\"rpwG4WBJHT99B0NOUH1K9VBARVSVASG9X91\" class=\" w_full w_layout_element  top   rad-widget\">\n\t\n<div class='ioa-text-column none  col-align-center  clearfix'> \n      \n      <div class='ioa-text-area'>\n        <h3 class='text-title'>Pr\u00f3ximos eventos de la Asociaci\u00f3n<\/h3>\n        \n        \n        \n        \n      <\/div> \n     <\/div>\n<\/div>\n<div  data-key=\"rad_post_list_widget\"  id=\"rpwJF1AKX5B04QPS157X8VRQDNYI6X18H9H\" class=\" w_full w_layout_element   rad-widget\">\n  <div class=\"post_list-inner-wrap  \" >\n\n\n        <ul  itemscope itemtype=\"http:\/\/schema.org\/ItemList\" class=\"rad-posts-list hoverable posts plain-list clearfix \" >          \n            <\/ul>\n        \n\n    \n  <\/div>\n<\/div>\n\t\t\n\t<\/div>\n\n\t\n<\/div>\n\n\t\t\t\n\t\n\t<\/div>\n\n\t\t\n\n\t\t<\/div>\n<\/div>\t\n\n<\/p>\n","protected":false},"excerpt":{"rendered":"<p>yes<\/p>\n","protected":false},"author":1,"featured_media":0,"parent":240,"menu_order":0,"comment_status":"closed","ping_status":"closed","template":"","meta":[],"_links":{"self":[{"href":"https:\/\/faardit.org.ar\/web\/wp-json\/wp\/v2\/pages\/1512"}],"collection":[{"href":"https:\/\/faardit.org.ar\/web\/wp-json\/wp\/v2\/pages"}],"about":[{"href":"https:\/\/faardit.org.ar\/web\/wp-json\/wp\/v2\/types\/page"}],"author":[{"embeddable":true,"href":"https:\/\/faardit.org.ar\/web\/wp-json\/wp\/v2\/users\/1"}],"replies":[{"embeddable":true,"href":"https:\/\/faardit.org.ar\/web\/wp-json\/wp\/v2\/comments?post=1512"}],"version-history":[{"count":10,"href":"https:\/\/faardit.org.ar\/web\/wp-json\/wp\/v2\/pages\/1512\/revisions"}],"predecessor-version":[{"id":8384,"href":"https:\/\/faardit.org.ar\/web\/wp-json\/wp\/v2\/pages\/1512\/revisions\/8384"}],"up":[{"embeddable":true,"href":"https:\/\/faardit.org.ar\/web\/wp-json\/wp\/v2\/pages\/240"}],"wp:attachment":[{"href":"https:\/\/faardit.org.ar\/web\/wp-json\/wp\/v2\/media?parent=1512"}],"curies":[{"name":"wp","href":"https:\/\/api.w.org\/{rel}","templated":true}]}}