{"id":1517,"date":"2017-08-23T13:15:48","date_gmt":"2017-08-23T13:15:48","guid":{"rendered":"https:\/\/usinacreativa.com.ar\/faardit2017\/?page_id=1517"},"modified":"2021-06-04T15:14:09","modified_gmt":"2021-06-04T15:14:09","slug":"asociacion-sanjuanina-diagnostico-imagenes","status":"publish","type":"page","link":"https:\/\/faardit.org.ar\/web\/sociedades-afiliadas\/asociacion-sanjuanina-diagnostico-imagenes\/","title":{"rendered":""},"content":{"rendered":"<p><div class=\"page-section  clearfix first-section\" style=\"z-index:1\" id='rpsMIB8N16WP1K5TQMF8TUYUVU4P0ENTMK4' data-exheight='0' >\n\t\n\t<div class=\"section-inner-wrap\">\n\n\t\t\n\n\n\t\t\t\n\n\t<div class=\"skeleton section-content auto_align clearfix\" data-width=\"Contained\">\n\t\t\n\t\t\t\t\t\n<div class=\"rad-container  layout_element  three_fourth first  top   clearfix\" id=\"rpcQUOUIOJ43JBTDJCDY12S82K1C64890IL\" data-layout=\"three_fourth\">\n\t\n\t \t\n\n\t<div class=\"rad-inner-container clearfix\">\n\t\n<div  data-key=\"rad_intro_widget\"  id=\"rpwSGX9FLY83SYQXMDOPE9T9I8IGVYX4PAF\" class=\" w_full w_layout_element  top   rad-widget\">\n\t<div class=\"col-left intro_title-inner-wrap\">\n\t\t\t\n\t\t<div class=\"intro_title-title-inner-wrap clearfix\"  itemscope itemtype=\"http:\/\/schema.org\/Thing\">\n\t\t\t\n\t\t\t\t\t\t\t\t<h2 itemprop=\"name\" class=\"clearfix custom-font\">ASOCIACI\u00d3N SANJUANINA DE DIAGN\u00d3STICO POR IM\u00c1GENES <\/h2>\n\t\t\t\t\t\t\t\t\t\n\t\t<\/div>\t\n\n\t\t\n\t<\/div>\n<\/div>\n\n\t\t\n\t<\/div>\n\n\t\n<\/div>\n\n\t\t\n<div class=\"rad-container  layout_element  one_fourth last top   clearfix\" id=\"rpcIYVOKGDFMN1EY7U951TUNYMS49BKKWF8\" data-layout=\"one_fourth\">\n\t\n\t \t\n\n\t<div class=\"rad-inner-container clearfix\">\n\t\n<div  data-key=\"rad_image_widget\"  id=\"rpwF9XW8U9SDP6U658AE09Q6HTTP1RI9MOK\" class=\" w_full w_layout_element  top   rad-widget\">\n\t<div class=\"image-inner-wrap image-stretched \">\n\t\t\t\t\n\t\t<div  class=' hover-item  image-align-none' itemscope itemprop='http:\/\/schema.org\/ImageObject'> <img src='https:\/\/faardit.org.ar\/web\/wp-content\/uploads\/2020\/08\/Logo-asociacion-San-Juan.jpg' itemprop='url' alt='' title='Logo asociacion San Juan' \/>  <\/div>\t\t\t\t\t<\/div>\n<\/div>\n\t\t\n\t<\/div>\n\n\t\n<\/div>\n\n\t\t\t\n\t\n\t<\/div>\n\n\t\t\n\n\t\t<\/div>\n<\/div>\t\n\n<div class=\"page-section  clearfix last-section\" style=\"z-index:2\" id='rpsQ6FWSRRBC936M13VVBN3SN3UO2WIK728' data-exheight='0' >\n\t\n\t<div class=\"section-inner-wrap\">\n\n\t\t\n\n\n\t\t\t\n\n\t<div class=\"skeleton section-content auto_align clearfix\" data-width=\"Contained\">\n\t\t\n\t\t\t\t\t\n<div class=\"rad-container  layout_element  one_half first  top   clearfix\" id=\"rpcABB5S4OBSU0OUOD1YEVVIFTITVGSRE2G\" data-layout=\"one_half\">\n\t\n\t \t\n\n\t<div class=\"rad-inner-container clearfix\">\n\t \n\n\n<div  data-key=\"rad_text_widget\"  style='-webkit-transition-delay:0s;transition-delay:0s;' id=\"rpwAM4FWE3L2437C5B7IT22LHCFJTN81GAE\" class=\" w_full w_layout_element  top   rad-widget\">\n\t\n<div class='ioa-text-column none  col-align-left  clearfix'> \n      \n      <div class='ioa-text-area'>\n        <h3 class='text-title'>Domicilio<\/h3>\n        \n        \n        <div class='ioa-text clearfix'>\n<p><span style=\"color: #000000;\">Esteban Echeverr\u00eda 163 (Sur) (5400) San Juan<\/span><\/p>\n<\/div>\n        \n      <\/div> \n     <\/div>\n<\/div> \n\n\n<div  data-key=\"rad_text_widget\"  style='-webkit-transition-delay:0s;transition-delay:0s;' id=\"rpwKG2OYUVC9VWRUQ7K73F6WEXXALCF80DD\" class=\" w_full w_layout_element   rad-widget\">\n\t\n<div class='ioa-text-column none  col-align-left  clearfix'> \n      \n      <div class='ioa-text-area'>\n        <h3 class='text-title'>Contacto<\/h3>\n        \n        \n        <div class='ioa-text clearfix'>\n<p><span style=\"color: #000000;\">asdi.sj.ar@gmail.com<\/span><\/p>\n<\/div>\n        \n      <\/div> \n     <\/div>\n<\/div> \n\n\n<div  data-key=\"rad_text_widget\"  style='-webkit-transition-delay:0s;transition-delay:0s;' id=\"rpwABMX7YYPX8EFHI69685XI2BLVKRTKLSX\" class=\" w_full w_layout_element   rad-widget\">\n\t\n<div class='ioa-text-column none  col-align-left  clearfix'> \n      \n      <div class='ioa-text-area'>\n        <h3 class='text-title'>Comisi\u00f3n Directiva<\/h3>\n        \n        \n        <div class='ioa-text clearfix'>\n<p><span style=\"color: #000000;\"><strong>Presidente<\/strong> <\/span><\/p>\n<p><span style=\"color: #000000;\">Dr. Gomez Orlando <\/span><\/p>\n<p><span style=\"color: #000000;\"><strong>Vicepresidenta<\/strong> <\/span><\/p>\n<p><span style=\"color: #000000;\">Dra. Orozco Maira <\/span><\/p>\n<p><span style=\"color: #000000;\"><strong>Tesorero<\/strong> <\/span><\/p>\n<p><span style=\"color: #000000;\">Dr. Javier Fager <\/span><\/p>\n<p><span style=\"color: #000000;\"><strong>Secretario general<\/strong> <\/span><\/p>\n<p><span style=\"color: #000000;\">Dr. Crim Jos\u00e9 <\/span><\/p>\n<p><span style=\"color: #000000;\"><strong>Secretaria Cient\u00edfico<\/strong> <\/span><\/p>\n<p><span style=\"color: #000000;\">Dra. Butiero Raquel <\/span><\/p>\n<p><span style=\"color: #000000;\"><strong>Secretario de Actas<\/strong> <\/span><\/p>\n<p><span style=\"color: #000000;\">Dr. Ferreyra Jorge <\/span><\/p>\n<p><span style=\"color: #000000;\"><strong>Vocales Titulares<\/strong> <\/span><\/p>\n<p><span style=\"color: #000000;\">Dr. Barcia Gaspar <\/span><\/p>\n<p><span style=\"color: #000000;\">Dra. Mut Cynthia <\/span><\/p>\n<p><span style=\"color: #000000;\">Dr. De Giovanetti Emiliano <\/span><\/p>\n<p><span style=\"color: #000000;\"><strong>Vocal Suplente<\/strong> <\/span><\/p>\n<p><span style=\"color: #000000;\">Dra. Rollan Cecilia <\/span><\/p>\n<p><span style=\"color: #000000;\"><strong>Comisi\u00f3n Revisora de Cuentas Titular<\/strong> <\/span><\/p>\n<p><span style=\"color: #000000;\">Dr. Berbari Sergio <\/span><\/p>\n<p><span style=\"color: #000000;\">Dra. Zorrilla Carlos <\/span><\/p>\n<p><span style=\"color: #000000;\">Dr. Rebollo Santiago. <\/span><\/p>\n<p><span style=\"color: #000000;\"><strong>Comisi\u00f3n Revisora de Cuentas Suplente <\/strong><\/span><\/p>\n<p><span style=\"color: #000000;\">Dr. Agliozzo Miguel <\/span><\/p>\n<p><span style=\"color: #000000;\">Dr. Pechieu Alejandro<\/span><\/p>\n<\/div>\n        \n      <\/div> \n     <\/div>\n<\/div>\t\t\n\t<\/div>\n\n\t\n<\/div>\n\n\t\t\n<div class=\"rad-container  layout_element  one_half last top   clearfix\" id=\"rpcWA6BM4EGUFOF0DET0EIMWVKQW57SYL32\" data-layout=\"one_half\">\n\t\n\t \t\n\n\t<div class=\"rad-inner-container clearfix\">\n\t \n\n\n<div  data-key=\"rad_text_widget\"  style='-webkit-transition-delay:0s;transition-delay:0s;' id=\"rpwA5J13M8A9AUW881MN6QO4PU5V4QP4O98\" class=\" w_full w_layout_element  top   rad-widget\">\n\t\n<div class='ioa-text-column none  col-align-center  clearfix'> \n      \n      <div class='ioa-text-area'>\n        <h3 class='text-title'>Pr\u00f3ximos eventos de la Asociaci\u00f3n<\/h3>\n        \n        \n        \n        \n      <\/div> \n     <\/div>\n<\/div>\n<div  data-key=\"rad_post_list_widget\"  id=\"rpwS6EEH9BSOB97WYDPDKYNLEWTTDVG1NIL\" class=\" w_full w_layout_element   rad-widget\">\n  <div class=\"post_list-inner-wrap  \" >\n\n\n        <ul  itemscope itemtype=\"http:\/\/schema.org\/ItemList\" class=\"rad-posts-list hoverable posts plain-list clearfix \" >          \n            <\/ul>\n        \n\n    \n  <\/div>\n<\/div>\n\t\t\n\t<\/div>\n\n\t\n<\/div>\n\n\t\t\t\n\t\n\t<\/div>\n\n\t\t\n\n\t\t<\/div>\n<\/div>\t\n\n<\/p>\n","protected":false},"excerpt":{"rendered":"<p>yes<\/p>\n","protected":false},"author":1,"featured_media":0,"parent":240,"menu_order":0,"comment_status":"closed","ping_status":"closed","template":"","meta":[],"_links":{"self":[{"href":"https:\/\/faardit.org.ar\/web\/wp-json\/wp\/v2\/pages\/1517"}],"collection":[{"href":"https:\/\/faardit.org.ar\/web\/wp-json\/wp\/v2\/pages"}],"about":[{"href":"https:\/\/faardit.org.ar\/web\/wp-json\/wp\/v2\/types\/page"}],"author":[{"embeddable":true,"href":"https:\/\/faardit.org.ar\/web\/wp-json\/wp\/v2\/users\/1"}],"replies":[{"embeddable":true,"href":"https:\/\/faardit.org.ar\/web\/wp-json\/wp\/v2\/comments?post=1517"}],"version-history":[{"count":4,"href":"https:\/\/faardit.org.ar\/web\/wp-json\/wp\/v2\/pages\/1517\/revisions"}],"predecessor-version":[{"id":4967,"href":"https:\/\/faardit.org.ar\/web\/wp-json\/wp\/v2\/pages\/1517\/revisions\/4967"}],"up":[{"embeddable":true,"href":"https:\/\/faardit.org.ar\/web\/wp-json\/wp\/v2\/pages\/240"}],"wp:attachment":[{"href":"https:\/\/faardit.org.ar\/web\/wp-json\/wp\/v2\/media?parent=1517"}],"curies":[{"name":"wp","href":"https:\/\/api.w.org\/{rel}","templated":true}]}}