{"id":1521,"date":"2017-08-23T13:30:12","date_gmt":"2017-08-23T13:30:12","guid":{"rendered":"https:\/\/usinacreativa.com.ar\/faardit2017\/?page_id=1521"},"modified":"2025-09-18T13:28:31","modified_gmt":"2025-09-18T13:28:31","slug":"diagnostico-imagenes-rosario","status":"publish","type":"page","link":"https:\/\/faardit.org.ar\/web\/sociedades-afiliadas\/diagnostico-imagenes-rosario\/","title":{"rendered":""},"content":{"rendered":"<p><div class=\"page-section  clearfix first-section\" style=\"z-index:1\" id='rpsF358N6PQPGS3VQW1LOW0BYKM8O5X9H4R' data-exheight='0' >\n\t\n\t<div class=\"section-inner-wrap\">\n\n\t\t\n\n\n\t\t\t\n\n\t<div class=\"skeleton section-content auto_align clearfix\" data-width=\"Contained\">\n\t\t\n\t\t\t\t\t\n<div class=\"rad-container  layout_element  one_fourth first  top   clearfix\" id=\"rpcH1SNA6YVDXRDM1RRE79P6CQ59S9RAFHY\" data-layout=\"one_fourth\">\n\t\n\t \t\n\n\t<div class=\"rad-inner-container clearfix\">\n\t\n<div  data-key=\"rad_image_widget\"  id=\"rpwR03AMWG8IVDONGNIB1RK8IHN5RA90XOC\" class=\" w_full w_layout_element  top   rad-widget\">\n\t<div class=\"image-inner-wrap \">\n\t\t\t\t\n\t\t<div  class=' hover-item  image-align-none' itemscope itemprop='http:\/\/schema.org\/ImageObject'> <img src='https:\/\/faardit.org.ar\/web\/wp-content\/uploads\/2017\/08\/Rosario.png' itemprop='url' alt='' title='Rosario' \/>  <\/div>\t\t\t\t\t<\/div>\n<\/div>\n\t\t\n\t<\/div>\n\n\t\n<\/div>\n\n\t\t\n<div class=\"rad-container  layout_element  three_fourth last top   clearfix\" id=\"rpcGOXBGP25KT2MH3X2K3YUFF40BY50KLL5\" data-layout=\"three_fourth\">\n\t\n\t \t\n\n\t<div class=\"rad-inner-container clearfix\">\n\t\n<div  data-key=\"rad_intro_widget\"  id=\"rpwSW8JJU4ONQ3CMX7RCLCQ7L8FNTA3PYX5\" class=\" w_full w_layout_element  top   rad-widget\">\n\t<div class=\"col-left intro_title-inner-wrap\">\n\t\t\t\n\t\t<div class=\"intro_title-title-inner-wrap clearfix\"  itemscope itemtype=\"http:\/\/schema.org\/Thing\">\n\t\t\t\n\t\t\t\t\t\t\t\t<h2 itemprop=\"name\" class=\"clearfix custom-font\">ASOCIACI\u00d3N DE DIAGN\u00d3STICO POR IM\u00c1GENES<br \/>\nY TERAPIA RADIANTE DE ROSARIO<\/h2>\n\t\t\t\t\t\t\t\t\t\n\t\t<\/div>\t\n\n\t\t\n\t<\/div>\n<\/div>\n\n\t\t\n\t<\/div>\n\n\t\n<\/div>\n\n\t\t\t\n\t\n\t<\/div>\n\n\t\t\n\n\t\t<\/div>\n<\/div>\t\n\n<div class=\"page-section  clearfix last-section\" style=\"z-index:2\" id='rpsMPTDEB2DGPUGF3QMWO3CRJCHAEFWC87X' data-exheight='0' >\n\t\n\t<div class=\"section-inner-wrap\">\n\n\t\t\n\n\n\t\t\t\n\n\t<div class=\"skeleton section-content auto_align clearfix\" data-width=\"Contained\">\n\t\t\n\t\t\t\t\t\n<div class=\"rad-container  layout_element  one_half first  top   clearfix\" id=\"rpcJV5JAQJ880AAMUEP6GL2D74J3S1UDLWB\" data-layout=\"one_half\">\n\t\n\t \t\n\n\t<div class=\"rad-inner-container clearfix\">\n\t \n\n\n<div  data-key=\"rad_text_widget\"  style='-webkit-transition-delay:0s;transition-delay:0s;' id=\"rpwO8NXN6IG5EUP3DULEBRB4T8D8GV52R2A\" class=\" w_full w_layout_element  top   rad-widget\">\n\t\n<div class='ioa-text-column none  col-align-left  clearfix'> \n      \n      <div class='ioa-text-area'>\n        <h3 class='text-title'>Domicilio<\/h3>\n        \n        \n        <div class='ioa-text clearfix'>\n<p><span style=\"color: #000000;\">Santa Fe 1798 (2000) Rosario &#8211; Santa Fe <br \/>Tel.\/Fax: 0341 424-7955<\/span><\/p>\n<\/div>\n        \n      <\/div> \n     <\/div>\n<\/div> \n\n\n<div  data-key=\"rad_text_widget\"  style='-webkit-transition-delay:0s;transition-delay:0s;' id=\"rpwLH6B9RKNPP4KG93QX549WBP0JE7RAK4F\" class=\" w_full w_layout_element   rad-widget\">\n\t\n<div class='ioa-text-column none  col-align-left  clearfix'> \n      \n      <div class='ioa-text-area'>\n        <h3 class='text-title'>Correo electr\u00f3nico<\/h3>\n        \n        \n        <div class='ioa-text clearfix'>\n<p><span style=\"color: #000000;\">imagenes@circulomedicorosario.org<\/span><\/p>\n<\/div>\n        \n      <\/div> \n     <\/div>\n<\/div> \n\n\n<div  data-key=\"rad_text_widget\"  style='-webkit-transition-delay:0s;transition-delay:0s;' id=\"rpwTDJ23Y0C2QRKS1M1D551T83G09NQY5E1\" class=\" w_full w_layout_element   rad-widget\">\n\t\n<div class='ioa-text-column none  col-align-left  clearfix'> \n      \n      <div class='ioa-text-area'>\n        <h3 class='text-title'>Sitio Web<\/h3>\n        \n        \n        <div class='ioa-text clearfix'><a href=\"https:\/\/es-la.facebook.com\/aditrro\/\">facebook.com\/aditrro<\/a><\/div>\n        \n      <\/div> \n     <\/div>\n<\/div> \n\n\n<div  data-key=\"rad_text_widget\"  style='-webkit-transition-delay:0s;transition-delay:0s;' id=\"rpwBCA9YCQV5SD3ELQ2F1OQ4IYGROO8BO5M\" class=\" w_full w_layout_element   rad-widget\">\n\t\n<div class='ioa-text-column none  col-align-left  clearfix'> \n      \n      <div class='ioa-text-area'>\n        <h3 class='text-title'>Comisi\u00f3n Directiva<\/h3>\n        \n        \n        <div class='ioa-text clearfix'>\n<p><span style=\"color: #000000;\">Presidente <br \/>Dra. Roc\u00edo Aparicio <\/span><\/p>\n<p><span style=\"color: #000000;\">Vicepresidenta <br \/>Dra. Paola Acevedo <\/span><\/p>\n<p><span style=\"color: #000000;\">Secretario <br \/>Dr. Marcos Fachetti <\/span><\/p>\n<p><span style=\"color: #000000;\">Tesorera <br \/><\/span><span style=\"color: #000000;\">Dra. Leonor Eguren <\/span><\/p>\n<p><span style=\"color: #000000;\">Vocales <br \/>Dra. Vanina Cortadi <br \/>Dra. Soledad Brutinel <br \/>Dra. Bel\u00e9n Nallino <br \/>Dra. Lucrecia Burgos <br \/>Dr. Lisandro Barck <br \/><\/span><span style=\"color: #000000;\">Dra. Luciana Della Rosa <br \/><\/span><span style=\"color: #000000;\">Dra. Julieta Civetta<\/span> <br \/><span style=\"color: #000000;\">Dr. Cristian Arce<\/span><\/p>\n<\/div>\n        \n      <\/div> \n     <\/div>\n<\/div>\t\t\n\t<\/div>\n\n\t\n<\/div>\n\n\t\t\n<div class=\"rad-container  layout_element  one_half last top   clearfix\" id=\"rpcJX2T2FHAFT3BA46JIG84636FLO7WJ90R\" data-layout=\"one_half\">\n\t\n\t \t\n\n\t<div class=\"rad-inner-container clearfix\">\n\t \n\n\n<div  data-key=\"rad_text_widget\"  style='-webkit-transition-delay:0s;transition-delay:0s;' id=\"rpwBA228SAF98JPUDILGCRKUHQHF9J3JWOR\" class=\" w_full w_layout_element  top   rad-widget\">\n\t\n<div class='ioa-text-column none  col-align-center  clearfix'> \n      \n      <div class='ioa-text-area'>\n        <h3 class='text-title'>Pr\u00f3ximos eventos de la Asociaci\u00f3n<\/h3>\n        \n        \n        \n        \n      <\/div> \n     <\/div>\n<\/div>\n<div  data-key=\"rad_post_list_widget\"  id=\"rpwD7ILUWKH1FCOCNRVLIKDEFY34PHMA9RL\" class=\" w_full w_layout_element   rad-widget\">\n  <div class=\"post_list-inner-wrap  \" >\n\n\n        <ul  itemscope itemtype=\"http:\/\/schema.org\/ItemList\" class=\"rad-posts-list hoverable posts plain-list clearfix \" >          \n            <\/ul>\n        \n\n    \n  <\/div>\n<\/div>\n\t\t\n\t<\/div>\n\n\t\n<\/div>\n\n\t\t\t\n\t\n\t<\/div>\n\n\t\t\n\n\t\t<\/div>\n<\/div>\t\n\n<\/p>\n","protected":false},"excerpt":{"rendered":"<p>yes<\/p>\n","protected":false},"author":1,"featured_media":0,"parent":240,"menu_order":0,"comment_status":"closed","ping_status":"closed","template":"","meta":[],"_links":{"self":[{"href":"https:\/\/faardit.org.ar\/web\/wp-json\/wp\/v2\/pages\/1521"}],"collection":[{"href":"https:\/\/faardit.org.ar\/web\/wp-json\/wp\/v2\/pages"}],"about":[{"href":"https:\/\/faardit.org.ar\/web\/wp-json\/wp\/v2\/types\/page"}],"author":[{"embeddable":true,"href":"https:\/\/faardit.org.ar\/web\/wp-json\/wp\/v2\/users\/1"}],"replies":[{"embeddable":true,"href":"https:\/\/faardit.org.ar\/web\/wp-json\/wp\/v2\/comments?post=1521"}],"version-history":[{"count":8,"href":"https:\/\/faardit.org.ar\/web\/wp-json\/wp\/v2\/pages\/1521\/revisions"}],"predecessor-version":[{"id":8075,"href":"https:\/\/faardit.org.ar\/web\/wp-json\/wp\/v2\/pages\/1521\/revisions\/8075"}],"up":[{"embeddable":true,"href":"https:\/\/faardit.org.ar\/web\/wp-json\/wp\/v2\/pages\/240"}],"wp:attachment":[{"href":"https:\/\/faardit.org.ar\/web\/wp-json\/wp\/v2\/media?parent=1521"}],"curies":[{"name":"wp","href":"https:\/\/api.w.org\/{rel}","templated":true}]}}