{"id":1526,"date":"2017-08-23T13:37:53","date_gmt":"2017-08-23T13:37:53","guid":{"rendered":"https:\/\/usinacreativa.com.ar\/faardit2017\/?page_id=1526"},"modified":"2024-06-26T17:43:42","modified_gmt":"2024-06-26T17:43:42","slug":"sociedad-radiologia-sgoestero","status":"publish","type":"page","link":"https:\/\/faardit.org.ar\/web\/sociedades-afiliadas\/sociedad-radiologia-sgoestero\/","title":{"rendered":""},"content":{"rendered":"<p><div class=\"page-section  clearfix first-section\" style=\"z-index:1\" id='rpsJO3FAJS63PLS375GT4IVI4170GKER492' data-exheight='0' >\n\t\n\t<div class=\"section-inner-wrap\">\n\n\t\t\n\n\n\t\t\t\n\n\t<div class=\"skeleton section-content auto_align clearfix\" data-width=\"Contained\">\n\t\t\n\t\t\t\t\t\n<div class=\"rad-container  layout_element  three_fourth first  top   clearfix\" id=\"rpcQQ2MKMERSO7NGC2S6UIKH6TJH1RAHGIY\" data-layout=\"three_fourth\">\n\t\n\t \t\n\n\t<div class=\"rad-inner-container clearfix\">\n\t\n<div  data-key=\"rad_intro_widget\"  id=\"rpwNLV86BMHSB9WOBA5D84DS38GUJQ7MB6M\" class=\" w_full w_layout_element  top   rad-widget\">\n\t<div class=\"col-left intro_title-inner-wrap\">\n\t\t\t\n\t\t<div class=\"intro_title-title-inner-wrap clearfix\"  itemscope itemtype=\"http:\/\/schema.org\/Thing\">\n\t\t\t\n\t\t\t\t\t\t\t\t<h2 itemprop=\"name\" class=\"clearfix custom-font\">SOCIEDAD DE RADIOLOG\u00cdA, DIAGN\u00d3STICO POR IM\u00c1GENES Y RADIOTERAPIA DE SANTIAGO DEL ESTERO <\/h2>\n\t\t\t\t\t\t\t\t\t\n\t\t<\/div>\t\n\n\t\t\n\t<\/div>\n<\/div>\n\n\t\t\n\t<\/div>\n\n\t\n<\/div>\n\n\t\t\t\n\t\n\t<\/div>\n\n\t\t\n\n\t\t<\/div>\n<\/div>\t\n\n<div class=\"page-section  clearfix last-section\" style=\"z-index:2\" id='rpsD2LXJ6VHCHS4U86DGYIPBY1158NJP7DV' data-exheight='0' >\n\t\n\t<div class=\"section-inner-wrap\">\n\n\t\t\n\n\n\t\t\t\n\n\t<div class=\"skeleton section-content auto_align clearfix\" data-width=\"Contained\">\n\t\t\n\t\t\t\t\t\n<div class=\"rad-container  layout_element  one_half first  top   clearfix\" id=\"rpcOOVL2EAQUB2BROVMXWL6TQ61VYRFPS9Y\" data-layout=\"one_half\">\n\t\n\t \t\n\n\t<div class=\"rad-inner-container clearfix\">\n\t \n\n\n<div  data-key=\"rad_text_widget\"  style='-webkit-transition-delay:0s;transition-delay:0s;' id=\"rpwRNKK3K4JOBCSYE8PRT44W0WHY8K3RJIG\" class=\" w_full w_layout_element  top   rad-widget\">\n\t\n<div class='ioa-text-column none  col-align-left  clearfix'> \n      \n      <div class='ioa-text-area'>\n        <h3 class='text-title'>Domicilio<\/h3>\n        \n        \n        <div class='ioa-text clearfix'>\n<p><span style=\"color: #000000;\">9 de julio 154\/156 (4200) Santiago del Estero Tel\u00e9fono: 0385 422-1789<\/span><\/p>\n<\/div>\n        \n      <\/div> \n     <\/div>\n<\/div> \n\n\n<div  data-key=\"rad_text_widget\"  style='-webkit-transition-delay:0s;transition-delay:0s;' id=\"rpwD96WVDRB1DFV3J6UP17H5AYVEI3RWBIW\" class=\" w_full w_layout_element   rad-widget\">\n\t\n<div class='ioa-text-column none  col-align-left  clearfix'> \n      \n      <div class='ioa-text-area'>\n        <h3 class='text-title'>Correo electr\u00f3nico<\/h3>\n        \n        \n        <div class='ioa-text clearfix'>\n<p>direccionmedica@iddse.com.ar<\/p>\n<\/div>\n        \n      <\/div> \n     <\/div>\n<\/div> \n\n\n<div  data-key=\"rad_text_widget\"  style='-webkit-transition-delay:0s;transition-delay:0s;' id=\"rpwG7IR83LDV12HMVNA0WD44HHNMGHCIW1V\" class=\" w_full w_layout_element   rad-widget\">\n\t\n<div class='ioa-text-column none  col-align-left  clearfix'> \n      \n      <div class='ioa-text-area'>\n        <h3 class='text-title'>Comisi\u00f3n Directiva<\/h3>\n        \n        \n        <div class='ioa-text clearfix'>\n<p><span style=\"color: #000000;\">Presidente <br \/>Dr. Eduardo Cosci <\/span><\/p>\n<p><span style=\"color: #000000;\">Vicepresidente <br \/>Dr. Paolo De Marco <\/span><\/p>\n<p><span style=\"color: #000000;\">Tesorero <br \/>Dr. H\u00e9ctor D\u00edaz <\/span><\/p>\n<p><span style=\"color: #000000;\">Secretaria General <br \/>Dra. Alejandra Vera <\/span><\/p>\n<p><span style=\"color: #000000;\">Secretario de Actas <br \/>Dr. Roberto Biurrum <\/span><\/p>\n<p><span style=\"color: #000000;\">Vocales Titulares <br \/>Dra. Mariana Robledo <br \/>Dr. Carlos Nassif Vocales <\/span><\/p>\n<p><span style=\"color: #000000;\">Suplentes <br \/>Dr. Juan Elias <br \/>Dr. Marcelo Cirami <\/span><\/p>\n<p><span style=\"color: #000000;\">S\u00edndicos <br \/>Dr. Esteban Trachta <br \/>Dr. Luis Nassif<\/span><\/p>\n<\/div>\n        \n      <\/div> \n     <\/div>\n<\/div>\t\t\n\t<\/div>\n\n\t\n<\/div>\n\n\t\t\n<div class=\"rad-container  layout_element  one_half last top   clearfix\" id=\"rpcXGE010HARANJX20B2BG4OPU4QDPD6R8P\" data-layout=\"one_half\">\n\t\n\t \t\n\n\t<div class=\"rad-inner-container clearfix\">\n\t \n\n\n<div  data-key=\"rad_text_widget\"  style='-webkit-transition-delay:0s;transition-delay:0s;' id=\"rpwQEAI8XTVBDWX3PA309AD62KB662O7B4L\" class=\" w_full w_layout_element  top   rad-widget\">\n\t\n<div class='ioa-text-column none  col-align-center  clearfix'> \n      \n      <div class='ioa-text-area'>\n        <h3 class='text-title'>Pr\u00f3ximos eventos de la Asociaci\u00f3n<\/h3>\n        \n        \n        \n        \n      <\/div> \n     <\/div>\n<\/div>\n<div  data-key=\"rad_post_list_widget\"  id=\"rpwULHR7UALGPV0NOECSRACWXE0DKWITWXT\" class=\" w_full w_layout_element   rad-widget\">\n  <div class=\"post_list-inner-wrap  \" >\n\n\n        <ul  itemscope itemtype=\"http:\/\/schema.org\/ItemList\" class=\"rad-posts-list hoverable posts plain-list clearfix \" >          \n            <\/ul>\n        \n\n    \n  <\/div>\n<\/div>\n\t\t\n\t<\/div>\n\n\t\n<\/div>\n\n\t\t\t\n\t\n\t<\/div>\n\n\t\t\n\n\t\t<\/div>\n<\/div>\t\n\n<\/p>\n","protected":false},"excerpt":{"rendered":"<p>yes<\/p>\n","protected":false},"author":1,"featured_media":0,"parent":240,"menu_order":0,"comment_status":"closed","ping_status":"closed","template":"","meta":[],"_links":{"self":[{"href":"https:\/\/faardit.org.ar\/web\/wp-json\/wp\/v2\/pages\/1526"}],"collection":[{"href":"https:\/\/faardit.org.ar\/web\/wp-json\/wp\/v2\/pages"}],"about":[{"href":"https:\/\/faardit.org.ar\/web\/wp-json\/wp\/v2\/types\/page"}],"author":[{"embeddable":true,"href":"https:\/\/faardit.org.ar\/web\/wp-json\/wp\/v2\/users\/1"}],"replies":[{"embeddable":true,"href":"https:\/\/faardit.org.ar\/web\/wp-json\/wp\/v2\/comments?post=1526"}],"version-history":[{"count":4,"href":"https:\/\/faardit.org.ar\/web\/wp-json\/wp\/v2\/pages\/1526\/revisions"}],"predecessor-version":[{"id":7104,"href":"https:\/\/faardit.org.ar\/web\/wp-json\/wp\/v2\/pages\/1526\/revisions\/7104"}],"up":[{"embeddable":true,"href":"https:\/\/faardit.org.ar\/web\/wp-json\/wp\/v2\/pages\/240"}],"wp:attachment":[{"href":"https:\/\/faardit.org.ar\/web\/wp-json\/wp\/v2\/media?parent=1526"}],"curies":[{"name":"wp","href":"https:\/\/api.w.org\/{rel}","templated":true}]}}