{"id":1529,"date":"2017-08-23T13:49:28","date_gmt":"2017-08-23T13:49:28","guid":{"rendered":"https:\/\/usinacreativa.com.ar\/faardit2017\/?page_id=1529"},"modified":"2024-04-23T14:59:33","modified_gmt":"2024-04-23T14:59:33","slug":"amefraditdf","status":"publish","type":"page","link":"https:\/\/faardit.org.ar\/web\/sociedades-afiliadas\/amefraditdf\/","title":{"rendered":""},"content":{"rendered":"<p><div class=\"page-section  clearfix first-section\" style=\"z-index:1\" id='rpsJ9NX8ME1GG2X6I4I90JS24TXV6QB0X77' data-exheight='0' >\n\t\n\t<div class=\"section-inner-wrap\">\n\n\t\t\n\n\n\t\t\t\n\n\t<div class=\"skeleton section-content auto_align clearfix\" data-width=\"Contained\">\n\t\t\n\t\t\t\t\t\n<div class=\"rad-container  layout_element  one_fourth first  top   clearfix\" id=\"rpcBESRDWVQXALBPOSJ4YG6N6P6QND5DP3O\" data-layout=\"one_fourth\">\n\t\n\t \t\n\n\t<div class=\"rad-inner-container clearfix\">\n\t\n<div  data-key=\"rad_image_widget\"  id=\"rpwXU49NAEXFIIKJJ28ELX2XVMKT92RX5WM\" class=\" w_full w_layout_element  top   rad-widget\">\n\t<div class=\"image-inner-wrap \">\n\t\t\t\t\n\t\t<div  class=' hover-item  image-align-none' itemscope itemprop='http:\/\/schema.org\/ImageObject'> <img src='https:\/\/faardit.org.ar\/web\/wp-content\/uploads\/2017\/08\/Amefraditdf.png' itemprop='url' alt='' title='Amefraditdf' \/>  <\/div>\t\t\t\t\t<\/div>\n<\/div>\n\t\t\n\t<\/div>\n\n\t\n<\/div>\n\n\t\t\n<div class=\"rad-container  layout_element  three_fourth last top   clearfix\" id=\"rpcP580JUERMVVOBQ9OLKJYP93ED3OJKI65\" data-layout=\"three_fourth\">\n\t\n\t \t\n\n\t<div class=\"rad-inner-container clearfix\">\n\t\n<div  data-key=\"rad_intro_widget\"  id=\"rpwGDVK4XLCUR18P9P6PSVPB8IGIBFYUR6I\" class=\" w_full w_layout_element  top   rad-widget\">\n\t<div class=\"col-left intro_title-inner-wrap\">\n\t\t\t\n\t\t<div class=\"intro_title-title-inner-wrap clearfix\"  itemscope itemtype=\"http:\/\/schema.org\/Thing\">\n\t\t\t\n\t\t\t\t\t\t\t\t<h2 itemprop=\"name\" class=\"clearfix custom-font\">ASOCIACI\u00d3N M\u00c9DICA FUEGUINA DE RADIOLOG\u00cdA Y DIAGN\u00d3STICO POR IM\u00c1GENES (AMEFRADI) <\/h2>\n\t\t\t\t\t\t\t\t\t\n\t\t<\/div>\t\n\n\t\t\n\t<\/div>\n<\/div>\n\n\t\t\n\t<\/div>\n\n\t\n<\/div>\n\n\t\t\t\n\t\n\t<\/div>\n\n\t\t\n\n\t\t<\/div>\n<\/div>\t\n\n<div class=\"page-section  clearfix last-section\" style=\"z-index:2\" id='rpsN5AODA4IE78S6AQL4YFXBJ98D9SY668K' data-exheight='0' >\n\t\n\t<div class=\"section-inner-wrap\">\n\n\t\t\n\n\n\t\t\t\n\n\t<div class=\"skeleton section-content auto_align clearfix\" data-width=\"Contained\">\n\t\t\n\t\t\t\t\t\n<div class=\"rad-container  layout_element  one_half first  top   clearfix\" id=\"rpcY4LUEV7B1J73XKCICCOQSB4SVCP6P442\" data-layout=\"one_half\">\n\t\n\t \t\n\n\t<div class=\"rad-inner-container clearfix\">\n\t \n\n\n<div  data-key=\"rad_text_widget\"  style='-webkit-transition-delay:0s;transition-delay:0s;' id=\"rpwPTKSPQW184U39KWV1BWLHRWNG39GLVYY\" class=\" w_full w_layout_element  top   rad-widget\">\n\t\n<div class='ioa-text-column none  col-align-left  clearfix'> \n      \n      <div class='ioa-text-area'>\n        <h3 class='text-title'>Domicilio<\/h3>\n        \n        \n        <div class='ioa-text clearfix'>\n<p><span style=\"color: #000000;\">\u00c1guila Mora 411 B (9410) Ushuaia &#8211; Tierra del Fuego Tel\u00e9fono: 02964 15-575-571<\/span><\/p>\n<\/div>\n        \n      <\/div> \n     <\/div>\n<\/div> \n\n\n<div  data-key=\"rad_text_widget\"  style='-webkit-transition-delay:0s;transition-delay:0s;' id=\"rpwDGTGP9MKRG88WW4GLKL287M1TK2PS95M\" class=\" w_full w_layout_element   rad-widget\">\n\t\n<div class='ioa-text-column none  col-align-left  clearfix'> \n      \n      <div class='ioa-text-area'>\n        <h3 class='text-title'>Correo electr\u00f3nico<\/h3>\n        \n        \n        <div class='ioa-text clearfix'>\n<p><span style=\"color: #000000;\">secretaria.amefradi@gmail.com<\/span><\/p>\n<\/div>\n        \n      <\/div> \n     <\/div>\n<\/div> \n\n\n<div  data-key=\"rad_text_widget\"  style='-webkit-transition-delay:0s;transition-delay:0s;' id=\"rpwDS2MRTEBPOIGF9L35V3LG46XO3PHVL5Y\" class=\" w_full w_layout_element   rad-widget\">\n\t\n<div class='ioa-text-column none  col-align-left  clearfix'> \n      \n      <div class='ioa-text-area'>\n        <h3 class='text-title'>Sitio Web<\/h3>\n        \n        \n        <div class='ioa-text clearfix'><a href=\"https:\/\/es-la.facebook.com\/amefraditdf\/\">facebook.com\/amefraditdf<\/a><\/div>\n        \n      <\/div> \n     <\/div>\n<\/div> \n\n\n<div  data-key=\"rad_text_widget\"  style='-webkit-transition-delay:0s;transition-delay:0s;' id=\"rpwKEN3X2P9G2T2MLDWKLPR6RFFSQALC4S1\" class=\" w_full w_layout_element   rad-widget\">\n\t\n<div class='ioa-text-column none  col-align-left  clearfix'> \n      \n      <div class='ioa-text-area'>\n        <h3 class='text-title'>Comisi\u00f3n Directiva<\/h3>\n        \n        \n        <div class='ioa-text clearfix'>\n<p><span style=\"color: #000000;\">Presidente<br \/>Dr. Emilio Girardet<\/span><\/p>\n<p><span style=\"color: #000000;\"> Secretario<br \/>Dr. Ricardo Sinner<\/span><\/p>\n<p><span style=\"color: #000000;\"> Tesorero<br \/>Dr. Luis Villavicencio<\/span><\/p>\n<p><span style=\"color: #000000;\">Vocales Titulares<br \/>Dr. Carlos Contreras<br \/>Dra. Andrea Albergucci <\/span><\/p>\n<p><span style=\"color: #000000;\">Vocales Suplentes <br \/>Dr. Marcelo Bonadeo<br \/>Dr. Omar Oviedo <\/span><\/p>\n<p><span style=\"color: #000000;\">Comisi\u00f3n Fiscalizadora Titular <br \/>Dra. Ana Trucco <\/span><\/p>\n<p><span style=\"color: #000000;\">Comisi\u00f3n Fiscalizadora Suplente <br \/>Dra. Marcela Kremar <\/span><\/p>\n<p><span style=\"color: #000000;\">Comisi\u00f3n Cient\u00edfica <br \/>Dr. Juan Pablo Peredo<\/span><\/p>\n<\/div>\n        \n      <\/div> \n     <\/div>\n<\/div>\t\t\n\t<\/div>\n\n\t\n<\/div>\n\n\t\t\n<div class=\"rad-container  layout_element  one_half last top   clearfix\" id=\"rpcS2WJYQXNE3FRDLPWEJRB5KIJDQ8PJSBK\" data-layout=\"one_half\">\n\t\n\t \t\n\n\t<div class=\"rad-inner-container clearfix\">\n\t \n\n\n<div  data-key=\"rad_text_widget\"  style='-webkit-transition-delay:0s;transition-delay:0s;' id=\"rpwNQ2T70N0A385DVQ7L0BFPS2CLED2KFG2\" class=\" w_full w_layout_element  top   rad-widget\">\n\t\n<div class='ioa-text-column none  col-align-center  clearfix'> \n      \n      <div class='ioa-text-area'>\n        <h3 class='text-title'>Pr\u00f3ximos eventos de la Asociaci\u00f3n<\/h3>\n        \n        \n        \n        \n      <\/div> \n     <\/div>\n<\/div>\n<div  data-key=\"rad_post_list_widget\"  id=\"rpwQHYPYW36G58Y0PVAE2Y4L8H7TOMB8RJ3\" class=\" w_full w_layout_element   rad-widget\">\n  <div class=\"post_list-inner-wrap  \" >\n\n\n        <ul  itemscope itemtype=\"http:\/\/schema.org\/ItemList\" class=\"rad-posts-list hoverable posts plain-list clearfix \" >          \n            <\/ul>\n        \n\n    \n  <\/div>\n<\/div>\n\t\t\n\t<\/div>\n\n\t\n<\/div>\n\n\t\t\t\n\t\n\t<\/div>\n\n\t\t\n\n\t\t<\/div>\n<\/div>\t\n\n<\/p>\n","protected":false},"excerpt":{"rendered":"<p>yes<\/p>\n","protected":false},"author":1,"featured_media":0,"parent":240,"menu_order":0,"comment_status":"closed","ping_status":"closed","template":"","meta":[],"_links":{"self":[{"href":"https:\/\/faardit.org.ar\/web\/wp-json\/wp\/v2\/pages\/1529"}],"collection":[{"href":"https:\/\/faardit.org.ar\/web\/wp-json\/wp\/v2\/pages"}],"about":[{"href":"https:\/\/faardit.org.ar\/web\/wp-json\/wp\/v2\/types\/page"}],"author":[{"embeddable":true,"href":"https:\/\/faardit.org.ar\/web\/wp-json\/wp\/v2\/users\/1"}],"replies":[{"embeddable":true,"href":"https:\/\/faardit.org.ar\/web\/wp-json\/wp\/v2\/comments?post=1529"}],"version-history":[{"count":5,"href":"https:\/\/faardit.org.ar\/web\/wp-json\/wp\/v2\/pages\/1529\/revisions"}],"predecessor-version":[{"id":6981,"href":"https:\/\/faardit.org.ar\/web\/wp-json\/wp\/v2\/pages\/1529\/revisions\/6981"}],"up":[{"embeddable":true,"href":"https:\/\/faardit.org.ar\/web\/wp-json\/wp\/v2\/pages\/240"}],"wp:attachment":[{"href":"https:\/\/faardit.org.ar\/web\/wp-json\/wp\/v2\/media?parent=1529"}],"curies":[{"name":"wp","href":"https:\/\/api.w.org\/{rel}","templated":true}]}}