{"id":1662,"date":"2017-09-05T17:15:31","date_gmt":"2017-09-05T17:15:31","guid":{"rendered":"https:\/\/usinacreativa.com.ar\/faardit2017\/?page_id=1662"},"modified":"2019-03-07T15:33:45","modified_gmt":"2019-03-07T15:33:45","slug":"distinciones","status":"publish","type":"page","link":"https:\/\/faardit.org.ar\/web\/distinciones\/","title":{"rendered":"Distinciones"},"content":{"rendered":"<h1><img loading=\"lazy\" class=\"alignleft size-full wp-image-1277\" src=\"http:\/\/usinacreativa.com.ar\/villa-giardino\/wp-content\/uploads\/2017\/03\/cono-construcci\u00f3n.png\" alt=\"\" width=\"100\" height=\"125\" \/>\u00a1Te pedimos disculpas!<\/h1>\n<p><strong><font size=3>Est\u00e1 p\u00e1gina est\u00e1 a\u00fan en construcci\u00f3n.<\/font size=3><\/strong><\/p>\n<p>&nbsp;<\/p>\n","protected":false},"excerpt":{"rendered":"<p>\u00a1Te pedimos disculpas! Est\u00e1 p\u00e1gina est\u00e1 a\u00fan en construcci\u00f3n. &nbsp;<\/p>\n","protected":false},"author":1,"featured_media":0,"parent":0,"menu_order":0,"comment_status":"closed","ping_status":"closed","template":"","meta":[],"_links":{"self":[{"href":"https:\/\/faardit.org.ar\/web\/wp-json\/wp\/v2\/pages\/1662"}],"collection":[{"href":"https:\/\/faardit.org.ar\/web\/wp-json\/wp\/v2\/pages"}],"about":[{"href":"https:\/\/faardit.org.ar\/web\/wp-json\/wp\/v2\/types\/page"}],"author":[{"embeddable":true,"href":"https:\/\/faardit.org.ar\/web\/wp-json\/wp\/v2\/users\/1"}],"replies":[{"embeddable":true,"href":"https:\/\/faardit.org.ar\/web\/wp-json\/wp\/v2\/comments?post=1662"}],"version-history":[{"count":3,"href":"https:\/\/faardit.org.ar\/web\/wp-json\/wp\/v2\/pages\/1662\/revisions"}],"predecessor-version":[{"id":3181,"href":"https:\/\/faardit.org.ar\/web\/wp-json\/wp\/v2\/pages\/1662\/revisions\/3181"}],"wp:attachment":[{"href":"https:\/\/faardit.org.ar\/web\/wp-json\/wp\/v2\/media?parent=1662"}],"curies":[{"name":"wp","href":"https:\/\/api.w.org\/{rel}","templated":true}]}}