{"id":1753,"date":"2017-09-11T16:00:54","date_gmt":"2017-09-11T16:00:54","guid":{"rendered":"https:\/\/usinacreativa.com.ar\/faardit2017\/?page_id=1753"},"modified":"2026-01-13T13:46:06","modified_gmt":"2026-01-13T13:46:06","slug":"convenios-con-otras-sociedades","status":"publish","type":"page","link":"https:\/\/faardit.org.ar\/web\/beneficios-2\/convenios-con-otras-sociedades\/","title":{"rendered":"Convenios con otras sociedades"},"content":{"rendered":"<div id=\"pl-1753\" class=\"panel-layout\">\n<div id=\"pg-1753-0\" class=\"panel-grid panel-no-style\">\n<div id=\"pgc-1753-0-0\" class=\"panel-grid-cell\" data-weight=\"1\">\n<div id=\"panel-1753-0-0-0\" class=\"so-panel widget widget_sow-editor panel-first-child panel-last-child\" data-index=\"0\" data-style=\"{&quot;background_image_attachment&quot;:false,&quot;background_display&quot;:&quot;tile&quot;}\">\n<div class=\"so-widget-sow-editor so-widget-sow-editor-base\">\n<h3 class=\"widget-title\">Beneficios para los asociados<\/h3>\n<div class=\"siteorigin-widget-tinymce textwidget\">\n<div class=\"siteorigin-widget-tinymce textwidget\">\n<ul>\n<li>\n<h6>Aranceles reducidos en eventos de otras Sociedades Nacionales y Extranjeras.<\/h6>\n<\/li>\n<li>\n<h6>Posibilidades de becas de acuerdo a los convenios particulares.<\/h6>\n<\/li>\n<\/ul>\n<\/div>\n<\/div>\n<\/div>\n<\/div>\n<\/div>\n<\/div>\n<div id=\"pg-1753-1\" class=\"panel-grid panel-no-style\">\n<div id=\"pgc-1753-1-0\" class=\"panel-grid-cell\" data-weight=\"1\">\n<div id=\"panel-1753-1-0-0\" class=\"so-panel widget widget_sow-editor panel-first-child panel-last-child\" data-index=\"1\" data-style=\"{&quot;background_image_attachment&quot;:false,&quot;background_display&quot;:&quot;tile&quot;}\">\n<div class=\"so-widget-sow-editor so-widget-sow-editor-base\">\n<h3 class=\"widget-title\">Convenios Nacionales<\/h3>\n<ul>\n<li>\n<h6 class=\"gmail_default\">AAR &#8211; Asociaci\u00f3n Argentina de Radiocirug\u00eda. <a href=\"https:\/\/faardit.org.ar\/web\/wp-content\/uploads\/2021\/12\/Convenio_Reciprocidad-FAARDIT_AAR.pdf\" target=\"_blank\" rel=\"noopener noreferrer\">VER CONVENIO<\/a><\/h6>\n<\/li>\n<\/ul>\n<ul>\n<li>\n<h6 class=\"gmail_default\">Club del P\u00e1ncreas. <a href=\"https:\/\/faardit.org.ar\/web\/wp-content\/uploads\/2021\/05\/Convenio-FAARDIT-Club-del-Pancreas.pdf\" target=\"_blank\" rel=\"noopener noreferrer\">VER CONVENIO<\/a><\/h6>\n<\/li>\n<\/ul>\n<ul>\n<li>\n<h6 class=\"gmail_default\">AAMR: Asociaci\u00f3n Argentina de Medicina Respiratoria. <a href=\"https:\/\/faardit.org.ar\/web\/wp-content\/uploads\/2025\/10\/Convenio-AAMR-FAARDIT-2025.pdf\">VER CONVENIO<\/a><\/h6>\n<\/li>\n<\/ul>\n<div class=\"siteorigin-widget-tinymce textwidget\">\n<div class=\"siteorigin-widget-tinymce textwidget\">\n<ul>\n<li>\n<h6>INC: Instituto Nacional del C\u00e1ncer <a href=\"https:\/\/faardit.org.ar\/web\/wp-content\/uploads\/2025\/10\/Convenio-FAARDIT-INC.pdf\" target=\"_blank\" rel=\"noopener noreferrer\">VER CONVENIO<\/a><\/h6>\n<\/li>\n<li class=\"lista_eventos\">\n<h6><span class=\"text1\">AAPUDI: Asociaci\u00f3n Argentina de Profesores Universitarios de Diagn\u00f3stico por Im\u00e1genes<\/span><\/h6>\n<\/li>\n<li>\n<h6><span class=\"text1\">AFAR: Asociaci\u00f3n Franco Argentina de Radiolog\u00eda <a href=\"https:\/\/faardit.org.ar\/web\/wp-content\/uploads\/2021\/03\/AFAR.pdf\" target=\"_blank\" rel=\"noopener noreferrer\">VER CONVENIO<\/a><\/span><\/h6>\n<\/li>\n<li>\n<h6>AMA: Asociaci\u00f3n M\u00e9dica Argentina <a href=\"https:\/\/faardit.org.ar\/web\/wp-content\/uploads\/2021\/03\/AMA.pdf\" target=\"_blank\" rel=\"noopener noreferrer\">VER CONVENIO<\/a><\/h6>\n<\/li>\n<li>\n<h6>SAEU: Sociedad Argentina de Ecograf\u00eda y Ultrasonograf\u00eda <a href=\"https:\/\/faardit.org.ar\/web\/wp-content\/uploads\/2021\/03\/SAEU.pdf\" target=\"_blank\" rel=\"noopener noreferrer\">VER CONVENIO<\/a><\/h6>\n<\/li>\n<li>\n<h6>SAP: Sociedad Argentina de Pediatr\u00eda <a href=\"https:\/\/faardit.org.ar\/web\/wp-content\/uploads\/2021\/03\/SAP.pdf\" target=\"_blank\" rel=\"noopener noreferrer\">VER CONVENIO<\/a><\/h6>\n<\/li>\n<li>\n<h6>SAUMB: Sociedad Argentina de Ultrasonograf\u00eda en Medicina y Biolog\u00eda <a href=\"https:\/\/faardit.org.ar\/web\/wp-content\/uploads\/2021\/03\/SAUMB.pdf\" target=\"_blank\" rel=\"noopener noreferrer\">VER CONVENIO<\/a><\/h6>\n<\/li>\n<li>\n<h6>Convenio FAARDIT &#8211; SAR &#8211; FUNDACI\u00d3N SAYANI <a href=\"https:\/\/faardit.org.ar\/web\/wp-content\/uploads\/2019\/06\/Convenio-FAARDIT-SAR-Fundacion-Sayani.pdf\">VER CONVENIO<\/a><\/h6>\n<\/li>\n<li>\n<h6><b>AAR: Asociaci\u00f3n Argentina Radiocirug\u00eda<\/b>\u00a0<a href=\"https:\/\/faardit.org.ar\/web\/wp-content\/uploads\/2019\/09\/2019_Convenio_Reciprocidad_AAR_FAARDIT.pdf\">VER CONVENIO<\/a><\/h6>\n<\/li>\n<li>\n<h6>Convenio FAARDIT &#8211; Federaci\u00f3n Argentina de Urolog\u00eda <a href=\"https:\/\/faardit.org.ar\/web\/wp-content\/uploads\/2021\/08\/Convenio-FAARDIT-FAU_con-firmas.pdf\">VER CONVENIO<\/a><\/h6>\n<\/li>\n<li>\n<h6>Convenio FAARDIT &#8211; Sociedad Argentina de Radiolog\u00eda Pedi\u00e1trica <a href=\"https:\/\/faardit.org.ar\/web\/wp-content\/uploads\/2022\/06\/Convenio-FAARDIT-SARP.pdf\">VER CONVENIO<\/a><\/h6>\n<\/li>\n<\/ul>\n<\/div>\n<\/div>\n<\/div>\n<\/div>\n<\/div>\n<\/div>\n<div id=\"pg-1753-2\" class=\"panel-grid panel-no-style\">\n<div id=\"pgc-1753-2-0\" class=\"panel-grid-cell\" data-weight=\"1\">\n<div id=\"panel-1753-2-0-0\" class=\"so-panel widget widget_sow-editor panel-first-child panel-last-child\" data-index=\"2\" data-style=\"{&quot;background_image_attachment&quot;:false,&quot;background_display&quot;:&quot;tile&quot;}\">\n<div class=\"so-widget-sow-editor so-widget-sow-editor-base\">\n<h3 class=\"widget-title\">Convenios Internacionales<\/h3>\n<ul>\n<li>\n<h6>SCI: Sociedad Cubana de Imagenolog\u00eda <a href=\"https:\/\/faardit.org.ar\/web\/wp-content\/uploads\/2025\/10\/Xerox-Scan_12162025123908_compressed.pdf\">VER CONVENIO<\/a><\/h6>\n<\/li>\n<li>\n<h6>SMRI: Sociedad Mexicana de Radiolog\u00eda e Imagen <a href=\"https:\/\/faardit.org.ar\/web\/wp-content\/uploads\/2025\/10\/Convenio-FAARDIT-Soc-Cubana-Imagenologia.pdf\">VER CONVENIO<\/a><\/h6>\n<\/li>\n<li>\n<h6>SERME: Sociedad Espa\u00f1ola de radiolog\u00eda m\u00fasculoesquel\u00e9tica <a href=\"https:\/\/faardit.org.ar\/web\/wp-content\/uploads\/2025\/10\/Convenio-FAARDIT-SERME.pdf\">VER CONVENIO<\/a><\/h6>\n<\/li>\n<li>\n<h6>ESSR: European Society of Musculoskeletal Radiology <a href=\"https:\/\/faardit.org.ar\/web\/wp-content\/uploads\/2025\/10\/ESSR-FAARDIT-2025.pdf\">VER CONVENIO<\/a><\/h6>\n<\/li>\n<li>\n<h6>SIRM: Societ\u00e0 Italiana di Radiologia Medica e Interventistica <a href=\"https:\/\/faardit.org.ar\/web\/wp-content\/uploads\/2025\/09\/MoU_SIRM-FAARDIT_2025-1.pdf\">VER CONVENIO<\/a><\/h6>\n<\/li>\n<li>\n<h6>ESTI: European Society of Thoracic Imaging <a href=\"https:\/\/faardit.org.ar\/web\/wp-content\/uploads\/2025\/04\/FAARDIT-ESTI-MoU_signed.pdf\">VER CONVENIO<\/a><\/h6>\n<\/li>\n<li>\n<h6>SPRI: Sociedad Paraguaya de Radiolog\u00eda e Imagen <a href=\"https:\/\/faardit.org.ar\/web\/wp-content\/uploads\/2024\/08\/CONVENIO-_FAARDIT-SPRI.pdf\">VER CONVENIO<\/a><\/h6>\n<\/li>\n<li>\n<h6>ESR: European Society of Radiology <a href=\"https:\/\/faardit.org.ar\/web\/wp-content\/uploads\/2025\/03\/ESR-FAARDIT-MoU_2025_signed-AR-Final.pdf\">VER CONVENIO<\/a><\/h6>\n<\/li>\n<\/ul>\n<div class=\"siteorigin-widget-tinymce textwidget\">\n<ul>\n<li class=\"lista_eventos\">\n<h6>AIRP (Instituto Americano de Radiolog\u00eda Patol\u00f3gica) <a href=\"https:\/\/faardit.org.ar\/web\/wp-content\/uploads\/2019\/08\/SAR_FAARDIT_AIRP_MOU_2018_signed_by_all.pdf\">VER CONVENIO<\/a><\/h6>\n<\/li>\n<li class=\"lista_eventos\">\n<h6>ACR: Asociaci\u00f3n Colombiana de Radiolog\u00eda <a href=\"https:\/\/faardit.org.ar\/web\/wp-content\/uploads\/2021\/03\/ACR.pdf\" target=\"_blank\" rel=\"noopener noreferrer\">VER CONVENIO<\/a><\/h6>\n<\/li>\n<li class=\"lista_eventos\">\n<h6>ACRADGUA: Asociaci\u00f3n Civil de Diagn\u00f3stico por Im\u00e1genes y Terapia Radiante de Guatemala <a style=\"font-size: 16px;\" href=\"https:\/\/faardit.org.ar\/web\/wp-content\/uploads\/2021\/03\/ACRADGUA.pdf\" target=\"_blank\" rel=\"noopener noreferrer\">VER CONVENIO<\/a><\/h6>\n<\/li>\n<li>\n<h6>AHRE: Asociaci\u00f3n Hondure\u00f1a de Radiolog\u00eda e Imagen <a href=\"https:\/\/faardit.org.ar\/web\/wp-content\/uploads\/2023\/01\/CONVENIO-CON-HONDURAS-2022.pdf\">VER CONVENIO<\/a><\/h6>\n<\/li>\n<li class=\"lista_eventos\">\n<h6><span class=\"text1\">ANRI: Asociaci\u00f3n Nicaraguense de Radiolog\u00eda e Imagen<\/span>. <a href=\"https:\/\/faardit.org.ar\/web\/wp-content\/uploads\/2021\/03\/ANRI.pdf\" target=\"_blank\" rel=\"noopener noreferrer\">VER CONVENIO<\/a><\/h6>\n<\/li>\n<li>\n<h6><strong>BIR: Instituto Brit\u00e1nico de Radiolog\u00eda. <a href=\"https:\/\/faardit.org.ar\/web\/wp-content\/uploads\/2017\/12\/BIR-World-Partner-Network-Memorandum-of-Understanding-November-2017-Fed-Argentina-de-Radiologia.pdf\">VER CONVENIO<\/a><\/strong><\/h6>\n<\/li>\n<li class=\"lista_eventos\">\n<h6><span class=\"text1\">CBR: Colegio Brasileiro de Radiologia e Diagn\u00f3stico por Imagem<\/span>. <a href=\"https:\/\/faardit.org.ar\/web\/wp-content\/uploads\/2019\/03\/Convenio-Faardit-CBR.pdf\" target=\"_blank\" rel=\"noopener noreferrer\">VER CONVENIO<\/a><\/h6>\n<\/li>\n<li class=\"lista_eventos\">\n<h6><span class=\"text1\">FESR: Federaci\u00f3n Ecuatoriana de Sociedades de Radiolog\u00eda y Diagn\u00f3stico por Im\u00e1genes<\/span>. <a href=\"https:\/\/faardit.org.ar\/web\/wp-content\/uploads\/2025\/10\/Convenio-FAARDIT-FESR.jpeg\" target=\"_blank\" rel=\"noopener noreferrer\">VER CONVENIO<\/a><\/h6>\n<\/li>\n<li class=\"lista_eventos\">\n<h6><span class=\"text1\">FMRI: Federaci\u00f3n Mexicana de Radiolog\u00eda e Imagen<\/span>. <a href=\"https:\/\/faardit.org.ar\/web\/wp-content\/uploads\/2021\/03\/FMRI.pdf\" target=\"_blank\" rel=\"noopener noreferrer\">VER CONVENIO<\/a><\/h6>\n<\/li>\n<li class=\"lista_eventos\">\n<h6><span class=\"text1\">NASCI (North American Society for Cardiovascular Imaging) <\/span>. <a href=\"https:\/\/faardit.org.ar\/web\/wp-content\/uploads\/2019\/03\/Convenio-FAARDIT-NASCI.pdf\" target=\"_blank\" rel=\"noopener noreferrer\">VER CONVENIO<\/a><\/h6>\n<\/li>\n<li class=\"lista_eventos\">\n<h6><span class=\"text1\">SERAM: Sociedad Espa\u00f1ola de Radiolog\u00eda M\u00e9dica<\/span>. <a href=\"https:\/\/faardit.org.ar\/web\/wp-content\/uploads\/2022\/12\/SERAM.pdf\" target=\"_blank\" rel=\"noopener noreferrer\">VER CONVENIO<\/a><\/h6>\n<\/li>\n<li class=\"lista_eventos\">\n<h6><span class=\"text1\">SEUS: Sociedad Espa\u00f1ola de Ultrasonidos<\/span>. <a href=\"https:\/\/faardit.org.ar\/web\/wp-content\/uploads\/2021\/03\/SEUS.pdf\" target=\"_blank\" rel=\"noopener noreferrer\">VER CONVENIO<\/a><\/h6>\n<\/li>\n<li class=\"lista_eventos\">\n<h6><span class=\"text1\">SOCHRADI: Sociedad Chilena de Radiolog\u00eda<\/span>. <a href=\"https:\/\/faardit.org.ar\/web\/wp-content\/uploads\/2021\/03\/SOCHRADI.pdf\" target=\"_blank\" rel=\"noopener noreferrer\">VER CONVENIO<\/a><\/h6>\n<\/li>\n<li class=\"lista_eventos\">\n<h6><span class=\"text1\">SOCRAD: Sociedad de Radiolog\u00eda de Puerto Rico<\/span>. <a href=\"https:\/\/faardit.org.ar\/web\/wp-content\/uploads\/2025\/09\/Convenio-FAARDIT-SOCRAD.pdf\" target=\"_blank\" rel=\"noopener noreferrer\">VER CONVENIO<\/a><\/h6>\n<\/li>\n<li class=\"lista_eventos\">\n<h6><span class=\"text1\">SOVERADI: Sociedad Venezolana de Radiolog\u00eda<\/span>. <a href=\"https:\/\/faardit.org.ar\/web\/wp-content\/uploads\/2021\/03\/SOVERADI.pdf\" target=\"_blank\" rel=\"noopener noreferrer\">VER CONVENIO<\/a><\/h6>\n<\/li>\n<li class=\"lista_eventos\">\n<h6><span class=\"text1\">SPR: Sociedad Peruana de Radiolog\u00eda<\/span>. <a href=\"https:\/\/faardit.org.ar\/web\/wp-content\/uploads\/2021\/03\/SPR.pdf\" target=\"_blank\" rel=\"noopener noreferrer\">VER CONVENIO<\/a><\/h6>\n<\/li>\n<li class=\"lista_eventos\">\n<h6><span class=\"text1\">SPR: Sociedad Paulista de Radiolog\u00eda y Diagn\u00f3stico por Imagen<\/span>. <a href=\"https:\/\/faardit.org.ar\/web\/wp-content\/uploads\/2024\/05\/MOU-2024-FAARDIT-e-SPR-ESP.pdf\" target=\"_blank\" rel=\"noopener noreferrer\">VER CONVENIO<\/a><\/h6>\n<\/li>\n<li class=\"lista_eventos\">\n<h6><span class=\"text1\">SRIU: Sociedad de Radiolog\u00eda e Imagenolog\u00eda del Uruguay<\/span>. <a href=\"https:\/\/faardit.org.ar\/web\/wp-content\/uploads\/2021\/03\/SRIU.pdf\" target=\"_blank\" rel=\"noopener noreferrer\">VER CONVENIO<\/a><\/h6>\n<\/li>\n<li class=\"lista_eventos\">\n<h6><span class=\"text1\">RSROC: Sociedad de Radiolog\u00eda de la Rep\u00fablica de China, Taiwan<\/span>. <a href=\"https:\/\/faardit.org.ar\/web\/wp-content\/uploads\/2021\/03\/RSROC.pdf\" target=\"_blank\" rel=\"noopener noreferrer\">VER CONVENIO<\/a><\/h6>\n<\/li>\n<li>\n<h6><span class=\"text1\">FERI: Federaci\u00f3n Ecuatoriana de Radiolog\u00eda e Imagen<\/span>. <a href=\"https:\/\/faardit.org.ar\/web\/wp-content\/uploads\/2020\/08\/FERI-ACUERDO-FAARDIT.pdf\" target=\"_blank\" rel=\"noopener noreferrer\">VER CONVENIO<\/a><\/h6>\n<\/li>\n<li>\n<h6><span class=\"text1\">SVRI: Sociedad Veracruzana de\u00a0 de Radiolog\u00eda e Imagen<\/span>. <a href=\"https:\/\/faardit.org.ar\/web\/wp-content\/uploads\/2021\/05\/CONVENIO-FAARDIT-SVRI_compressed.pdf\" target=\"_blank\" rel=\"noopener noreferrer\">VER CONVENIO<\/a><\/h6>\n<\/li>\n<li>\n<h6>Convenio FAARDIT &#8211; Society of Thoracic Radiology (STR) <a href=\"https:\/\/faardit.org.ar\/web\/wp-content\/uploads\/2021\/08\/Signed-7-2021-Collaboration-Agreement-FAARDIT-Argentina-STR.pdf\" target=\"_blank\" rel=\"noopener noreferrer\">VER CONVENIO<\/a><\/h6>\n<\/li>\n<\/ul>\n<\/div>\n<\/div>\n<\/div>\n<\/div>\n<\/div>\n<div id=\"pg-1753-3\" class=\"panel-grid panel-no-style\">\n<div id=\"pgc-1753-3-0\" class=\"panel-grid-cell\" data-weight=\"1\">\n<div id=\"panel-1753-3-0-0\" class=\"so-panel widget widget_sow-editor panel-first-child panel-last-child\" data-index=\"3\" data-style=\"{&quot;background_display&quot;:&quot;tile&quot;}\">\n<div class=\"so-widget-sow-editor so-widget-sow-editor-base\">\n<h3 class=\"widget-title\">Membres\u00edas Internacionales<\/h3>\n<div class=\"siteorigin-widget-tinymce textwidget\">\n<div class=\"siteorigin-widget-tinymce textwidget\">\n<ul>\n<li class=\"lista_eventos\">\n<h6>CIR: Colegio Interamericano de Radiolog\u00eda. <a href=\"http:\/\/www.webcir.org\/\">www.webcir.org<\/a><\/h6>\n<\/li>\n<li>\n<h6>ISR: International Society of Radiology. <a href=\"http:\/\/www.isradiology.org\/\">www.isradiology.org<\/a><\/h6>\n<\/li>\n<li>\n<h6>Image Gently: Alianza para la Seguridad Radiol\u00f3gica en Radiolog\u00eda Pedi\u00e1trica. <a href=\"http:\/\/www.imagegently.org\/\">www.imagegently.org <\/a> \/ <a href=\"https:\/\/faardit.org.ar\/web\/wp-content\/uploads\/2021\/03\/ImageGently.pdf\" target=\"_blank\" rel=\"noopener noreferrer\">VER CONVENIO<\/a><\/h6>\n<\/li>\n<li>\n<h6>WFNRS: World Federation of Neuroradiological Societies. <a href=\"https:\/\/www.wfnrs.org\/\">https:\/\/www.wfnrs.org\/<\/a> | <a href=\"https:\/\/faardit.org.ar\/web\/wp-content\/uploads\/2024\/09\/WFNRS-Welcome-Letter-Argentina-8-2024.pdf\">VER CONVENIO<\/a><\/h6>\n<\/li>\n<\/ul>\n<\/div>\n<\/div>\n<\/div>\n<\/div>\n<\/div>\n<\/div>\n<\/div>\n","protected":false},"excerpt":{"rendered":"<p>Beneficios para los asociados Aranceles reducidos en eventos de otras Sociedades Nacionales y Extranjeras. Posibilidades de becas de acuerdo a los convenios particulares. Convenios Nacionales AAR &#8211; Asociaci\u00f3n Argentina de Radiocirug\u00eda. VER CONVENIO Club del P\u00e1ncreas. VER CONVENIO AAMR: Asociaci\u00f3n Argentina de Medicina Respiratoria. VER&#8230;<\/p>\n","protected":false},"author":1,"featured_media":0,"parent":40,"menu_order":0,"comment_status":"closed","ping_status":"closed","template":"","meta":[],"_links":{"self":[{"href":"https:\/\/faardit.org.ar\/web\/wp-json\/wp\/v2\/pages\/1753"}],"collection":[{"href":"https:\/\/faardit.org.ar\/web\/wp-json\/wp\/v2\/pages"}],"about":[{"href":"https:\/\/faardit.org.ar\/web\/wp-json\/wp\/v2\/types\/page"}],"author":[{"embeddable":true,"href":"https:\/\/faardit.org.ar\/web\/wp-json\/wp\/v2\/users\/1"}],"replies":[{"embeddable":true,"href":"https:\/\/faardit.org.ar\/web\/wp-json\/wp\/v2\/comments?post=1753"}],"version-history":[{"count":45,"href":"https:\/\/faardit.org.ar\/web\/wp-json\/wp\/v2\/pages\/1753\/revisions"}],"predecessor-version":[{"id":8300,"href":"https:\/\/faardit.org.ar\/web\/wp-json\/wp\/v2\/pages\/1753\/revisions\/8300"}],"up":[{"embeddable":true,"href":"https:\/\/faardit.org.ar\/web\/wp-json\/wp\/v2\/pages\/40"}],"wp:attachment":[{"href":"https:\/\/faardit.org.ar\/web\/wp-json\/wp\/v2\/media?parent=1753"}],"curies":[{"name":"wp","href":"https:\/\/api.w.org\/{rel}","templated":true}]}}