{"id":190,"date":"2014-11-28T10:05:46","date_gmt":"2014-11-28T10:05:46","guid":{"rendered":"http:\/\/demo1.artillegence.com\/thebakery\/?page_id=160"},"modified":"2017-10-20T15:43:53","modified_gmt":"2017-10-20T15:43:53","slug":"cursos-congresos","status":"publish","type":"page","link":"https:\/\/faardit.org.ar\/web\/cursos-congresos\/","title":{"rendered":"Cursos y Congresos"},"content":{"rendered":"<h4 style=\"display: inline !important;\">Congreso Internacional de Diagn\u00f3stico por Im\u00e1genes de C\u00f3rdoba<\/h4>\n<ul>\n<li>Arancel reducido para asociados a FAARDIT<\/li>\n<\/ul>\n<p>&nbsp;<\/p>\n<hr \/>\n<h4><\/h4>\n<h4>Congreso Internacional de Diagn\u00f3stico por Im\u00e1genes de Tucum\u00e1n<\/h4>\n<ul>\n<li>Arancel reducido para asociados a FAARDIT<\/li>\n<\/ul>\n<p>&nbsp;<\/p>\n<hr \/>\n<h4><\/h4>\n<h4> Cursos de Sociedades locales<\/h4>\n<ul>\n<li>Arancel reducido para asociados a FAARDIT<\/li>\n<\/ul>\n<p>&nbsp;<\/p>\n<hr \/>\n<h4><\/h4>\n<h4>Acceso al campus virtual FAARDIT<\/h4>\n<ul>\n<li>Algunas actividades ser\u00e1n gratuitas y otras aranceladas<\/li>\n<\/ul>\n<p>&nbsp;<\/p>\n<hr \/>\n<p>&nbsp;<\/p>\n","protected":false},"excerpt":{"rendered":"<p>Congreso Internacional de Diagn\u00f3stico por Im\u00e1genes de C\u00f3rdoba Arancel reducido para asociados a FAARDIT &nbsp; Congreso Internacional de Diagn\u00f3stico por Im\u00e1genes de Tucum\u00e1n Arancel reducido para asociados a FAARDIT &nbsp; Cursos de Sociedades locales Arancel reducido para asociados a FAARDIT &nbsp; Acceso al campus virtual&#8230;<\/p>\n","protected":false},"author":1,"featured_media":0,"parent":0,"menu_order":0,"comment_status":"open","ping_status":"open","template":"","meta":[],"_links":{"self":[{"href":"https:\/\/faardit.org.ar\/web\/wp-json\/wp\/v2\/pages\/190"}],"collection":[{"href":"https:\/\/faardit.org.ar\/web\/wp-json\/wp\/v2\/pages"}],"about":[{"href":"https:\/\/faardit.org.ar\/web\/wp-json\/wp\/v2\/types\/page"}],"author":[{"embeddable":true,"href":"https:\/\/faardit.org.ar\/web\/wp-json\/wp\/v2\/users\/1"}],"replies":[{"embeddable":true,"href":"https:\/\/faardit.org.ar\/web\/wp-json\/wp\/v2\/comments?post=190"}],"version-history":[{"count":0,"href":"https:\/\/faardit.org.ar\/web\/wp-json\/wp\/v2\/pages\/190\/revisions"}],"wp:attachment":[{"href":"https:\/\/faardit.org.ar\/web\/wp-json\/wp\/v2\/media?parent=190"}],"curies":[{"name":"wp","href":"https:\/\/api.w.org\/{rel}","templated":true}]}}