{"id":1997,"date":"2017-10-05T14:51:15","date_gmt":"2017-10-05T14:51:15","guid":{"rendered":"https:\/\/usinacreativa.com.ar\/faardit2017\/?page_id=1997"},"modified":"2024-01-04T13:59:46","modified_gmt":"2024-01-04T13:59:46","slug":"presentacion-caso-clinico","status":"publish","type":"page","link":"https:\/\/faardit.org.ar\/web\/encuentro-residentes\/presentacion-caso-clinico\/","title":{"rendered":""},"content":{"rendered":"<div id=\"pl-1997\" class=\"panel-layout\">\n<div id=\"pg-1997-0\" class=\"panel-grid panel-no-style\" data-style=\"{&quot;background_display&quot;:&quot;tile&quot;,&quot;cell_alignment&quot;:&quot;flex-start&quot;}\">\n<div id=\"pgc-1997-0-0\" class=\"panel-grid-cell\" data-weight=\"0.8\">\n<div id=\"panel-1997-0-0-0\" class=\"so-panel widget widget_sow-editor panel-first-child panel-last-child\" data-index=\"0\" data-style=\"{&quot;background_display&quot;:&quot;tile&quot;}\">\n<div class=\"so-widget-sow-editor so-widget-sow-editor-base\">\n<div class=\"siteorigin-widget-tinymce textwidget\">\n<h3>C\u00d3MO PREPARAR UN CASO CL\u00cdNICO<\/h3>\n<p>Debido a la cantidad cada vez mayor de participantes en el encuentro de residentes, las presentaciones deben seguir ciertas pautas y no exceder los tiempos aproximados de presentaci\u00f3n (los cuales podr\u00e1n variar dependiendo del n\u00famero de inscriptos). Los mismos se informar\u00e1n en cada instancia de Encuentro de Residentes. Recuerde que el objetivo es generar un debate sobre un caso, NO realizar una clase sobre una patolog\u00eda.<\/p>\n<p>El caso cl\u00ednico se presentar\u00e1 en formato PowerPoint.<\/p>\n<p>1. <strong>Diapositiva inicial<\/strong> (1 diapositiva). Debe contener el nombre del residente que presenta el caso, residencia, a que a\u00f1o corresponde, jefe del servicio y director de la residencia. Tambi\u00e9n debe contener informaci\u00f3n del sistema predominante del caso cl\u00ednico presentado. Ejemplo: Caso de Pediatr\u00eda;\u00a0Caso Urogenital;\u00a0Caso Musculoesquel\u00e9tico;\u00a0etc.<\/p>\n<p>2. <strong>Presentaci\u00f3n Cl\u00ednica<\/strong> (1 diapositiva). Historia Cl\u00ednica resumida, incluyendo s\u00f3lo los datos necesarios para debatir el caso cl\u00ednico a presentar.<\/p>\n<p>3. <strong>Presentaci\u00f3n del caso<\/strong> (las diapositivas que fueran necesarias, hasta 10, recuerde que debe administrarlas respetando el tiempo de exposici\u00f3n). Debe contener im\u00e1genes representativas para generar la discusi\u00f3n, puede incluir videos. Es el momento m\u00e1s importante de la presentaci\u00f3n.<\/p>\n<p>4. <strong>Diagn\u00f3stico Diferencial<\/strong> (1 diapositiva). Debe estar incluido el diagn\u00f3stico final, no resaltado. En este momento el presentador puede hacer una consideraci\u00f3n final.<\/p>\n<p>5. <strong>Diagn\u00f3stico Final<\/strong> (1 diapositiva). Expone el diagn\u00f3stico final y c\u00f3mo se lleg\u00f3 al mismo. En esta diapositiva puede incluir resultado de biopsia u otro examen que confirme el diagn\u00f3stico.<\/p>\n<p>6. <strong>\u201cPara llevar a casa\u201d<\/strong> (1 diapositiva). Enumere los tips (idealmente 3) para realizar el diagn\u00f3stico de esta patolog\u00eda y alg\u00fan dato conciso que considere relevante.<\/p>\n<p>7. <strong>Bibliograf\u00eda<\/strong> (1 diapositiva).<\/p>\n<p><a href=\"https:\/\/docs.google.com\/presentation\/d\/13Wv53yp-q8xoIgdDBws89otjVN6A0YQ8\/edit?usp=sharing&amp;ouid=109909465872739962820&amp;rtpof=true&amp;sd=true\"><i style='border:1px solid #005c60;padding:10px;font-size:14px;color:#ffffff;background:#005c60;border-radius:0px' class='ioa-front-icon shortcode-icon doc-2icon- ioa-front-icon'><\/i> DESCARGAR MODELO DE PRESENTACI\u00d3N DE CASO CL\u00cdNICO<\/a><\/p>\n<hr \/>\n<\/div>\n<\/div>\n<\/div>\n<\/div>\n<div id=\"pgc-1997-0-1\" class=\"panel-grid-cell\" data-weight=\"0.2\"><\/div>\n<\/div>\n<\/div>\n","protected":false},"excerpt":{"rendered":"<p>C\u00d3MO PREPARAR UN CASO CL\u00cdNICO Debido a la cantidad cada vez mayor de participantes en el encuentro de residentes, las presentaciones deben seguir ciertas pautas y no exceder los tiempos aproximados de presentaci\u00f3n (los cuales podr\u00e1n variar dependiendo del n\u00famero de inscriptos). Los mismos se&#8230;<\/p>\n","protected":false},"author":1,"featured_media":0,"parent":677,"menu_order":0,"comment_status":"closed","ping_status":"closed","template":"","meta":[],"_links":{"self":[{"href":"https:\/\/faardit.org.ar\/web\/wp-json\/wp\/v2\/pages\/1997"}],"collection":[{"href":"https:\/\/faardit.org.ar\/web\/wp-json\/wp\/v2\/pages"}],"about":[{"href":"https:\/\/faardit.org.ar\/web\/wp-json\/wp\/v2\/types\/page"}],"author":[{"embeddable":true,"href":"https:\/\/faardit.org.ar\/web\/wp-json\/wp\/v2\/users\/1"}],"replies":[{"embeddable":true,"href":"https:\/\/faardit.org.ar\/web\/wp-json\/wp\/v2\/comments?post=1997"}],"version-history":[{"count":4,"href":"https:\/\/faardit.org.ar\/web\/wp-json\/wp\/v2\/pages\/1997\/revisions"}],"predecessor-version":[{"id":6690,"href":"https:\/\/faardit.org.ar\/web\/wp-json\/wp\/v2\/pages\/1997\/revisions\/6690"}],"up":[{"embeddable":true,"href":"https:\/\/faardit.org.ar\/web\/wp-json\/wp\/v2\/pages\/677"}],"wp:attachment":[{"href":"https:\/\/faardit.org.ar\/web\/wp-json\/wp\/v2\/media?parent=1997"}],"curies":[{"name":"wp","href":"https:\/\/api.w.org\/{rel}","templated":true}]}}