{"id":2017,"date":"2017-10-06T18:12:11","date_gmt":"2017-10-06T18:12:11","guid":{"rendered":"https:\/\/usinacreativa.com.ar\/faardit2017\/?page_id=2017"},"modified":"2017-12-07T14:58:13","modified_gmt":"2017-12-07T14:58:13","slug":"proximos-encuentros","status":"publish","type":"page","link":"https:\/\/faardit.org.ar\/web\/encuentro-residentes\/proximos-encuentros\/","title":{"rendered":""},"content":{"rendered":"<div id=\"pl-2017\" class=\"panel-layout\">\n<div id=\"pg-2017-0\" class=\"panel-grid panel-no-style\" data-style=\"{&quot;background_display&quot;:&quot;tile&quot;,&quot;cell_alignment&quot;:&quot;flex-start&quot;}\">\n<div id=\"pgc-2017-0-0\" class=\"panel-grid-cell\" data-weight=\"0.8\">\n<div id=\"panel-2017-0-0-0\" class=\"so-panel widget widget_sow-editor panel-first-child panel-last-child\" data-index=\"0\" data-style=\"{&quot;background_display&quot;:&quot;tile&quot;}\">\n<div class=\"so-widget-sow-editor so-widget-sow-editor-base\">\n<h3 class=\"widget-title\">Pr\u00f3ximos Encuentros de residentes<\/h3>\n<div class=\"siteorigin-widget-tinymce textwidget\">\n<h5>ENCUENTRO DE RESIDENTES EN EL XII CONGRESO DE TUCUM\u00c1N<\/h5>\n<ul>\n<li>Junio 2013. Tucum\u00e1n (Argentina)<\/li>\n<\/ul>\n<h5>ENCUENTRO DE RESIDENTES EN IM\u00c1GENES 2013<\/h5>\n<ul>\n<li>Agosto 2013. Universidad Cat\u00f3lica Argentina, Ciudad Aut\u00f3noma de Buenos Aires (Argentina).<\/li>\n<\/ul>\n<hr \/>\n<\/div>\n<\/div>\n<\/div>\n<\/div>\n<div id=\"pgc-2017-0-1\" class=\"panel-grid-cell\" data-weight=\"0.2\"><\/div>\n<\/div>\n<\/div>\n","protected":false},"excerpt":{"rendered":"<p>Pr\u00f3ximos Encuentros de residentes ENCUENTRO DE RESIDENTES EN EL XII CONGRESO DE TUCUM\u00c1N Junio 2013. Tucum\u00e1n (Argentina) ENCUENTRO DE RESIDENTES EN IM\u00c1GENES 2013 Agosto 2013. Universidad Cat\u00f3lica Argentina, Ciudad Aut\u00f3noma de Buenos Aires (Argentina).<\/p>\n","protected":false},"author":1,"featured_media":0,"parent":677,"menu_order":0,"comment_status":"closed","ping_status":"closed","template":"","meta":[],"_links":{"self":[{"href":"https:\/\/faardit.org.ar\/web\/wp-json\/wp\/v2\/pages\/2017"}],"collection":[{"href":"https:\/\/faardit.org.ar\/web\/wp-json\/wp\/v2\/pages"}],"about":[{"href":"https:\/\/faardit.org.ar\/web\/wp-json\/wp\/v2\/types\/page"}],"author":[{"embeddable":true,"href":"https:\/\/faardit.org.ar\/web\/wp-json\/wp\/v2\/users\/1"}],"replies":[{"embeddable":true,"href":"https:\/\/faardit.org.ar\/web\/wp-json\/wp\/v2\/comments?post=2017"}],"version-history":[{"count":1,"href":"https:\/\/faardit.org.ar\/web\/wp-json\/wp\/v2\/pages\/2017\/revisions"}],"predecessor-version":[{"id":2695,"href":"https:\/\/faardit.org.ar\/web\/wp-json\/wp\/v2\/pages\/2017\/revisions\/2695"}],"up":[{"embeddable":true,"href":"https:\/\/faardit.org.ar\/web\/wp-json\/wp\/v2\/pages\/677"}],"wp:attachment":[{"href":"https:\/\/faardit.org.ar\/web\/wp-json\/wp\/v2\/media?parent=2017"}],"curies":[{"name":"wp","href":"https:\/\/api.w.org\/{rel}","templated":true}]}}