{"id":244,"date":"2014-12-02T05:02:48","date_gmt":"2014-12-02T05:02:48","guid":{"rendered":"http:\/\/demo1.artillegence.com\/therestaurant\/?page_id=244"},"modified":"2024-02-20T12:21:11","modified_gmt":"2024-02-20T12:21:11","slug":"quienes-somos","status":"publish","type":"page","link":"https:\/\/faardit.org.ar\/web\/quienes-somos\/","title":{"rendered":"Qu\u00e9 es FAARDIT"},"content":{"rendered":"<p><div class=\"page-section  clearfix first-section\" style=\"z-index:1\" id='rpsEYOKRD5OS94AALRDUGQDPBUWJIIX0KA3' data-exheight='' >\n\t\n\t<div class=\"section-inner-wrap\">\n\n\t\t\n\n\n\t\t\t\n\n\t<div class=\"skeleton section-content auto_align clearfix\" data-width=\"Contained\">\n\t\t\n\t\t\t\t\t\n<div class=\"rad-container  layout_element  full last first  top   clearfix\" id=\"rpcNJQFQ9HP7G7CXA8ACBU1WH4Y2JG5T4FV\" data-layout=\"full\">\n\t\n\t \t\n\n\t<div class=\"rad-inner-container clearfix\">\n\t\n<div  data-key=\"rad_image_widget\"  id=\"rpwLVB95P6P5X4DL8E4NESS0E5FIEUN26WI\" class=\" w_full w_layout_element  top   rad-widget\">\n\t<div class=\"image-inner-wrap image-stretched \">\n\t\t\t\t\n\t\t<div  class=' hover-item  image-align-none' itemscope itemprop='http:\/\/schema.org\/ImageObject'> <img src='https:\/\/faardit.org.ar\/web\/wp-content\/uploads\/2014\/12\/Encabezado-secciones.jpg' itemprop='url' alt='' title='Encabezado-secciones' \/>  <\/div>\t\t\t\t\t<\/div>\n<\/div>\n\t\t\n\t<\/div>\n\n\t\n<\/div>\n\n\t\t\n<div class=\"rad-container  layout_element  three_fourth first   clearfix\" id=\"rpcPYLUYNXV8X9WY75KS67T4K6N4FIEYO96\" data-layout=\"three_fourth\">\n\t<span class=\"vline\" style='-webkit-transition-delay:350ms;transition-delay:350ms;'><\/span>\n\t \t\n\n\t<div class=\"rad-inner-container clearfix\">\n\t \n\n\n<div  data-key=\"rad_text_widget\"  style='-webkit-transition-delay:0s;transition-delay:0s;' id=\"rpwVLC93VE9E3H5VXSXWOAE7VOH2JQ5V0UG\" class=\" w_full w_layout_element  top   rad-widget\">\n\t\n<div class='ioa-text-column none  col-align-left  clearfix'> \n      \n      <div class='ioa-text-area'>\n        <h3 class='text-title'>Acompa\u00f1amos a la comunidad radiol\u00f3gica de todo el pa\u00eds<\/h3>\n        \n        \n        <div class='ioa-text clearfix'>\n<p><span style=\"color: #000000;\">Creada hace m\u00e1s de 50 a\u00f1os, la <strong>Federaci\u00f3n Argentina de Asociaciones de Radiolog\u00eda, Diagn\u00f3stico por Im\u00e1genes y Terapia Radiante (FAARDIT)<\/strong> es el espacio institucional que representa la radiolog\u00eda argentina tanto en \u00e1mbitos nacionales como en foros internacionales de Radiolog\u00eda y Diagn\u00f3stico por Im\u00e1genes. Agrupa a m\u00e1s de 4.000 radi\u00f3logos de Argentina, a m\u00e1s de 2.000 Licenciados en Bioim\u00e1genes y a un n\u00famero importante de j\u00f3venes m\u00e9dicos residentes en Diagn\u00f3stico por Im\u00e1genes.<\/span><\/p>\n<\/div>\n        \n      <\/div> \n     <\/div>\n<\/div>\t\t\n\t<\/div>\n\n\t\n<\/div>\n\n\t\t\n<div class=\"rad-container  layout_element right one_fourth last  clearfix\" id=\"rpcQ253WJ5DSR1PMUOWLWVVMAS6WGJWDXDF\" data-layout=\"one_fourth\">\n\t<span class=\"vline\" style='-webkit-transition-delay:700ms;transition-delay:700ms;'><\/span>\n\t \t\n\n\t<div class=\"rad-inner-container clearfix\">\n\t\n<div  data-key=\"rad_button_widget\"  id=\"rpwMNO3F8B4M3I6CSN861CX7JHUEEWGN2NJ\" class=\" button-align-right  w_full w_layout_element  top   clearfix rad-widget rad-button-widget \">\n\t<a   href=\"https:\/\/faardit.org.ar\/web\/historia\/\"  class=\" ioa-button style-classic size-block has-icon \">\n\t\t\t<i class=\"ioa-front-icon ioa-front-icon book-openicon-\"><\/i>\t\t\t<span>Nuestra historia<\/span>\n\t<\/a>\n<\/div>\n\n\n<div  data-key=\"rad_button_widget\"  id=\"rpwMW6NHF5NR13J885PWNKAS9OSQ4X6YKNN\" class=\" button-align-right  w_full w_layout_element   clearfix rad-widget rad-button-widget \">\n\t<a   href=\"https:\/\/faardit.org.ar\/web\/sociedades-afiliadas\/\"  class=\" ioa-button style-classic size-block has-icon \">\n\t\t\t<i class=\"ioa-front-icon ioa-front-icon user-mdicon-\"><\/i>\t\t\t<span>Sociedades afiliadas<\/span>\n\t<\/a>\n<\/div>\n\n\n<div  data-key=\"rad_button_widget\"  id=\"rpwCWB5AMEV2RFGIE0BTS5SOWJ6HODSPHCF\" class=\" button-align-right  w_full w_layout_element   clearfix rad-widget rad-button-widget \">\n\t<a   href=\"https:\/\/faardit.org.ar\/web\/consejo-administracion\/\"  class=\" ioa-button style-classic size-block has-icon \">\n\t\t\t<i class=\"ioa-front-icon ioa-front-icon usersicon-\"><\/i>\t\t\t<span>Consejo de Administraci\u00f3n<\/span>\n\t<\/a>\n<\/div>\n\n\n<div  data-key=\"rad_button_widget\"  id=\"rpwN3X2OM7SUL6LH6KFL39GFFJLL50FCRTJ\" class=\" button-align-right  w_full w_layout_element   clearfix rad-widget rad-button-widget \">\n\t<a   href=\"https:\/\/usinacreativa.com.ar\/faardit2017\/estatuto\/\"  class=\" ioa-button style-classic size-block has-icon \">\n\t\t\t<i class=\"ioa-front-icon ioa-front-icon doc-alt-1icon-\"><\/i>\t\t\t<span>Nuestro Estatuto<\/span>\n\t<\/a>\n<\/div>\n\n\n<div  data-key=\"rad_button_widget\"  id=\"rpwXF38W78UMOXT9D5GMDC504CKWDUELYI7\" class=\" button-align-right  w_full w_layout_element   clearfix rad-widget rad-button-widget \">\n\t<a   href=\"https:\/\/faardit.org.ar\/web\/distinciones\/\"  class=\" ioa-button style-classic size-block has-icon \">\n\t\t\t<i class=\"ioa-front-icon ioa-ti ti-medall\"><\/i>\t\t\t<span>Distinciones<\/span>\n\t<\/a>\n<\/div>\n\n\t\t\n\t<\/div>\n\n\t\n<\/div>\n\n\t\t\n<div class=\"rad-container  layout_element  one_third first   clearfix\" id=\"rpcFW7HWCOBHEIIA838MRN8FBLXQDHT3X9U\" data-layout=\"one_third\">\n\t<span class=\"vline\" style='-webkit-transition-delay:700ms;transition-delay:700ms;'><\/span>\n\t \t\n\n\t<div class=\"rad-inner-container clearfix\">\n\t \n\n\n<div  data-key=\"rad_text_widget\"  style='-webkit-transition-delay:0s;transition-delay:0s;' id=\"rpwINJ0YEM08PTWY0N5DWM79VF3CJP5X25R\" class=\" w_full w_layout_element  top   rad-widget\">\n\t\n<div class='ioa-text-column none  col-align-left  clearfix'> \n      \n      <div class='ioa-text-area'>\n        <h3 class='text-title'> Nuestra misi\u00f3n<\/h3>\n        \n        \n        <div class='ioa-text clearfix'>\n<p><span style=\"color: #000000;\">Reunir a todos los especialistas en Radiolog\u00eda y Diagn\u00f3stico por Im\u00e1genes de Argentina a trav\u00e9s de las asociaciones cient\u00edficas locales, estableciendo con ellas v\u00ednculos cient\u00edficos, culturales, sociales, de resguardo de los principios \u00e9ticos y de protecci\u00f3n de los intereses econ\u00f3micos de sus componentes, elevando as\u00ed el nivel profesional y cient\u00edfico de sus miembros.<\/span><\/p>\n<\/div>\n        \n      <\/div> \n     <\/div>\n<\/div>\t\t\n\t<\/div>\n\n\t\n<\/div>\n\n\t\t\n<div class=\"rad-container  layout_element  one_third  clearfix\" id=\"rpcI24KG9ETLLDQVVCPKP0X2JH5S3967IS7\" data-layout=\"one_third\">\n\t<span class=\"vline\" style='-webkit-transition-delay:700ms;transition-delay:700ms;'><\/span>\n\t \t\n\n\t<div class=\"rad-inner-container clearfix\">\n\t \n\n\n<div  data-key=\"rad_text_widget\"  style='-webkit-transition-delay:0s;transition-delay:0s;' id=\"rpwNLDWFJW29Y2QLUCUPWKWYGTRDKTTF93O\" class=\" w_full w_layout_element  top   rad-widget\">\n\t\n<div class='ioa-text-column none  col-align-left  clearfix'> \n      \n      <div class='ioa-text-area'>\n        <h3 class='text-title'> Nuestra Visi\u00f3n<\/h3>\n        \n        \n        <div class='ioa-text clearfix'>\n<p><span style=\"color: #000000;\">Unificar a todos los Profesionales vinculados con el Diagn\u00f3stico por Im\u00e1genes en una Sociedad Cient\u00edfica Referente Regional e Internacional, capaz de colaborar y mantener la formaci\u00f3n de Recursos Humanos con alto nivel de profesionalismo y acad\u00e9mico que pueden interactuar en forma relevante en el mundo global.<\/span><\/p>\n<\/div>\n        \n      <\/div> \n     <\/div>\n<\/div>\t\t\n\t<\/div>\n\n\t\n<\/div>\n\n\t\t\n<div class=\"rad-container  layout_element  three_fourth last  clearfix\" id=\"rpcLEEHI4124TSS4W241F9Y120DXIYYDAIC\" data-layout=\"three_fourth\">\n\t<span class=\"vline\" style='-webkit-transition-delay:1050ms;transition-delay:1050ms;'><\/span>\n\t \t\n\n\t<div class=\"rad-inner-container clearfix\">\n\t\n<div  data-key=\"rad_image_widget\"  id=\"rpwP79UO2YSNNMP0SXIQV970M3VKF68GG13\" class=\" w_full w_layout_element  top   rad-widget\">\n\t<div class=\"image-inner-wrap image-stretched \">\n\t\t\t\t\n\t\t<div  class=' hover-item  image-align-none' itemscope itemprop='http:\/\/schema.org\/ImageObject'> <img src='https:\/\/faardit.org.ar\/web\/wp-content\/uploads\/2014\/12\/Encabezado-seccion-quienessomos.jpg' itemprop='url' alt='' title='Encabezado-seccion-quienessomos' \/>  <\/div>\t\t\t\t\t<\/div>\n<\/div>\n \n\n\n<div  data-key=\"rad_text_widget\"  style='-webkit-transition-delay:0s;transition-delay:0s;' id=\"rpwVBN6OW39YPSD6AW6YNH0FK7XH1QCCW69\" class=\" w_full w_layout_element   rad-widget\">\n\t\n<div class='ioa-text-column none  col-align-left  clearfix'> \n      \n      <div class='ioa-text-area'>\n        <h3 class='text-title'> Nuestros Objetivos<\/h3>\n        \n        \n        <div class='ioa-text clearfix'>\n<p><span style=\"color: #000000;\">\u2022 Reunir a todas las asociaciones de radiolog\u00eda, diagn\u00f3stico por im\u00e1genes y terapia radiante del pa\u00eds, estableciendo con ellas v\u00ednculos cient\u00edficos, culturales, sociales, de resguardo de los principios \u00e9ticos y de protecci\u00f3n de los intereses econ\u00f3micos de sus componentes.<br \/>\n\u2022 Vincularse con entidades de diagn\u00f3stico por im\u00e1genes, terapia radiante y especialidades afines del extranjero.<br \/>\n\u2022 Representar a sus asociados ante los organismos p\u00fablicos y otras asociaciones similares nacionales o extranjeras.<br \/>\n\u2022 Coordinar, reglamentar y orientar la actividad cient\u00edfica nacional y regional por intermedio de las entidades asociadas.<br \/>\n\u2022 Propugnar la ense\u00f1anza y el conocimiento oficial de las especialidades en las Facultades de Medicina, en curso de pre y post grado, residencias y centros de perfeccionamiento.<br \/>\n\u2022 Otorgar distinciones, premios honor\u00edficos y premios cient\u00edficos.<br \/>\n\u2022 Participar en la expedici\u00f3n del t\u00edtulo de especialista junto con los organismos oficiales y privados que actualmente lo otorgan.<br \/>\n\u2022 Participar en la forma en que se desenvuelven las Residencias y Centros de Entrenamiento.<br \/>\n\u2022 Pugnar por las mejores condiciones de trabajo de sus asociados y su justa remuneraci\u00f3n.<br \/>\n\u2022 Actuar como \u00f3rgano consultor, orientador y normativo en temas espec\u00edficos que hagan alquehacer profesional.<br \/>\n\u2022 Otorgar y distribuir becas de perfeccionamiento.<br \/>\n\u2022 Desarrollar un ambiente de cordialidad y solidaridad entre sus asociados.<br \/>\n\u2022 Fomentar la cooperaci\u00f3n entre los mismos y las asociaciones de otras ramas de la Medicina y ciencias afines.<br \/>\n\u2022 Bregar por la elevaci\u00f3n cient\u00edfica de los t\u00e9cnicos y auxiliares de las especialidades que nuclea la Federaci\u00f3n.<\/span><\/p>\n<\/div>\n        \n      <\/div> \n     <\/div>\n<\/div>\t\t\n\t<\/div>\n\n\t\n<\/div>\n\n\t\t\t\n\t\n\t<\/div>\n\n\t\t\n\n\t\t<\/div>\n<\/div>\t\n\n<div class=\"page-section  clearfix last-section\" style=\"z-index:2\" id='rpsUE2YW9VG8G3EHX26UXU2DX7VOP8U9H1T' data-exheight='0' >\n\t\n\t<div class=\"section-inner-wrap\">\n\n\t\t\n\n\n\t\t\t\n\n\t<div class=\"skeleton section-content auto_align clearfix\" data-width=\"Contained\">\n\t\t\n\t\t\t\t\t\n<div class=\"rad-container  layout_element  one_third first  top   clearfix\" id=\"rpcDJWICNKN36ICQP4DI5T99WP5HQAKKAP6\" data-layout=\"one_third\">\n\t\n\t \t\n\n\t<div class=\"rad-inner-container clearfix\">\n\t \n\n\n<div  data-key=\"rad_text_widget\"  style='-webkit-transition-delay:0s;transition-delay:0s;' id=\"rpwCSFFY3UUMEB6KPLUOPH8Q7F8L08V0HK4\" class=\" w_full w_layout_element  top   icon-col-layout  rad-widget\">\n\t\n<div class='ioa-text-column left-icon icon-style-default col-align-left  clearfix'> \n      <div class='ioa-icon-area' style='margin-top:0'> <i style=\"color:#006390;border-width:2px;border-style:solid;-webkit-transition-delay:0s;transition-delay:0s;\" class=\"ioa-front-icon facebook-circledicon- default default default default default default default default\"><\/i>  <\/div>\n      <div class='ioa-text-area'>\n        <h3 class='text-title'> <a title=\"\"\"\"\"facebook\"\"\"\"\" href=\"\"https:\/\/www.facebook.com\/FAARDIT\/\"\">Facebook<\/a><\/h3>\n        \n        \n        \n        \n      <\/div> \n     <\/div>\n<\/div>\t\t\n\t<\/div>\n\n\t\n<\/div>\n\n\t\t\n<div class=\"rad-container  layout_element  one_third top   clearfix\" id=\"rpcKIBUCX4BXL84Q3W1XVIQGEAREDNV8TQ2\" data-layout=\"one_third\">\n\t\n\t \t\n\n\t<div class=\"rad-inner-container clearfix\">\n\t \n\n\n<div  data-key=\"rad_text_widget\"  style='-webkit-transition-delay:0s;transition-delay:0s;' id=\"rpwIDG67DIKMY6RHGWOL5UJ9BQH5PVLG5LW\" class=\" w_full w_layout_element  top   icon-col-layout  rad-widget\">\n\t\n<div class='ioa-text-column left-icon icon-style-default col-align-left  clearfix'> \n      <div class='ioa-icon-area' style='margin-top:0'> <i style=\"color:#006390;border-width:2px;border-style:solid;-webkit-transition-delay:0s;transition-delay:0s;\" class=\"ioa-front-icon instagram-1icon- default default default default default default default default default\"><\/i>  <\/div>\n      <div class='ioa-text-area'>\n        <h3 class='text-title'> <a title=\"\"\"\"\"instagram\"\"\"\"\" href=\"\"https:\/\/www.instagram.com\/faardit\/\"\">Instagram<\/a><\/h3>\n        \n        \n        \n        \n      <\/div> \n     <\/div>\n<\/div>\t\t\n\t<\/div>\n\n\t\n<\/div>\n\n\t\t\n<div class=\"rad-container  layout_element  one_third last top   clearfix\" id=\"rpcH7WYOBBW3S7V71V5UEL06PUXNYPK1GJB\" data-layout=\"one_third\">\n\t\n\t \t\n\n\t<div class=\"rad-inner-container clearfix\">\n\t \n\n\n<div  data-key=\"rad_text_widget\"  style='-webkit-transition-delay:0s;transition-delay:0s;' id=\"rpwT2K455F8PJ9G6FU9FY6SASJYPM4N00M1\" class=\" w_full w_layout_element  top   icon-col-layout  rad-widget\">\n\t\n<div class='ioa-text-column left-icon icon-style-default col-align-left  clearfix'> \n      <div class='ioa-icon-area' style='margin-top:0'> <i style=\"color:#006390;border-width:2px;border-style:solid;-webkit-transition-delay:0s;transition-delay:0s;\" class=\"ioa-front-icon twitter-circledicon- default default default default default default default default\"><\/i>  <\/div>\n      <div class='ioa-text-area'>\n        <h3 class='text-title'><a title=\"\"\"\"\"twitter\"\"\"\"\" href=\"\"https:\/\/twitter.com\/FAARDIT\"\">Twitter<\/a> <\/h3>\n        \n        \n        \n        \n      <\/div> \n     <\/div>\n<\/div>\t\t\n\t<\/div>\n\n\t\n<\/div>\n\n\t\t\t\n\t\n\t<\/div>\n\n\t\t\n\n\t\t<\/div>\n<\/div>\t\n\n<\/p>\n","protected":false},"excerpt":{"rendered":"","protected":false},"author":1,"featured_media":0,"parent":0,"menu_order":0,"comment_status":"open","ping_status":"open","template":"","meta":[],"_links":{"self":[{"href":"https:\/\/faardit.org.ar\/web\/wp-json\/wp\/v2\/pages\/244"}],"collection":[{"href":"https:\/\/faardit.org.ar\/web\/wp-json\/wp\/v2\/pages"}],"about":[{"href":"https:\/\/faardit.org.ar\/web\/wp-json\/wp\/v2\/types\/page"}],"author":[{"embeddable":true,"href":"https:\/\/faardit.org.ar\/web\/wp-json\/wp\/v2\/users\/1"}],"replies":[{"embeddable":true,"href":"https:\/\/faardit.org.ar\/web\/wp-json\/wp\/v2\/comments?post=244"}],"version-history":[{"count":12,"href":"https:\/\/faardit.org.ar\/web\/wp-json\/wp\/v2\/pages\/244\/revisions"}],"predecessor-version":[{"id":6831,"href":"https:\/\/faardit.org.ar\/web\/wp-json\/wp\/v2\/pages\/244\/revisions\/6831"}],"wp:attachment":[{"href":"https:\/\/faardit.org.ar\/web\/wp-json\/wp\/v2\/media?parent=244"}],"curies":[{"name":"wp","href":"https:\/\/api.w.org\/{rel}","templated":true}]}}