{"id":2800,"date":"2017-12-19T22:41:42","date_gmt":"2017-12-19T22:41:42","guid":{"rendered":"https:\/\/faardit.org.ar\/web\/?page_id=2800"},"modified":"2020-02-28T15:48:02","modified_gmt":"2020-02-28T15:48:02","slug":"descuento-en-ediciones-journal","status":"publish","type":"page","link":"https:\/\/faardit.org.ar\/web\/descuento-en-ediciones-journal\/","title":{"rendered":"Descuento en Ediciones Journal"},"content":{"rendered":"<div id=\"pl-2800\"  class=\"panel-layout\" >\n<div id=\"pg-2800-0\"  class=\"panel-grid panel-no-style\" >\n<div id=\"pgc-2800-0-0\"  class=\"panel-grid-cell\"  data-weight=\"1\" >\n<div id=\"panel-2800-0-0-0\" class=\"so-panel widget widget_sow-editor panel-first-child\" data-index=\"0\" data-style=\"{&quot;background_image_attachment&quot;:false,&quot;background_display&quot;:&quot;tile&quot;}\" >\n<div class=\"so-widget-sow-editor so-widget-sow-editor-base\">\n<div class=\"siteorigin-widget-tinymce textwidget\">\n<p>Siendo socio de FAARDIT cuenta con descuento para la compra de libros en Ediciones Jornal, para m\u00e1s informaci\u00f3n ingres\u00e1 al sitio web\u00a0<strong><a href=\"https:\/\/www.edicionesjournal.com\/resultados.aspx?c=Diagn%C3%B3stico+por+Im%C3%A1genes&amp;tema=618&amp;por=Tema&amp;orden=fecha\">Ediciones Journal<\/a><\/strong> o contactarse por correo electr\u00f3nico a\u00a0<a href=\"mailto:juan@faardit.org.ar\" target=\"_blank\" rel=\"noopener noreferrer\">juan@faardit.org.ar<\/a><\/p>\n<\/div>\n<\/div>\n<\/div>\n<div id=\"panel-2800-0-0-1\" class=\"so-panel widget widget_sow-image panel-last-child\" data-index=\"1\" data-style=\"{&quot;background_image_attachment&quot;:false,&quot;background_display&quot;:&quot;tile&quot;}\" ><div class=\"so-widget-sow-image so-widget-sow-image-default-a5258576d588\">\n\n<div class=\"sow-image-container\">\n\t<img src=\"https:\/\/faardit.org.ar\/web\/wp-content\/uploads\/2020\/02\/descuento-ediciones-journal.png\" width=\"357\" height=\"200\" srcset=\"https:\/\/faardit.org.ar\/web\/wp-content\/uploads\/2020\/02\/descuento-ediciones-journal.png 357w, https:\/\/faardit.org.ar\/web\/wp-content\/uploads\/2020\/02\/descuento-ediciones-journal-300x168.png 300w\" sizes=\"(max-width: 357px) 100vw, 357px\" alt=\"\" \t\tclass=\"so-widget-image\"\/>\n<\/div>\n\n<\/div><\/div>\n<\/div>\n<\/div>\n<\/div>\n","protected":false},"excerpt":{"rendered":"<p>Siendo socio de FAARDIT cuenta con descuento para la compra de libros en Ediciones Jornal, para m\u00e1s informaci\u00f3n ingres\u00e1 al sitio web\u00a0Ediciones Journal o contactarse por correo electr\u00f3nico a\u00a0juan@faardit.org.ar<\/p>\n","protected":false},"author":1,"featured_media":0,"parent":0,"menu_order":0,"comment_status":"closed","ping_status":"closed","template":"","meta":[],"_links":{"self":[{"href":"https:\/\/faardit.org.ar\/web\/wp-json\/wp\/v2\/pages\/2800"}],"collection":[{"href":"https:\/\/faardit.org.ar\/web\/wp-json\/wp\/v2\/pages"}],"about":[{"href":"https:\/\/faardit.org.ar\/web\/wp-json\/wp\/v2\/types\/page"}],"author":[{"embeddable":true,"href":"https:\/\/faardit.org.ar\/web\/wp-json\/wp\/v2\/users\/1"}],"replies":[{"embeddable":true,"href":"https:\/\/faardit.org.ar\/web\/wp-json\/wp\/v2\/comments?post=2800"}],"version-history":[{"count":20,"href":"https:\/\/faardit.org.ar\/web\/wp-json\/wp\/v2\/pages\/2800\/revisions"}],"predecessor-version":[{"id":3643,"href":"https:\/\/faardit.org.ar\/web\/wp-json\/wp\/v2\/pages\/2800\/revisions\/3643"}],"wp:attachment":[{"href":"https:\/\/faardit.org.ar\/web\/wp-json\/wp\/v2\/media?parent=2800"}],"curies":[{"name":"wp","href":"https:\/\/api.w.org\/{rel}","templated":true}]}}