{"id":3402,"date":"2019-09-04T13:38:32","date_gmt":"2019-09-04T13:38:32","guid":{"rendered":"https:\/\/faardit.org.ar\/web\/?page_id=3402"},"modified":"2019-09-04T13:40:43","modified_gmt":"2019-09-04T13:40:43","slug":"miembro-honorario-faardit","status":"publish","type":"page","link":"https:\/\/faardit.org.ar\/web\/miembro-honorario-faardit\/","title":{"rendered":"Miembro honorario FAARDIT"},"content":{"rendered":"<div id=\"pl-3402\"  class=\"panel-layout\" >\n<div id=\"pg-3402-0\"  class=\"panel-grid panel-no-style\"  data-style=\"{&quot;background_image_attachment&quot;:false,&quot;background_display&quot;:&quot;tile&quot;,&quot;cell_alignment&quot;:&quot;flex-start&quot;}\"  data-ratio=\"1\"  data-ratio-direction=\"right\" >\n<div id=\"pgc-3402-0-0\"  class=\"panel-grid-cell\"  data-weight=\"1\" >\n<div id=\"panel-3402-0-0-0\" class=\"so-panel widget widget_sow-editor panel-first-child panel-last-child\" data-index=\"0\" data-style=\"{&quot;background_image_attachment&quot;:false,&quot;background_display&quot;:&quot;tile&quot;}\" >\n<div class=\"so-widget-sow-editor so-widget-sow-editor-base\">\n<div class=\"siteorigin-widget-tinymce textwidget\">\n\t<strong><font size=3>Los Miembros Honorarios de FAARDIT son aquellos profesionales que, por haber recibido la Medalla de Oro de la Radiolog\u00eda Argentina emitida por FAARDIT o por ser Ex Presidentes de la Federaci\u00f3n o bien por decisi\u00f3n del Consejo de Administraci\u00f3n, son distinguidos por la Federaci\u00f3n.<\/p>\n<p>Siendo parte de esta categor\u00eda de afiliado, los Miembros Honorarios de FAARDIT cuentan con los mismos beneficios de un socio Activo, pero sin costo alguno de afiliaci\u00f3n, como un modo de retribuci\u00f3n a la trayectoria y\/o a los esfuerzos y trabajo en beneficio de FAARDIT o en el \u00e1mbito de una Asociaci\u00f3n\/Sociedad perteneciente.<\/font><\/strong><\/div>\n<\/div>\n<\/div>\n<\/div>\n<\/div>\n<\/div>\n","protected":false},"excerpt":{"rendered":"<p>Los Miembros Honorarios de FAARDIT son aquellos profesionales que, por haber recibido la Medalla de Oro de la Radiolog\u00eda Argentina emitida por FAARDIT o por ser Ex Presidentes de la Federaci\u00f3n o bien por decisi\u00f3n del Consejo de Administraci\u00f3n, son distinguidos por la Federaci\u00f3n. Siendo&#8230;<\/p>\n","protected":false},"author":1,"featured_media":0,"parent":0,"menu_order":0,"comment_status":"closed","ping_status":"closed","template":"","meta":[],"_links":{"self":[{"href":"https:\/\/faardit.org.ar\/web\/wp-json\/wp\/v2\/pages\/3402"}],"collection":[{"href":"https:\/\/faardit.org.ar\/web\/wp-json\/wp\/v2\/pages"}],"about":[{"href":"https:\/\/faardit.org.ar\/web\/wp-json\/wp\/v2\/types\/page"}],"author":[{"embeddable":true,"href":"https:\/\/faardit.org.ar\/web\/wp-json\/wp\/v2\/users\/1"}],"replies":[{"embeddable":true,"href":"https:\/\/faardit.org.ar\/web\/wp-json\/wp\/v2\/comments?post=3402"}],"version-history":[{"count":5,"href":"https:\/\/faardit.org.ar\/web\/wp-json\/wp\/v2\/pages\/3402\/revisions"}],"predecessor-version":[{"id":3407,"href":"https:\/\/faardit.org.ar\/web\/wp-json\/wp\/v2\/pages\/3402\/revisions\/3407"}],"wp:attachment":[{"href":"https:\/\/faardit.org.ar\/web\/wp-json\/wp\/v2\/media?parent=3402"}],"curies":[{"name":"wp","href":"https:\/\/api.w.org\/{rel}","templated":true}]}}