{"id":3422,"date":"2019-09-10T13:30:52","date_gmt":"2019-09-10T13:30:52","guid":{"rendered":"https:\/\/faardit.org.ar\/web\/?page_id=3422"},"modified":"2025-11-26T17:55:03","modified_gmt":"2025-11-26T17:55:03","slug":"cursos-online-2","status":"publish","type":"page","link":"https:\/\/faardit.org.ar\/web\/cursos-online-2\/","title":{"rendered":"Cursos Virtuales"},"content":{"rendered":"<div class=\"page-section  clearfix first-section last-section\" style=\"z-index:1\" id='rpsE95ITAED85524AYF1SEGNEGTV0KF61WR' data-exheight='0' >\n\t\n\t<div class=\"section-inner-wrap\">\n\n\t\t\n\n\n\t\t\t\n\n\t<div class=\"skeleton section-content auto_align clearfix\" data-width=\"Contained\">\n\t\t\n\t\t\t\t\t\n<div class=\"rad-container  layout_element  one_half first  top   clearfix\" id=\"rpcP0FP20UAP9XBUHRV5T2DJQWUSP5CB1CO\" data-layout=\"one_half\">\n\t\n\t \t\n\n\t<div class=\"rad-inner-container clearfix\">\n\t \n\n\n<div  data-key=\"rad_text_widget\"  style='-webkit-transition-delay:0s;transition-delay:0s;' id=\"rpwQ7A69OHLC53WY4C2STUO67YIWV7DYKFV\" class=\" w_full w_layout_element  top   rad-widget\">\n\t\n<div class='ioa-text-column none  col-align-left  clearfix'> \n      \n      <div class='ioa-text-area'>\n        <h3 class='text-title'>CURSOS<br \/>\nARANCELADOS<\/h3>\n        \n        \n        \n        \n      <\/div> \n     <\/div>\n<\/div>\n<div  data-key=\"rad_divider_widget\"  id=\"rpwVQYFDECOEVE590WYV82YPP8OYCLE52G7\" class=\" w_full w_layout_element   rad-widget\" style=\"padding:\">\n\t<div class=\"divider line\"  >\n\t\t\t\t\t\t\t\t\t<\/div>\n<\/div>\n\n\n<div  data-key=\"rad_image_widget\"  id=\"rpwL7Y2JMVOYI9RFJ0N5X4QOCTNJH79U61D\" class=\" w_full w_layout_element   rad-widget\">\n\t<div class=\"image-inner-wrap image-stretched \">\n\t\t\t\t\n\t\t<div  class=' hover-item  image-align-none' itemscope itemprop='http:\/\/schema.org\/ImageObject'> <img src='https:\/\/faardit.org.ar\/web\/wp-content\/uploads\/2025\/10\/Portada-Herramientas-de-IA-para-Especialistas-en-Diagnostico-por-Imagenes-scaled-1.jpg' itemprop='url' alt='' title='Portada-Herramientas-de-IA-para-Especialistas-en-Diagnostico-por-Imagenes-scaled' \/>  \n<div class=\"hover-overlay\">\n\t\n\t\t\n\n\t\t<div class=\"single-hover\">\n\t\t\t<a href=\"https:\/\/academia8.com\/pagina-de-cursos\/herramientas-de-ia-para-especialistas-en-diagnostico-por-imagenes\/?fbclid=PAZXh0bgNhZW0CMTEAAaehPsjGR7nAeJVDWuRidB43tWtTcsYzh029Q9YNUtDlKbVua4WrmgRSjwdYzQ_aem_jKVOvgCj3V8jgdHpNDZuPg\" class=''  >\n\t\t\t\t<i class='ioa-front-icon link-3icon- hover-icon'><\/i>\n\t\t\t<\/a>\n\t\t<\/div>\t\n\t\n\t\n <\/div>\n\n \t<\/div>\t\t\t\t\t<\/div>\n<\/div>\n \n\n\n<div  data-key=\"rad_text_widget\"  style='-webkit-transition-delay:0s;transition-delay:0s;' id=\"rpwT0DOU5GQLTS3P6LADNAPPMPEKJEY7ILN\" class=\" w_full w_layout_element   rad-widget\">\n\t\n<div class='ioa-text-column none  col-align-left  clearfix'> \n      \n      <div class='ioa-text-area'>\n        <h3 class='text-title'> <\/h3>\n        \n        \n        <div class='ioa-text clearfix'>\n<p><strong><span style=\"color: #000000;\">M\u00e1s info e inscripciones<\/span><\/p>\n<p><\/strong><\/p>\n<p><a href=\"https:\/\/academia8.com\/pagina-de-cursos\/herramientas-de-ia-para-especialistas-en-diagnostico-por-imagenes\/?fbclid=PAZXh0bgNhZW0CMTEAAaehPsjGR7nAeJVDWuRidB43tWtTcsYzh029Q9YNUtDlKbVua4WrmgRSjwdYzQ_aem_jKVOvgCj3V8jgdHpNDZuPg\">M\u00e1s info<\/a><\/p>\n<\/div>\n        \n      <\/div> \n     <\/div>\n<\/div>\n<div  data-key=\"rad_image_widget\"  id=\"rpwUQ70ROXJG2EPYANUOR7HOKL0E08HYC6S\" class=\" w_full w_layout_element   rad-widget\">\n\t<div class=\"image-inner-wrap image-stretched \">\n\t\t\t\t\n\t\t<div  class=' hover-item  image-align-none' itemscope itemprop='http:\/\/schema.org\/ImageObject'> <img src='https:\/\/faardit.org.ar\/web\/wp-content\/uploads\/2025\/08\/SliderWeb-CursoAvanzadoMama-Faardit-Ago2025.jpg' itemprop='url' alt='' title='SliderWeb-CursoAvanzadoMama-Faardit-Ago2025' \/>  \n<div class=\"hover-overlay\">\n\t\n\t\t\n\n\t\t<div class=\"single-hover\">\n\t\t\t<a href=\"https:\/\/www.ufasta.edu.ar\/distancia\/reedicion-curso-virtual-de-imagenologia-mamaria-nivel-avanzado\/?fbclid=PAZXh0bgNhZW0CMTEAAadAY7ZJFBZ_HQggeaqBFOSxBhyEbLof0BWwqhSKWallybTmBp3acQcqmlKyNg_aem_IFqCmc_ACBrw7m_b3lrKOQ\" class=''  >\n\t\t\t\t<i class='ioa-front-icon link-3icon- hover-icon'><\/i>\n\t\t\t<\/a>\n\t\t<\/div>\t\n\t\n\t\n <\/div>\n\n \t<\/div>\t\t\t\t\t<\/div>\n<\/div>\n \n\n\n<div  data-key=\"rad_text_widget\"  style='-webkit-transition-delay:0s;transition-delay:0s;' id=\"rpwGBE1FVA73B3OMPLT5HLK1D2H32ICRP07\" class=\" w_full w_layout_element   rad-widget\">\n\t\n<div class='ioa-text-column none  col-align-left  clearfix'> \n      \n      <div class='ioa-text-area'>\n        <h3 class='text-title'> <\/h3>\n        \n        \n        <div class='ioa-text clearfix'>\n<p><strong><span style=\"color: #000000;\">M\u00e1s info e inscripciones<\/span><\/p>\n<p><\/strong><\/p>\n<p><a href=\"https:\/\/www.ufasta.edu.ar\/distancia\/reedicion-curso-virtual-de-imagenologia-mamaria-nivel-avanzado\/?fbclid=PAZXh0bgNhZW0CMTEAAadAY7ZJFBZ_HQggeaqBFOSxBhyEbLof0BWwqhSKWallybTmBp3acQcqmlKyNg_aem_IFqCmc_ACBrw7m_b3lrKOQ\">M\u00e1s info<\/a><\/p>\n<\/div>\n        \n      <\/div> \n     <\/div>\n<\/div>\n<div  data-key=\"rad_image_widget\"  id=\"rpwOE8LBCOUATV6IHYNKB5U8SWGM66QY3J2\" class=\" w_full w_layout_element   rad-widget\">\n\t<div class=\"image-inner-wrap image-stretched \">\n\t\t\t\t\n\t\t<div  class=' hover-item  image-align-none' itemscope itemprop='http:\/\/schema.org\/ImageObject'> <img src='https:\/\/faardit.org.ar\/web\/wp-content\/uploads\/2025\/07\/Banner-FAARDIT.png' itemprop='url' alt='' title='Banner FAARDIT' \/>  \n<div class=\"hover-overlay\">\n\t\n\t\t\n\n\t\t<div class=\"single-hover\">\n\t\t\t<a href=\"https:\/\/www.tecnoimagen.com.ar\/2025\/cursodxi_epid\/#inscripcion?fbclid=PAZXh0bgNhZW0CMTEAAaflqnP0PvlEQyWvy1HcXZhi9lOlavNlH7a0TxOLw7Dch4-EuCCFFOcvjKpACA_aem_rWJsbrF7n0-4JjfYv8Mtcw\" class=''  >\n\t\t\t\t<i class='ioa-front-icon link-3icon- hover-icon'><\/i>\n\t\t\t<\/a>\n\t\t<\/div>\t\n\t\n\t\n <\/div>\n\n \t<\/div>\t\t\t\t\t<\/div>\n<\/div>\n \n\n\n<div  data-key=\"rad_text_widget\"  style='-webkit-transition-delay:0s;transition-delay:0s;' id=\"rpwYLXU4GRVWHWDD0V3GGJAKJ0IU8F6CID8\" class=\" w_full w_layout_element   rad-widget\">\n\t\n<div class='ioa-text-column none  col-align-left  clearfix'> \n      \n      <div class='ioa-text-area'>\n        <h3 class='text-title'> <\/h3>\n        \n        \n        <div class='ioa-text clearfix'>\n<p><strong><span style=\"color: #000000;\">M\u00e1s info e inscripciones<\/span><\/p>\n<p><\/strong><\/p>\n<p><a href=\"https:\/\/www.tecnoimagen.com.ar\/2025\/cursodxi_epid\/#inscripcion?fbclid=PAZXh0bgNhZW0CMTEAAaflqnP0PvlEQyWvy1HcXZhi9lOlavNlH7a0TxOLw7Dch4-EuCCFFOcvjKpACA_aem_rWJsbrF7n0-4JjfYv8Mtcw\">M\u00e1s info<\/a><\/p>\n<\/div>\n        \n      <\/div> \n     <\/div>\n<\/div>\n<div  data-key=\"rad_divider_widget\"  id=\"rpwH1G390RL3LNO2YMVM2XBMU4KS9QIIJK4\" class=\" w_full w_layout_element   rad-widget\" style=\"padding:\">\n\t<div class=\"divider line\"  >\n\t\t\t\t\t\t\t\t\t<\/div>\n<\/div>\n\n\t\t\n\t<\/div>\n\n\t\n<\/div>\n\n\t\t\n<div class=\"rad-container  layout_element  one_half last top   clearfix\" id=\"rpcGFIHXCHVO7VDPGX6NROD9U67DPLVQMNW\" data-layout=\"one_half\">\n\t\n\t \t\n\n\t<div class=\"rad-inner-container clearfix\">\n\t \n\n\n<div  data-key=\"rad_text_widget\"  style='-webkit-transition-delay:0s;transition-delay:0s;' id=\"rpwRVA0LP0U50L10EOF9CKW8QEC5DOE4TWX\" class=\" w_full w_layout_element  top   rad-widget\">\n\t\n<div class='ioa-text-column none  col-align-left  clearfix'> \n      \n      <div class='ioa-text-area'>\n        <h3 class='text-title'> CURSOS GRATUITOS<br \/>\nEXCLUSIVOS PARA SOCIOS<\/h3>\n        \n        \n        \n        \n      <\/div> \n     <\/div>\n<\/div>\n<div  data-key=\"rad_divider_widget\"  id=\"rpwY2HCSRG9IGR6HNWBXX6BCCIXWR0DSD6L\" class=\" w_full w_layout_element   rad-widget\" style=\"padding:\">\n\t<div class=\"divider line\"  >\n\t\t\t\t\t\t\t\t\t<\/div>\n<\/div>\n\n \n\n\n<div  data-key=\"rad_text_widget\"  style='-webkit-transition-delay:0s;transition-delay:0s;' id=\"rpwDYMVI39SOR5JIGQ93VE8VM4HGWEL2XYL\" class=\" w_full w_layout_element   rad-widget\">\n\t\n<div class='ioa-text-column none  col-align-left  clearfix'> \n      \n      <div class='ioa-text-area'>\n        <h3 class='text-title'> <\/h3>\n        <h5 class='text-subtitle'><\/p>\n<p><em>Ingreso a trav\u00e9s de Usuario y Contrase\u00f1a en el Campus Virtual de FAARDIT<\/em><\/p>\n<p><\/h5>\n        \n        \n        \n      <\/div> \n     <\/div>\n<\/div>\n<div  data-key=\"rad_toggle_widget\"  id=\"rpwDUJB8I0FNOOA567SNEJY894FP0RPPWW7\" class=\" w_full w_layout_element   rad-widget\">\n\n\t<div class=\"toggle-inner-wrap\">\n\t\t\n\n\t\t<div class=\" clearfix toggle-style-simple\" itemscope itemtype=\"http:\/\/schema.org\/ItemList\">\n  \t\t\n\t\t\n\t\t <div class='toggle ' itemscope itemtype='http:\/\/schema.org\/Thing'><h4><a href=\"#tg69d255d8cc00d\" class='toggle-title ' itemprop='name'  > <i class='ioa-front-icon  plus-2icon-'><\/i> Curso Virtual de Enfermedades Intersticiales Pulmonares<\/a><\/h4><div id='tg69d255d8cc00d' itemprop='description' class='toggle-body collapse'>\n<p><a href=\"http:\/\/campus.faardit.org.ar\/course\/view.php?id=23\" target=\"_blank\" rel=\"noopener noreferrer\">Curso Virtual de Enfermedades Intersticiales Pulmonares <\/a><\/p>\n<\/div> <\/div> <div class='toggle ' itemscope itemtype='http:\/\/schema.org\/Thing'><h4><a href=\"#tg69d255d8cc195\" class='toggle-title ' itemprop='name'  > <i class='ioa-front-icon  plus-2icon-'><\/i> Curso Virtual de Diagn\u00f3stico por Im\u00e1genes en Uroginecolog\u00eda<\/a><\/h4><div id='tg69d255d8cc195' itemprop='description' class='toggle-body collapse'>\n<p><a href=\"http:\/\/campus.faardit.org.ar\/course\/view.php?id=23\" target=\"_blank\" rel=\"noopener noreferrer\">Curso Virtual de Diagn\u00f3stico por Im\u00e1genes en Uroginecolog\u00eda <\/a><\/p>\n<\/div> <\/div> <div class='toggle ' itemscope itemtype='http:\/\/schema.org\/Thing'><h4><a href=\"#tg69d255d8cc302\" class='toggle-title ' itemprop='name'  > <i class='ioa-front-icon  plus-2icon-'><\/i> Curso Virtual de Neuroradiolog\u00eda<\/a><\/h4><div id='tg69d255d8cc302' itemprop='description' class='toggle-body collapse'>\n<p><a href=\"http:\/\/campus.faardit.org.ar\/course\/view.php?id=22\" target=\"_blank\" rel=\"noopener noreferrer\">Curso Virtual de Neuroradiolog\u00eda<\/a><\/p>\n<\/div> <\/div> <div class='toggle ' itemscope itemtype='http:\/\/schema.org\/Thing'><h4><a href=\"#tg69d255d8cc474\" class='toggle-title ' itemprop='name'  > <i class='ioa-front-icon  plus-2icon-'><\/i> Actualizaci\u00f3n en el T\u00f3rax Pedi\u00e1trico<\/a><\/h4><div id='tg69d255d8cc474' itemprop='description' class='toggle-body collapse'> <a href=\"http:\/\/campus.faardit.org.ar\/course\/index.php?categoryid=5\" target=\"_blank\" rel=\"noopener noreferrer\"> Curso Virtual de Actualizaci\u00f3n en el T\u00f3rax Pedi\u00e1trico<\/a><\/div> <\/div> <div class='toggle ' itemscope itemtype='http:\/\/schema.org\/Thing'><h4><a href=\"#tg69d255d8cc5c5\" class='toggle-title ' itemprop='name'  > <i class='ioa-front-icon  plus-2icon-'><\/i> Curso de Resonancia Magn\u00e9tica de Mama<\/a><\/h4><div id='tg69d255d8cc5c5' itemprop='description' class='toggle-body collapse'> <a href=\"http:\/\/campus.faardit.org.ar\/course\/index.php?categoryid=5\" target=\"_blank\" rel=\"noopener noreferrer\"> Curso de Resonancia Magn\u00e9tica de Mama <\/a><\/div> <\/div> <div class='toggle ' itemscope itemtype='http:\/\/schema.org\/Thing'><h4><a href=\"#tg69d255d8cc720\" class='toggle-title ' itemprop='name'  > <i class='ioa-front-icon  plus-2icon-'><\/i> Actualizaci\u00f3n en US Pedi\u00e1trica: Consultas frecuentes<\/a><\/h4><div id='tg69d255d8cc720' itemprop='description' class='toggle-body collapse'> <a href=\"http:\/\/campus.faardit.org.ar\/course\/index.php?categoryid=5\" target=\"_blank\" rel=\"noopener noreferrer\"> Actualizaci\u00f3n en US Pedi\u00e1trica: Consultas frecuentes<br \/>\n<\/a><\/div> <\/div> <div class='toggle ' itemscope itemtype='http:\/\/schema.org\/Thing'><h4><a href=\"#tg69d255d8cc899\" class='toggle-title ' itemprop='name'  > <i class='ioa-front-icon  plus-2icon-'><\/i> Curso de Diagn\u00f3stico por Im\u00e1genes en Patolog\u00edas del P\u00e1ncreas<\/a><\/h4><div id='tg69d255d8cc899' itemprop='description' class='toggle-body collapse'> <a href=\"http:\/\/campus.faardit.org.ar\/course\/index.php?categoryid=5\" target=\"_blank\" rel=\"noopener noreferrer\"> Curso de Diagn\u00f3stico por Im\u00e1genes en Patolog\u00edas del P\u00e1ncreas<br \/>\n<\/a><\/div> <\/div> <div class='toggle ' itemscope itemtype='http:\/\/schema.org\/Thing'><h4><a href=\"#tg69d255d8cc9f5\" class='toggle-title ' itemprop='name'  > <i class='ioa-front-icon  plus-2icon-'><\/i> Curso Actualizaci\u00f3n en Im\u00e1genes de Patolog\u00eda Hep\u00e1tica<\/a><\/h4><div id='tg69d255d8cc9f5' itemprop='description' class='toggle-body collapse'> <a href=\"http:\/\/campus.faardit.org.ar\/course\/index.php?categoryid=5\" target=\"_blank\" rel=\"noopener noreferrer\"> Curso Actualizaci\u00f3n en Im\u00e1genes de Patolog\u00eda Hep\u00e1tica<br \/>\n<\/a><\/div> <\/div>\n\t\t\n  \n\t\t<\/div>\n\n\t\n\t<\/div>\n<\/div>\n\n \n\n\n<div  data-key=\"rad_text_widget\"  style='-webkit-transition-delay:0s;transition-delay:0s;' id=\"rpwGQRR5TYROQOGEY4QRSOOGOQ3QDMAPLU5\" class=\" w_full w_layout_element   rad-widget\">\n\t\n<div class='ioa-text-column none  col-align-center  clearfix'> \n      \n      <div class='ioa-text-area'>\n        <h3 class='text-title'>Auspiciado por<\/h3>\n        \n        \n        \n        \n      <\/div> \n     <\/div>\n<\/div>\n<div  data-key=\"rad_image_widget\"  id=\"rpwJ74GLN3FRLGWOJSJ6XD88S37MO1HXAUE\" class=\" w_full w_layout_element   rad-widget\">\n\t<div class=\"image-inner-wrap \">\n\t\t\t\t\n\t\t<div  class=' hover-item  image-align-none' itemscope itemprop='http:\/\/schema.org\/ImageObject'> <img src='https:\/\/faardit.org.ar\/web\/wp-content\/uploads\/2025\/11\/Logo-Biobox.png' itemprop='url' alt='' title='Logo Biobox' \/>  <\/div>\t\t\t\t\t<\/div>\n<\/div>\n\t\t\n\t<\/div>\n\n\t\n<\/div>\n\n\t\t\n<div class=\"rad-container  layout_element  one_half first   clearfix\" id=\"rpcDLDHSKSE299S56A8QC8RKEIV421I4X0I\" data-layout=\"one_half\">\n\t<span class=\"vline\" style='-webkit-transition-delay:350ms;transition-delay:350ms;'><\/span>\n\t \t\n\n\t<div class=\"rad-inner-container clearfix\">\n\t \n\n\n<div  data-key=\"rad_text_widget\"  style='-webkit-transition-delay:0s;transition-delay:0s;' id=\"rpwENTSFTX7BOTDD862HVLKGFQ3JX6WR2Y5\" class=\" w_full w_layout_element  top   rad-widget\">\n\t\n<div class='ioa-text-column none  col-align-left  clearfix'> \n      \n      <div class='ioa-text-area'>\n        <h3 class='text-title'>FINALIZADOS<\/h3>\n        \n        \n        \n        \n      <\/div> \n     <\/div>\n<\/div>\n<div  data-key=\"rad_gallery_widget\"  id=\"rpwYPVYB7URQ5M7682M02A4LUN7LXGEE55W\" class=\" w_full w_layout_element   rad-widget\">\n\t<div class=\"gallery-inner-wrap\">\n\t\t\n\t\t<div class=\"gallery-data \"  itemscope itemtype=\"http:\/\/schema.org\/ImageGallery\" >\n\t\t\t<span class=\"ioa-loader\"><\/span>\n\t\t\t<div class=\"ioa-gallery seleneGallery hard \" data-effect_type=\"fade\"data-thumbnails=\"true\"  data-autoplay=\"true\" data-captions=\"false\" data-fullscreen=\"false\" data-arrow_control=\"true\"  data-duration=\"3\"  data-height=\"800\"  data-width=\"515\" > \n                \t\t\t\t<div class=\"gallery-holder\">\n\t\t\t\t\t\t\t\t\t\t\t\t\n\t\t\t\t\t\t\t\t<div class=\"gallery-item\"  data-thumbnail=\"https:\/\/faardit.org.ar\/web\/wp-content\/uploads\/2024\/03\/Slide-FAARDIT-Inscripciones-Junio-Mar24-150x150.jpeg\" style=\"line-height:800px\">\n\t\t\t\t\t\t\t\t\n\t\t\t\t\t\t\t\t  <img itemprop='image'   alt=\"\" title=\"Slide FAARDIT - Inscripciones Junio Mar24\"  class='' src='https:\/\/faardit.org.ar\/web\/wp-content\/uploads\/2024\/03\/Slide-FAARDIT-Inscripciones-Junio-Mar24-515x161.jpeg'     \/>\t\t\t\t\t\t\t<\/div>\t\t\n\t\t\t\t\t\t\t\t\t\t\t\t\t\t\n\t\t\t\t\t\t\t\t<div class=\"gallery-item\"  data-thumbnail=\"https:\/\/faardit.org.ar\/web\/wp-content\/uploads\/2021\/06\/Curso-FAARDIT-Oncologia-150x150.jpeg\" style=\"line-height:800px\">\n\t\t\t\t\t\t\t\t\n\t\t\t\t\t\t\t\t  <img itemprop='image'   alt=\"\" title=\"Curso FAARDIT Oncologia\"  class='' src='https:\/\/faardit.org.ar\/web\/wp-content\/uploads\/2021\/06\/Curso-FAARDIT-Oncologia-515x515.jpeg'     \/>\t\t\t\t\t\t\t<\/div>\t\t\n\t\t\t\t\t\t\t\t\t\t\t\t\t\t\n\t\t\t\t\t\t\t\t<div class=\"gallery-item\"  data-thumbnail=\"https:\/\/faardit.org.ar\/web\/wp-content\/uploads\/2021\/08\/Imagenes-Mamarias-Curso-FAARDIT-150x150.jpg\" style=\"line-height:800px\">\n\t\t\t\t\t\t\t\t\n\t\t\t\t\t\t\t\t  <img itemprop='image'   alt=\"\" title=\"Imagenes Mamarias Curso FAARDIT\"  class='' src='https:\/\/faardit.org.ar\/web\/wp-content\/uploads\/2021\/08\/Imagenes-Mamarias-Curso-FAARDIT-515x246.jpg'     \/>\t\t\t\t\t\t\t<\/div>\t\t\n\t\t\t\t\t\t\t\t\t\t\t\t\t\t\n\t\t\t\t\t\t\t\t<div class=\"gallery-item\"  data-thumbnail=\"https:\/\/faardit.org.ar\/web\/wp-content\/uploads\/2020\/10\/image-150x150.png\" style=\"line-height:800px\">\n\t\t\t\t\t\t\t\t\n\t\t\t\t\t\t\t\t  <img itemprop='image'   alt=\"\" title=\"image\"  class='' src='https:\/\/faardit.org.ar\/web\/wp-content\/uploads\/2020\/10\/image-515x130.png'     \/>\t\t\t\t\t\t\t<\/div>\t\t\n\t\t\t\t\t\t\t\t\t\t\t\t\t\t\n\t\t\t\t\t\t\t\t<div class=\"gallery-item\"  data-thumbnail=\"https:\/\/faardit.org.ar\/web\/wp-content\/uploads\/2021\/02\/Flyer_Gineco_01-1-150x150.jpg\" style=\"line-height:800px\">\n\t\t\t\t\t\t\t\t\n\t\t\t\t\t\t\t\t  <img itemprop='image'   alt=\"\" title=\"Flyer_Gineco_01-1\"  class='' src='https:\/\/faardit.org.ar\/web\/wp-content\/uploads\/2021\/02\/Flyer_Gineco_01-1-scaled-515x515.jpg'     \/>\t\t\t\t\t\t\t<\/div>\t\t\n\t\t\t\t\t\t\t\t\t\t\t\t\t\t\n\t\t\t\t\t\t\t\t<div class=\"gallery-item\"  data-thumbnail=\"https:\/\/faardit.org.ar\/web\/wp-content\/uploads\/2020\/05\/FlyerCursoHombro-150x150.jpg\" style=\"line-height:800px\">\n\t\t\t\t\t\t\t\t\n\t\t\t\t\t\t\t\t  <img itemprop='image'   alt=\"\" title=\"FlyerCursoHombro\"  class='' src='https:\/\/faardit.org.ar\/web\/wp-content\/uploads\/2020\/05\/FlyerCursoHombro-515x515.jpg'     \/>\t\t\t\t\t\t\t<\/div>\t\t\n\t\t\t\t\t\t\t\t\t\t\t\t\t\t\n\t\t\t\t\t\t\t\t<div class=\"gallery-item\"  data-thumbnail=\"https:\/\/faardit.org.ar\/web\/wp-content\/uploads\/2020\/02\/1-150x150.png\" style=\"line-height:800px\">\n\t\t\t\t\t\t\t\t\n\t\t\t\t\t\t\t\t  <img itemprop='image'   alt=\"\" title=\"1\"  class='' src='https:\/\/faardit.org.ar\/web\/wp-content\/uploads\/2020\/02\/1-515x515.png'     \/>\t\t\t\t\t\t\t<\/div>\t\t\n\t\t\t\t\t\t\t\t\t\t\t\t\t\t\n\t\t\t\t\t\t\t\t<div class=\"gallery-item\"  data-thumbnail=\"https:\/\/faardit.org.ar\/web\/wp-content\/uploads\/2019\/09\/unnamed-150x150.jpg\" style=\"line-height:800px\">\n\t\t\t\t\t\t\t\t\n\t\t\t\t\t\t\t\t  <img itemprop='image'   alt=\"\" title=\"unnamed\"  class='' src='https:\/\/faardit.org.ar\/web\/wp-content\/uploads\/2019\/09\/unnamed-515x356.jpg'     \/>\t\t\t\t\t\t\t<\/div>\t\t\n\t\t\t\t\t\t\t\t\t\t\t\t\t\t\n\t\t\t\t\t\t\t\t<div class=\"gallery-item\"  data-thumbnail=\"https:\/\/faardit.org.ar\/web\/wp-content\/uploads\/2020\/08\/MamariaAvanzado-FAARDIT-150x150.jpg\" style=\"line-height:800px\">\n\t\t\t\t\t\t\t\t\n\t\t\t\t\t\t\t\t  <img itemprop='image'   alt=\"\" title=\"MamariaAvanzado FAARDIT\"  class='' src='https:\/\/faardit.org.ar\/web\/wp-content\/uploads\/2020\/08\/MamariaAvanzado-FAARDIT-515x245.jpg'     \/>\t\t\t\t\t\t\t<\/div>\t\t\n\t\t\t\t\t\t\t\t\t\t\t\t\t\t\n\t\t\t\t\t\t\t\t<div class=\"gallery-item\"  data-thumbnail=\"https:\/\/faardit.org.ar\/web\/wp-content\/uploads\/2020\/07\/BannerCursoMaternoFetal-150x150.jpg\" style=\"line-height:800px\">\n\t\t\t\t\t\t\t\t\n\t\t\t\t\t\t\t\t  <img itemprop='image'   alt=\"\" title=\"BannerCursoMaternoFetal\"  class='' src='https:\/\/faardit.org.ar\/web\/wp-content\/uploads\/2020\/07\/BannerCursoMaternoFetal-515x246.jpg'     \/>\t\t\t\t\t\t\t<\/div>\t\t\n\t\t\t\t\t\t\t\t\t\t\t\t\t\t\n\t\t\t\t\t\t\t\t<div class=\"gallery-item\"  data-thumbnail=\"https:\/\/faardit.org.ar\/web\/wp-content\/uploads\/2020\/07\/Intersticio-150x150.jpg\" style=\"line-height:800px\">\n\t\t\t\t\t\t\t\t\n\t\t\t\t\t\t\t\t  <img itemprop='image'   alt=\"\" title=\"Intersticio\"  class='' src='https:\/\/faardit.org.ar\/web\/wp-content\/uploads\/2020\/07\/Intersticio-515x192.jpg'     \/>\t\t\t\t\t\t\t<\/div>\t\t\n\t\t\t\t\t\t\t\t\t\t\t\t\t\t\n\t\t\t\t\t\t\t\t<div class=\"gallery-item\"  data-thumbnail=\"https:\/\/faardit.org.ar\/web\/wp-content\/uploads\/2023\/04\/BannerIM2023-150x150.jpg\" style=\"line-height:800px\">\n\t\t\t\t\t\t\t\t\n\t\t\t\t\t\t\t\t  <img itemprop='image'   alt=\"\" title=\"BannerIM2023\"  class='' src='https:\/\/faardit.org.ar\/web\/wp-content\/uploads\/2023\/04\/BannerIM2023-515x238.jpg'     \/>\t\t\t\t\t\t\t<\/div>\t\t\n\t\t\t\t\t\t\t\t\t\t\t\t\t\t\n\t\t\t\t\t\t\t\t<div class=\"gallery-item\"  data-thumbnail=\"https:\/\/faardit.org.ar\/web\/wp-content\/uploads\/2024\/07\/slide-oncologia-150x150.jpg\" style=\"line-height:800px\">\n\t\t\t\t\t\t\t\t\n\t\t\t\t\t\t\t\t  <img itemprop='image'   alt=\"\" title=\"slide oncologia\"  class='' src='https:\/\/faardit.org.ar\/web\/wp-content\/uploads\/2024\/07\/slide-oncologia-515x161.jpg'     \/>\t\t\t\t\t\t\t<\/div>\t\t\n\t\t\t\t\t\t\t\t\t\t\t\t\t\t\n\t\t\t\t\t\t\t\t<div class=\"gallery-item\"  data-thumbnail=\"https:\/\/faardit.org.ar\/web\/wp-content\/uploads\/2024\/07\/Slide-Imagenologia-Mamaria-150x150.jpg\" style=\"line-height:800px\">\n\t\t\t\t\t\t\t\t\n\t\t\t\t\t\t\t\t  <img itemprop='image'   alt=\"\" title=\"Slide Imagenologia Mamaria\"  class='' src='https:\/\/faardit.org.ar\/web\/wp-content\/uploads\/2024\/07\/Slide-Imagenologia-Mamaria-515x161.jpg'     \/>\t\t\t\t\t\t\t<\/div>\t\t\n\t\t\t\t\t\t\t\t\t\t\t\t\t\t\n\t\t\t\t\t\t\t\t<div class=\"gallery-item\"  data-thumbnail=\"https:\/\/faardit.org.ar\/web\/wp-content\/uploads\/2024\/09\/Imagenologia-Mamaria-Avanzada-WebFAARDIT-150x150.jpg\" style=\"line-height:800px\">\n\t\t\t\t\t\t\t\t\n\t\t\t\t\t\t\t\t  <img itemprop='image'   alt=\"\" title=\"Imagenologia-Mamaria-Avanzada - WebFAARDIT\"  class='' src='https:\/\/faardit.org.ar\/web\/wp-content\/uploads\/2024\/09\/Imagenologia-Mamaria-Avanzada-WebFAARDIT-515x515.jpg'     \/>\t\t\t\t\t\t\t<\/div>\t\t\n\t\t\t\t\t\t\t\t\n\n\t\t\t\t<\/div>\n\n\t\t\t<\/div>\n\n\t\t<\/div>\n\n\t\t\n\t<\/div>\n<\/div>\n\n\t\t\n\t<\/div>\n\n\t\n<\/div>\n\n\t\t\t\n\t\n\t<\/div>\n\n\t\t\n\n\t\t<\/div>\n<\/div>\t\n\n\n","protected":false},"excerpt":{"rendered":"","protected":false},"author":1,"featured_media":0,"parent":0,"menu_order":0,"comment_status":"closed","ping_status":"closed","template":"","meta":[],"_links":{"self":[{"href":"https:\/\/faardit.org.ar\/web\/wp-json\/wp\/v2\/pages\/3422"}],"collection":[{"href":"https:\/\/faardit.org.ar\/web\/wp-json\/wp\/v2\/pages"}],"about":[{"href":"https:\/\/faardit.org.ar\/web\/wp-json\/wp\/v2\/types\/page"}],"author":[{"embeddable":true,"href":"https:\/\/faardit.org.ar\/web\/wp-json\/wp\/v2\/users\/1"}],"replies":[{"embeddable":true,"href":"https:\/\/faardit.org.ar\/web\/wp-json\/wp\/v2\/comments?post=3422"}],"version-history":[{"count":75,"href":"https:\/\/faardit.org.ar\/web\/wp-json\/wp\/v2\/pages\/3422\/revisions"}],"predecessor-version":[{"id":8240,"href":"https:\/\/faardit.org.ar\/web\/wp-json\/wp\/v2\/pages\/3422\/revisions\/8240"}],"wp:attachment":[{"href":"https:\/\/faardit.org.ar\/web\/wp-json\/wp\/v2\/media?parent=3422"}],"curies":[{"name":"wp","href":"https:\/\/api.w.org\/{rel}","templated":true}]}}