{"id":3574,"date":"2019-09-25T17:27:24","date_gmt":"2019-09-25T17:27:24","guid":{"rendered":"https:\/\/faardit.org.ar\/web\/?page_id=3574"},"modified":"2024-07-23T13:29:06","modified_gmt":"2024-07-23T13:29:06","slug":"proximos-eventos-3","status":"publish","type":"page","link":"https:\/\/faardit.org.ar\/web\/proximos-eventos-3\/","title":{"rendered":"Pr\u00f3ximos eventos"},"content":{"rendered":"<div class=\"page-section  clearfix first-section last-section\" style=\"z-index:1\" id='rpsQF7HPYK9WG7Y2C3Y778EYQ5VLDYWA1EG' data-exheight='0' >\n\t\n\t<div class=\"section-inner-wrap\">\n\n\t\t\n\n\n\t\t\t\n\n\t<div class=\"skeleton section-content auto_align clearfix\" data-width=\"Contained\">\n\t\t\n\t\t\t\t\t\n<div class=\"rad-container  layout_element  full last first  top   clearfix\" id=\"rpcNQJJ5H0VNID7U3116D84892YDQI4826J\" data-layout=\"full\">\n\t\n\t \t\n\n\t<div class=\"rad-inner-container clearfix\">\n\t \n\n\n<div  data-key=\"rad_text_widget\"  style='-webkit-transition-delay:0s;transition-delay:0s;' id=\"rpwUO95CTC1QW4TDTO87SD0GIPL963QW9IJ\" class=\" w_full w_layout_element  top   rad-widget\">\n\t\n<div class='ioa-text-column none  col-align-left  clearfix'> \n      \n      <div class='ioa-text-area'>\n        <h3 class='text-title'> <\/h3>\n        \n        \n        <div class='ioa-text clearfix'><font size=3>\n<p><span style=\"color: #000000;\">Los eventos nacionales est\u00e1n referenciados con el c\u00edrculo de color celeste y los internacionales con el c\u00edrculo naranja.<\/span><\/p>\n<p><\/font size><\/div>\n        \n      <\/div> \n     <\/div>\n<\/div> \n\n\n<div  data-key=\"rad_text_widget\"  style='-webkit-transition-delay:0s;transition-delay:0s;' id=\"rpwEJV1UP8FW9AQ66ML19XY17QOVHSNA1E1\" class=\" w_full w_layout_element   rad-widget\">\n\t\n<div class='ioa-text-column none  col-align-left  clearfix'> \n      \n      <div class='ioa-text-area'>\n        <h3 class='text-title'> <\/h3>\n        \n        \n        <div class='ioa-text clearfix'><div class=\"mec-wrap mec-skin-list-container  \" id=\"mec_skin_4046\">\n    \n    \n            <div class=\"mec-skin-list-events-container\" id=\"mec_skin_events_4046\">\n        <div class=\"mec-wrap \">\n\t<div class=\"mec-event-list-minimal\">\n\t\t\n            \n                    <script type=\"application\/ld+json\">\n        {\n            \"@context\": \"http:\/\/schema.org\",\n            \"@type\": \"Event\",\n            \"eventStatus\": \"https:\/\/schema.org\/EventScheduled\",\n            \"startDate\": \"2026-05-08\",\n            \"endDate\": \"2026-05-08\",\n            \"location\":\n            {\n                \"@type\": \"Place\",\n                                \"name\": \"\",\n                \"image\": \"\",\n                \"address\": \"\"\n                            },\n            \"offers\":\n            {\n                \"url\": \"https:\/\/faardit.org.ar\/web\/events\/ii-jornada-regional-san-luis\/\",\n                \"price\": \"\",\n                \"priceCurrency\": \"$\"\n            },\n            \"performer\": \"\",\n            \"description\": \"Para inscribirse, completar al formulario que se encuentra &lt;a href=&quot;https:\/\/forms.gle\/sNxZarowiUhhdGFm6&quot;&gt;aqu\u00ed&lt;\/a&gt;    &lt;img class=&quot;alignnone size-large wp-image-8399&quot; src=&quot;https:\/\/faardit.org.ar\/web\/wp-content\/uploads\/2026\/03\/Jornada-San-Luis-819x1024.jpeg&quot; alt=&quot;&quot; width=&quot;819&quot; height=&quot;1024&quot; \/&gt;    &lt;img class=&quot;alignnone size-large wp-image-8405&quot; src=&quot;https:\/\/faardit.org.ar\/web\/wp-content\/uploads\/2026\/03\/Pro-vier-819x1024.jpeg&quot; alt=&quot;&quot; width=&quot;819&quot; height=&quot;1024&quot; \/&gt;    &lt;img class=&quot;alignnone size-large wp-image-8406&quot; src=&quot;https:\/\/faardit.org.ar\/web\/wp-content\/uploads\/2026\/03\/pro-sabado-819x1024.jpeg&quot; alt=&quot;&quot; width=&quot;819&quot; height=&quot;1024&quot; \/&gt;    &nbsp;    &nbsp;\",\n            \"image\": \"\",\n            \"name\": \"II Jornada Regional San Luis\",\n            \"url\": \"https:\/\/faardit.org.ar\/web\/events\/ii-jornada-regional-san-luis\/\"\n        }\n        <\/script>\n                    <article data-style=\"\" class=\"mec-event-article mec-clear  mec-divider-toggle mec-toggle-202605-4046\" itemscope>\n                                    <div class=\"col-md-9 col-sm-9\">\n                        <div class=\"mec-event-date mec-bg-color\"><span>08<\/span>May<\/div>\n                                                <h4 class=\"mec-event-title\"><a class=\"mec-color-hover\" data-event-id=\"8392\" href=\"https:\/\/faardit.org.ar\/web\/events\/ii-jornada-regional-san-luis\/\">II Jornada Regional San Luis<\/a><span class=\"event-color\" style=\"background: #00a0d2\"><\/span><\/h4>\n                        <div class=\"mec-event-detail\">viernes  <\/div>\n                                            <\/div>\n                    <div class=\"col-md-3 col-sm-3 btn-wrapper\"><a class=\"mec-detail-button\" data-event-id=\"8392\" href=\"https:\/\/faardit.org.ar\/web\/events\/ii-jornada-regional-san-luis\/\">DETALLE DEL EVENTO<\/a><\/div>\n                            <\/article>\n            \t\t\n            \n                    <script type=\"application\/ld+json\">\n        {\n            \"@context\": \"http:\/\/schema.org\",\n            \"@type\": \"Event\",\n            \"eventStatus\": \"https:\/\/schema.org\/EventScheduled\",\n            \"startDate\": \"2026-06-04\",\n            \"endDate\": \"2026-06-04\",\n            \"location\":\n            {\n                \"@type\": \"Place\",\n                                \"name\": \"\",\n                \"image\": \"\",\n                \"address\": \"\"\n                            },\n            \"offers\":\n            {\n                \"url\": \"https:\/\/faardit.org.ar\/web\/events\/congreso-cir-faardit-sordic-2026\/\",\n                \"price\": \"\",\n                \"priceCurrency\": \"$\"\n            },\n            \"performer\": \"\",\n            \"description\": \"Encuentra toda la info del evento &lt;a href=&quot;https:\/\/www.cir2026.com.ar\/&quot;&gt;AQU\u00cd&lt;\/a&gt;    &nbsp;    &lt;img class=&quot;alignnone size-large wp-image-8145&quot; src=&quot;https:\/\/faardit.org.ar\/web\/wp-content\/uploads\/2025\/10\/Congreso-CIR-FAARDIT-SORDIC-1024x576.jpeg&quot; alt=&quot;&quot; width=&quot;1024&quot; height=&quot;576&quot; \/&gt;    &nbsp;\",\n            \"image\": \"\",\n            \"name\": \"Congreso CIR FAARDIT SORDIC 2026\",\n            \"url\": \"https:\/\/faardit.org.ar\/web\/events\/congreso-cir-faardit-sordic-2026\/\"\n        }\n        <\/script>\n                    <article data-style=\"\" class=\"mec-event-article mec-clear  mec-divider-toggle mec-toggle-202606-4046\" itemscope>\n                                    <div class=\"col-md-9 col-sm-9\">\n                        <div class=\"mec-event-date mec-bg-color\"><span>04<\/span>Jun<\/div>\n                                                <h4 class=\"mec-event-title\"><a class=\"mec-color-hover\" data-event-id=\"8144\" href=\"https:\/\/faardit.org.ar\/web\/events\/congreso-cir-faardit-sordic-2026\/\">Congreso CIR FAARDIT SORDIC 2026<\/a><span class=\"event-color\" style=\"background: #00a0d2\"><\/span><\/h4>\n                        <div class=\"mec-event-detail\">jueves  <\/div>\n                                            <\/div>\n                    <div class=\"col-md-3 col-sm-3 btn-wrapper\"><a class=\"mec-detail-button\" data-event-id=\"8144\" href=\"https:\/\/faardit.org.ar\/web\/events\/congreso-cir-faardit-sordic-2026\/\">DETALLE DEL EVENTO<\/a><\/div>\n                            <\/article>\n            \t\t\n            \n                    <script type=\"application\/ld+json\">\n        {\n            \"@context\": \"http:\/\/schema.org\",\n            \"@type\": \"Event\",\n            \"eventStatus\": \"https:\/\/schema.org\/EventScheduled\",\n            \"startDate\": \"2026-09-03\",\n            \"endDate\": \"2026-09-03\",\n            \"location\":\n            {\n                \"@type\": \"Place\",\n                                \"name\": \"\",\n                \"image\": \"\",\n                \"address\": \"\"\n                            },\n            \"offers\":\n            {\n                \"url\": \"https:\/\/faardit.org.ar\/web\/events\/xxix-congreso-peruano-de-radiologia-2026\/\",\n                \"price\": \"\",\n                \"priceCurrency\": \"$\"\n            },\n            \"performer\": \"\",\n            \"description\": \"&lt;div&gt;  &lt;div dir=&quot;auto&quot;&gt;&lt;span style=&quot;color: #073763; font-family: verdana, sans-serif; font-size: xx-small;&quot;&gt;&lt;img class=&quot;CToWUd&quot; src=&quot;https:\/\/ci3.googleusercontent.com\/meips\/ADKq_NZEg_0k9lgwtdFbAFLzBVp15iJi7pMbgifc0kmB5JArDr8_DCmcJXXUe1-SS9qdHQmcOAjGelu8SSTEs1KRkW5ypGfW9DMSWXmFx0mxfvM3oUteWXtCvf0=s0-d-e1-ft#https:\/\/static.xx.fbcdn.net\/images\/emoji.php\/v9\/t7e\/1\/16\/1f4c5.png&quot; alt=&quot;&quot; width=&quot;16&quot; height=&quot;16&quot; data-bit=&quot;iit&quot; \/&gt;Fecha: Del 03 \u2013 05 de septiembre de 2026&lt;\/span&gt;&lt;\/div&gt;  &lt;div dir=&quot;auto&quot;&gt;&lt;span style=&quot;color: #073763; font-family: verdana, sans-serif; font-size: xx-small;&quot;&gt;&lt;img class=&quot;CToWUd&quot; src=&quot;https:\/\/ci3.googleusercontent.com\/meips\/ADKq_NYSiim0b_McpbGqEAzifh93-Ne7pBYiFnG64Kr63_gf5V7RJV45uGJc37w_RY32N_PP3A80z9A0NFAzHcnfkPZ_8K9ru9bGiXzhY7dMi8SlYHKfLRHRDIE=s0-d-e1-ft#https:\/\/static.xx.fbcdn.net\/images\/emoji.php\/v9\/t2d\/1\/16\/1f4cd.png&quot; alt=&quot;&quot; width=&quot;16&quot; height=&quot;16&quot; data-bit=&quot;iit&quot; \/&gt; Lugar : Sheraton Lima Historic Center - Lima-Per\u00fa&lt;\/span&gt;&lt;\/div&gt;  &lt;\/div&gt;  &lt;div&gt;  &lt;div dir=&quot;auto&quot;&gt;&lt;span style=&quot;color: #073763; font-family: verdana, sans-serif; font-size: xx-small;&quot;&gt;Durante tres d\u00edas viviremos una experiencia acad\u00e9mica \u00fanica con:&lt;\/span&gt;&lt;\/div&gt;  &lt;\/div&gt;  &lt;div&gt;  &lt;div dir=&quot;auto&quot;&gt;&lt;span style=&quot;color: #073763; font-family: verdana, sans-serif; font-size: xx-small;&quot;&gt;&lt;img class=&quot;CToWUd&quot; src=&quot;https:\/\/ci3.googleusercontent.com\/meips\/ADKq_NZPnpmxkxKZxldCHu7wCXnWUgWzWcKhDXDvfzfq8URPwzFrSgH4VK5F-mnMWCApka7jT9Du3IpC_NcLJZV-B92hUBBYnhyDwoply8G1MvRCVxzbCHVKV4M=s0-d-e1-ft#https:\/\/static.xx.fbcdn.net\/images\/emoji.php\/v9\/t7e\/1\/16\/1f52c.png&quot; alt=&quot;&quot; width=&quot;16&quot; height=&quot;16&quot; data-bit=&quot;iit&quot; \/&gt; Conferencias de alto nivel con expertos nacionales e internacionales&lt;\/span&gt;&lt;\/div&gt;  &lt;div dir=&quot;auto&quot;&gt;&lt;span style=&quot;color: #073763; font-family: verdana, sans-serif; font-size: xx-small;&quot;&gt;&lt;img class=&quot;CToWUd&quot; src=&quot;https:\/\/ci3.googleusercontent.com\/meips\/ADKq_NbmkwKBh5UjrInMU6SKHZ2SBF7hmpSVOfFf5Wwajd-wiNnwv2dB4a3L3lsybYRBY5uVaoqX4SCf4aMDeZiUuKvyg8Zu9z-Q6Vm7aKMQusaBncb0aJKJllI=s0-d-e1-ft#https:\/\/static.xx.fbcdn.net\/images\/emoji.php\/v9\/t7c\/1\/16\/1f9e0.png&quot; alt=&quot;&quot; width=&quot;16&quot; height=&quot;16&quot; data-bit=&quot;iit&quot; \/&gt; Actualizaci\u00f3n cient\u00edfica en las diferentes subespecialidades de la radiolog\u00eda&lt;\/span&gt;&lt;\/div&gt;  &lt;div dir=&quot;auto&quot;&gt;&lt;span style=&quot;color: #073763; font-family: verdana, sans-serif; font-size: xx-small;&quot;&gt;&lt;img class=&quot;CToWUd&quot; src=&quot;https:\/\/ci3.googleusercontent.com\/meips\/ADKq_NZ3Jfqcd-zxnTHB0WAMdKQJw9lqYTOWkUbb8ztFjMV6-ze4nA4Z5zsX1IeYgwUyhxiIraFoRzAi9dve6P4QWYA5hh6M4or_G_HBB4fuF23hOKc2nFDJEyQ=s0-d-e1-ft#https:\/\/static.xx.fbcdn.net\/images\/emoji.php\/v9\/t64\/1\/16\/1f91d.png&quot; alt=&quot;&quot; width=&quot;16&quot; height=&quot;16&quot; data-bit=&quot;iit&quot; \/&gt; Espacios de intercambio acad\u00e9mico y networking&lt;\/span&gt;&lt;\/div&gt;  &lt;div dir=&quot;auto&quot;&gt;&lt;span style=&quot;color: #073763; font-family: verdana, sans-serif; font-size: xx-small;&quot;&gt;&lt;img class=&quot;CToWUd&quot; src=&quot;https:\/\/ci3.googleusercontent.com\/meips\/ADKq_NZ3VAfVN2VhR36jdg2MG7OI0s8DEj-JLtBT3P1QSjR0kOwh0kUnNYIISs6rJ-gX6pxwuDqAoFbcTzdPlrttPBMT_kR-Vk1IMjWQHhMgOXy4ydc3eWQgZj8=s0-d-e1-ft#https:\/\/static.xx.fbcdn.net\/images\/emoji.php\/v9\/t49\/1\/16\/1f4da.png&quot; alt=&quot;&quot; width=&quot;16&quot; height=&quot;16&quot; data-bit=&quot;iit&quot; \/&gt; Un programa dise\u00f1ado para radi\u00f3logos y m\u00e9dicos residentes.&lt;\/span&gt;&lt;\/div&gt;  &lt;div dir=&quot;auto&quot;&gt;&lt;span style=&quot;color: #073763; font-family: verdana, sans-serif; font-size: xx-small;&quot;&gt;&lt;img class=&quot;CToWUd&quot; src=&quot;https:\/\/ci3.googleusercontent.com\/meips\/ADKq_Na1g8zi3uG1DHadydNUwVPjegNA5S26u9d6Mzt_gSnXqrDQtRx_Pi3mcgpj7RZx0BK11Px1-Zwfq1zOMmraugC6OpxMFKieP3veS--WifdfCuDsQ0eo1Wc=s0-d-e1-ft#https:\/\/static.xx.fbcdn.net\/images\/emoji.php\/v9\/te0\/1\/16\/1f31f.png&quot; alt=&quot;&quot; width=&quot;16&quot; height=&quot;16&quot; data-bit=&quot;iit&quot; \/&gt; S\u00e9 parte del encuentro que impulsa el futuro de la radiolog\u00eda en el Per\u00fa.&lt;\/span&gt;&lt;\/div&gt;  &lt;div dir=&quot;auto&quot;&gt;&lt;span style=&quot;color: #073763; font-family: verdana, sans-serif; font-size: xx-small;&quot;&gt;&lt;img class=&quot;CToWUd&quot; src=&quot;https:\/\/ci3.googleusercontent.com\/meips\/ADKq_NZ7uezgvc0mbRNRKHez2BujPfQkIesbcaixgxiaNQlkWVSHDF2uz-mHFvOhvQgC7JgBpyxLgv9EOGzh1uy0QJzj5HmM9LH1hfdKcjtpV3FfHJDzR9fe378=s0-d-e1-ft#https:\/\/static.xx.fbcdn.net\/images\/emoji.php\/v9\/t45\/1\/16\/1f6a8.png&quot; alt=&quot;&quot; width=&quot;16&quot; height=&quot;16&quot; data-bit=&quot;iit&quot; \/&gt; Inscr\u00edbete y aseg\u00farate de tu lugar : &lt;a role=&quot;link&quot; href=&quot;https:\/\/l.facebook.com\/l.php?u=https%3A%2F%2Fforms.gle%2F8fAEGTBJJEdJMd9Z9%3Ffbclid%3DIwZXh0bgNhZW0CMTAAYnJpZBExc25zM2ttRmFhemdGMkt4OHNydGMGYXBwX2lkEDIyMjAzOTE3ODgyMDA4OTIAAR7wMAv3EFZtJdNX0YUpl336qZKUNe1kFX-P72yYiAUDVsFLmzTpQCg7_gVn_g_aem_bYg8T-DXmUMKVIG2s9nGMg&amp;h=AT6DD-lBIehJV99j6MQrA-S63X5BEKS6-XMSUZYZ4l8uZDlAWBTTdTLdxq0z2fdxAvYvLKPWsaFmBCRNYYUSQEEeoDVWokUigVSkHBJTA-im6wkj5X6G9RujLfaUX6bBB14-G0UajygmlpS7&amp;__tn__=-UK-R&amp;c[0]=AT6B6zIIQUN8c_jLDZJDAQGzWYwYS7m4lB9BB2vw9kZX4LKopDcafI0ygmv36-gFmtml2XsqDEe7cXX55t61q_Bdc13ndN2nqcCXdNEeyYqPvIaFEPtw5m5faoKlFvkKaeRZ8TRyfr3865uYLprAQMb6y5vYGGKygP2NQy8xWjoa0bQftS5DhnAwqIBSb7_fyCgCPrk-eJcbwBGYAMtg-QVrrQ&quot; target=&quot;_blank&quot; rel=&quot;nofollow noopener noreferrer&quot; data-saferedirecturl=&quot;https:\/\/www.google.com\/url?q=https:\/\/l.facebook.com\/l.php?u%3Dhttps%253A%252F%252Fforms.gle%252F8fAEGTBJJEdJMd9Z9%253Ffbclid%253DIwZXh0bgNhZW0CMTAAYnJpZBExc25zM2ttRmFhemdGMkt4OHNydGMGYXBwX2lkEDIyMjAzOTE3ODgyMDA4OTIAAR7wMAv3EFZtJdNX0YUpl336qZKUNe1kFX-P72yYiAUDVsFLmzTpQCg7_gVn_g_aem_bYg8T-DXmUMKVIG2s9nGMg%26h%3DAT6DD-lBIehJV99j6MQrA-S63X5BEKS6-XMSUZYZ4l8uZDlAWBTTdTLdxq0z2fdxAvYvLKPWsaFmBCRNYYUSQEEeoDVWokUigVSkHBJTA-im6wkj5X6G9RujLfaUX6bBB14-G0UajygmlpS7%26__tn__%3D-UK-R%26c%5B0%5D%3DAT6B6zIIQUN8c_jLDZJDAQGzWYwYS7m4lB9BB2vw9kZX4LKopDcafI0ygmv36-gFmtml2XsqDEe7cXX55t61q_Bdc13ndN2nqcCXdNEeyYqPvIaFEPtw5m5faoKlFvkKaeRZ8TRyfr3865uYLprAQMb6y5vYGGKygP2NQy8xWjoa0bQftS5DhnAwqIBSb7_fyCgCPrk-eJcbwBGYAMtg-QVrrQ&amp;source=gmail&amp;ust=1774531997088000&amp;usg=AOvVaw2Dp6QtBsg-qWu4qjVrbkRf&quot;&gt;https:\/\/forms.gle\/&lt;wbr \/&gt;8fAEGTBJJEdJMd9Z9&lt;\/a&gt;&lt;\/span&gt;&lt;\/div&gt;  &lt;div dir=&quot;auto&quot;&gt;&lt;img class=&quot;alignnone size-large wp-image-8388&quot; src=&quot;https:\/\/faardit.org.ar\/web\/wp-content\/uploads\/2026\/03\/Congreso-Peruano-819x1024.png&quot; alt=&quot;&quot; width=&quot;819&quot; height=&quot;1024&quot; \/&gt;&lt;\/div&gt;  &lt;\/div&gt;\",\n            \"image\": \"\",\n            \"name\": \"XXIX Congreso Peruano de Radiolog\u00eda 2026\",\n            \"url\": \"https:\/\/faardit.org.ar\/web\/events\/xxix-congreso-peruano-de-radiologia-2026\/\"\n        }\n        <\/script>\n                    <article data-style=\"\" class=\"mec-event-article mec-clear  mec-divider-toggle mec-toggle-202609-4046\" itemscope>\n                                    <div class=\"col-md-9 col-sm-9\">\n                        <div class=\"mec-event-date mec-bg-color\"><span>03<\/span>Sep<\/div>\n                                                <h4 class=\"mec-event-title\"><a class=\"mec-color-hover\" data-event-id=\"8387\" href=\"https:\/\/faardit.org.ar\/web\/events\/xxix-congreso-peruano-de-radiologia-2026\/\">XXIX Congreso Peruano de Radiolog\u00eda 2026<\/a><span class=\"event-color\" style=\"background: #fdd700\"><\/span><\/h4>\n                        <div class=\"mec-event-detail\">jueves  <\/div>\n                                            <\/div>\n                    <div class=\"col-md-3 col-sm-3 btn-wrapper\"><a class=\"mec-detail-button\" data-event-id=\"8387\" href=\"https:\/\/faardit.org.ar\/web\/events\/xxix-congreso-peruano-de-radiologia-2026\/\">DETALLE DEL EVENTO<\/a><\/div>\n                            <\/article>\n            \t\t\n            \n                    <script type=\"application\/ld+json\">\n        {\n            \"@context\": \"http:\/\/schema.org\",\n            \"@type\": \"Event\",\n            \"eventStatus\": \"https:\/\/schema.org\/EventScheduled\",\n            \"startDate\": \"2026-09-24\",\n            \"endDate\": \"2026-09-24\",\n            \"location\":\n            {\n                \"@type\": \"Place\",\n                                \"name\": \"\",\n                \"image\": \"\",\n                \"address\": \"\"\n                            },\n            \"offers\":\n            {\n                \"url\": \"https:\/\/faardit.org.ar\/web\/events\/congreso-cadi-2026\/\",\n                \"price\": \"\",\n                \"priceCurrency\": \"$\"\n            },\n            \"performer\": \"\",\n            \"description\": \"Ecuentra toda la info del evento &lt;a href=&quot;https:\/\/cadi2026.com.ar\/&quot;&gt;AQU\u00cd&lt;\/a&gt;    &lt;img class=&quot;alignnone size-large wp-image-8410&quot; src=&quot;https:\/\/faardit.org.ar\/web\/wp-content\/uploads\/2026\/04\/feed-redes-sociales-819x1024.jpg&quot; alt=&quot;&quot; width=&quot;819&quot; height=&quot;1024&quot; \/&gt;    &nbsp;\",\n            \"image\": \"\",\n            \"name\": \"Congreso CADI 2026\",\n            \"url\": \"https:\/\/faardit.org.ar\/web\/events\/congreso-cadi-2026\/\"\n        }\n        <\/script>\n                    <article data-style=\"\" class=\"mec-event-article mec-clear  mec-divider-toggle mec-toggle-202609-4046\" itemscope>\n                                    <div class=\"col-md-9 col-sm-9\">\n                        <div class=\"mec-event-date mec-bg-color\"><span>24<\/span>Sep<\/div>\n                                                <h4 class=\"mec-event-title\"><a class=\"mec-color-hover\" data-event-id=\"8407\" href=\"https:\/\/faardit.org.ar\/web\/events\/congreso-cadi-2026\/\">Congreso CADI 2026<\/a><span class=\"event-color\" style=\"background: #00a0d2\"><\/span><\/h4>\n                        <div class=\"mec-event-detail\">jueves  <\/div>\n                                            <\/div>\n                    <div class=\"col-md-3 col-sm-3 btn-wrapper\"><a class=\"mec-detail-button\" data-event-id=\"8407\" href=\"https:\/\/faardit.org.ar\/web\/events\/congreso-cadi-2026\/\">DETALLE DEL EVENTO<\/a><\/div>\n                            <\/article>\n            \t\t\t<\/div>\n<\/div>\n\n    <\/div>\n    <div class=\"mec-skin-list-no-events-container mec-util-hidden\" id=\"mec_skin_no_events_4046\">\n        \u00a1No hay eventos!    <\/div>\n        \n        \n<\/div><\/div>\n        \n      <\/div> \n     <\/div>\n<\/div>\t\t\n\t<\/div>\n\n\t\n<\/div>\n\n\t\t\t\n\t\n\t<\/div>\n\n\t\t\n\n\t\t<\/div>\n<\/div>\t\n\n\n","protected":false},"excerpt":{"rendered":"","protected":false},"author":1,"featured_media":0,"parent":0,"menu_order":0,"comment_status":"closed","ping_status":"closed","template":"","meta":[],"_links":{"self":[{"href":"https:\/\/faardit.org.ar\/web\/wp-json\/wp\/v2\/pages\/3574"}],"collection":[{"href":"https:\/\/faardit.org.ar\/web\/wp-json\/wp\/v2\/pages"}],"about":[{"href":"https:\/\/faardit.org.ar\/web\/wp-json\/wp\/v2\/types\/page"}],"author":[{"embeddable":true,"href":"https:\/\/faardit.org.ar\/web\/wp-json\/wp\/v2\/users\/1"}],"replies":[{"embeddable":true,"href":"https:\/\/faardit.org.ar\/web\/wp-json\/wp\/v2\/comments?post=3574"}],"version-history":[{"count":12,"href":"https:\/\/faardit.org.ar\/web\/wp-json\/wp\/v2\/pages\/3574\/revisions"}],"predecessor-version":[{"id":7181,"href":"https:\/\/faardit.org.ar\/web\/wp-json\/wp\/v2\/pages\/3574\/revisions\/7181"}],"wp:attachment":[{"href":"https:\/\/faardit.org.ar\/web\/wp-json\/wp\/v2\/media?parent=3574"}],"curies":[{"name":"wp","href":"https:\/\/api.w.org\/{rel}","templated":true}]}}