{"id":4283,"date":"2020-07-30T15:48:12","date_gmt":"2020-07-30T15:48:12","guid":{"rendered":"https:\/\/faardit.org.ar\/web\/?page_id=4283"},"modified":"2026-03-04T13:50:37","modified_gmt":"2026-03-04T13:50:37","slug":"capitulo-subespecialidades","status":"publish","type":"page","link":"https:\/\/faardit.org.ar\/web\/capitulo-subespecialidades\/","title":{"rendered":"Cap\u00edtulos de Subespecialidades"},"content":{"rendered":"<div class=\"page-section  clearfix first-section last-section\" style=\"z-index:1\" id='rpsAKA53HKWWX0YOFYPE83D2EXLGQSHSK8V' data-exheight='0' >\n\t\n\t<div class=\"section-inner-wrap\">\n\n\t\t\n\n\n\t\t\t\n\n\t<div class=\"skeleton section-content auto_align clearfix\" data-width=\"Contained\">\n\t\t\n\t\t\t\t\t\n<div class=\"rad-container  layout_element  one_third first  top   clearfix\" id=\"rpcTWF6INT8YFFON5KQSJW0BWJY5L925RPX\" data-layout=\"one_third\">\n\t\n\t \t\n\n\t<div class=\"rad-inner-container clearfix\">\n\t \n\n\n<div  data-key=\"rad_text_widget\"  style='-webkit-transition-delay:0s;transition-delay:0s;' id=\"rpwVN64J2KG1VO19H9C92DP15QGOXH1VR48\" class=\" w_full w_layout_element  top   rad-widget\">\n\t\n<div class='ioa-text-column none  col-align-left  clearfix'> \n      \n      <div class='ioa-text-area'>\n        <h3 class='text-title'> <\/h3>\n        \n        \n        <div class='ioa-text clearfix'>\n<p><span style=\"color: #000000;\"><strong>Comit\u00e9 Bioim\u00e1genes<\/strong><\/span><\/p>\n<p><span style=\"color: #000000;\">Dr. Mart\u00edn Pichetto<\/span><\/p>\n<p><span style=\"color: #000000;\"><strong>Comit\u00e9 Encuentro de Residentes<\/strong><\/span><\/p>\n<p><span style=\"color: #000000;\">Dr. Hugo Guerra <\/span><\/p>\n<p><span style=\"color: #000000;\"><strong>Comit\u00e9 Diversidad e inclusi\u00f3n<\/strong><\/span><\/p>\n<p><span style=\"color: #000000;\">Dra. Liptzis Andrea<\/span><\/p>\n<p><span style=\"color: #000000;\"><strong>Comit\u00e9 CONAEDI<\/strong><\/span><\/p>\n<p><span style=\"color: #000000;\">Dr. Luis Fajre <\/span><\/p>\n<p><span style=\"color: #000000;\">Dr. Daniel Forlino<\/span><\/p>\n<p><span style=\"color: #000000;\"><strong>Comit\u00e9 I.A<\/strong><\/span><\/p>\n<p><span style=\"color: #000000;\">Dr. Marcelo Sarachaga<\/span><\/p>\n<p><span style=\"color: #000000;\"><strong>Comit\u00e9 Ginecolog\u00eda<\/strong><\/span><\/p>\n<p><span style=\"color: #000000;\">Dra. Daniela Stoisa<\/span><\/p>\n<p><span style=\"color: #000000;\"><strong>Comit\u00e9 Abdomen<\/strong><\/span><\/p>\n<p><span style=\"color: #000000;\">Dra. Lorena Coto Solari<\/span><\/p>\n<p><span style=\"color: #000000;\"><strong>Comit\u00e9 Molecular<\/strong><\/span><\/p>\n<p><span style=\"color: #000000;\">Dr. Gustavo Pe\u00f1a <\/span><\/p>\n<p><span style=\"color: #000000;\"><strong>Comit\u00e9 Mama<\/strong><\/span><\/p>\n<p><span style=\"color: #000000;\">Dra. Lucrecia Ballarino<\/span><\/p>\n<p><span style=\"color: #000000;\"><strong>Comit\u00e9 Musculoesquel\u00e9tico<\/strong><\/span><\/p>\n<p><span style=\"color: #000000;\">Dr. Federico Remis<\/span><\/p>\n<\/div>\n        \n      <\/div> \n     <\/div>\n<\/div>\t\t\n\t<\/div>\n\n\t\n<\/div>\n\n\t\t\n<div class=\"rad-container  layout_element  one_third top   clearfix\" id=\"rpcH014DQLTU08LSPM0DF3NJWPW3T6T7E98\" data-layout=\"one_third\">\n\t\n\t \t\n\n\t<div class=\"rad-inner-container clearfix\">\n\t \n\n\n<div  data-key=\"rad_text_widget\"  style='-webkit-transition-delay:0s;transition-delay:0s;' id=\"rpwV5V5PKVERP6NRB0UI892JIH87J6HL06N\" class=\" w_full w_layout_element  top   rad-widget\">\n\t\n<div class='ioa-text-column none  col-align-left  clearfix'> \n      \n      <div class='ioa-text-area'>\n        <h3 class='text-title'> <\/h3>\n        \n        \n        <div class='ioa-text clearfix'>\n<p><span style=\"color: #000000;\"><strong>Comit\u00e9 Intervencionismo<\/strong><\/span><\/p>\n<p>Dr. Viso Rene<\/p>\n<p><span style=\"color: #000000;\"><strong>Comit\u00e9 Materno Fetal<\/strong><\/span><\/p>\n<p><span style=\"color: #000000;\">Dr. Mart\u00edn Horenstein<\/span><\/p>\n<p><span style=\"color: #000000;\"><strong>Comit\u00e9 T\u00f3rax<\/strong><\/span><\/p>\n<p><span style=\"color: #000000;\">Dr. Bruno Franceschini<\/span><\/p>\n<p><span style=\"color: #000000;\"><strong>Comit\u00e9 ANRA Neurordiolog\u00eda<\/strong><\/span><\/p>\n<p><span style=\"color: #000000;\">Dr. Sebasti\u00e1n Costantino<\/span><span style=\"color: #000000;\">\u00a0<\/span><\/p>\n<p><span style=\"color: #000000;\"><strong>Comit\u00e9 Im\u00e1genes en Dermatolog\u00eda y Dermoest\u00e9tica<\/strong><\/span><\/p>\n<p><span style=\"color: #000000;\">Dr. Mario Pelizzari<\/span><span style=\"color: #000000;\">\u00a0<\/span><\/p>\n<p><span style=\"color: #000000;\"><strong>Comit\u00e9 Pediatr\u00eda<\/strong><\/span><\/p>\n<p><span style=\"color: #000000;\">Dr. Ricardo P\u00e9rez<\/span><\/p>\n<p><span style=\"color: #000000;\"><strong>Comit\u00e9 Cabeca y Cuello<\/strong><\/span><\/p>\n<p><span style=\"color: #000000;\">Dra. Carolina Paulazo<\/span><\/p>\n<p><span style=\"color: #000000;\"><strong>Comit\u00e9 Im\u00e1genes en Reumatolog\u00eda<\/strong><\/span><\/p>\n<p><span style=\"color: #000000;\">Dr. Gabriel Aguilar<\/span><\/p>\n<p><span style=\"color: #000000;\"><strong>Comit\u00e9 Educaci\u00f3n<\/strong><\/span><\/p>\n<p><span style=\"color: #000000;\">Dra. Mar\u00eda Elena Castrill\u00f3n<\/span><\/p>\n<p><span style=\"color: #000000;\"><strong>Comit\u00e9 Gesti\u00f3n y Calidad<\/strong><\/span><\/p>\n<p>Dr. \u00c1vila Javier<\/p>\n<\/div>\n        \n      <\/div> \n     <\/div>\n<\/div>\t\t\n\t<\/div>\n\n\t\n<\/div>\n\n\t\t\n<div class=\"rad-container  layout_element right one_fourth top   clearfix\" id=\"rpcDW2RYCACO7WTA6WIXUMNQJ18S1OMC6II\" data-layout=\"one_fourth\">\n\t\n\t \t\n\n\t<div class=\"rad-inner-container clearfix\">\n\t\n<div  data-key=\"rad_button_widget\"  id=\"rpwEQCWMYFMC2JLO6PU0VWUQ9991QOL0YDR\" class=\" button-align-right  w_full w_layout_element  top   clearfix rad-widget rad-button-widget \">\n\t<a   href=\"https:\/\/faardit.org.ar\/web\/quienes-somos\/\"  class=\" ioa-button style-classic size-block has-icon \">\n\t\t\t<i class=\"ioa-front-icon ioa-front-icon user-2icon-\"><\/i>\t\t\t<span>Qui\u00e9nes Somos<\/span>\n\t<\/a>\n<\/div>\n\n\n<div  data-key=\"rad_button_widget\"  id=\"rpwDSJ32G9Y7HHPWRVLWNDSI314CYS0N94S\" class=\" button-align-right  w_full w_layout_element   clearfix rad-widget rad-button-widget \">\n\t<a   href=\"https:\/\/faardit.org.ar\/web\/sociedades-afiliadas\/\"  class=\" ioa-button style-classic size-block has-icon \">\n\t\t\t<i class=\"ioa-front-icon ioa-front-icon user-mdicon-\"><\/i>\t\t\t<span>Sociedades Afiliadas<\/span>\n\t<\/a>\n<\/div>\n\n\n<div  data-key=\"rad_button_widget\"  id=\"rpwU0F9UJSO0N5SSJUKF5JOB44Y3CK7VDDD\" class=\" button-align-right  w_full w_layout_element   clearfix rad-widget rad-button-widget \">\n\t<a   href=\"https:\/\/faardit.org.ar\/web\/historia\/\"  class=\" ioa-button style-classic size-block has-icon \">\n\t\t\t<i class=\"ioa-front-icon ioa-front-icon book-openicon-\"><\/i>\t\t\t<span>Nuestra Historia<\/span>\n\t<\/a>\n<\/div>\n\n\n<div  data-key=\"rad_button_widget\"  id=\"rpwDE47XITJ3XWA76978IK749LFBRAR8AHT\" class=\" button-align-right  w_full w_layout_element   clearfix rad-widget rad-button-widget \">\n\t<a   href=\"https:\/\/faardit.org.ar\/web\/estatuto\/\"  class=\" ioa-button style-classic size-block has-icon \">\n\t\t\t<i class=\"ioa-front-icon ioa-front-icon doc-alt-1icon-\"><\/i>\t\t\t<span>Nuestro Estatuto<\/span>\n\t<\/a>\n<\/div>\n\n\n<div  data-key=\"rad_button_widget\"  id=\"rpwD8SOYI318CA7JVY8G67SH98VCW20F3DJ\" class=\" button-align-right  w_full w_layout_element   clearfix rad-widget rad-button-widget \">\n\t<a   href=\"https:\/\/faardit.org.ar\/web\/distinciones\/\"  class=\" ioa-button style-classic size-block has-icon \">\n\t\t\t<i class=\"ioa-front-icon ioa-ti ti-medall\"><\/i>\t\t\t<span>Distinciones<\/span>\n\t<\/a>\n<\/div>\n\n\t\t\n\t<\/div>\n\n\t\n<\/div>\n\n\t\t\t\n\t\n\t<\/div>\n\n\t\t\n\n\t\t<\/div>\n<\/div>\t\n\n\n","protected":false},"excerpt":{"rendered":"","protected":false},"author":1,"featured_media":0,"parent":0,"menu_order":0,"comment_status":"closed","ping_status":"closed","template":"","meta":[],"_links":{"self":[{"href":"https:\/\/faardit.org.ar\/web\/wp-json\/wp\/v2\/pages\/4283"}],"collection":[{"href":"https:\/\/faardit.org.ar\/web\/wp-json\/wp\/v2\/pages"}],"about":[{"href":"https:\/\/faardit.org.ar\/web\/wp-json\/wp\/v2\/types\/page"}],"author":[{"embeddable":true,"href":"https:\/\/faardit.org.ar\/web\/wp-json\/wp\/v2\/users\/1"}],"replies":[{"embeddable":true,"href":"https:\/\/faardit.org.ar\/web\/wp-json\/wp\/v2\/comments?post=4283"}],"version-history":[{"count":12,"href":"https:\/\/faardit.org.ar\/web\/wp-json\/wp\/v2\/pages\/4283\/revisions"}],"predecessor-version":[{"id":8348,"href":"https:\/\/faardit.org.ar\/web\/wp-json\/wp\/v2\/pages\/4283\/revisions\/8348"}],"wp:attachment":[{"href":"https:\/\/faardit.org.ar\/web\/wp-json\/wp\/v2\/media?parent=4283"}],"curies":[{"name":"wp","href":"https:\/\/api.w.org\/{rel}","templated":true}]}}