{"id":4631,"date":"2021-01-20T18:50:56","date_gmt":"2021-01-20T18:50:56","guid":{"rendered":"https:\/\/faardit.org.ar\/web\/?page_id=4631"},"modified":"2024-01-18T17:41:10","modified_gmt":"2024-01-18T17:41:10","slug":"videos-congresos","status":"publish","type":"page","link":"https:\/\/faardit.org.ar\/web\/videos-congresos\/","title":{"rendered":"Videos Congresos"},"content":{"rendered":"<div class=\"page-section  clearfix first-section last-section\" style=\"z-index:1\" id='rpsQXCXY4RM0U1MJJUV5U0BHBH6AKUGTC4V' data-exheight='0' >\n\t\n\t<div class=\"section-inner-wrap\">\n\n\t\t\n\n\n\t\t\t\n\n\t<div class=\"skeleton section-content auto_align clearfix\" data-width=\"Contained\">\n\t\t\n\t\t\t\t\t\n<div class=\"rad-container  layout_element  full last first  top   clearfix\" id=\"rpcX9QQKMOFVJVYAWYEIJXSFR8XCYQEO85O\" data-layout=\"full\">\n\t\n\t \t\n\n\t<div class=\"rad-inner-container clearfix\">\n\t \n\n\n<div  data-key=\"rad_text_widget\"  style='-webkit-transition-delay:0s;transition-delay:0s;' id=\"rpwY3I9CDSWH6NBVY9XMY72TOFWHYQAKL79\" class=\" w_full w_layout_element  top   rad-widget\">\n\t\n<div class='ioa-text-column none  col-align-left  clearfix'> \n      \n      <div class='ioa-text-area'>\n        <h3 class='text-title'>Disponible Conferencias de Congresos CADI previos<\/h3>\n        \n        \n        <div class='ioa-text clearfix'>\n<p><span style=\"color: #000000;\">Se encuentran disponibles para su visualizaci\u00f3n varias de las disertaciones de Congresos de a\u00f1os anteriores del CADI (Congreso Argentino de Diagn\u00f3stico por Im\u00e1genes). Esta actividad acad\u00e9mica virtual es <strong>de acceso p\u00fablico y gratuito<\/strong>.<\/span> <span style=\"color: #000000;\"> Nuestro objetivo es seguir brindando material acad\u00e9mico para una formaci\u00f3n responsable y continua. Form\u00e1 parte de la Comunidad Acad\u00e9mica Virtual de FAARDIT.<\/span><\/p>\n<\/div>\n        \n      <\/div> \n     <\/div>\n<\/div>\t\t\n\t<\/div>\n\n\t\n<\/div>\n\n\t\t\n<div class=\"rad-container  layout_element  one_half first   clearfix\" id=\"rpcFI2W6UJCIHRJ5KVH89HTVU2WFU1G3TT6\" data-layout=\"one_half\">\n\t<span class=\"vline\" style='-webkit-transition-delay:350ms;transition-delay:350ms;'><\/span>\n\t \t\n\n\t<div class=\"rad-inner-container clearfix\">\n\t\n<div  data-key=\"rad_image_widget\"  id=\"rpwRFTK1U8848J7KH7UBXYBRTX0E2P85ABD\" class=\" w_full w_layout_element  top   rad-widget\">\n\t<div class=\"image-inner-wrap image-stretched \">\n\t\t\t\t\n\t\t<div  class=' hover-item  image-align-none' itemscope itemprop='http:\/\/schema.org\/ImageObject'>   <img itemprop='image'   alt=\"\" title=\"Web-CADI-2021\"  class='' src='https:\/\/faardit.org.ar\/web\/wp-content\/uploads\/2022\/10\/Web-CADI-2021-515x290.png'     \/>  <\/div>\t\t\t\t\t<\/div>\n<\/div>\n\n<div  data-key=\"rad_button_widget\"  id=\"rpwCD7C4I4Q2D7PULDQ5YRN9U7I8RXPLNLP\" class=\" button-align-center  w_full w_layout_element   clearfix rad-widget rad-button-widget \">\n\t<a   href=\"https:\/\/faardit.org.ar\/web\/videos-congresos-cadi-2021\/\"  class=\" ioa-button style-default size-block\">\n\t\t\t\t\t\t<span> VER VIDEOS CADI 2021<\/span>\n\t<\/a>\n<\/div>\n\n\t\t\n\t<\/div>\n\n\t\n<\/div>\n\n\t\t\n<div class=\"rad-container  layout_element  one_half last  clearfix\" id=\"rpcPNNVDGMXHWOQA83R49AE3T6CQ63G2QTG\" data-layout=\"one_half\">\n\t<span class=\"vline\" style='-webkit-transition-delay:700ms;transition-delay:700ms;'><\/span>\n\t \t\n\n\t<div class=\"rad-inner-container clearfix\">\n\t\n<div  data-key=\"rad_image_widget\"  id=\"rpwOPCV2MBFA2U2MOMDOYC2QX4IKXJ1T49Q\" class=\" w_full w_layout_element  top   rad-widget\">\n\t<div class=\"image-inner-wrap image-stretched \">\n\t\t\t\t\n\t\t<div  class=' hover-item  image-align-none' itemscope itemprop='http:\/\/schema.org\/ImageObject'>   <img itemprop='image'   alt=\"\" title=\"CADI-2020-Portada\"  class='' src='https:\/\/faardit.org.ar\/web\/wp-content\/uploads\/2021\/01\/CADI-2020-Portada-515x290.jpg'     \/>  <\/div>\t\t\t\t\t<\/div>\n<\/div>\n\n<div  data-key=\"rad_button_widget\"  id=\"rpwXKKWQXSNSUX8PRSUQSCS4EGF3KNQ7RG2\" class=\" button-align-center  w_full w_layout_element   clearfix rad-widget rad-button-widget \">\n\t<a   href=\"https:\/\/faardit.org.ar\/web\/videos-congresos-cadi-2020\/\"  class=\" ioa-button style-default size-block\">\n\t\t\t\t\t\t<span> VER VIDEOS CADI 2020<\/span>\n\t<\/a>\n<\/div>\n\n\t\t\n\t<\/div>\n\n\t\n<\/div>\n\n\t\t\n<div class=\"rad-container  layout_element  one_half first   clearfix\" id=\"rpcODBCUWSKW0PPXKGX9W1T3EL88MLXJNOT\" data-layout=\"one_half\">\n\t<span class=\"vline\" style='-webkit-transition-delay:700ms;transition-delay:700ms;'><\/span>\n\t \t\n\n\t<div class=\"rad-inner-container clearfix\">\n\t\n<div  data-key=\"rad_image_widget\"  id=\"rpwFBAD4DV419D83EQMN7IF5XY85CGIG9N5\" class=\" w_full w_layout_element  top   rad-widget\">\n\t<div class=\"image-inner-wrap image-stretched \">\n\t\t\t\t\n\t\t<div  class=' hover-item  image-align-none' itemscope itemprop='http:\/\/schema.org\/ImageObject'>   <img itemprop='image'   alt=\"\" title=\"CADI-2019-Portada02\"  class='' src='https:\/\/faardit.org.ar\/web\/wp-content\/uploads\/2021\/01\/CADI-2019-Portada02-515x290.jpg'     \/>  <\/div>\t\t\t\t\t<\/div>\n<\/div>\n\n<div  data-key=\"rad_button_widget\"  id=\"rpwQHXUUDU3VLQF3QPSAOOSXSM9JM2MMXJ2\" class=\" button-align-center  w_full w_layout_element   clearfix rad-widget rad-button-widget \">\n\t<a   href=\"https:\/\/faardit.org.ar\/web\/videos-congresos-cadi-2019\/\"  class=\" ioa-button style-default size-block\">\n\t\t\t\t\t\t<span> VER VIDEOS CADI 2019<\/span>\n\t<\/a>\n<\/div>\n\n\t\t\n\t<\/div>\n\n\t\n<\/div>\n\n\t\t\t\n\t\n\t<\/div>\n\n\t\t\n\n\t\t<\/div>\n<\/div>\t\n\n\n","protected":false},"excerpt":{"rendered":"","protected":false},"author":1,"featured_media":0,"parent":0,"menu_order":0,"comment_status":"closed","ping_status":"closed","template":"","meta":[],"_links":{"self":[{"href":"https:\/\/faardit.org.ar\/web\/wp-json\/wp\/v2\/pages\/4631"}],"collection":[{"href":"https:\/\/faardit.org.ar\/web\/wp-json\/wp\/v2\/pages"}],"about":[{"href":"https:\/\/faardit.org.ar\/web\/wp-json\/wp\/v2\/types\/page"}],"author":[{"embeddable":true,"href":"https:\/\/faardit.org.ar\/web\/wp-json\/wp\/v2\/users\/1"}],"replies":[{"embeddable":true,"href":"https:\/\/faardit.org.ar\/web\/wp-json\/wp\/v2\/comments?post=4631"}],"version-history":[{"count":17,"href":"https:\/\/faardit.org.ar\/web\/wp-json\/wp\/v2\/pages\/4631\/revisions"}],"predecessor-version":[{"id":4712,"href":"https:\/\/faardit.org.ar\/web\/wp-json\/wp\/v2\/pages\/4631\/revisions\/4712"}],"wp:attachment":[{"href":"https:\/\/faardit.org.ar\/web\/wp-json\/wp\/v2\/media?parent=4631"}],"curies":[{"name":"wp","href":"https:\/\/api.w.org\/{rel}","templated":true}]}}