{"id":4676,"date":"2021-02-03T15:00:19","date_gmt":"2021-02-03T15:00:19","guid":{"rendered":"https:\/\/faardit.org.ar\/web\/?page_id=4676"},"modified":"2024-01-12T14:19:23","modified_gmt":"2024-01-12T14:19:23","slug":"archivo-casos-del-mes-mama","status":"publish","type":"page","link":"https:\/\/faardit.org.ar\/web\/archivo-casos-del-mes-mama\/","title":{"rendered":"Archivo Casos del Mes &#8211; Mama"},"content":{"rendered":"<div class=\"page-section  clearfix first-section last-section\" style=\"z-index:1\" id='rpsBUHFTLLQ3YHLKJURYWRSAF5PQVR0CPPK' data-exheight='0' >\n\t\n\t<div class=\"section-inner-wrap\">\n\n\t\t\n\n\n\t\t\t\n\n\t<div class=\"skeleton section-content auto_align clearfix\" data-width=\"Contained\">\n\t\t\n\t\t\t\t\t\n<div class=\"rad-container  layout_element  full last first  top   clearfix\" id=\"rpcKOCI9R0TK0YHGF7GU0972GCXKGMBCXC1\" data-layout=\"full\">\n\t\n\t \t\n\n\t<div class=\"rad-inner-container clearfix\">\n\t \n\n\n<div  data-key=\"rad_text_widget\"  style='-webkit-transition-delay:0s;transition-delay:0s;' id=\"rpwKMLVK3XJC8HJ7VIFISFU96VI30SXYFQ7\" class=\" w_full w_layout_element  top  widget-animate widget-animate-fade-top  rad-widget\">\n\t\n<div class='ioa-text-column centered  col-align-center  clearfix'> \n      <div class='ioa-icon-area' style='margin-top:0'> <img src='https:\/\/faardit.org.ar\/web\/wp-content\/uploads\/2021\/02\/Mama.png' alt='text icon'\/>  <\/div>\n      <div class='ioa-text-area'>\n        <h3 class='text-title'>MAMA<\/h3>\n        \n        \n        \n        \n      <\/div> \n     <\/div>\n<\/div>\n<div  data-key=\"rad_toggle_widget\"  id=\"rpwVPO6QAHQWLEIEEWVQLQM726UAKPUH0GI\" class=\" w_full w_layout_element   rad-widget\">\n\n\t<div class=\"toggle-inner-wrap\">\n\t\t\n\n\t\t<div class=\" clearfix toggle-style-simple\" itemscope itemtype=\"http:\/\/schema.org\/ItemList\">\n  \t\t\n\t\t\n\t\t <div class='toggle ' itemscope itemtype='http:\/\/schema.org\/Thing'><h4><a href=\"#tg69e3a23fc535d\" class='toggle-title ' itemprop='name'  > <i class='ioa-front-icon  plus-2icon-'><\/i> Caso del Mes n\u00b05 Junio 2020, \u00abTumor Desmoide\u00bb, Dr. Mat\u00edas Landi<\/a><\/h4><div id='tg69e3a23fc535d' itemprop='description' class='toggle-body collapse'>\n<p><iframe title=\"Caso del Mes n\u00b05 Junio 2020, \"Tumor Desmoide\", Dr. Mat\u00edas Landi\" width=\"500\" height=\"281\" src=\"https:\/\/www.youtube.com\/embed\/zL7NGMIRDdY?feature=oembed\" frameborder=\"0\" allow=\"accelerometer; autoplay; clipboard-write; encrypted-media; gyroscope; picture-in-picture; web-share\" allowfullscreen><\/iframe><\/p>\n<p><strong><a href=\"https:\/\/faardit.org.ar\/web\/wp-content\/uploads\/2020\/06\/Matias-Landi.jpg\"><img loading=\"lazy\" class=\"alignleft size-full wp-image-3907\" src=\"https:\/\/faardit.org.ar\/web\/wp-content\/uploads\/2020\/06\/Matias-Landi.jpg\" alt=\"\" width=\"126\" height=\"169\" \/><\/a><span style=\"color: #000000;\">Dr. Mat\u00edas Landi<\/span><\/strong><\/p>\n<p><span style=\"color: #000000;\">\u2022 Instituto Radiol\u00f3gico Mar del Plata Argentina. Jefe del servicio de Im\u00e1genes de la Mujer.<\/span><\/p>\n<p><span style=\"color: #000000;\">\u2022 Especialista Universitario en Diagn\u00f3stico por Im\u00e1genes UBA.<\/span><\/p>\n<p><span style=\"color: #000000;\">\u2022 Acreditado en im\u00e1genes mamarias. SAMAS SAR FAARDIT<\/span><\/p>\n<p><span style=\"color: #000000;\">\u2022 Miembro titular de: ADIT Mar del Plata, FAARDIT, SAMAS, RSNA, ESR, EUSOBI, SBI.<\/span><\/p>\n<p><span style=\"color: #000000;\">\u2022 Jefe de trabajos pr\u00e1cticos c\u00e1tedra de Anatom\u00eda Patol\u00f3gica Universidad FASTA<\/span><\/p>\n<p><span style=\"color: #000000;\">\u2022 Jefe de trabajos pr\u00e1cticos c\u00e1tedra de Diagn\u00f3stico por Im\u00e1genes Universidad. FASTA<\/span><\/p>\n<p><span style=\"color: #000000;\">\u2022 Presidente de la Asociaci\u00f3n de Diagn\u00f3stico por Im\u00e1genes y Terapia Radiante de Mar del Plata (ADIT Mar del Plata)<\/span><\/p>\n<div><span style=\"color: #000000;\">\u2022 Coordinador del Curso Bienal de Acreditaci\u00f3n en Imagenolog\u00eda Mamaria SAMAS SAR FAARDIT.<\/span><\/div>\n<\/div> <\/div> <div class='toggle ' itemscope itemtype='http:\/\/schema.org\/Thing'><h4><a href=\"#tg69e3a23fc5664\" class='toggle-title ' itemprop='name'  > <i class='ioa-front-icon  plus-2icon-'><\/i> Caso del Mes n\u00b013 Agosto 2020, \u00abLinfangioma de Mama\u00bb, Dr. Javier Rodr\u00edguez Lucero<\/a><\/h4><div id='tg69e3a23fc5664' itemprop='description' class='toggle-body collapse'>\n<p><iframe title=\"Caso del Mes n\u00b013 Agosto 2020, \"Linfangioma de Mama\", Dr. Javier Rodr\u00edguez Lucero\" width=\"500\" height=\"281\" src=\"https:\/\/www.youtube.com\/embed\/V0xzi9S9qyA?feature=oembed\" frameborder=\"0\" allow=\"accelerometer; autoplay; clipboard-write; encrypted-media; gyroscope; picture-in-picture; web-share\" allowfullscreen><\/iframe><\/p>\n<p><span style=\"color: #000000;\"><strong><span style=\"color: #000000;\"><a href=\"https:\/\/faardit.org.ar\/web\/wp-content\/uploads\/2020\/08\/Dr.-Lucero.jpg\"><img loading=\"lazy\" class=\"alignleft wp-image-4331\" src=\"https:\/\/faardit.org.ar\/web\/wp-content\/uploads\/2020\/08\/Dr.-Lucero.jpg\" alt=\"\" width=\"87\" height=\"128\" \/><\/a>Dr. Javier Rodr\u00edguez Lucero<\/span><\/strong><\/span><\/p>\n<p><span style=\"color: #000000;\">\u2022 M\u00e9dico Especialista en Diagn\u00f3stico por Im\u00e1genes Acreditado en Im\u00e1genes Mamarias.<\/span><br \/>\n<span style=\"color: #000000;\">\u2022 Presidente de SIBIM.<\/span><br \/>\n<span style=\"color: #000000;\">\u2022 Director Acad\u00e9mico y Cient\u00edfico Instituto ELAS<\/span><br \/>\n<span style=\"color: #000000;\">Diagn\u00f3stico de la Mujer &#8211; Rosario, Argentina.<\/span><br \/>\n<span style=\"color: #000000;\">\u2022 Ex Presidente Asociaci\u00f3n de Diagn\u00f3stico por Im\u00e1genes y Terapia Radiante de Rosario.<\/span><br \/>\n<span style=\"color: #000000;\">\u2022 Profesor del CIR.<\/span><br \/>\n<span style=\"color: #000000;\">\u2022 Miembro Comisi\u00f3n Directiva FAARDIT y Sociedad de Mastolog\u00eda de Rosario.<\/span><br \/>\n<span style=\"color: #000000;\">\u2022 Revisor Revistas de la Especialidad Nacionales e Internacionales<\/span><br \/>\n<span style=\"color: #000000;\">\u2022 Antecedentes como Docente pregrado y posgrado Facultad de Ciencias M\u00e9dicas de la Universidad Nacional de Rosario.<\/span><\/div> <\/div> <div class='toggle ' itemscope itemtype='http:\/\/schema.org\/Thing'><h4><a href=\"#tg69e3a23fc59b1\" class='toggle-title ' itemprop='name'  > <i class='ioa-front-icon  plus-2icon-'><\/i> Caso del Mes n\u00b026 Noviembre 2020, \u00abSeroma Tard\u00edo\u00bb, Dra. Gisele Delieutraz y Carla Scarcella Milea<\/a><\/h4><div id='tg69e3a23fc59b1' itemprop='description' class='toggle-body collapse'>\n<p><iframe title=\"Caso del Mes n\u00b026 Noviembre 2020, \"Seroma Tard\u00edo\", Dra. Gisele Delieutraz y Carla Scarcella Milea\" width=\"500\" height=\"281\" src=\"https:\/\/www.youtube.com\/embed\/YfIKy5DH7KY?feature=oembed\" frameborder=\"0\" allow=\"accelerometer; autoplay; clipboard-write; encrypted-media; gyroscope; picture-in-picture; web-share\" allowfullscreen><\/iframe><\/p>\n<p><span style=\"color: #000000;\"><strong><span style=\"color: #000000;\"><a href=\"https:\/\/faardit.org.ar\/web\/wp-content\/uploads\/2020\/11\/Dra-Gisene-Delieutraz.png\"><img loading=\"lazy\" class=\"alignleft wp-image-4547\" src=\"https:\/\/faardit.org.ar\/web\/wp-content\/uploads\/2020\/11\/Dra-Gisene-Delieutraz.png\" alt=\"\" width=\"105\" height=\"160\" \/><\/a>Dra. Gisele Delieutraz<\/span><\/strong><\/span><\/p>\n<p><span style=\"color: #000000;\">\u2022 Residente de 4\u00b0 a\u00f1o de Diagn\u00f3stico por Im\u00e1genes. HIG Dr Jos\u00e9 Penna. Bah\u00eda Blanca. Buenos Aires. Argentina.<\/span><\/p>\n<p><span style=\"color: #000000;\">\u2022 Socia FAARDIT y SAR.<\/span><\/p>\n<p><a href=\"mailto:gisele.delieutraz@gmail.com\"><strong>gisele.delieutraz@gmail.com<\/strong><\/a><\/p>\n<p><span style=\"color: #000000;\"><strong><a href=\"https:\/\/faardit.org.ar\/web\/wp-content\/uploads\/2020\/11\/Carla-Scarcella-Milea.png\"><img loading=\"lazy\" class=\"alignleft wp-image-4548\" src=\"https:\/\/faardit.org.ar\/web\/wp-content\/uploads\/2020\/11\/Carla-Scarcella-Milea.png\" alt=\"\" width=\"111\" height=\"158\" \/><\/a>Dra. Carla Scarcella Milea<\/strong><\/span><\/p>\n<p><span style=\"color: #000000;\">\u2022 Especialista en Diagn\u00f3stico por Im\u00e1genes.<\/span><\/p>\n<p><span style=\"color: #000000;\">\u2022 M\u00e9dica de planta. HIG Dr Jos\u00e9 Penna. Bah\u00eda Blanca. Buenos Aires. Argentina.<\/span><\/p>\n<p><span style=\"color: #000000;\">\u2022 Socia FAARDIT y SAR.<\/span><\/p>\n<p><span style=\"color: #000000;\"><a style=\"color: #000000;\" href=\"mailto:carlascarcella@gmail.com\"><strong>carlascarcella@gmail.com<\/strong><\/a><\/span><\/p>\n<\/div> <\/div> <div class='toggle ' itemscope itemtype='http:\/\/schema.org\/Thing'><h4><a href=\"#tg69e3a23fc5d1b\" class='toggle-title ' itemprop='name'  > <i class='ioa-front-icon  plus-2icon-'><\/i> Caso del Mes n\u00b039 Febrero 2021, \u00abPseudoaneurisma Axilar\u00bb<\/a><\/h4><div id='tg69e3a23fc5d1b' itemprop='description' class='toggle-body collapse'>\n<p><iframe title=\"Caso del Mes n\u00b039 Febrero 2021, \"Pseudoaneurisma Axilar\"\" width=\"500\" height=\"281\" src=\"https:\/\/www.youtube.com\/embed\/tMBSyrlvako?feature=oembed\" frameborder=\"0\" allow=\"accelerometer; autoplay; clipboard-write; encrypted-media; gyroscope; picture-in-picture; web-share\" allowfullscreen><\/iframe><\/p>\n<p><span style=\"color: #000000;\"><strong><span style=\"color: #000000;\"><a href=\"https:\/\/faardit.org.ar\/web\/wp-content\/uploads\/2021\/03\/3-Foto-Fiorella-Lancioni.png\"><img loading=\"lazy\" class=\"alignleft wp-image-4787\" src=\"https:\/\/faardit.org.ar\/web\/wp-content\/uploads\/2021\/03\/3-Foto-Fiorella-Lancioni.png\" alt=\"\" width=\"92\" height=\"114\" \/><\/a>Dra. Fiorella Lancioni<\/span><\/strong><\/span><\/p>\n<p><span style=\"color: #000000;\">\u2022 Responsable del Servicio de Im\u00e1genes Mamarias. Empresa Leben Salud <\/span><\/p>\n<p><span style=\"color: #000000;\">\u2022 Fundaci\u00f3n Medica de R\u00edo Negro y Neuqu\u00e9n <\/span><\/p>\n<p><span style=\"color: #000000;\">\u2022 Cl\u00ednica de Im\u00e1genes y Centro Oncol\u00f3gico Integral Cipolletti R\u00edo Negro y Neuqu\u00e9n<\/span><\/p>\n<p><span style=\"color: #000000;\">\u2022 Especialista en Diagnostico por Im\u00e1genes<\/span><\/p>\n<p><span style=\"color: #000000;\">\u2022 Miembro titular de: SAM, FAARDIT, SAR.<\/span><\/p>\n<p><span style=\"color: #000000;\"><strong><a href=\"https:\/\/faardit.org.ar\/web\/wp-content\/uploads\/2021\/03\/3-Dr-Alejandra-Ordinola-1.jpg\"><img loading=\"lazy\" class=\"alignleft wp-image-4789\" src=\"https:\/\/faardit.org.ar\/web\/wp-content\/uploads\/2021\/03\/3-Dr-Alejandra-Ordinola-1.jpg\" alt=\"\" width=\"103\" height=\"127\" srcset=\"https:\/\/faardit.org.ar\/web\/wp-content\/uploads\/2021\/03\/3-Dr-Alejandra-Ordinola-1.jpg 306w, https:\/\/faardit.org.ar\/web\/wp-content\/uploads\/2021\/03\/3-Dr-Alejandra-Ordinola-1-242x300.jpg 242w\" sizes=\"(max-width: 103px) 100vw, 103px\" \/><\/a><span style=\"color: #000000;\">Dra. Alejandra Ordinola<\/span><\/strong><\/span><\/p>\n<p><span style=\"color: #000000;\">\u2022 Residente de 4 a\u00f1o de Leben Salud<\/span><\/p>\n<p><span style=\"color: #000000;\">\u2022 Residencia en Diagn\u00f3stico y Medicina por Im\u00e1genes de la UNLP.<\/span><\/p>\n<\/div> <\/div> <div class='toggle ' itemscope itemtype='http:\/\/schema.org\/Thing'><h4><a href=\"#tg69e3a23fc5fe6\" class='toggle-title ' itemprop='name'  > <i class='ioa-front-icon  plus-2icon-'><\/i> Caso del Mes n\u00b054 Junio 2021, \u00abLinfoma Primario de Mama\u00bb Dras. Fiorella Lancioni y Marianela Castro<\/a><\/h4><div id='tg69e3a23fc5fe6' itemprop='description' class='toggle-body collapse'>\n<p><iframe title=\"Caso del Mes n\u00b054 Junio 2021, \"Linfoma Primario de Mama\" Dras. Fiorella Lancioni y Marianela Castro\" width=\"500\" height=\"281\" src=\"https:\/\/www.youtube.com\/embed\/iLEAFPiUYT4?feature=oembed\" frameborder=\"0\" allow=\"accelerometer; autoplay; clipboard-write; encrypted-media; gyroscope; picture-in-picture; web-share\" allowfullscreen><\/iframe><\/p>\n<p><strong><span style=\"color: #000000;\"><a href=\"https:\/\/faardit.org.ar\/web\/wp-content\/uploads\/2021\/06\/2-Dra-Liorella-Lancioni.png\"><img loading=\"lazy\" class=\"alignleft wp-image-4979\" src=\"https:\/\/faardit.org.ar\/web\/wp-content\/uploads\/2021\/06\/2-Dra-Liorella-Lancioni.png\" alt=\"\" width=\"132\" height=\"131\" srcset=\"https:\/\/faardit.org.ar\/web\/wp-content\/uploads\/2021\/06\/2-Dra-Liorella-Lancioni.png 236w, https:\/\/faardit.org.ar\/web\/wp-content\/uploads\/2021\/06\/2-Dra-Liorella-Lancioni-150x150.png 150w, https:\/\/faardit.org.ar\/web\/wp-content\/uploads\/2021\/06\/2-Dra-Liorella-Lancioni-300x300.png 300w\" sizes=\"(max-width: 132px) 100vw, 132px\" \/><\/a>Dra. Fiorella Lancioni<\/span><\/strong><\/p>\n<p><span style=\"color: #000000;\">\u2022 Responsable del Servicio de Im\u00e1genes Mamarias. Empresa Leben Salud &#8211; Fundaci\u00f3n Medica de R\u00edo Negro y Neuqu\u00e9n; Cl\u00ednica de Im\u00e1genes y Centro Oncol\u00f3gico Integral Cipolletti R\u00edo Negro y Neuqu\u00e9n<\/span><\/p>\n<p><span style=\"color: #000000;\">\u2022 Especialista en Diagn\u00f3stico por Im\u00e1genes<\/span><\/p>\n<p><span style=\"color: #000000;\">\u2022 Miembro titular de: \u00a0SAM, FAARDIT,\u00a0 SAR<\/span><\/p>\n<p><strong><span style=\"color: #000000;\"><a href=\"https:\/\/faardit.org.ar\/web\/wp-content\/uploads\/2021\/06\/2-Dra-Castro-Marianella.jpg\"><img loading=\"lazy\" class=\"alignleft wp-image-4978\" src=\"https:\/\/faardit.org.ar\/web\/wp-content\/uploads\/2021\/06\/2-Dra-Castro-Marianella.jpg\" alt=\"\" width=\"130\" height=\"164\" \/><\/a>Dra. Marianela Castro<\/span><\/strong><\/p>\n<p><span style=\"color: #000000;\">\u2022 Residente de 4 a\u00f1o de Diagn\u00f3stico por Im\u00e1genes en Leben Salud, Cipolletti Rio Negro.<\/span><\/p>\n<\/div> <\/div> <div class='toggle ' itemscope itemtype='http:\/\/schema.org\/Thing'><h4><a href=\"#tg69e3a23fc622c\" class='toggle-title ' itemprop='name'  > <i class='ioa-front-icon  plus-2icon-'><\/i> Caso del Mes n\u00b0123 Diciembre 2022, \u201cSarcoma de Mama Asociado al Sme Li Fraumeni\u201d Dr. Miguel Guerra<\/a><\/h4><div id='tg69e3a23fc622c' itemprop='description' class='toggle-body collapse'>\n<p><iframe title=\"Caso del Mes n\u00b0123 Diciembre 2022, \u201cSarcoma de Mama Asociado al Sme Li Fraumeni\u201d Dr. Miguel Guerra\" width=\"500\" height=\"281\" src=\"https:\/\/www.youtube.com\/embed\/mUvv5cr-vd4?feature=oembed\" frameborder=\"0\" allow=\"accelerometer; autoplay; clipboard-write; encrypted-media; gyroscope; picture-in-picture; web-share\" allowfullscreen><\/iframe><\/p>\n<p><span style=\"color: #000000;\"><strong><a href=\"https:\/\/faardit.org.ar\/web\/wp-content\/uploads\/2022\/12\/caso-1Dr-Miguel-Guerra.jpg\"><img loading=\"lazy\" class=\"alignleft wp-image-6050\" src=\"https:\/\/faardit.org.ar\/web\/wp-content\/uploads\/2022\/12\/caso-1Dr-Miguel-Guerra.jpg\" alt=\"\" width=\"116\" height=\"116\" srcset=\"https:\/\/faardit.org.ar\/web\/wp-content\/uploads\/2022\/12\/caso-1Dr-Miguel-Guerra.jpg 944w, https:\/\/faardit.org.ar\/web\/wp-content\/uploads\/2022\/12\/caso-1Dr-Miguel-Guerra-300x300.jpg 300w, https:\/\/faardit.org.ar\/web\/wp-content\/uploads\/2022\/12\/caso-1Dr-Miguel-Guerra-150x150.jpg 150w, https:\/\/faardit.org.ar\/web\/wp-content\/uploads\/2022\/12\/caso-1Dr-Miguel-Guerra-768x768.jpg 768w\" sizes=\"(max-width: 116px) 100vw, 116px\" \/><\/a><span style=\"color: #000000;\">Dr. Miguel Guerra<\/span><\/strong><\/span><\/p>\n<div><span style=\"color: #000000;\">\u2022 Residente 3\u00b0 a\u00f1o Instituto Conci Carpinella C\u00f3rdoba.<\/span><\/div>\n<div><span style=\"color: #000000;\">\u2022 Menci\u00f3n especial Encuentro re Residentes CADI 2021.<\/span><\/div>\n<\/div> <\/div> <div class='toggle ' itemscope itemtype='http:\/\/schema.org\/Thing'><h4><a href=\"#tg69e3a23fc646d\" class='toggle-title ' itemprop='name'  > <i class='ioa-front-icon  plus-2icon-'><\/i> Caso del Mes n\u00b0125 Diciembre 2022, \u201cInteligencia Artificial en Mamograf\u00eda\u201d Dra. Paula Cecilia Riba<\/a><\/h4><div id='tg69e3a23fc646d' itemprop='description' class='toggle-body collapse'>\n<p><iframe title=\"Caso del Mes n\u00b0125 Diciembre 2022, \u201cInteligencia Artificial en Mamograf\u00eda\u201d Dra. Paula Cecilia Riba\" width=\"500\" height=\"281\" src=\"https:\/\/www.youtube.com\/embed\/8gh5GrJ6fg4?feature=oembed\" frameborder=\"0\" allow=\"accelerometer; autoplay; clipboard-write; encrypted-media; gyroscope; picture-in-picture; web-share\" allowfullscreen><\/iframe><\/p>\n<p><span style=\"color: #000000;\"><strong><span style=\"color: #000000;\"><a href=\"https:\/\/faardit.org.ar\/web\/wp-content\/uploads\/2022\/12\/Dra-De-Prato-Virginia.jpg\"><img loading=\"lazy\" class=\"alignleft wp-image-6055\" src=\"https:\/\/faardit.org.ar\/web\/wp-content\/uploads\/2022\/12\/Dra-De-Prato-Virginia.jpg\" alt=\"\" width=\"127\" height=\"169\" srcset=\"https:\/\/faardit.org.ar\/web\/wp-content\/uploads\/2022\/12\/Dra-De-Prato-Virginia.jpg 542w, https:\/\/faardit.org.ar\/web\/wp-content\/uploads\/2022\/12\/Dra-De-Prato-Virginia-226x300.jpg 226w, https:\/\/faardit.org.ar\/web\/wp-content\/uploads\/2022\/12\/Dra-De-Prato-Virginia-300x400.jpg 300w\" sizes=\"(max-width: 127px) 100vw, 127px\" \/><\/a><\/span><\/strong><strong>Dra. Paula Cecilia Riba<\/strong><\/span><\/p>\n<div>\n<p><span style=\"color: #000000;\">\u2022 Medica Servicio de Im\u00e1genes Mamarias y Ginecol\u00f3gicas. Instituto Outlon C\u00f3rdoba.<\/span><\/p>\n<p><span style=\"color: #000000;\">\u2022 Miembro titular de: SORDIC y FAARDIT<\/span><\/div>\n<\/div> <\/div> <div class='toggle ' itemscope itemtype='http:\/\/schema.org\/Thing'><h4><a href=\"#tg69e3a23fc6690\" class='toggle-title ' itemprop='name'  > <i class='ioa-front-icon  plus-2icon-'><\/i> Caso del Mes n\u00b0142 Mayo 2023, \u201cMicrocalcificaciones que desaparecen\u201d Dr. Javier Rodr\u00edguez Lucero<\/a><\/h4><div id='tg69e3a23fc6690' itemprop='description' class='toggle-body collapse'>\n<p><iframe title=\"Caso del Mes n\u00b0142 Mayo 2023, \u201cMicrocalcificaciones que desaparecen\u201d Dr. Javier Rodr\u00edguez Lucero\" width=\"500\" height=\"281\" src=\"https:\/\/www.youtube.com\/embed\/Qu2VNMY7Vkc?feature=oembed\" frameborder=\"0\" allow=\"accelerometer; autoplay; clipboard-write; encrypted-media; gyroscope; picture-in-picture; web-share\" allowfullscreen><\/iframe><\/p>\n<p><strong><span style=\"color: #000000;\"><a href=\"https:\/\/faardit.org.ar\/web\/wp-content\/uploads\/2023\/05\/Imagen.png\"><img loading=\"lazy\" class=\"alignleft wp-image-6283\" src=\"https:\/\/faardit.org.ar\/web\/wp-content\/uploads\/2023\/05\/Imagen.png\" alt=\"\" width=\"118\" height=\"176\" srcset=\"https:\/\/faardit.org.ar\/web\/wp-content\/uploads\/2023\/05\/Imagen.png 238w, https:\/\/faardit.org.ar\/web\/wp-content\/uploads\/2023\/05\/Imagen-201x300.png 201w\" sizes=\"(max-width: 118px) 100vw, 118px\" \/><\/a>Dr. Javier Lucero<\/span><\/strong><\/p>\n<p><span style=\"color: #000000;\">\u2022 Director ELAS Diagn\u00f3stico de la mujer.<\/span><br \/>\n<span style=\"color: #000000;\">\u2022 Past President de SIBIM.<\/span><\/p>\n<\/div> <\/div> <div class='toggle ' itemscope itemtype='http:\/\/schema.org\/Thing'><h4><a href=\"#tg69e3a23fc68aa\" class='toggle-title ' itemprop='name'  > <i class='ioa-front-icon  plus-2icon-'><\/i> Caso del Mes n\u00b0150 Agosto 2023, \u201cCarcinoma de Mama Triple Negativo\u201d Dra. De Andreis Mar\u00eda Agustina<\/a><\/h4><div id='tg69e3a23fc68aa' itemprop='description' class='toggle-body collapse'>\n<p><iframe title=\"Caso del Mes n\u00b0150 Agosto 2023, \u201cCarcinoma de Mama Triple Negativo\u201d Dra. De Andreis Mar\u00eda Agustina\" width=\"500\" height=\"281\" src=\"https:\/\/www.youtube.com\/embed\/ScnGJozfEUU?feature=oembed\" frameborder=\"0\" allow=\"accelerometer; autoplay; clipboard-write; encrypted-media; gyroscope; picture-in-picture; web-share\" allowfullscreen><\/iframe><\/p>\n<p><span style=\"color: #000000;\"><strong><a href=\"https:\/\/faardit.org.ar\/web\/wp-content\/uploads\/2023\/08\/Dra-DeAndreis.png\"><img loading=\"lazy\" class=\"alignleft wp-image-6405\" src=\"https:\/\/faardit.org.ar\/web\/wp-content\/uploads\/2023\/08\/Dra-DeAndreis.png\" alt=\"\" width=\"84\" height=\"148\" \/><\/a><span style=\"color: #000000;\">Dra. De Andreis Mar\u00eda Agustina<\/span><\/strong><\/span><\/p>\n<p><span style=\"color: #000000;\">Residente de 4\u00b0 a\u00f1o en el Servicio de Diagn\u00f3stico por Im\u00e1genes del hospital San Mart\u00edn de<\/span><br \/>\n<span style=\"color: #000000;\">La Plata.<\/span><\/p>\n<\/div> <\/div>\n\t\t\n  \n\t\t<\/div>\n\n\t\n\t<\/div>\n<\/div>\n\n\t\t\n\t<\/div>\n\n\t\n<\/div>\n\n\t\t\t\n\t\n\t<\/div>\n\n\t\t\n\n\t\t<\/div>\n<\/div>\t\n\n\n","protected":false},"excerpt":{"rendered":"","protected":false},"author":1,"featured_media":0,"parent":0,"menu_order":0,"comment_status":"closed","ping_status":"closed","template":"","meta":[],"_links":{"self":[{"href":"https:\/\/faardit.org.ar\/web\/wp-json\/wp\/v2\/pages\/4676"}],"collection":[{"href":"https:\/\/faardit.org.ar\/web\/wp-json\/wp\/v2\/pages"}],"about":[{"href":"https:\/\/faardit.org.ar\/web\/wp-json\/wp\/v2\/types\/page"}],"author":[{"embeddable":true,"href":"https:\/\/faardit.org.ar\/web\/wp-json\/wp\/v2\/users\/1"}],"replies":[{"embeddable":true,"href":"https:\/\/faardit.org.ar\/web\/wp-json\/wp\/v2\/comments?post=4676"}],"version-history":[{"count":7,"href":"https:\/\/faardit.org.ar\/web\/wp-json\/wp\/v2\/pages\/4676\/revisions"}],"predecessor-version":[{"id":6703,"href":"https:\/\/faardit.org.ar\/web\/wp-json\/wp\/v2\/pages\/4676\/revisions\/6703"}],"wp:attachment":[{"href":"https:\/\/faardit.org.ar\/web\/wp-json\/wp\/v2\/media?parent=4676"}],"curies":[{"name":"wp","href":"https:\/\/api.w.org\/{rel}","templated":true}]}}