{"id":4684,"date":"2021-02-03T15:17:27","date_gmt":"2021-02-03T15:17:27","guid":{"rendered":"https:\/\/faardit.org.ar\/web\/?page_id=4684"},"modified":"2024-01-12T14:22:37","modified_gmt":"2024-01-12T14:22:37","slug":"archivo-casos-del-mes-cardiovascular","status":"publish","type":"page","link":"https:\/\/faardit.org.ar\/web\/archivo-casos-del-mes-cardiovascular\/","title":{"rendered":"Archivo Casos del Mes &#8211; Cardiovascular"},"content":{"rendered":"<div class=\"page-section  clearfix first-section last-section\" style=\"z-index:1\" id='rpsBUHFTLLQ3YHLKJURYWRSAF5PQVR0CPPK' data-exheight='0' >\n\t\n\t<div class=\"section-inner-wrap\">\n\n\t\t\n\n\n\t\t\t\n\n\t<div class=\"skeleton section-content auto_align clearfix\" data-width=\"Contained\">\n\t\t\n\t\t\t\t\t\n<div class=\"rad-container  layout_element  full last first  top   clearfix\" id=\"rpcKOCI9R0TK0YHGF7GU0972GCXKGMBCXC1\" data-layout=\"full\">\n\t\n\t \t\n\n\t<div class=\"rad-inner-container clearfix\">\n\t \n\n\n<div  data-key=\"rad_text_widget\"  style='-webkit-transition-delay:0s;transition-delay:0s;' id=\"rpwKMLVK3XJC8HJ7VIFISFU96VI30SXYFQ7\" class=\" w_full w_layout_element  top  widget-animate widget-animate-fade-top  rad-widget\">\n\t\n<div class='ioa-text-column centered  col-align-center  clearfix'> \n      <div class='ioa-icon-area' style='margin-top:0'> <img src='https:\/\/faardit.org.ar\/web\/wp-content\/uploads\/2022\/01\/Cardiovascular.png' alt='text icon'\/>  <\/div>\n      <div class='ioa-text-area'>\n        <h3 class='text-title'>CARDIOVASCULAR<\/h3>\n        \n        \n        \n        \n      <\/div> \n     <\/div>\n<\/div>\n<div  data-key=\"rad_toggle_widget\"  id=\"rpwVPO6QAHQWLEIEEWVQLQM726UAKPUH0GI\" class=\" w_full w_layout_element   rad-widget\">\n\n\t<div class=\"toggle-inner-wrap\">\n\t\t\n\n\t\t<div class=\" clearfix toggle-style-simple\" itemscope itemtype=\"http:\/\/schema.org\/ItemList\">\n  \t\t\n\t\t\n\t\t <div class='toggle ' itemscope itemtype='http:\/\/schema.org\/Thing'><h4><a href=\"#tg69d4d2e37d294\" class='toggle-title ' itemprop='name'  > <i class='ioa-front-icon  plus-2icon-'><\/i> Caso del Mes n\u00b04 Mayo 2020, \u00abSarcoma de Arteria Pulmonar\u00bb, Dr. Alberto Marangoni<\/a><\/h4><div id='tg69d4d2e37d294' itemprop='description' class='toggle-body collapse'>\n<p><iframe title=\"Caso del Mes n\u00b04 Mayo 2020, \"Sarcoma de Arteria Pulmonar\", Dr. Alberto Marangoni\" width=\"500\" height=\"281\" src=\"https:\/\/www.youtube.com\/embed\/93gmwokjY78?start=18&#038;feature=oembed\" frameborder=\"0\" allow=\"accelerometer; autoplay; clipboard-write; encrypted-media; gyroscope; picture-in-picture; web-share\" allowfullscreen><\/iframe><\/p>\n<p><a href=\"https:\/\/faardit.org.ar\/web\/wp-content\/uploads\/2020\/05\/Dr-Alberto-Marangoni-FAARDIT.jpg\"><img loading=\"lazy\" class=\"alignleft wp-image-3877\" src=\"https:\/\/faardit.org.ar\/web\/wp-content\/uploads\/2020\/05\/Dr-Alberto-Marangoni-FAARDIT.jpg\" alt=\"\" width=\"125\" height=\"125\" srcset=\"https:\/\/faardit.org.ar\/web\/wp-content\/uploads\/2020\/05\/Dr-Alberto-Marangoni-FAARDIT.jpg 225w, https:\/\/faardit.org.ar\/web\/wp-content\/uploads\/2020\/05\/Dr-Alberto-Marangoni-FAARDIT-150x150.jpg 150w\" sizes=\"(max-width: 125px) 100vw, 125px\" \/><\/a><span style=\"color: #000000;\"><strong>Prof.<\/strong> <strong>Dr. Alberto Marangoni<\/strong> <\/span><\/p>\n<p><span style=\"color: #000000;\"><em>Sanatorio Allende, C\u00f3rdoba, Argentina<\/em> <\/span><\/p>\n<p><span style=\"color: #000000;\">\u2022 Jefe del Servicio de Diagn\u00f3stico por Im\u00e1genes &#8211; Sanatorio Allende, C\u00f3rdoba, Argentina <\/span><\/p>\n<p><span style=\"color: #000000;\">\u2022 Profesor y Doctor en Medicina \u2013 Facultad Medicina \u2013 Universidad Cat\u00f3lica de C\u00f3rdoba <\/span><\/p>\n<p><span style=\"color: #000000;\"><em>Miembro de:<\/em> <\/span><\/p>\n<p><span style=\"color: #000000;\">\u2022 Sociedad de Radiolog\u00eda de C\u00f3rdoba (SORDIC) <\/span><\/p>\n<p><span style=\"color: #000000;\">\u2022 Federaci\u00f3n Argentina de Asociaciones de Radiolog\u00eda, Diagn\u00f3stico por Im\u00e1genes y Terapia Radiante (FAARDIT) <\/span><\/p>\n<p><span style=\"color: #000000;\">\u2022 RSNA (Sociedad de Radiolog\u00eda de Norteam\u00e9rica( <\/span><\/p>\n<p><span style=\"color: #000000;\">\u2022 ESR (Sociedad Europea de Radiolog\u00eda) <\/span><\/p>\n<p><span style=\"color: #000000;\">\u2022 CIR (Colegio Interamericano de Radiolog\u00eda) <\/span><\/p>\n<p><span style=\"color: #000000;\">\u2022 AAMR (Asociaci\u00f3n Argentina de Medicina Respiratoria) <\/span><\/p>\n<p><span style=\"color: #000000;\">\u2022 Profesor de Pre y Pos Grado de la Facultad de Medicina de la Universidad Cat\u00f3lica de C\u00f3rdoba <\/span><\/p>\n<p><span style=\"color: #000000;\">\u2022 Profesor de Pos Grado de la Facultad de Medicina de la Universidad Nacional de C\u00f3rdoba <\/span><\/p>\n<p><span style=\"color: #000000;\">\u2022 Vicepresidente de la FAARDIT <\/span><\/p>\n<p><span style=\"color: #000000;\">\u2022 Ex Presidente de la SORDIC <\/span><\/p>\n<p><span style=\"color: #000000;\">\u2022 Ex Editor de las Revistas Im\u00e1genes (FAARDIT) y de RAR (FAARDIT-SAR) por m\u00e1s de 20 a\u00f1os <\/span><\/p>\n<p><span style=\"color: #000000;\">\u2022 Organizaci\u00f3n de los Congresos de SORDIC, FAARDIT y de SAR por m\u00e1s de 12 a\u00f1os, en diferentes funciones <\/span><\/p>\n<p><span style=\"color: #000000;\">\u2022 Participaci\u00f3n en 370 oportunidades como Profesor Disertante en numerosos Congresos Nacionales e Internacionales de Diagn\u00f3stico por Im\u00e1genes y de otras Especialidades <\/span><\/p>\n<p><span style=\"color: #000000;\">\u2022 55 Publicaciones en Revistas Nacionales e Internacionales <\/span><\/p>\n<p><span style=\"color: #000000;\">\u2022 Director de 2 Tesis Doctorales y Miembro de Tribunal de 5 Tesis Doctorales <\/span><\/p>\n<p><span style=\"color: #000000;\">\u2022 Presidente del Comit\u00e9 de Contralor de Diagn\u00f3stico por Im\u00e1genes del Consejo de M\u00e9dicos de la Provincia de C\u00f3rdoba (CMPC) <\/span><\/p>\n<p><span style=\"color: #000000;\">\u2022 Miembro y Ex Presidente del Comit\u00e9 de Capacitaci\u00f3n y Docencia del Sanatorio Allende, C\u00f3rdoba (Argentina).<\/span><\/div> <\/div> <div class='toggle ' itemscope itemtype='http:\/\/schema.org\/Thing'><h4><a href=\"#tg69d4d2e37d574\" class='toggle-title ' itemprop='name'  > <i class='ioa-front-icon  plus-2icon-'><\/i> Caso del Mes n\u00b020 Octubre 2020, \u00abSitus Ambiguous \u00ab, Dr. Juan Bertona<\/a><\/h4><div id='tg69d4d2e37d574' itemprop='description' class='toggle-body collapse'>\n<p><iframe title=\"Caso del Mes n\u00b020 Octubre 2020, \"Situs Ambiguous \", Dr. Juan Bertona\" width=\"500\" height=\"375\" src=\"https:\/\/www.youtube.com\/embed\/aQz2tungU64?feature=oembed\" frameborder=\"0\" allow=\"accelerometer; autoplay; clipboard-write; encrypted-media; gyroscope; picture-in-picture; web-share\" allowfullscreen><\/iframe><\/p>\n<p><span style=\"color: #000000;\"><strong><span style=\"color: #000000;\"><a href=\"https:\/\/faardit.org.ar\/web\/wp-content\/uploads\/2020\/10\/jb.jpg\"><img loading=\"lazy\" class=\"alignleft wp-image-4449\" src=\"https:\/\/faardit.org.ar\/web\/wp-content\/uploads\/2020\/10\/jb.jpg\" alt=\"\" width=\"137\" height=\"171\" \/><\/a>Dr. Juan Jos\u00e9 Bertona<\/span><\/strong>\u00a0<\/span><\/p>\n<p><span style=\"color: #000000;\">\u2022 Cl\u00ednica Privada Velez Sarsfield, C\u00f3rdoba Capital,<\/span><\/p>\n<p><span style=\"color: #000000;\">\u2022 Miembro titular de:<\/span><\/p>\n<p><span style=\"color: #000000;\">-Sociedad de Radiolog\u00eda de C\u00f3rdoba (SORDIC).<\/span><\/p>\n<p><span style=\"color: #000000;\">-Federaci\u00f3n Argentina de Asociaciones de Radiolog\u00eda, Diagn\u00f3stico por Im\u00e1genes y Terapia Radiante (FAARDIT).<\/span><\/p>\n<p><span style=\"color: #000000;\">\u2022 Docente de la Facultad de Ciencias M\u00e9dicas, UNC, C\u00e1tedra de Diagn\u00f3stico por Im\u00e1genes, Hospital de Cl\u00ednicas.<\/span><\/p>\n<p><span style=\"color: #000000;\">\u2022 Vicepresidente de la Sociedad de Radiolog\u00eda de C\u00f3rdoba (SORDIC).<\/span><\/p>\n<p><span style=\"color: #000000;\">\u2022 Docente de postgrado en Diagn\u00f3stico por Im\u00e1genes UNC.<\/span><\/div> <\/div> <div class='toggle ' itemscope itemtype='http:\/\/schema.org\/Thing'><h4><a href=\"#tg69d4d2e37d8b5\" class='toggle-title ' itemprop='name'  > <i class='ioa-front-icon  plus-2icon-'><\/i> Caso del Mes n\u00b031 Diciembre 2020, \u00abS\u00edndrome Shaggy Aorta\u00bb Dres. Sergio Lucino e Ignacio Belisle<\/a><\/h4><div id='tg69d4d2e37d8b5' itemprop='description' class='toggle-body collapse'>\n<p><iframe title=\"Caso del Mes n\u00b031 Diciembre 2020, \"S\u00edndrome Shaggy Aorta\" Dres. Sergio Lucino e Ignacio Belisle\" width=\"500\" height=\"281\" src=\"https:\/\/www.youtube.com\/embed\/GdFfP7XHRVI?feature=oembed\" frameborder=\"0\" allow=\"accelerometer; autoplay; clipboard-write; encrypted-media; gyroscope; picture-in-picture; web-share\" allowfullscreen><\/iframe><\/p>\n<p><span style=\"color: #000000;\"><strong><span style=\"color: #000000;\"><a href=\"https:\/\/faardit.org.ar\/web\/wp-content\/uploads\/2021\/01\/Sergio-Lucino.jpg\"><img loading=\"lazy\" class=\"alignleft wp-image-4589\" src=\"https:\/\/faardit.org.ar\/web\/wp-content\/uploads\/2021\/01\/Sergio-Lucino.jpg\" alt=\"\" width=\"113\" height=\"130\" \/><\/a>Dr. Sergio Lucino<\/span><\/strong><\/span><\/p>\n<p><span style=\"color: #000000;\">\u2022 Instituto Oulton , m\u00e9dico residente 2do a\u00f1o. C\u00f3rdoba. M\u00e9dico especialista en Diagn\u00f3stico por Im\u00e1genes. Jefe de servicio del \u00e1rea cuerpo entero<\/span><\/p>\n<p><span style=\"color: #000000;\">\u2022 Miembro titular de:<\/span><\/p>\n<p><span style=\"color: #000000;\">-Sociedad de Radiolog\u00eda de C\u00f3rdoba (SORDIC)<\/span><\/p>\n<p><span style=\"color: #000000;\">-Federaci\u00f3n Argentina de Asociaciones de Radiolog\u00eda, Diagn\u00f3stico por Im\u00e1genes y Terapia Radiante (FAARDIT)<\/span><\/p>\n<p><strong><img loading=\"lazy\" class=\"alignleft wp-image-4590\" src=\"https:\/\/faardit.org.ar\/web\/wp-content\/uploads\/2021\/01\/Ignacio-Belisle.jpg\" alt=\"\" width=\"115\" height=\"150\" srcset=\"https:\/\/faardit.org.ar\/web\/wp-content\/uploads\/2021\/01\/Ignacio-Belisle.jpg 1908w, https:\/\/faardit.org.ar\/web\/wp-content\/uploads\/2021\/01\/Ignacio-Belisle-230x300.jpg 230w, https:\/\/faardit.org.ar\/web\/wp-content\/uploads\/2021\/01\/Ignacio-Belisle-785x1024.jpg 785w, https:\/\/faardit.org.ar\/web\/wp-content\/uploads\/2021\/01\/Ignacio-Belisle-768x1002.jpg 768w, https:\/\/faardit.org.ar\/web\/wp-content\/uploads\/2021\/01\/Ignacio-Belisle-1177x1536.jpg 1177w, https:\/\/faardit.org.ar\/web\/wp-content\/uploads\/2021\/01\/Ignacio-Belisle-1569x2048.jpg 1569w\" sizes=\"(max-width: 115px) 100vw, 115px\" \/><span style=\"color: #000000;\">Dr. Ignacio Belisle<\/span><\/strong><\/p>\n<p><span style=\"color: #000000;\">\u2022 Instituto Oulton , m\u00e9dico residente 2do a\u00f1o. C\u00f3rdoba. M\u00e9dico residente de Diagn\u00f3stico por Im\u00e1genes, 2do a\u00f1o.<\/span><\/p>\n<p><span style=\"color: #000000;\">\u2022 Miembro titular de:<\/span><\/p>\n<p><span style=\"color: #000000;\">-Sociedad de Radiolog\u00eda de C\u00f3rdoba (SORDIC)<\/span><\/p>\n<p><span style=\"color: #000000;\">-Federaci\u00f3n Argentina de Asociaciones de Radiolog\u00eda, Diagn\u00f3stico por Im\u00e1genes y Terapia Radiante (FAARDIT)<\/span><\/p>\n<\/div> <\/div> <div class='toggle ' itemscope itemtype='http:\/\/schema.org\/Thing'><h4><a href=\"#tg69d4d2e37db0c\" class='toggle-title ' itemprop='name'  > <i class='ioa-front-icon  plus-2icon-'><\/i> Caso del Mes n\u00b050 Mayo 2021, \u00abArco A\u00f3rtico a la Derecha\u00bb Dr. Adri\u00e1n Torres Lanuza<\/a><\/h4><div id='tg69d4d2e37db0c' itemprop='description' class='toggle-body collapse'>\n<p><iframe title=\"Caso del Mes n\u00b050 Mayo 2021, \"Arco A\u00f3rtico a la Derecha\" Dr. Adri\u00e1n Torres Lanuza\" width=\"500\" height=\"375\" src=\"https:\/\/www.youtube.com\/embed\/j_8HtfoYlVU?feature=oembed\" frameborder=\"0\" allow=\"accelerometer; autoplay; clipboard-write; encrypted-media; gyroscope; picture-in-picture; web-share\" allowfullscreen><\/iframe><\/p>\n<p><strong><span style=\"color: #000000;\"><a href=\"https:\/\/faardit.org.ar\/web\/wp-content\/uploads\/2021\/09\/2-Foto-Dr-Adrian-Torres-Lanuza-Panama.jpeg\"><img loading=\"lazy\" class=\"alignleft wp-image-5238\" src=\"https:\/\/faardit.org.ar\/web\/wp-content\/uploads\/2021\/09\/2-Foto-Dr-Adrian-Torres-Lanuza-Panama.jpeg\" alt=\"\" width=\"143\" height=\"174\" \/><\/a>Dr. Adri\u00e1n Torres Lanuza<\/span><\/strong><\/p>\n<p><span style=\"color: #000000;\">\u2022 M\u00e9dico Residente en Diagn\u00f3stico por Im\u00e1genes de 2\u00b0 a\u00f1o del Hospital Santo Tomas, Ciudad de Panam\u00e1, Panam\u00e1<\/span><\/p>\n<p><span style=\"color: #000000;\">Miembro titular de:<\/span><\/p>\n<p><span style=\"color: #000000;\">\u2022 Sociedad Paname\u00f1a de Radiolog\u00eda.<\/span><\/p>\n<p><span style=\"color: #000000;\">\u2022 Educaci\u00f3n m\u00e9dica continua.<\/span><\/p>\n<\/div> <\/div> <div class='toggle ' itemscope itemtype='http:\/\/schema.org\/Thing'><h4><a href=\"#tg69d4d2e37dd11\" class='toggle-title ' itemprop='name'  > <i class='ioa-front-icon  plus-2icon-'><\/i> Caso del Mes n\u00b073 Noviembre 2021, \u00abTrombosis A\u00f3rtica Aguda por COVID 19\u00bb Dra. B\u00e1rbara Catelani<\/a><\/h4><div id='tg69d4d2e37dd11' itemprop='description' class='toggle-body collapse'>\n<p><iframe title=\"Caso del Mes n\u00b073 Noviembre 2021, \"Trombosis A\u00f3rtica Aguda por COVID 19\" Dra. B\u00e1rbara Catelani\" width=\"500\" height=\"281\" src=\"https:\/\/www.youtube.com\/embed\/XwQ2JcFxZvM?feature=oembed\" frameborder=\"0\" allow=\"accelerometer; autoplay; clipboard-write; encrypted-media; gyroscope; picture-in-picture; web-share\" allowfullscreen><\/iframe><\/p>\n<p><strong><span style=\"color: #000000;\"><a href=\"https:\/\/faardit.org.ar\/web\/wp-content\/uploads\/2021\/11\/Catelani.jpg\"><img loading=\"lazy\" class=\"alignleft wp-image-5301\" src=\"https:\/\/faardit.org.ar\/web\/wp-content\/uploads\/2021\/11\/Catelani.jpg\" alt=\"\" width=\"118\" height=\"135\" srcset=\"https:\/\/faardit.org.ar\/web\/wp-content\/uploads\/2021\/11\/Catelani.jpg 1431w, https:\/\/faardit.org.ar\/web\/wp-content\/uploads\/2021\/11\/Catelani-262x300.jpg 262w, https:\/\/faardit.org.ar\/web\/wp-content\/uploads\/2021\/11\/Catelani-894x1024.jpg 894w, https:\/\/faardit.org.ar\/web\/wp-content\/uploads\/2021\/11\/Catelani-768x880.jpg 768w, https:\/\/faardit.org.ar\/web\/wp-content\/uploads\/2021\/11\/Catelani-1341x1536.jpg 1341w\" sizes=\"(max-width: 118px) 100vw, 118px\" \/><\/a>Dra. B\u00e1rbara Catelani<\/span><\/strong><\/p>\n<p><span style=\"color: #000000;\">\u2022 Residente de 2\u00b0 a\u00f1o del Hospital Clemente \u00c1lvarez de Rosario Santa Fe.<\/span><\/p>\n<p><span style=\"color: #000000;\">\u2022 Menci\u00f3n Especial Categor\u00eda Cuerpo del 43\u00b0 Encuentro de Residentes.<\/span><\/p>\n<\/div> <\/div> <div class='toggle ' itemscope itemtype='http:\/\/schema.org\/Thing'><h4><a href=\"#tg69d4d2e37e368\" class='toggle-title ' itemprop='name'  > <i class='ioa-front-icon  plus-2icon-'><\/i> Caso del Mes n\u00b075 Noviembre 2021, \u00abSindrome de Hughes Stovin-Enf de Behcet\u00bb<\/a><\/h4><div id='tg69d4d2e37e368' itemprop='description' class='toggle-body collapse'>\n<p><iframe title=\"Caso del Mes n\u00b075 Noviembre 2021, \"Sindrome de Hughes Stovin-Enf de Behcet\"\" width=\"500\" height=\"281\" src=\"https:\/\/www.youtube.com\/embed\/aVAy_YnwDKw?feature=oembed\" frameborder=\"0\" allow=\"accelerometer; autoplay; clipboard-write; encrypted-media; gyroscope; picture-in-picture; web-share\" allowfullscreen><\/iframe><\/p>\n<p><strong><span style=\"color: #000000;\"><a href=\"https:\/\/faardit.org.ar\/web\/wp-content\/uploads\/2021\/11\/Martin-Miguel-Pesce.jpg\"><img loading=\"lazy\" class=\"alignleft wp-image-5318\" src=\"https:\/\/faardit.org.ar\/web\/wp-content\/uploads\/2021\/11\/Martin-Miguel-Pesce.jpg\" alt=\"\" width=\"174\" height=\"116\" srcset=\"https:\/\/faardit.org.ar\/web\/wp-content\/uploads\/2021\/11\/Martin-Miguel-Pesce.jpg 1024w, https:\/\/faardit.org.ar\/web\/wp-content\/uploads\/2021\/11\/Martin-Miguel-Pesce-300x200.jpg 300w, https:\/\/faardit.org.ar\/web\/wp-content\/uploads\/2021\/11\/Martin-Miguel-Pesce-768x512.jpg 768w, https:\/\/faardit.org.ar\/web\/wp-content\/uploads\/2021\/11\/Martin-Miguel-Pesce-391x260.jpg 391w, https:\/\/faardit.org.ar\/web\/wp-content\/uploads\/2021\/11\/Martin-Miguel-Pesce-272x182.jpg 272w\" sizes=\"(max-width: 174px) 100vw, 174px\" \/><\/a>Dr. Mart\u00edn Miguel Pesce<\/span><\/strong><\/p>\n<p><span style=\"color: #000000;\">\u2022 Residente 4\u00b0 a\u00f1o en Diagn\u00f3stico por Im\u00e1genes Sistema Integrado Sanatorio Delta- Hospital Provincial de Rosario.<\/span><\/p>\n<p><span style=\"color: #000000;\"><u>MIEMBRO TITULAR:<\/u><\/span><\/p>\n<p><span style=\"color: #000000;\">\u2022 Asociaci\u00f3n de Diagnostico por Imagenes y terapia radiante de Rosario.<\/span><\/p>\n<p><span style=\"color: #000000;\">\u2022 Federaci\u00f3n Argentina de Asociaciones de Radiolog\u00eda, Diagn\u00f3stico por Im\u00e1genes y Terapia Radiante (FAARDIT).<\/span><\/p>\n<p><span style=\"color: #000000;\">\u2022 RSNA (Radiological Society of North Am\u00e9rica).<\/span><\/p>\n<p><span style=\"color: #000000;\">\u2022 ARRS (American Roentgen Ray Society).<\/span><\/p>\n<p><span style=\"color: #000000;\">\u2022 ESR (European Society of Radiology).<\/span><\/p>\n<p><span style=\"color: #000000;\">\u2022 BIR (British Institute of Radiology).<\/span><\/p>\n<p><span style=\"color: #000000;\">\u2022 SERAM (Sociedad Espa\u00f1ola de Radiolog\u00eda M\u00e9dica).<\/span><\/p>\n<p><span style=\"color: #000000;\">\u2022 AAMR (Asociaci\u00f3n Argentina de Medicina Respiratoria).<\/span><\/p>\n<p><span style=\"color: #000000;\">\u2022 ACR (Asociaci\u00f3n Colombiana de Radiolog\u00eda).<\/span><\/p>\n<p><span style=\"color: #000000;\">\u2022 SFR (Sociedad Francesa de Radiolog\u00eda).<\/span><\/p>\n<p><strong><a href=\"https:\/\/faardit.org.ar\/web\/wp-content\/uploads\/2021\/11\/Rodrigo-Sebastian-Loto.jpg\"><img loading=\"lazy\" class=\"alignleft wp-image-5319\" src=\"https:\/\/faardit.org.ar\/web\/wp-content\/uploads\/2021\/11\/Rodrigo-Sebastian-Loto.jpg\" alt=\"\" width=\"144\" height=\"96\" srcset=\"https:\/\/faardit.org.ar\/web\/wp-content\/uploads\/2021\/11\/Rodrigo-Sebastian-Loto.jpg 942w, https:\/\/faardit.org.ar\/web\/wp-content\/uploads\/2021\/11\/Rodrigo-Sebastian-Loto-300x202.jpg 300w, https:\/\/faardit.org.ar\/web\/wp-content\/uploads\/2021\/11\/Rodrigo-Sebastian-Loto-768x517.jpg 768w, https:\/\/faardit.org.ar\/web\/wp-content\/uploads\/2021\/11\/Rodrigo-Sebastian-Loto-391x260.jpg 391w, https:\/\/faardit.org.ar\/web\/wp-content\/uploads\/2021\/11\/Rodrigo-Sebastian-Loto-272x182.jpg 272w\" sizes=\"(max-width: 144px) 100vw, 144px\" \/><\/a><span style=\"color: #000000;\">Dr. Rodrigo Sebasti\u00e1n Loto\u00a0 <\/span><\/strong><\/p>\n<p><span style=\"color: #000000;\">\u2022 Jefe del Servicio de diagn\u00f3stico por im\u00e1genes, sanatorio delta, rosario.<\/span><\/p>\n<p><span style=\"color: #000000;\">\u2022 Servicio de tomograf\u00eda del hospital provincial de rosario.<\/span><\/p>\n<p><span style=\"color: #000000;\">\u2022 Director del curso en actualizaci\u00f3n de diagn\u00f3stico por imagen, colegio de m\u00e9dicos, rosario.<\/span><\/p>\n<p><span style=\"color: #000000;\">\u2022 Ex docente Universidad Nacional de Rosario (UNR).<\/span><\/p>\n<p><span style=\"color: #000000;\">\u2022 Ex docente instituto universitario italiano de Rosario (IUNIR).<\/span><\/p>\n<p><span style=\"color: #000000;\"><u>MIEMBRO TITULAR:<\/u><\/span><\/p>\n<p><span style=\"color: #000000;\">Asociaci\u00f3n de Diagnostico por Imagenes y terapia radiante de Rosario.<\/span><\/p>\n<p><span style=\"color: #000000;\">Federaci\u00f3n Argentina de Asociaciones de Radiolog\u00eda, Diagn\u00f3stico por Im\u00e1genes y Terapia Radiante (FAARDIT).<\/span><\/p>\n<p><span style=\"color: #000000;\">RSNA (Radiological Society of North Am\u00e9rica).<\/span><\/p>\n<p><span style=\"color: #000000;\">ARRS (American Roentgen Ray Society).<\/span><\/p>\n<p><span style=\"color: #000000;\">ESR (European Society of Radiology).<\/span><\/p>\n<p><span style=\"color: #000000;\">BIR (British Institute of Radiology).<\/span><\/p>\n<p><span style=\"color: #000000;\">SERAM (Sociedad Espa\u00f1ola de Radiolog\u00eda M\u00e9dica).<\/span><\/p>\n<p><span style=\"color: #000000;\">AAMR (Asociaci\u00f3n Argentina de Medicina Respiratoria).<\/span><\/p>\n<p><span style=\"color: #000000;\">ACR (Asociaci\u00f3n Colombiana de Radiolog\u00eda).<\/span><\/p>\n<p><span style=\"color: #000000;\">SFR (Sociedad Francesa de Radiolog\u00eda).<\/span><\/p>\n<p><span style=\"color: #000000;\">35 publicaciones en diferentes formatos en organizaciones nacionales e internacionales.<\/span><\/p>\n<\/div> <\/div> <div class='toggle ' itemscope itemtype='http:\/\/schema.org\/Thing'><h4><a href=\"#tg69d4d2e37e633\" class='toggle-title ' itemprop='name'  > <i class='ioa-front-icon  plus-2icon-'><\/i> Caso del Mes n\u00b085 Febrero 2022, \u00abColitis Ulcerosa con Adenocarcinoma Velloso\u00bb<\/a><\/h4><div id='tg69d4d2e37e633' itemprop='description' class='toggle-body collapse'>\n<p><iframe title=\"Caso del Mes n\u00b085 Febrero 2022, \"Colitis Ulcerosa con Adenocarcinoma Velloso\"\" width=\"500\" height=\"281\" src=\"https:\/\/www.youtube.com\/embed\/OtLZcK3V8FY?feature=oembed\" frameborder=\"0\" allow=\"accelerometer; autoplay; clipboard-write; encrypted-media; gyroscope; picture-in-picture; web-share\" allowfullscreen><\/iframe><\/p>\n<p><span style=\"color: #000000;\"><strong><span style=\"color: #000000;\"><a href=\"https:\/\/faardit.org.ar\/web\/wp-content\/uploads\/2022\/02\/Dra-Zulay.png\"><img loading=\"lazy\" class=\"alignleft wp-image-5590\" src=\"https:\/\/faardit.org.ar\/web\/wp-content\/uploads\/2022\/02\/Dra-Zulay.png\" alt=\"\" width=\"108\" height=\"184\" \/><\/a>Dra. Zulay Garc\u00eda Colmenares<\/span><\/strong><\/span><\/p>\n<p><span style=\"color: #000000;\">\u2022 Lugar de trabajo: Centro M\u00e9dico de Caracas, Venezuela. Servicio diagn\u00f3stico por im\u00e1genes. Fellowship.<\/span><\/p>\n<p><strong><a href=\"https:\/\/faardit.org.ar\/web\/wp-content\/uploads\/2022\/02\/Dr-Lander.png\"><img loading=\"lazy\" class=\"alignleft wp-image-5591\" src=\"https:\/\/faardit.org.ar\/web\/wp-content\/uploads\/2022\/02\/Dr-Lander.png\" alt=\"\" width=\"138\" height=\"148\" \/><\/a><span style=\"color: #000000;\">Dr. Bernardo Lander<\/span><\/strong><\/p>\n<p><span style=\"color: #000000;\">\u2022 Lugar de trabajo: <\/span><\/p>\n<p><span style=\"color: #000000;\">Centro M\u00e9dico de Caracas, Venezuela. Servicio diagn\u00f3stico por im\u00e1genes. Neuroradiolog\u00eda-Intervencionismo. Jefe del servicio de radiodiagn\u00f3stico-HUC, UCV. Sociedad Venezolana de Radiolog\u00eda y Diagn\u00f3stico por Im\u00e1genes (SOVERADI).<\/span><\/p>\n<\/div> <\/div> <div class='toggle ' itemscope itemtype='http:\/\/schema.org\/Thing'><h4><a href=\"#tg69d4d2e37e8a4\" class='toggle-title ' itemprop='name'  > <i class='ioa-front-icon  plus-2icon-'><\/i> Caso del Mes n\u00b088 Marzo 2022, \u00abMalformaci\u00f3n de Abernethy\u00bb Dr. Mart\u00edn G\u00f3mez Lastra<\/a><\/h4><div id='tg69d4d2e37e8a4' itemprop='description' class='toggle-body collapse'>\n<p><iframe title=\"Caso del Mes n\u00b088 Marzo 2022, \"Malformaci\u00f3n de Abernethy\" Dr. Mart\u00edn G\u00f3mez Lastra\" width=\"500\" height=\"281\" src=\"https:\/\/www.youtube.com\/embed\/QY5DzwTusmg?feature=oembed\" frameborder=\"0\" allow=\"accelerometer; autoplay; clipboard-write; encrypted-media; gyroscope; picture-in-picture; web-share\" allowfullscreen><\/iframe><\/p>\n<p><span style=\"color: #000000;\"><strong><a href=\"https:\/\/faardit.org.ar\/web\/wp-content\/uploads\/2022\/03\/1-Dr-Marin-Gomez-Lastra-scaled.jpg\"><img loading=\"lazy\" class=\"alignleft wp-image-5639\" src=\"https:\/\/faardit.org.ar\/web\/wp-content\/uploads\/2022\/03\/1-Dr-Marin-Gomez-Lastra-scaled.jpg\" alt=\"\" width=\"125\" height=\"167\" srcset=\"https:\/\/faardit.org.ar\/web\/wp-content\/uploads\/2022\/03\/1-Dr-Marin-Gomez-Lastra-scaled.jpg 1920w, https:\/\/faardit.org.ar\/web\/wp-content\/uploads\/2022\/03\/1-Dr-Marin-Gomez-Lastra-225x300.jpg 225w, https:\/\/faardit.org.ar\/web\/wp-content\/uploads\/2022\/03\/1-Dr-Marin-Gomez-Lastra-768x1024.jpg 768w, https:\/\/faardit.org.ar\/web\/wp-content\/uploads\/2022\/03\/1-Dr-Marin-Gomez-Lastra-300x400.jpg 300w, https:\/\/faardit.org.ar\/web\/wp-content\/uploads\/2022\/03\/1-Dr-Marin-Gomez-Lastra-1152x1536.jpg 1152w, https:\/\/faardit.org.ar\/web\/wp-content\/uploads\/2022\/03\/1-Dr-Marin-Gomez-Lastra-1536x2048.jpg 1536w\" sizes=\"(max-width: 125px) 100vw, 125px\" \/><\/a><\/strong><strong>Dr. Mart\u00edn G\u00f3mez Lastra<\/strong><\/span><\/p>\n<p><span style=\"color: #000000;\">\u2022 Hospital Brit\u00e1nico de Buenos Aires &#8211; Diagn\u00f3stico por Im\u00e1genes &#8211; Residente de 3\u00b0A\u00f1o.\u00a0<\/span><\/p>\n<p><span style=\"color: #000000;\">\u2022 Miembro titular de SAR.<\/span><\/p>\n<p><span style=\"color: #000000;\">\u2022 Facultad de Medicina, Universidad de Buenos Aires &#8211; Ayudante de Primera en la Primera C\u00e1tedra de Anatom\u00eda.<\/span><\/p>\n<p><span style=\"color: #000000;\">\u2022 3\u00b0 Premio de 44\u00b0 Encuentro de Residente.<\/span><\/p>\n<\/div> <\/div>\n\t\t\n  \n\t\t<\/div>\n\n\t\n\t<\/div>\n<\/div>\n\n\t\t\n\t<\/div>\n\n\t\n<\/div>\n\n\t\t\t\n\t\n\t<\/div>\n\n\t\t\n\n\t\t<\/div>\n<\/div>\t\n\n\n","protected":false},"excerpt":{"rendered":"","protected":false},"author":1,"featured_media":0,"parent":0,"menu_order":0,"comment_status":"closed","ping_status":"closed","template":"","meta":[],"_links":{"self":[{"href":"https:\/\/faardit.org.ar\/web\/wp-json\/wp\/v2\/pages\/4684"}],"collection":[{"href":"https:\/\/faardit.org.ar\/web\/wp-json\/wp\/v2\/pages"}],"about":[{"href":"https:\/\/faardit.org.ar\/web\/wp-json\/wp\/v2\/types\/page"}],"author":[{"embeddable":true,"href":"https:\/\/faardit.org.ar\/web\/wp-json\/wp\/v2\/users\/1"}],"replies":[{"embeddable":true,"href":"https:\/\/faardit.org.ar\/web\/wp-json\/wp\/v2\/comments?post=4684"}],"version-history":[{"count":5,"href":"https:\/\/faardit.org.ar\/web\/wp-json\/wp\/v2\/pages\/4684\/revisions"}],"predecessor-version":[{"id":6704,"href":"https:\/\/faardit.org.ar\/web\/wp-json\/wp\/v2\/pages\/4684\/revisions\/6704"}],"wp:attachment":[{"href":"https:\/\/faardit.org.ar\/web\/wp-json\/wp\/v2\/media?parent=4684"}],"curies":[{"name":"wp","href":"https:\/\/api.w.org\/{rel}","templated":true}]}}