{"id":4694,"date":"2021-02-03T15:26:26","date_gmt":"2021-02-03T15:26:26","guid":{"rendered":"https:\/\/faardit.org.ar\/web\/?page_id=4694"},"modified":"2021-02-12T16:11:21","modified_gmt":"2021-02-12T16:11:21","slug":"archivo-casos-del-mes-oncologia","status":"publish","type":"page","link":"https:\/\/faardit.org.ar\/web\/archivo-casos-del-mes-oncologia\/","title":{"rendered":"Archivo Casos del Mes &#8211; Oncolog\u00eda"},"content":{"rendered":"<div class=\"page-section  clearfix first-section last-section\" style=\"z-index:1\" id='rpsBUHFTLLQ3YHLKJURYWRSAF5PQVR0CPPK' data-exheight='0' >\n\t\n\t<div class=\"section-inner-wrap\">\n\n\t\t\n\n\n\t\t\t\n\n\t<div class=\"skeleton section-content auto_align clearfix\" data-width=\"Contained\">\n\t\t\n\t\t\t\t\t\n<div class=\"rad-container  layout_element  full last first  top   clearfix\" id=\"rpcKOCI9R0TK0YHGF7GU0972GCXKGMBCXC1\" data-layout=\"full\">\n\t\n\t \t\n\n\t<div class=\"rad-inner-container clearfix\">\n\t \n\n\n<div  data-key=\"rad_text_widget\"  style='-webkit-transition-delay:0s;transition-delay:0s;' id=\"rpwKMLVK3XJC8HJ7VIFISFU96VI30SXYFQ7\" class=\" w_full w_layout_element  top  widget-animate widget-animate-fade-top  rad-widget\">\n\t\n<div class='ioa-text-column centered  col-align-center  clearfix'> \n      <div class='ioa-icon-area' style='margin-top:0'> <img src='https:\/\/faardit.org.ar\/web\/wp-content\/uploads\/2021\/02\/Oncologia.png' alt='text icon'\/>  <\/div>\n      <div class='ioa-text-area'>\n        <h3 class='text-title'>ONCOLOG\u00cdA<\/h3>\n        \n        \n        \n        \n      <\/div> \n     <\/div>\n<\/div>\n<div  data-key=\"rad_toggle_widget\"  id=\"rpwVPO6QAHQWLEIEEWVQLQM726UAKPUH0GI\" class=\" w_full w_layout_element   rad-widget\">\n\n\t<div class=\"toggle-inner-wrap\">\n\t\t\n\n\t\t<div class=\" clearfix toggle-style-simple\" itemscope itemtype=\"http:\/\/schema.org\/ItemList\">\n  \t\t\n\t\t\n\t\t <div class='toggle ' itemscope itemtype='http:\/\/schema.org\/Thing'><h4><a href=\"#tg69e3a29e43524\" class='toggle-title ' itemprop='name'  > <i class='ioa-front-icon  plus-2icon-'><\/i> Caso del Mes n\u00b09 Julio 2020, \u00abOncolog\u00eda\u00bb, Dr. Mario Pereira y Dra. Cecilia Campos y Laurencena<\/a><\/h4><div id='tg69e3a29e43524' itemprop='description' class='toggle-body collapse'> <iframe title=\"Caso del Mes n\u00b09 Julio 2020, \"Oncolog\u00eda\", Dr. Mario Pereira y Dra. Cecilia Campos y Laurencena\" width=\"500\" height=\"281\" src=\"https:\/\/www.youtube.com\/embed\/ZI3uY8Qf4-U?feature=oembed\" frameborder=\"0\" allow=\"accelerometer; autoplay; clipboard-write; encrypted-media; gyroscope; picture-in-picture\" allowfullscreen><\/iframe>\n<p><span style=\"color: #000000;\"><strong><span style=\"color: #000000;\"><a href=\"https:\/\/faardit.org.ar\/web\/wp-content\/uploads\/2020\/07\/thumbnail.jpg\"><img loading=\"lazy\" class=\"alignleft wp-image-4113\" src=\"https:\/\/faardit.org.ar\/web\/wp-content\/uploads\/2020\/07\/thumbnail.jpg\" alt=\"\" width=\"152\" height=\"203\" srcset=\"https:\/\/faardit.org.ar\/web\/wp-content\/uploads\/2020\/07\/thumbnail.jpg 1080w, https:\/\/faardit.org.ar\/web\/wp-content\/uploads\/2020\/07\/thumbnail-225x300.jpg 225w, https:\/\/faardit.org.ar\/web\/wp-content\/uploads\/2020\/07\/thumbnail-768x1024.jpg 768w, https:\/\/faardit.org.ar\/web\/wp-content\/uploads\/2020\/07\/thumbnail-300x400.jpg 300w\" sizes=\"(max-width: 152px) 100vw, 152px\" \/><\/a>Dra. Cecilia Campos <\/span><\/strong><\/span><\/p>\n<p><span style=\"color: #000000;\">\u2022 Sanatorio Mater Dei. Servicio de Diagn\u00f3stico por imagenes. Residente 4\u00ba a\u00f1o.<\/span><\/p>\n<p><span style=\"color: #000000;\">\u2022 Socia SAR<\/span><\/p>\n<p><span style=\"color: #000000;\"><strong><a href=\"https:\/\/faardit.org.ar\/web\/wp-content\/uploads\/2020\/07\/WhatsApp-Image-2020-04-27-at-13.34.09.jpeg\"><img loading=\"lazy\" class=\"alignleft wp-image-4114\" src=\"https:\/\/faardit.org.ar\/web\/wp-content\/uploads\/2020\/07\/WhatsApp-Image-2020-04-27-at-13.34.09.jpeg\" alt=\"\" width=\"153\" height=\"195\" \/><\/a><span style=\"color: #000000;\">Dr. Mario Pereira<\/span><\/strong>\u00a0<\/span><\/p>\n<p><span style=\"color: #000000;\"><span lang=\"ES-MX\">\u2022 <\/span>Sub jefe del servicio de Imagenes del Sanatorio Mater Dei.<\/span><\/p>\n<p><span style=\"color: #000000;\"><span lang=\"ES-MX\">\u2022 <\/span>Miembro titular del la SAR.<\/span><\/p>\n<p><span style=\"color: #000000;\">\u2022 Miembro de la RSN<\/span><\/div> <\/div> <div class='toggle ' itemscope itemtype='http:\/\/schema.org\/Thing'><h4><a href=\"#tg69e3a29e43828\" class='toggle-title ' itemprop='name'  > <i class='ioa-front-icon  plus-2icon-'><\/i> Caso del Mes n\u00b029 Diciembre 2020, \u00abLinfoma Oseo Primario\u00bb, Dr. Rodrigo Re<\/a><\/h4><div id='tg69e3a29e43828' itemprop='description' class='toggle-body collapse'>\n<p><iframe title=\"Caso del Mes n\u00b029 Diciembre 2020, \"Linfoma Oseo Primario\", Dr. Rodrigo Re\" width=\"500\" height=\"281\" src=\"https:\/\/www.youtube.com\/embed\/0gXXXD37jys?feature=oembed\" frameborder=\"0\" allow=\"accelerometer; autoplay; clipboard-write; encrypted-media; gyroscope; picture-in-picture\" allowfullscreen><\/iframe><\/p>\n<p><span style=\"color: #000000;\"><strong><span style=\"color: #000000;\"><a href=\"https:\/\/faardit.org.ar\/web\/wp-content\/uploads\/2021\/01\/Foto-Rodrigo-Re.jpg\"><img loading=\"lazy\" class=\"alignleft  wp-image-4585\" src=\"https:\/\/faardit.org.ar\/web\/wp-content\/uploads\/2021\/01\/Foto-Rodrigo-Re.jpg\" alt=\"\" width=\"149\" height=\"158\" \/><\/a>Dr. Rodrigo Re<\/span><\/strong><\/span>\u00a0<\/p>\n<p><span style=\"color: #000000;\">\u2022 Sanatorio Allende, C\u00f3rdoba Argentina. Servicio de Diagn\u00f3stico por Im\u00e1genes. Jefe del \u00c1rea de Im\u00e1genes Musculoesquel\u00e9ticas. <\/span><\/p>\n<p><span style=\"color: #000000;\">\u2022 Doctor en Medicina.<\/span><\/p>\n<p><span style=\"color: #000000;\">\u2022 Miembro titular de:<\/span><br \/><span style=\"color: #000000;\">-Sociedad de Radiolog\u00eda de C\u00f3rdoba (SORDIC)<\/span><br \/><span style=\"color: #000000;\">-Federaci\u00f3n Argentina de Asociaciones de Radiolog\u00eda, Diagn\u00f3stico por Im\u00e1genes y Terapia Radiante (FAARDIT)<\/span><\/p>\n<p><span style=\"color: #000000;\">\u2022 Jefe de Trabajos Pr\u00e1cticos y Profesor Adjunto de posgrado de la C\u00e1tedra de Radiolog\u00eda de la Universidad Nacional de C\u00f3rdoba y Universidad Cat\u00f3lica de C\u00f3rdoba.<\/span><\/p>\n<p><span style=\"color: #000000;\">\u2022 Editor Asociado de la Revista Argentina de Radiolog\u00eda (RAR).<\/span><\/p>\n<\/div> <\/div>\n\t\t\n  \n\t\t<\/div>\n\n\t\n\t<\/div>\n<\/div>\n\n\t\t\n\t<\/div>\n\n\t\n<\/div>\n\n\t\t\t\n\t\n\t<\/div>\n\n\t\t\n\n\t\t<\/div>\n<\/div>\t\n\n\n","protected":false},"excerpt":{"rendered":"","protected":false},"author":1,"featured_media":0,"parent":0,"menu_order":0,"comment_status":"closed","ping_status":"closed","template":"","meta":[],"_links":{"self":[{"href":"https:\/\/faardit.org.ar\/web\/wp-json\/wp\/v2\/pages\/4694"}],"collection":[{"href":"https:\/\/faardit.org.ar\/web\/wp-json\/wp\/v2\/pages"}],"about":[{"href":"https:\/\/faardit.org.ar\/web\/wp-json\/wp\/v2\/types\/page"}],"author":[{"embeddable":true,"href":"https:\/\/faardit.org.ar\/web\/wp-json\/wp\/v2\/users\/1"}],"replies":[{"embeddable":true,"href":"https:\/\/faardit.org.ar\/web\/wp-json\/wp\/v2\/comments?post=4694"}],"version-history":[{"count":4,"href":"https:\/\/faardit.org.ar\/web\/wp-json\/wp\/v2\/pages\/4694\/revisions"}],"predecessor-version":[{"id":4761,"href":"https:\/\/faardit.org.ar\/web\/wp-json\/wp\/v2\/pages\/4694\/revisions\/4761"}],"wp:attachment":[{"href":"https:\/\/faardit.org.ar\/web\/wp-json\/wp\/v2\/media?parent=4694"}],"curies":[{"name":"wp","href":"https:\/\/api.w.org\/{rel}","templated":true}]}}