{"id":4699,"date":"2021-02-03T15:28:50","date_gmt":"2021-02-03T15:28:50","guid":{"rendered":"https:\/\/faardit.org.ar\/web\/?page_id=4699"},"modified":"2024-01-12T14:24:48","modified_gmt":"2024-01-12T14:24:48","slug":"archivo-casos-del-mes-ginecologia","status":"publish","type":"page","link":"https:\/\/faardit.org.ar\/web\/archivo-casos-del-mes-ginecologia\/","title":{"rendered":"Archivo Casos del Mes &#8211; Ginecolog\u00eda"},"content":{"rendered":"<div class=\"page-section  clearfix first-section last-section\" style=\"z-index:1\" id='rpsBUHFTLLQ3YHLKJURYWRSAF5PQVR0CPPK' data-exheight='0' >\n\t\n\t<div class=\"section-inner-wrap\">\n\n\t\t\n\n\n\t\t\t\n\n\t<div class=\"skeleton section-content auto_align clearfix\" data-width=\"Contained\">\n\t\t\n\t\t\t\t\t\n<div class=\"rad-container  layout_element  full last first  top   clearfix\" id=\"rpcKOCI9R0TK0YHGF7GU0972GCXKGMBCXC1\" data-layout=\"full\">\n\t\n\t \t\n\n\t<div class=\"rad-inner-container clearfix\">\n\t \n\n\n<div  data-key=\"rad_text_widget\"  style='-webkit-transition-delay:0s;transition-delay:0s;' id=\"rpwKMLVK3XJC8HJ7VIFISFU96VI30SXYFQ7\" class=\" w_full w_layout_element  top  widget-animate widget-animate-fade-top  rad-widget\">\n\t\n<div class='ioa-text-column centered  col-align-center  clearfix'> \n      <div class='ioa-icon-area' style='margin-top:0'> <img src='https:\/\/faardit.org.ar\/web\/wp-content\/uploads\/2021\/02\/Uro-ginecologico-.png' alt='text icon'\/>  <\/div>\n      <div class='ioa-text-area'>\n        <h3 class='text-title'>GINECOLOG\u00cdA<\/h3>\n        \n        \n        \n        \n      <\/div> \n     <\/div>\n<\/div>\n<div  data-key=\"rad_toggle_widget\"  id=\"rpwVPO6QAHQWLEIEEWVQLQM726UAKPUH0GI\" class=\" w_full w_layout_element   rad-widget\">\n\n\t<div class=\"toggle-inner-wrap\">\n\t\t\n\n\t\t<div class=\" clearfix toggle-style-simple\" itemscope itemtype=\"http:\/\/schema.org\/ItemList\">\n  \t\t\n\t\t\n\t\t <div class='toggle ' itemscope itemtype='http:\/\/schema.org\/Thing'><h4><a href=\"#tg69e3a21fb1dbe\" class='toggle-title ' itemprop='name'  > <i class='ioa-front-icon  plus-2icon-'><\/i> Caso del Mes n\u00b016 Agosto 2020, \u00abFibroma Ov\u00e1rico\u00bb, Dr. Mat\u00edas M\u00e1ximo Corroto<\/a><\/h4><div id='tg69e3a21fb1dbe' itemprop='description' class='toggle-body collapse'>\n<p><iframe title=\"Caso del Mes n\u00b016 Agosto 2020, \"Fibroma Ov\u00e1rico\", Dr. Mat\u00edas M\u00e1ximo Corroto\" width=\"500\" height=\"375\" src=\"https:\/\/www.youtube.com\/embed\/eOzCFFcTj1I?start=13&#038;feature=oembed\" frameborder=\"0\" allow=\"accelerometer; autoplay; clipboard-write; encrypted-media; gyroscope; picture-in-picture; web-share\" allowfullscreen><\/iframe><\/p>\n<p><span style=\"color: #000000;\"><strong><span style=\"color: #000000;\"><a href=\"https:\/\/faardit.org.ar\/web\/wp-content\/uploads\/2020\/08\/thumbnail_20200504_123654.jpg\"><img loading=\"lazy\" class=\"alignleft wp-image-4380\" src=\"https:\/\/faardit.org.ar\/web\/wp-content\/uploads\/2020\/08\/thumbnail_20200504_123654.jpg\" alt=\"\" width=\"127\" height=\"170\" srcset=\"https:\/\/faardit.org.ar\/web\/wp-content\/uploads\/2020\/08\/thumbnail_20200504_123654.jpg 960w, https:\/\/faardit.org.ar\/web\/wp-content\/uploads\/2020\/08\/thumbnail_20200504_123654-225x300.jpg 225w, https:\/\/faardit.org.ar\/web\/wp-content\/uploads\/2020\/08\/thumbnail_20200504_123654-768x1024.jpg 768w, https:\/\/faardit.org.ar\/web\/wp-content\/uploads\/2020\/08\/thumbnail_20200504_123654-300x400.jpg 300w\" sizes=\"(max-width: 127px) 100vw, 127px\" \/><\/a>Dr. Mat\u00edas Corroto<\/span><\/strong><\/span><\/p>\n<p><span style=\"color: #000000;\">\u2022 Centro Radiol\u00f3gico Luis Mendez Collado. Tucum\u00e1n- Argentina. <\/span><\/p>\n<p><span style=\"color: #000000;\"> \u2022 J.D Corroto Diagn\u00f3stico por im\u00e1genes. Monteros &#8211; Tucum\u00e1n &#8211; Argentina. <\/span><\/p>\n<p><span style=\"color: #000000;\">\u2022 Miembro de SOTURAD, FAARDIT y AAMR <\/span><\/p>\n<p><span style=\"color: #000000;\">\u2022 Docente de la carrera con modalidad de residencia de diagn\u00f3stico por im\u00e1genes del Centro Radiol\u00f3gico Mendez Collado (UNT). <\/span><\/p>\n<p><span style=\"color: #000000;\">\u2022 Integrante del Comit\u00e9 evaluador a\u00f1o 2019 para la certificaci\u00f3n y re-certificaci\u00f3n de la especialidad de diagn\u00f3stico por im\u00e1genes CCREM (Consejo de certificaci\u00f3n y re-certificaci\u00f3n de especialidades m\u00e9dicas; UNT, SIPROSA, COLEGIO M\u00c9DICO DE TUCUM\u00c1N y CIRCULO M\u00c9DICO DEL SUR). <\/span><\/p>\n<p><span style=\"color: #000000;\">\u2022 Integrante del equipo multidisciplinario (MDD) de intersticio pulmonar de la provincia (Tuc). <\/span><\/p>\n<p><span style=\"color: #000000;\">\u2022 Integrante de la secci\u00f3n de im\u00e1genes de la AAMR.<\/span><\/div> <\/div> <div class='toggle ' itemscope itemtype='http:\/\/schema.org\/Thing'><h4><a href=\"#tg69e3a21fb204f\" class='toggle-title ' itemprop='name'  > <i class='ioa-front-icon  plus-2icon-'><\/i> Caso del Mes n\u00b043 Marzo 2021, \u00abQuiste Hemorr\u00e1gico\u00bb Dra Mariane R. Schmidt<\/a><\/h4><div id='tg69e3a21fb204f' itemprop='description' class='toggle-body collapse'>\n<p><iframe title=\"Caso del Mes n\u00b043 Marzo 2021, \"Quiste Hemorr\u00e1gico\"  Dra Mariane R. Schmidt\" width=\"500\" height=\"281\" src=\"https:\/\/www.youtube.com\/embed\/egXFsBrZ2h0?start=1&#038;feature=oembed\" frameborder=\"0\" allow=\"accelerometer; autoplay; clipboard-write; encrypted-media; gyroscope; picture-in-picture; web-share\" allowfullscreen><\/iframe><\/p>\n<p><span style=\"color: #000000;\"><strong><span style=\"color: #000000;\"><a href=\"https:\/\/faardit.org.ar\/web\/wp-content\/uploads\/2021\/03\/3-Foto-Dra.-Mariane-Roberta-Schmidt-foto.jpg\"><img loading=\"lazy\" class=\"alignleft wp-image-4804\" src=\"https:\/\/faardit.org.ar\/web\/wp-content\/uploads\/2021\/03\/3-Foto-Dra.-Mariane-Roberta-Schmidt-foto.jpg\" alt=\"\" width=\"101\" height=\"134\" srcset=\"https:\/\/faardit.org.ar\/web\/wp-content\/uploads\/2021\/03\/3-Foto-Dra.-Mariane-Roberta-Schmidt-foto.jpg 631w, https:\/\/faardit.org.ar\/web\/wp-content\/uploads\/2021\/03\/3-Foto-Dra.-Mariane-Roberta-Schmidt-foto-225x300.jpg 225w, https:\/\/faardit.org.ar\/web\/wp-content\/uploads\/2021\/03\/3-Foto-Dra.-Mariane-Roberta-Schmidt-foto-300x400.jpg 300w\" sizes=\"(max-width: 101px) 100vw, 101px\" \/><\/a><\/span><\/strong><strong>Dra. Mariane Roberta Schmidt<\/strong><\/span><\/p>\n<p><span style=\"color: #000000;\">\u2022 Medica Residente en Diagn\u00f3stico por Im\u00e1genes en el Centro Rossi, CABA, Argentina.<\/span><\/p>\n<p><span style=\"color: #000000;\">\u2022 Actualmente en rotaci\u00f3n en patolog\u00edas de urgencia en el Sanat\u00f3rio Finochietto, CABA, Argentina.<\/span><\/p>\n<p><span style=\"color: #000000;\">\u2022 Curso superior en diagn\u00f3stico por im\u00e1genes de la Universidad de Buenos Aires ( UBA) \u2013 Actualmente.<\/span><\/p>\n<p><span style=\"color: #000000;\">\u2022 Curso Universit\u00e1rio de Posgrado en Diagn\u00f3stico por im\u00e1genes FAARDIT \u2013 UFASTA \u2013 Actualmente.<\/span><\/p>\n<\/div> <\/div> <div class='toggle ' itemscope itemtype='http:\/\/schema.org\/Thing'><h4><a href=\"#tg69e3a21fb2366\" class='toggle-title ' itemprop='name'  > <i class='ioa-front-icon  plus-2icon-'><\/i> Caso del Mes n\u00b048 Abril 2021, \u00abLeiomioma Mixoide\u00bb Dr. Mat\u00edas Landi<\/a><\/h4><div id='tg69e3a21fb2366' itemprop='description' class='toggle-body collapse'>\n<p><iframe title=\"Caso del Mes n\u00b048 Abril 2021, \"Leiomioma Mixoide\" Dr. Mat\u00edas Landi\" width=\"500\" height=\"281\" src=\"https:\/\/www.youtube.com\/embed\/633xlC-0QlU?feature=oembed\" frameborder=\"0\" allow=\"accelerometer; autoplay; clipboard-write; encrypted-media; gyroscope; picture-in-picture; web-share\" allowfullscreen><\/iframe><\/p>\n<p><span style=\"color: #000000;\"><strong><span style=\"color: #000000;\"><a href=\"https:\/\/faardit.org.ar\/web\/wp-content\/uploads\/2021\/05\/4-Dr-Matias-Landi.jpeg\"><img loading=\"lazy\" class=\"alignleft wp-image-4882\" src=\"https:\/\/faardit.org.ar\/web\/wp-content\/uploads\/2021\/05\/4-Dr-Matias-Landi.jpeg\" alt=\"\" width=\"175\" height=\"131\" srcset=\"https:\/\/faardit.org.ar\/web\/wp-content\/uploads\/2021\/05\/4-Dr-Matias-Landi.jpeg 320w, https:\/\/faardit.org.ar\/web\/wp-content\/uploads\/2021\/05\/4-Dr-Matias-Landi-300x225.jpeg 300w\" sizes=\"(max-width: 175px) 100vw, 175px\" \/><\/a>Dra. Mat\u00edas Landi<\/span><\/strong><\/span><\/p>\n<p><span style=\"color: #000000;\">\u2022 Instituto Radiol\u00f3gico Mar del Plata Argentina. Jefe del servicio de Im\u00e1genes de la Mujer.<\/span><\/p>\n<p><span style=\"color: #000000;\">\u2022 Especialista Universitario en Diagn\u00f3stico por Im\u00e1genes UBA.<\/span><\/p>\n<p><span style=\"color: #000000;\">\u2022 Acreditado en im\u00e1genes mamarias. SAMAS SAR FAARDIT<\/span><\/p>\n<p><span style=\"color: #000000;\">\u2022 Miembro titular de: ADIT Mar del Plata, FAARDIT, SAMAS, RSNA, ESR, EUSOBI, SBI.<\/span><\/p>\n<p><span style=\"color: #000000;\">\u2022 Jefe de trabajos pr\u00e1cticos c\u00e1tedra de Anatom\u00eda Patol\u00f3gica Universidad FASTA<\/span><\/p>\n<p><span style=\"color: #000000;\">\u2022 Jefe de trabajos pr\u00e1cticos c\u00e1tedra de Diagn\u00f3stico por Im\u00e1genes Universidad. FASTA<\/span><\/p>\n<p><span style=\"color: #000000;\">\u2022 Presidente de la Asociaci\u00f3n de Diagn\u00f3stico por Im\u00e1genes y Terapia Radiante de Mar del Plata (ADIT Mar del Plata)<\/span><\/p>\n<p><span style=\"color: #000000;\">\u2022 Coordinador del Curso Bienal de Acreditaci\u00f3n en Imagenolog\u00eda Mamaria SAMAS SAR FAARDIT.<\/span><\/p>\n<\/div> <\/div> <div class='toggle ' itemscope itemtype='http:\/\/schema.org\/Thing'><h4><a href=\"#tg69e3a21fb25e5\" class='toggle-title ' itemprop='name'  > <i class='ioa-front-icon  plus-2icon-'><\/i> Caso del Mes n\u00b0147 Julio 2023, \u201cF\u00edstula V\u00e9sicovaginal\u201d Dras. Sof\u00eda Manuce y Amara Paula Cornelli<\/a><\/h4><div id='tg69e3a21fb25e5' itemprop='description' class='toggle-body collapse'>\n<p><iframe title=\"Caso del Mes n\u00b0147 Julio 2023, \u201cF\u00edstula V\u00e9sicovaginal\u201d Dras. Sof\u00eda Manuce y Amara Paula Cornelli\" width=\"500\" height=\"375\" src=\"https:\/\/www.youtube.com\/embed\/MdBLnfMqwfg?feature=oembed\" frameborder=\"0\" allow=\"accelerometer; autoplay; clipboard-write; encrypted-media; gyroscope; picture-in-picture; web-share\" allowfullscreen><\/iframe><\/p>\n<p><span style=\"color: #000000;\"><strong><a style=\"color: #000000;\" href=\"https:\/\/faardit.org.ar\/web\/wp-content\/uploads\/2023\/07\/2-Dra-Sofia-Munuce.png\"><img loading=\"lazy\" class=\"alignleft wp-image-6373\" src=\"https:\/\/faardit.org.ar\/web\/wp-content\/uploads\/2023\/07\/2-Dra-Sofia-Munuce.png\" alt=\"\" width=\"108\" height=\"114\" \/><\/a>Dra. Munuce Sof\u00eda<\/strong><\/span><\/p>\n<p><span style=\"color: #000000;\">\u2022 Sanatorio Parque, Instituto Cardiovascular de Rosario (ICR), Rosario, Argentina, \u00c1rea de<br \/>\nDiagn\u00f3stico por Im\u00e1genes. Residentes.<\/span><\/p>\n<p><span style=\"color: #000000;\"><strong><a style=\"color: #000000;\" href=\"https:\/\/faardit.org.ar\/web\/wp-content\/uploads\/2023\/07\/2-Dra-Amara-Paula-Cornelli.png\"><img loading=\"lazy\" class=\"alignleft wp-image-6374\" src=\"https:\/\/faardit.org.ar\/web\/wp-content\/uploads\/2023\/07\/2-Dra-Amara-Paula-Cornelli.png\" alt=\"\" width=\"120\" height=\"118\" \/><\/a>Dra. Amara Paula Cornelli<\/strong><\/span><\/p>\n<p><span style=\"color: #000000;\">\u2022 Residente en Diagn\u00f3stico por Im\u00e1genes. Fundaci\u00f3n Villavicencio.<\/span><\/p>\n<\/div> <\/div> <div class='toggle ' itemscope itemtype='http:\/\/schema.org\/Thing'><h4><a href=\"#tg69e3a21fb2903\" class='toggle-title ' itemprop='name'  > <i class='ioa-front-icon  plus-2icon-'><\/i> Caso del Mes n\u00b0151 Agosto 2023, \u201cMalformaci\u00f3n Arteriovenosa Uterina\u201d<\/a><\/h4><div id='tg69e3a21fb2903' itemprop='description' class='toggle-body collapse'>\n<p><iframe title=\"Caso del Mes n\u00b0151 Agosto 2023, \u201cMalformaci\u00f3n Arteriovenosa Uterina\u201d\" width=\"500\" height=\"281\" src=\"https:\/\/www.youtube.com\/embed\/fOkgaVD1wy8?feature=oembed\" frameborder=\"0\" allow=\"accelerometer; autoplay; clipboard-write; encrypted-media; gyroscope; picture-in-picture; web-share\" allowfullscreen><\/iframe><\/p>\n<p><span style=\"color: #000000;\"><strong><a style=\"color: #000000;\" href=\"https:\/\/faardit.org.ar\/web\/wp-content\/uploads\/2023\/08\/Fattal-Jaef-Virginia.jpeg\"><img loading=\"lazy\" class=\"alignleft wp-image-6420\" src=\"https:\/\/faardit.org.ar\/web\/wp-content\/uploads\/2023\/08\/Fattal-Jaef-Virginia.jpeg\" alt=\"\" width=\"110\" height=\"166\" srcset=\"https:\/\/faardit.org.ar\/web\/wp-content\/uploads\/2023\/08\/Fattal-Jaef-Virginia.jpeg 852w, https:\/\/faardit.org.ar\/web\/wp-content\/uploads\/2023\/08\/Fattal-Jaef-Virginia-200x300.jpeg 200w, https:\/\/faardit.org.ar\/web\/wp-content\/uploads\/2023\/08\/Fattal-Jaef-Virginia-682x1024.jpeg 682w, https:\/\/faardit.org.ar\/web\/wp-content\/uploads\/2023\/08\/Fattal-Jaef-Virginia-768x1154.jpeg 768w\" sizes=\"(max-width: 110px) 100vw, 110px\" \/><\/a>Dra. Fattal Jaef, Virginia<\/strong><\/span><\/p>\n<p><span style=\"color: #000000;\">\u2022 Subjefa del servicio de Diagn\u00f3stico por Im\u00e1genes \u00c1rea Cuerpo. Hospital Provincial del Centenario, Rosario, Santa Fe, Argentina.\u00a0<\/span><\/p>\n<p><span style=\"color: #000000;\">\u2022 Miembro titular de FAARDIT y SAR<\/span><\/p>\n<p><span style=\"color: #000000;\">\u2022 Docente JTP en c\u00e1tedra de Diagnostico por Im\u00e1genes y Terapia Radiante, Universidad<\/span><br \/>\n<span style=\"color: #000000;\">Nacional de Rosario), ciudad de Rosario, Santa Fe, Argentina.<\/span><\/p>\n<p><span style=\"color: #000000;\"><strong><a href=\"https:\/\/faardit.org.ar\/web\/wp-content\/uploads\/2023\/08\/Magali-Santini.jpeg\"><img loading=\"lazy\" class=\"alignleft wp-image-6421\" src=\"https:\/\/faardit.org.ar\/web\/wp-content\/uploads\/2023\/08\/Magali-Santini.jpeg\" alt=\"\" width=\"95\" height=\"127\" srcset=\"https:\/\/faardit.org.ar\/web\/wp-content\/uploads\/2023\/08\/Magali-Santini.jpeg 1200w, https:\/\/faardit.org.ar\/web\/wp-content\/uploads\/2023\/08\/Magali-Santini-225x300.jpeg 225w, https:\/\/faardit.org.ar\/web\/wp-content\/uploads\/2023\/08\/Magali-Santini-768x1024.jpeg 768w, https:\/\/faardit.org.ar\/web\/wp-content\/uploads\/2023\/08\/Magali-Santini-300x400.jpeg 300w, https:\/\/faardit.org.ar\/web\/wp-content\/uploads\/2023\/08\/Magali-Santini-1152x1536.jpeg 1152w\" sizes=\"(max-width: 95px) 100vw, 95px\" \/><\/a>Dra. Magal\u00ed Santini<\/strong><\/span><\/p>\n<p><span style=\"color: #000000;\">\u2022 Residente de 3er a\u00f1o. Hospital Provincial del Centenario, Rosario, Santa Fe, Argentina.\u00a0<\/span><\/p>\n<p><span style=\"color: #000000;\">\u2022 Actividad Docente Universitaria: UNR (Universidad Nacional de Rosario), ciudad de<\/span><br \/>\n<span style=\"color: #000000;\">Rosario, Santa Fe, Argentina.<\/span><\/p>\n<\/div> <\/div>\n\t\t\n  \n\t\t<\/div>\n\n\t\n\t<\/div>\n<\/div>\n\n\t\t\n\t<\/div>\n\n\t\n<\/div>\n\n\t\t\t\n\t\n\t<\/div>\n\n\t\t\n\n\t\t<\/div>\n<\/div>\t\n\n\n","protected":false},"excerpt":{"rendered":"","protected":false},"author":1,"featured_media":0,"parent":0,"menu_order":0,"comment_status":"closed","ping_status":"closed","template":"","meta":[],"_links":{"self":[{"href":"https:\/\/faardit.org.ar\/web\/wp-json\/wp\/v2\/pages\/4699"}],"collection":[{"href":"https:\/\/faardit.org.ar\/web\/wp-json\/wp\/v2\/pages"}],"about":[{"href":"https:\/\/faardit.org.ar\/web\/wp-json\/wp\/v2\/types\/page"}],"author":[{"embeddable":true,"href":"https:\/\/faardit.org.ar\/web\/wp-json\/wp\/v2\/users\/1"}],"replies":[{"embeddable":true,"href":"https:\/\/faardit.org.ar\/web\/wp-json\/wp\/v2\/comments?post=4699"}],"version-history":[{"count":7,"href":"https:\/\/faardit.org.ar\/web\/wp-json\/wp\/v2\/pages\/4699\/revisions"}],"predecessor-version":[{"id":6705,"href":"https:\/\/faardit.org.ar\/web\/wp-json\/wp\/v2\/pages\/4699\/revisions\/6705"}],"wp:attachment":[{"href":"https:\/\/faardit.org.ar\/web\/wp-json\/wp\/v2\/media?parent=4699"}],"curies":[{"name":"wp","href":"https:\/\/api.w.org\/{rel}","templated":true}]}}