{"id":4703,"date":"2021-02-03T15:30:56","date_gmt":"2021-02-03T15:30:56","guid":{"rendered":"https:\/\/faardit.org.ar\/web\/?page_id=4703"},"modified":"2024-01-12T14:39:09","modified_gmt":"2024-01-12T14:39:09","slug":"archivo-casos-del-mes-pediatria","status":"publish","type":"page","link":"https:\/\/faardit.org.ar\/web\/archivo-casos-del-mes-pediatria\/","title":{"rendered":"Archivo Casos del Mes &#8211; Pediatr\u00eda"},"content":{"rendered":"<div class=\"page-section  clearfix first-section last-section\" style=\"z-index:1\" id='rpsBUHFTLLQ3YHLKJURYWRSAF5PQVR0CPPK' data-exheight='0' >\n\t\n\t<div class=\"section-inner-wrap\">\n\n\t\t\n\n\n\t\t\t\n\n\t<div class=\"skeleton section-content auto_align clearfix\" data-width=\"Contained\">\n\t\t\n\t\t\t\t\t\n<div class=\"rad-container  layout_element  full last first  top   clearfix\" id=\"rpcKOCI9R0TK0YHGF7GU0972GCXKGMBCXC1\" data-layout=\"full\">\n\t\n\t \t\n\n\t<div class=\"rad-inner-container clearfix\">\n\t \n\n\n<div  data-key=\"rad_text_widget\"  style='-webkit-transition-delay:0s;transition-delay:0s;' id=\"rpwKMLVK3XJC8HJ7VIFISFU96VI30SXYFQ7\" class=\" w_full w_layout_element  top  widget-animate widget-animate-fade-top  rad-widget\">\n\t\n<div class='ioa-text-column centered  col-align-center  clearfix'> \n      <div class='ioa-icon-area' style='margin-top:0'> <img src='https:\/\/faardit.org.ar\/web\/wp-content\/uploads\/2021\/02\/Pediatria.png' alt='text icon'\/>  <\/div>\n      <div class='ioa-text-area'>\n        <h3 class='text-title'>PEDIATR\u00cdA<\/h3>\n        \n        \n        \n        \n      <\/div> \n     <\/div>\n<\/div>\n<div  data-key=\"rad_toggle_widget\"  id=\"rpwVPO6QAHQWLEIEEWVQLQM726UAKPUH0GI\" class=\" w_full w_layout_element   rad-widget\">\n\n\t<div class=\"toggle-inner-wrap\">\n\t\t\n\n\t\t<div class=\" clearfix toggle-style-simple\" itemscope itemtype=\"http:\/\/schema.org\/ItemList\">\n  \t\t\n\t\t\n\t\t <div class='toggle ' itemscope itemtype='http:\/\/schema.org\/Thing'><h4><a href=\"#tg69d0d85a34073\" class='toggle-title ' itemprop='name'  > <i class='ioa-front-icon  plus-2icon-'><\/i> Caso del Mes n\u00b021 Octubre 2020, \u00abAvulsiones \u00d3seas en Pediatr\u00eda\u00bb, Dra. Patricia Nally<\/a><\/h4><div id='tg69d0d85a34073' itemprop='description' class='toggle-body collapse'>\n<p><iframe title=\"Caso del Mes n\u00b021 Octubre 2020, \"Avulsiones \u00d3seas en Pediatr\u00eda\", Dra. Patricia Nally\" width=\"500\" height=\"281\" src=\"https:\/\/www.youtube.com\/embed\/v8nIF5w9nBA?feature=oembed\" frameborder=\"0\" allow=\"accelerometer; autoplay; clipboard-write; encrypted-media; gyroscope; picture-in-picture; web-share\" allowfullscreen><\/iframe><\/p>\n<p><span style=\"color: #000000;\"><strong><span style=\"color: #000000;\"><a href=\"https:\/\/faardit.org.ar\/web\/wp-content\/uploads\/2020\/10\/IMG_6402.jpg\"><img loading=\"lazy\" class=\"alignleft wp-image-4481\" src=\"https:\/\/faardit.org.ar\/web\/wp-content\/uploads\/2020\/10\/IMG_6402.jpg\" alt=\"\" width=\"125\" height=\"197\" srcset=\"https:\/\/faardit.org.ar\/web\/wp-content\/uploads\/2020\/10\/IMG_6402.jpg 678w, https:\/\/faardit.org.ar\/web\/wp-content\/uploads\/2020\/10\/IMG_6402-190x300.jpg 190w, https:\/\/faardit.org.ar\/web\/wp-content\/uploads\/2020\/10\/IMG_6402-648x1024.jpg 648w\" sizes=\"(max-width: 125px) 100vw, 125px\" \/><\/a>Dra. Patricia Nally<\/span><\/strong><\/span><\/p>\n<p><span style=\"color: #000000;\">\u2022 Especialista Jerarquizada en Diagn\u00f3stico por Im\u00e1genes<\/span><\/p>\n<p><span style=\"color: #000000;\">\u2022 Especialista en Radiolog\u00eda Pedi\u00e1trica<\/span><\/p>\n<p><span style=\"color: #000000;\">\u2022 Hospital Interzonal Especializado Materno Infantil (HIEMI), Mar del Plata, Buenos Aires, Argentina. Jefa de Unidad de Tomograf\u00eda Computada<\/span><\/p>\n<p><span style=\"color: #000000;\">\u2022 Traumat\u00f3logos Asociados de Mar del Plata, Buenos Aires, Argentina. Jefa de Servicio de Radiolog\u00eda y Ultrasonido<\/span><\/p>\n<p><span style=\"color: #000000;\">Miembro titular de:<\/span><\/p>\n<p><span style=\"color: #000000;\">\u2022 Asociaci\u00f3n de Diagn\u00f3stico por Im\u00e1genes y Terapia Radiante Mar del Plata (ADIT)<\/span><\/p>\n<p><span style=\"color: #000000;\">\u2022 Federaci\u00f3n Argentina de Asociaciones de Radiolog\u00eda, Diagn\u00f3stico por Im\u00e1genes y Terapia Radiante (FAARDIT)<\/span><\/p>\n<p><span style=\"color: #000000;\">\u2022 Sociedad Argentina de Pediatr\u00eda (SAP)<\/span><\/p>\n<p><span style=\"color: #000000;\">\u2022 Sociedad Argentina de Radiolog\u00eda Pedi\u00e1trica (SARP)<\/span><\/p>\n<p><span style=\"color: #000000;\">\u2022 Sociedad Latinoamericana de Radiolog\u00eda Pedi\u00e1trica (SLARP)<\/span><\/p>\n<p><span style=\"color: #000000;\">\u2022 European Society of Radiology (ESR)<\/span><\/p>\n<p><span style=\"color: #000000;\">\u2022 Colegio Interamericano de Radiolog\u00eda (CIR)<\/span><\/p>\n<\/div> <\/div> <div class='toggle ' itemscope itemtype='http:\/\/schema.org\/Thing'><h4><a href=\"#tg69d0d85a34292\" class='toggle-title ' itemprop='name'  > <i class='ioa-front-icon  plus-2icon-'><\/i> Caso del Mes n\u00b093 Abril 2022, \u00abAsociaci\u00f3n Vacterl\u00bb Dra. Mariana Garc\u00eda Crosta<\/a><\/h4><div id='tg69d0d85a34292' itemprop='description' class='toggle-body collapse'>\n<p><iframe title=\"Caso del Mes n\u00b093 Abril 2022, \"Asociaci\u00f3n Vacterl\" Dra. Mariana Garc\u00eda Crosta\" width=\"500\" height=\"281\" src=\"https:\/\/www.youtube.com\/embed\/ecTaz2Qi6LE?feature=oembed\" frameborder=\"0\" allow=\"accelerometer; autoplay; clipboard-write; encrypted-media; gyroscope; picture-in-picture; web-share\" allowfullscreen><\/iframe><\/p>\n<p><span style=\"color: #000000;\"><strong><a href=\"https:\/\/faardit.org.ar\/web\/wp-content\/uploads\/2022\/04\/3-foto.jpg\"><img loading=\"lazy\" class=\"alignleft size-full wp-image-5690\" src=\"https:\/\/faardit.org.ar\/web\/wp-content\/uploads\/2022\/04\/3-foto.jpg\" alt=\"\" width=\"95\" height=\"143\" \/><\/a>Dra. Mariana Garc\u00eda Crosta<\/strong><\/span><\/p>\n<p><span style=\"color: #000000;\">\u2022 Residente de 4to a\u00f1o de Diagn\u00f3stico por Im\u00e1genes del Hospital Privado de Comunidad de Mar del Plata, Argentina.<\/span><\/p>\n<p><span style=\"color: #000000;\">\u2022 Miembro titular de ADITMAR-FAARDIT y SAR.<\/span><\/p>\n<\/div> <\/div> <div class='toggle ' itemscope itemtype='http:\/\/schema.org\/Thing'><h4><a href=\"#tg69d0d85a34476\" class='toggle-title ' itemprop='name'  > <i class='ioa-front-icon  plus-2icon-'><\/i> Caso del Mes n\u00b097 Mayo 2022, \u00abPseudohipoparatiroidismo\u00bb Dr. Leandro Chamorro<\/a><\/h4><div id='tg69d0d85a34476' itemprop='description' class='toggle-body collapse'>\n<p><iframe title=\"Caso del Mes n\u00b097 Mayo 2022, \"Pseudohipoparatiroidismo\" Dr. Leandro Chamorro\" width=\"500\" height=\"281\" src=\"https:\/\/www.youtube.com\/embed\/zeRFAeY8uxA?feature=oembed\" frameborder=\"0\" allow=\"accelerometer; autoplay; clipboard-write; encrypted-media; gyroscope; picture-in-picture; web-share\" allowfullscreen><\/iframe><\/p>\n<p><span style=\"color: #000000;\"><strong>Dr. Leandro Chamorro<\/strong><\/span><\/p>\n<p><span style=\"color: #000000;\">\u2022 Residente 3 \u00b0 a\u00f1o del Instituto Conci Carpinella C\u00f3rdoba \u00a0\u00a0\u00a0\u00a0\u00a0\u00a0\u00a0\u00a0\u00a0<\/span><\/p>\n<p><span style=\"color: #000000;\">\u2022 Miembro titular de FAARDIT<\/span><\/p>\n<\/div> <\/div> <div class='toggle ' itemscope itemtype='http:\/\/schema.org\/Thing'><h4><a href=\"#tg69d0d85a34678\" class='toggle-title ' itemprop='name'  > <i class='ioa-front-icon  plus-2icon-'><\/i> Caso del Mes n\u00b0118 Octubre 2022, \u201cFlebectasia de la Vena Yugular Interna\u201d Dr. Julio Kaplan<\/a><\/h4><div id='tg69d0d85a34678' itemprop='description' class='toggle-body collapse'>\n<p><iframe title=\"Caso del Mes n\u00b0118 Octubre 2022, \u201cFlebectasia de la Vena Yugular Interna\u201d Dr. Julio Kaplan\" width=\"500\" height=\"281\" src=\"https:\/\/www.youtube.com\/embed\/Cuy9LLkGML4?feature=oembed\" frameborder=\"0\" allow=\"accelerometer; autoplay; clipboard-write; encrypted-media; gyroscope; picture-in-picture; web-share\" allowfullscreen><\/iframe><\/p>\n<p><strong><span style=\"color: #000000;\"><a href=\"https:\/\/faardit.org.ar\/web\/wp-content\/uploads\/2022\/10\/julio-Kaplan.jpg\"><img loading=\"lazy\" class=\"alignleft wp-image-6014\" src=\"https:\/\/faardit.org.ar\/web\/wp-content\/uploads\/2022\/10\/julio-Kaplan.jpg\" alt=\"\" width=\"123\" height=\"137\" srcset=\"https:\/\/faardit.org.ar\/web\/wp-content\/uploads\/2022\/10\/julio-Kaplan.jpg 306w, https:\/\/faardit.org.ar\/web\/wp-content\/uploads\/2022\/10\/julio-Kaplan-271x300.jpg 271w\" sizes=\"(max-width: 123px) 100vw, 123px\" \/><\/a>Dr. Julio Kaplan<\/span><\/strong><\/p>\n<div>\n<p><span style=\"color: #000000;\">\u2022 Medico de planta del Servicio de Diagnostico por Im\u00e1genes del Hospital de Pediatr\u00eda J. P. Garrahan. Buenos aires . Argentina<\/span><\/p>\n<p><span style=\"color: #000000;\">\u2022 Miembro titular: SARP<\/span><\/p>\n<\/div>\n<\/div> <\/div>\n\t\t\n  \n\t\t<\/div>\n\n\t\n\t<\/div>\n<\/div>\n\n\t\t\n\t<\/div>\n\n\t\n<\/div>\n\n\t\t\t\n\t\n\t<\/div>\n\n\t\t\n\n\t\t<\/div>\n<\/div>\t\n\n\n","protected":false},"excerpt":{"rendered":"","protected":false},"author":1,"featured_media":0,"parent":0,"menu_order":0,"comment_status":"closed","ping_status":"closed","template":"","meta":[],"_links":{"self":[{"href":"https:\/\/faardit.org.ar\/web\/wp-json\/wp\/v2\/pages\/4703"}],"collection":[{"href":"https:\/\/faardit.org.ar\/web\/wp-json\/wp\/v2\/pages"}],"about":[{"href":"https:\/\/faardit.org.ar\/web\/wp-json\/wp\/v2\/types\/page"}],"author":[{"embeddable":true,"href":"https:\/\/faardit.org.ar\/web\/wp-json\/wp\/v2\/users\/1"}],"replies":[{"embeddable":true,"href":"https:\/\/faardit.org.ar\/web\/wp-json\/wp\/v2\/comments?post=4703"}],"version-history":[{"count":5,"href":"https:\/\/faardit.org.ar\/web\/wp-json\/wp\/v2\/pages\/4703\/revisions"}],"predecessor-version":[{"id":6706,"href":"https:\/\/faardit.org.ar\/web\/wp-json\/wp\/v2\/pages\/4703\/revisions\/6706"}],"wp:attachment":[{"href":"https:\/\/faardit.org.ar\/web\/wp-json\/wp\/v2\/media?parent=4703"}],"curies":[{"name":"wp","href":"https:\/\/api.w.org\/{rel}","templated":true}]}}