{"id":4706,"date":"2021-02-03T15:32:32","date_gmt":"2021-02-03T15:32:32","guid":{"rendered":"https:\/\/faardit.org.ar\/web\/?page_id=4706"},"modified":"2024-01-12T14:41:11","modified_gmt":"2024-01-12T14:41:11","slug":"archivo-casos-del-mes-cabeza-y-cuello","status":"publish","type":"page","link":"https:\/\/faardit.org.ar\/web\/archivo-casos-del-mes-cabeza-y-cuello\/","title":{"rendered":"Archivo Casos del Mes &#8211; Cabeza y cuello"},"content":{"rendered":"<div class=\"page-section  clearfix first-section last-section\" style=\"z-index:1\" id='rpsBUHFTLLQ3YHLKJURYWRSAF5PQVR0CPPK' data-exheight='0' >\n\t\n\t<div class=\"section-inner-wrap\">\n\n\t\t\n\n\n\t\t\t\n\n\t<div class=\"skeleton section-content auto_align clearfix\" data-width=\"Contained\">\n\t\t\n\t\t\t\t\t\n<div class=\"rad-container  layout_element  full last first  top   clearfix\" id=\"rpcKOCI9R0TK0YHGF7GU0972GCXKGMBCXC1\" data-layout=\"full\">\n\t\n\t \t\n\n\t<div class=\"rad-inner-container clearfix\">\n\t \n\n\n<div  data-key=\"rad_text_widget\"  style='-webkit-transition-delay:0s;transition-delay:0s;' id=\"rpwKMLVK3XJC8HJ7VIFISFU96VI30SXYFQ7\" class=\" w_full w_layout_element  top  widget-animate widget-animate-fade-top  rad-widget\">\n\t\n<div class='ioa-text-column centered  col-align-center  clearfix'> \n      <div class='ioa-icon-area' style='margin-top:0'> <img src='https:\/\/faardit.org.ar\/web\/wp-content\/uploads\/2021\/02\/Cabeza-y-cuello.png' alt='text icon'\/>  <\/div>\n      <div class='ioa-text-area'>\n        <h3 class='text-title'>CABEZA Y CUELLO<\/h3>\n        \n        \n        \n        \n      <\/div> \n     <\/div>\n<\/div>\n<div  data-key=\"rad_toggle_widget\"  id=\"rpwVPO6QAHQWLEIEEWVQLQM726UAKPUH0GI\" class=\" w_full w_layout_element   rad-widget\">\n\n\t<div class=\"toggle-inner-wrap\">\n\t\t\n\n\t\t<div class=\" clearfix toggle-style-simple\" itemscope itemtype=\"http:\/\/schema.org\/ItemList\">\n  \t\t\n\t\t\n\t\t <div class='toggle ' itemscope itemtype='http:\/\/schema.org\/Thing'><h4><a href=\"#tg69e3a1b24db89\" class='toggle-title ' itemprop='name'  > <i class='ioa-front-icon  plus-2icon-'><\/i> Caso del Mes n\u00b028 Noviembre 2020, \u00abParaganglioma Carotideo\u00bb, Dra. Carolina Paulazo<\/a><\/h4><div id='tg69e3a1b24db89' itemprop='description' class='toggle-body collapse'>\n<p><iframe title=\"Caso del Mes n\u00b028 Noviembre 2020, \"Paraganglioma Carotideo\", Dra. Carolina Paulazo\" width=\"500\" height=\"375\" src=\"https:\/\/www.youtube.com\/embed\/8-pvk3SJjQc?feature=oembed\" frameborder=\"0\" allow=\"accelerometer; autoplay; clipboard-write; encrypted-media; gyroscope; picture-in-picture; web-share\" allowfullscreen><\/iframe><\/p>\n<p><span style=\"color: #000000;\"><strong><span style=\"color: #000000;\"><a href=\"https:\/\/faardit.org.ar\/web\/wp-content\/uploads\/2021\/01\/Dra-Carolina-Paulazo.jpg\"><img loading=\"lazy\" class=\"alignleft wp-image-4584\" src=\"https:\/\/faardit.org.ar\/web\/wp-content\/uploads\/2021\/01\/Dra-Carolina-Paulazo.jpg\" alt=\"\" width=\"167\" height=\"118\" srcset=\"https:\/\/faardit.org.ar\/web\/wp-content\/uploads\/2021\/01\/Dra-Carolina-Paulazo.jpg 1101w, https:\/\/faardit.org.ar\/web\/wp-content\/uploads\/2021\/01\/Dra-Carolina-Paulazo-300x213.jpg 300w, https:\/\/faardit.org.ar\/web\/wp-content\/uploads\/2021\/01\/Dra-Carolina-Paulazo-1024x725.jpg 1024w, https:\/\/faardit.org.ar\/web\/wp-content\/uploads\/2021\/01\/Dra-Carolina-Paulazo-768x544.jpg 768w\" sizes=\"(max-width: 167px) 100vw, 167px\" \/><\/a>Dra. Carolina Paulazo<\/span><\/strong><\/span><\/p>\n<p><span style=\"color: #000000;\">\u2022 M\u00e9dica Especialista en Diagn\u00f3stico por Im\u00e1genes<\/span><\/p>\n<p><span style=\"color: #000000;\">\u2022 Hospital C\u00f3rdoba. Hospital Italiano C\u00f3rdoba. \u00a0\u00c1rea: Resonancia Magn\u00e9tica.<\/span><\/p>\n<p><span style=\"color: #000000;\">\u2022 Miembro Titular y del comit\u00e9 de subespecialidades en Federaci\u00f3n Argentina de Radiolog\u00eda (FAARDIT).<\/span><\/p>\n<p><span style=\"color: #000000;\">\u2022 Miembro Titular y vocal de Sociedad de Radiolog\u00eda y Diagn\u00f3stico por Im\u00e1genes de la Provincia de C\u00f3rdoba (SORDIC).<\/span><\/p>\n<p><span style=\"color: #000000;\">\u2022 Curso bienal y taller de residentes SORDIC desde el 2015-2020: Secretaria\/Co-directora\/ Directora.<\/span><\/p>\n<p><span style=\"color: #000000;\">\u2022 Membres\u00eda de la Sociedad Europea de Radiolog\u00eda (ESR).<\/span><\/p>\n<p><span style=\"color: #000000;\">\u2022 Profesor asistente 1\u00b0 C\u00e1tedra Radiolog\u00eda, Diagn\u00f3stico por Im\u00e1genes y Terapia Radiante FCM. UNC. Desde 2015 a la actualidad.<\/span><\/p>\n<\/div> <\/div> <div class='toggle ' itemscope itemtype='http:\/\/schema.org\/Thing'><h4><a href=\"#tg69e3a1b24de20\" class='toggle-title ' itemprop='name'  > <i class='ioa-front-icon  plus-2icon-'><\/i> Caso del Mes n\u00b032 Diciembre 2020, \u00abMelanoma Uveal\u00bb Dr. Nicol\u00e1s Nieto<\/a><\/h4><div id='tg69e3a1b24de20' itemprop='description' class='toggle-body collapse'>\n<p><iframe title=\"Caso del Mes n\u00b032 Diciembre 2020, \"Melanoma Uveal\" Dr. Nicol\u00e1s Nieto\" width=\"500\" height=\"281\" src=\"https:\/\/www.youtube.com\/embed\/gCr-7-Dzc-g?feature=oembed\" frameborder=\"0\" allow=\"accelerometer; autoplay; clipboard-write; encrypted-media; gyroscope; picture-in-picture; web-share\" allowfullscreen><\/iframe><\/p>\n<p><span style=\"color: #000000;\"><strong><span style=\"color: #000000;\"><a href=\"https:\/\/faardit.org.ar\/web\/wp-content\/uploads\/2021\/01\/Dr-Nicolas-Nieto.png\"><img loading=\"lazy\" class=\"alignleft size-full wp-image-4591\" src=\"https:\/\/faardit.org.ar\/web\/wp-content\/uploads\/2021\/01\/Dr-Nicolas-Nieto.png\" alt=\"\" width=\"157\" height=\"163\" \/><\/a>Dr. Nicol\u00e1s Nieto<\/span><\/strong><\/span><\/p>\n<p><span lang=\"ES-MX\" style=\"color: #000000;\">\u2022 Instituto Radiol\u00f3gico, Mar del plata, Argentina, Staff tomograf\u00eda y resonancia.<\/span><\/p>\n<p><span style=\"color: #000000;\">\u2022 Socio de Faardit, Adit (mar del plata).<\/span><\/p>\n<p><span style=\"color: #000000;\">\u2022 Universidad Fasta-Facultad de medicina- Mar del plata- Argentina- Anatomia Humana- Jefe de trabajos pr\u00e1cticos<\/span><\/p>\n<p><span lang=\"ES-MX\" style=\"color: #000000;\">\u2022 Director del curso de actualizaci\u00f3n en diagn\u00f3stico por im\u00e1genes de Mar del plata.<\/span><\/p>\n<\/div> <\/div> <div class='toggle ' itemscope itemtype='http:\/\/schema.org\/Thing'><h4><a href=\"#tg69e3a1b24e03d\" class='toggle-title ' itemprop='name'  > <i class='ioa-front-icon  plus-2icon-'><\/i> Caso del Mes n\u00b065 Septiembre 2021, \u00abTiroides Ect\u00f3pica\u00bb Dra. Laura P\u00e9rez Santill\u00e1n<\/a><\/h4><div id='tg69e3a1b24e03d' itemprop='description' class='toggle-body collapse'>\n<p><iframe title=\"Caso del Mes n\u00b065 Septiembre 2021, \"Tiroides Ect\u00f3pica\" Dra. Laura P\u00e9rez Santill\u00e1n\" width=\"500\" height=\"281\" src=\"https:\/\/www.youtube.com\/embed\/p659evF7VyA?feature=oembed\" frameborder=\"0\" allow=\"accelerometer; autoplay; clipboard-write; encrypted-media; gyroscope; picture-in-picture; web-share\" allowfullscreen><\/iframe><\/p>\n<p><span style=\"color: #000000;\"><strong><a href=\"https:\/\/faardit.org.ar\/web\/wp-content\/uploads\/2021\/09\/Santillan.jpeg\"><img loading=\"lazy\" class=\"alignleft wp-image-5240\" src=\"https:\/\/faardit.org.ar\/web\/wp-content\/uploads\/2021\/09\/Santillan.jpeg\" alt=\"\" width=\"122\" height=\"163\" srcset=\"https:\/\/faardit.org.ar\/web\/wp-content\/uploads\/2021\/09\/Santillan.jpeg 1200w, https:\/\/faardit.org.ar\/web\/wp-content\/uploads\/2021\/09\/Santillan-225x300.jpeg 225w, https:\/\/faardit.org.ar\/web\/wp-content\/uploads\/2021\/09\/Santillan-768x1024.jpeg 768w, https:\/\/faardit.org.ar\/web\/wp-content\/uploads\/2021\/09\/Santillan-300x400.jpeg 300w, https:\/\/faardit.org.ar\/web\/wp-content\/uploads\/2021\/09\/Santillan-1152x1536.jpeg 1152w\" sizes=\"(max-width: 122px) 100vw, 122px\" \/><\/a>Dra. Laura P\u00e9rez Santill\u00e1n<\/strong><\/span><\/p>\n<p><span style=\"color: #000000;\">\u2022 Residente de 4\u00b0 a\u00f1o del Centro Radiol\u00f3gico M\u00e9ndez Collado Tucum\u00e1n<\/span><\/p>\n<p><span style=\"color: #000000;\">\u2022 Menci\u00f3n Especial Categor\u00eda Neuro del 43\u00b0 Encuentro de Residentes.<\/span><\/p>\n<\/div> <\/div> <div class='toggle ' itemscope itemtype='http:\/\/schema.org\/Thing'><h4><a href=\"#tg69e3a1b24e25f\" class='toggle-title ' itemprop='name'  > <i class='ioa-front-icon  plus-2icon-'><\/i> Caso del Mes n\u00b0112 Septiembre 2022, \u201cAngiofibroma Nasofaringeo\u201d Dr. Juan Espinoza Freire<\/a><\/h4><div id='tg69e3a1b24e25f' itemprop='description' class='toggle-body collapse'>\n<p><iframe title=\"Caso del Mes n\u00b0112 Septiembre 2022, \u201cAngiofibroma Nasofaringeo\u201d Dr. Juan Espinoza Freire\" width=\"500\" height=\"281\" src=\"https:\/\/www.youtube.com\/embed\/ryttzm9W9os?feature=oembed\" frameborder=\"0\" allow=\"accelerometer; autoplay; clipboard-write; encrypted-media; gyroscope; picture-in-picture; web-share\" allowfullscreen><\/iframe><\/p>\n<p><strong><span style=\"color: #000000;\"><a href=\"https:\/\/faardit.org.ar\/web\/wp-content\/uploads\/2022\/09\/Juan-Espinoza.jpg\"><img loading=\"lazy\" class=\"alignleft wp-image-5911\" src=\"https:\/\/faardit.org.ar\/web\/wp-content\/uploads\/2022\/09\/Juan-Espinoza.jpg\" alt=\"\" width=\"100\" height=\"134\" srcset=\"https:\/\/faardit.org.ar\/web\/wp-content\/uploads\/2022\/09\/Juan-Espinoza.jpg 1708w, https:\/\/faardit.org.ar\/web\/wp-content\/uploads\/2022\/09\/Juan-Espinoza-225x300.jpg 225w, https:\/\/faardit.org.ar\/web\/wp-content\/uploads\/2022\/09\/Juan-Espinoza-768x1024.jpg 768w, https:\/\/faardit.org.ar\/web\/wp-content\/uploads\/2022\/09\/Juan-Espinoza-300x400.jpg 300w, https:\/\/faardit.org.ar\/web\/wp-content\/uploads\/2022\/09\/Juan-Espinoza-1152x1536.jpg 1152w, https:\/\/faardit.org.ar\/web\/wp-content\/uploads\/2022\/09\/Juan-Espinoza-1536x2048.jpg 1536w\" sizes=\"(max-width: 100px) 100vw, 100px\" \/><\/a>Dr. Juan Andr\u00e9s Espinoza Freire<\/span><\/strong><\/p>\n<p><span style=\"color: #000000;\">\u2022 Residente de 2\u00b0 a\u00f1o en Diagn\u00f3stico por Im\u00e1genes del Centro de Diagn\u00f3stico Rossi, Buenos Aires, Argentina.<\/span><\/p>\n<p><span style=\"color: #000000;\">\u2022 Miembro titular de FAARDIT.<\/span><\/p>\n<\/div> <\/div> <div class='toggle ' itemscope itemtype='http:\/\/schema.org\/Thing'><h4><a href=\"#tg69e3a1b24e45b\" class='toggle-title ' itemprop='name'  > <i class='ioa-front-icon  plus-2icon-'><\/i> Caso del Mes n\u00b0117 Octubre 2022, \u201cOtitis Media Cr\u00f3nica Complicada\u201d Dra. Victoria Miranda<\/a><\/h4><div id='tg69e3a1b24e45b' itemprop='description' class='toggle-body collapse'>\n<p><iframe title=\"Caso del Mes n\u00b0117 Octubre 2022, \u201cOtitis Media Cr\u00f3nica Complicada\u201d  Dra. Victoria Miranda\" width=\"500\" height=\"281\" src=\"https:\/\/www.youtube.com\/embed\/NqmS3oqtk-E?feature=oembed\" frameborder=\"0\" allow=\"accelerometer; autoplay; clipboard-write; encrypted-media; gyroscope; picture-in-picture; web-share\" allowfullscreen><\/iframe><\/p>\n<p><strong><span style=\"color: #000000;\"><a href=\"https:\/\/faardit.org.ar\/web\/wp-content\/uploads\/2022\/10\/3-Dra-Miranda.jpg\"><img loading=\"lazy\" class=\"alignleft wp-image-5998\" src=\"https:\/\/faardit.org.ar\/web\/wp-content\/uploads\/2022\/10\/3-Dra-Miranda.jpg\" alt=\"\" width=\"124\" height=\"117\" \/><\/a>Dra. Victoria Miranda<\/span><\/strong><\/p>\n<div>\n<p><span style=\"color: #000000;\">\u2022 Jefa de Residentes de Diagn\u00f3stico por Im\u00e1genes del Hospital Militar Central &#8211; CABA<\/span><\/p>\n<\/div>\n<\/div> <\/div>\n\t\t\n  \n\t\t<\/div>\n\n\t\n\t<\/div>\n<\/div>\n\n\t\t\n\t<\/div>\n\n\t\n<\/div>\n\n\t\t\t\n\t\n\t<\/div>\n\n\t\t\n\n\t\t<\/div>\n<\/div>\t\n\n\n","protected":false},"excerpt":{"rendered":"","protected":false},"author":1,"featured_media":0,"parent":0,"menu_order":0,"comment_status":"closed","ping_status":"closed","template":"","meta":[],"_links":{"self":[{"href":"https:\/\/faardit.org.ar\/web\/wp-json\/wp\/v2\/pages\/4706"}],"collection":[{"href":"https:\/\/faardit.org.ar\/web\/wp-json\/wp\/v2\/pages"}],"about":[{"href":"https:\/\/faardit.org.ar\/web\/wp-json\/wp\/v2\/types\/page"}],"author":[{"embeddable":true,"href":"https:\/\/faardit.org.ar\/web\/wp-json\/wp\/v2\/users\/1"}],"replies":[{"embeddable":true,"href":"https:\/\/faardit.org.ar\/web\/wp-json\/wp\/v2\/comments?post=4706"}],"version-history":[{"count":5,"href":"https:\/\/faardit.org.ar\/web\/wp-json\/wp\/v2\/pages\/4706\/revisions"}],"predecessor-version":[{"id":6709,"href":"https:\/\/faardit.org.ar\/web\/wp-json\/wp\/v2\/pages\/4706\/revisions\/6709"}],"wp:attachment":[{"href":"https:\/\/faardit.org.ar\/web\/wp-json\/wp\/v2\/media?parent=4706"}],"curies":[{"name":"wp","href":"https:\/\/api.w.org\/{rel}","templated":true}]}}