{"id":5223,"date":"2021-08-31T14:45:37","date_gmt":"2021-08-31T14:45:37","guid":{"rendered":"https:\/\/faardit.org.ar\/web\/?page_id=5223"},"modified":"2021-08-31T14:51:18","modified_gmt":"2021-08-31T14:51:18","slug":"asociacion-de-radiologia-y-diagnostico-por-imagenes-san-luis","status":"publish","type":"page","link":"https:\/\/faardit.org.ar\/web\/asociacion-de-radiologia-y-diagnostico-por-imagenes-san-luis\/","title":{"rendered":"Asociaci\u00f3n de Radiolog\u00eda y Diagn\u00f3stico por Im\u00e1genes &#8211; San Luis"},"content":{"rendered":"<p><div class=\"page-section  clearfix first-section\" style=\"z-index:1\" id='rpsMMC2DBIFK4HS11N7GXTN3DSK5HCO2197' data-exheight='0' >\n\t\n\t<div class=\"section-inner-wrap\">\n\n\t\t\n\n\n\t\t\t\n\n\t<div class=\"skeleton section-content auto_align clearfix\" data-width=\"Contained\">\n\t\t\n\t\t\t\t\t\n<div class=\"rad-container  layout_element  one_fourth first  top   clearfix\" id=\"rpcV7R357EPGV7MVBJL61B3523HYUAGSSXF\" data-layout=\"one_fourth\">\n\t\n\t \t\n\n\t<div class=\"rad-inner-container clearfix\">\n\t\n<div  data-key=\"rad_image_widget\"  id=\"rpwN514CSBY9C4FBIS4L7S1UH4OETVSUJ1L\" class=\" w_full w_layout_element  top   rad-widget\">\n\t<div class=\"image-inner-wrap \">\n\t\t\t\t\n\t\t<div  class=' hover-item  image-align-none' itemscope itemprop='http:\/\/schema.org\/ImageObject'> <img src='https:\/\/faardit.org.ar\/web\/wp-content\/uploads\/2021\/08\/ARDI.jpeg' itemprop='url' alt='' title='ARDI' \/>  <\/div>\t\t\t\t\t<\/div>\n<\/div>\n\t\t\n\t<\/div>\n\n\t\n<\/div>\n\n\t\t\n<div class=\"rad-container  layout_element  three_fourth last top   clearfix\" id=\"rpcI5GGNM66UPTF2VWVG6L9EQI4FNPINQFT\" data-layout=\"three_fourth\">\n\t\n\t \t\n\n\t<div class=\"rad-inner-container clearfix\">\n\t\n<div  data-key=\"rad_intro_widget\"  id=\"rpwM43XOOBMIGYJ1907HFHR0UUICFDQK7HM\" class=\" w_full w_layout_element  top   rad-widget\">\n\t<div class=\"col-left intro_title-inner-wrap\">\n\t\t\t\n\t\t<div class=\"intro_title-title-inner-wrap clearfix\"  itemscope itemtype=\"http:\/\/schema.org\/Thing\">\n\t\t\t\n\t\t\t\t\t\t\t\t<h2 itemprop=\"name\" class=\"clearfix custom-font\">Asociaci\u00f3n de Radiolog\u00eda y Diagn\u00f3stico por Im\u00e1genes - San Luis<\/h2>\n\t\t\t\t\t\t\t\t\t\n\t\t<\/div>\t\n\n\t\t\n\t<\/div>\n<\/div>\n\n\t\t\n\t<\/div>\n\n\t\n<\/div>\n\n\t\t\t\n\t\n\t<\/div>\n\n\t\t\n\n\t\t<\/div>\n<\/div>\t\n\n<div class=\"page-section  clearfix last-section\" style=\"z-index:2\" id='rpsU6P89B805U68RSGEKEKWOUD4122MS8QY' data-exheight='0' >\n\t\n\t<div class=\"section-inner-wrap\">\n\n\t\t\n\n\n\t\t\t\n\n\t<div class=\"skeleton section-content auto_align clearfix\" data-width=\"Contained\">\n\t\t\n\t\t\t\t\t\n<div class=\"rad-container  layout_element  one_half first  top   clearfix\" id=\"rpcB5DCOJL3N92UXLT3YJ3DOTX9M9N6TQF6\" data-layout=\"one_half\">\n\t\n\t \t\n\n\t<div class=\"rad-inner-container clearfix\">\n\t \n\n\n<div  data-key=\"rad_text_widget\"  style='-webkit-transition-delay:0s;transition-delay:0s;' id=\"rpwVSHJ7F7DWNIUSVK2SRXWJ6PP0FV4DB4V\" class=\" w_full w_layout_element  top   rad-widget\">\n\t\n<div class='ioa-text-column none  col-align-left  clearfix'> \n      \n      <div class='ioa-text-area'>\n        <h3 class='text-title'>Domicilio<\/h3>\n        \n        \n        <div class='ioa-text clearfix'>\n<p><span style=\"color: #000000;\">Col\u00f3n 1367, D5700HXG San Luis<\/span><\/p>\n<\/div>\n        \n      <\/div> \n     <\/div>\n<\/div> \n\n\n<div  data-key=\"rad_text_widget\"  style='-webkit-transition-delay:0s;transition-delay:0s;' id=\"rpwBQ8IOFXJGJ33K61G2BLEXUCCOHE40C9O\" class=\" w_full w_layout_element   rad-widget\">\n\t\n<div class='ioa-text-column none  col-align-left  clearfix'> \n      \n      <div class='ioa-text-area'>\n        <h3 class='text-title'>Correo electr\u00f3nico<\/h3>\n        \n        \n        <div class='ioa-text clearfix'>\n<p><span style=\"color: #000000;\">ardisanluis@gmail.com<\/span><\/p>\n<\/div>\n        \n      <\/div> \n     <\/div>\n<\/div> \n\n\n<div  data-key=\"rad_text_widget\"  style='-webkit-transition-delay:0s;transition-delay:0s;' id=\"rpwS0VJIEKPG4VFI8Q4FDONXAGYEW33HC1K\" class=\" w_full w_layout_element   rad-widget\">\n\t\n<div class='ioa-text-column none  col-align-left  clearfix'> \n      \n      <div class='ioa-text-area'>\n        <h3 class='text-title'>Sitio Web<\/h3>\n        \n        \n        \n        \n      <\/div> \n     <\/div>\n<\/div> \n\n\n<div  data-key=\"rad_text_widget\"  style='-webkit-transition-delay:0s;transition-delay:0s;' id=\"rpwFG120BX6XCDBP700VM79GYHONH61YUNU\" class=\" w_full w_layout_element   rad-widget\">\n\t\n<div class='ioa-text-column none  col-align-left  clearfix'> \n      \n      <div class='ioa-text-area'>\n        <h3 class='text-title'>Comisi\u00f3n Directiva<\/h3>\n        \n        \n        <div class='ioa-text clearfix'>\n<p><span style=\"color: #000000;\"><strong>Presidente:<\/strong> <\/span><\/p>\n<p><span style=\"color: #000000;\">Dr. Garro Federico <\/span><\/p>\n<p><span style=\"color: #000000;\"><strong>Vicepresidente:<\/strong> <\/span><\/p>\n<p><span style=\"color: #000000;\">Dr. Carranza Fernando (Villa Mercedes) <\/span><\/p>\n<p><span style=\"color: #000000;\"><strong>Secretario General:<\/strong> <\/span><\/p>\n<p><span style=\"color: #000000;\">Dr. Sabelli Guillermo <\/span><\/p>\n<p><span style=\"color: #000000;\"><strong>Tesorero:<\/strong> <\/span><\/p>\n<p><span style=\"color: #000000;\">Dr. Coila Freddy <\/span><\/p>\n<p><span style=\"color: #000000;\"><strong>Vocal 1:<\/strong> <\/span><\/p>\n<p><span style=\"color: #000000;\">Dr. Vassallo Jos\u00e9 <\/span><\/p>\n<p><strong><span style=\"color: #000000;\">Vocal 2: <\/span><\/strong><\/p>\n<p><span style=\"color: #000000;\">Dra. Buccolini Tania <\/span><\/p>\n<p><span style=\"color: #000000;\"><strong>Vocal 3:<\/strong> <\/span><\/p>\n<p><span style=\"color: #000000;\">Dr. Lescano Claudio <\/span><\/p>\n<p><span style=\"color: #000000;\"><strong>Titular revisor de cuentas:<\/strong> <\/span><\/p>\n<p><span style=\"color: #000000;\">Dr. Valentini Franco <\/span><\/p>\n<p><strong><span style=\"color: #000000;\">Suplente revisor de cuentas: <\/span><\/strong><\/p>\n<p><span style=\"color: #000000;\">Dr. Castellani Juan<\/span><\/p>\n<\/div>\n        \n      <\/div> \n     <\/div>\n<\/div>\t\t\n\t<\/div>\n\n\t\n<\/div>\n\n\t\t\n<div class=\"rad-container  layout_element  one_half last top   clearfix\" id=\"rpcJD3P5R0B3X3DAXQ7003J9PY5MWO77KDS\" data-layout=\"one_half\">\n\t\n\t \t\n\n\t<div class=\"rad-inner-container clearfix\">\n\t \n\n\n<div  data-key=\"rad_text_widget\"  style='-webkit-transition-delay:0s;transition-delay:0s;' id=\"rpwB9N61M0O8NE79BYRA7FF9BNCT9WGWA0T\" class=\" w_full w_layout_element  top   rad-widget\">\n\t\n<div class='ioa-text-column none  col-align-center  clearfix'> \n      \n      <div class='ioa-text-area'>\n        <h3 class='text-title'>Pr\u00f3ximos eventos de la Asociaci\u00f3n<\/h3>\n        \n        \n        \n        \n      <\/div> \n     <\/div>\n<\/div>\n<div  data-key=\"rad_post_list_widget\"  id=\"rpwENNM99OHVJ811VGE6DXK7M2ISIVJ5VKT\" class=\" w_full w_layout_element   rad-widget\">\n  <div class=\"post_list-inner-wrap  \" >\n\n\n        <ul  itemscope itemtype=\"http:\/\/schema.org\/ItemList\" class=\"rad-posts-list hoverable posts plain-list clearfix \" >          \n            <\/ul>\n        \n\n    \n  <\/div>\n<\/div>\n\t\t\n\t<\/div>\n\n\t\n<\/div>\n\n\t\t\t\n\t\n\t<\/div>\n\n\t\t\n\n\t\t<\/div>\n<\/div>\t\n\n<\/p>\n","protected":false},"excerpt":{"rendered":"","protected":false},"author":1,"featured_media":0,"parent":0,"menu_order":0,"comment_status":"closed","ping_status":"closed","template":"","meta":[],"_links":{"self":[{"href":"https:\/\/faardit.org.ar\/web\/wp-json\/wp\/v2\/pages\/5223"}],"collection":[{"href":"https:\/\/faardit.org.ar\/web\/wp-json\/wp\/v2\/pages"}],"about":[{"href":"https:\/\/faardit.org.ar\/web\/wp-json\/wp\/v2\/types\/page"}],"author":[{"embeddable":true,"href":"https:\/\/faardit.org.ar\/web\/wp-json\/wp\/v2\/users\/1"}],"replies":[{"embeddable":true,"href":"https:\/\/faardit.org.ar\/web\/wp-json\/wp\/v2\/comments?post=5223"}],"version-history":[{"count":4,"href":"https:\/\/faardit.org.ar\/web\/wp-json\/wp\/v2\/pages\/5223\/revisions"}],"predecessor-version":[{"id":5228,"href":"https:\/\/faardit.org.ar\/web\/wp-json\/wp\/v2\/pages\/5223\/revisions\/5228"}],"wp:attachment":[{"href":"https:\/\/faardit.org.ar\/web\/wp-json\/wp\/v2\/media?parent=5223"}],"curies":[{"name":"wp","href":"https:\/\/api.w.org\/{rel}","templated":true}]}}