{"id":5414,"date":"2022-01-21T18:39:48","date_gmt":"2022-01-21T18:39:48","guid":{"rendered":"https:\/\/faardit.org.ar\/web\/?page_id=5414"},"modified":"2024-01-16T19:07:22","modified_gmt":"2024-01-16T19:07:22","slug":"profesores-intervencionismo","status":"publish","type":"page","link":"https:\/\/faardit.org.ar\/web\/profesores-intervencionismo\/","title":{"rendered":"Profesores &#8211; Intervencionismo"},"content":{"rendered":"<p><div class=\"page-section  clearfix first-section\" style=\"z-index:1\" id='rpsEF94HKUY2484PVBSHW3ULUYIKP1RW90T' data-exheight='0' >\n\t\n\t<div class=\"section-inner-wrap\">\n\n\t\t\n\n\n\t\t\t\n\n\t<div class=\"skeleton section-content auto_align clearfix\" data-width=\"Contained\">\n\t\t\n\t\t\t\t\t\n<div class=\"rad-container  layout_element  full last first  top   clearfix\" id=\"rpcNNIXOBOJ1PFNHMHD3KYKJGKQ4I5KT5KP\" data-layout=\"full\">\n\t\n\t \t\n\n\t<div class=\"rad-inner-container clearfix\">\n\t \n\n\n<div  data-key=\"rad_text_widget\"  style='-webkit-transition-delay:0s;transition-delay:0s;' id=\"rpwMLQSPIRB7PJYDNHMWC2KBFO8XJCEILEH\" class=\" w_full w_layout_element  top  widget-animate widget-animate-fade-top  rad-widget\">\n\t\n<div class='ioa-text-column centered  col-align-center  clearfix'> \n      <div class='ioa-icon-area' style='margin-top:0'> <img src='https:\/\/faardit.org.ar\/web\/wp-content\/uploads\/2024\/01\/Intervencionismo-Ene24@2x.png' alt='text icon'\/>  <\/div>\n      <div class='ioa-text-area'>\n        <h3 class='text-title'>INTERVENCIONISMO<\/h3>\n        \n        \n        \n        \n      <\/div> \n     <\/div>\n<\/div>\n<div  data-key=\"rad_divider_widget\"  id=\"rpwNPR5SGBE5LQHV21QL0IMOS8EHUQJ5G44\" class=\" w_full w_layout_element   rad-widget\" style=\"padding:\">\n\t<div class=\"divider line\"  >\n\t\t\t\t\t\t\t\t\t<\/div>\n<\/div>\n\n\t\t\n\t<\/div>\n\n\t\n<\/div>\n\n\t\t\n<div class=\"rad-container  layout_element  one_third first   clearfix\" id=\"rpcX7FEQNMM6Q6P6RNIKKNPDV8NM1VGKPLO\" data-layout=\"one_third\">\n\t<span class=\"vline\" style='-webkit-transition-delay:350ms;transition-delay:350ms;'><\/span>\n\t \t\n\n\t<div class=\"rad-inner-container clearfix\">\n\t \n\n\n<div  data-key=\"rad_text_widget\"  style='-webkit-transition-delay:0s;transition-delay:0s;' id=\"rpwCA6BAX6CPEW6FD5DTE8XCXOBKE8RBYK3\" class=\" w_full w_layout_element  top   rad-widget\">\n\t\n<div class='ioa-text-column none  col-align-left  clearfix'> \n      \n      <div class='ioa-text-area'>\n        <h3 class='text-title'>Dr. Alberto Marangoni<\/h3>\n        \n        \n        \n        \n      <\/div> \n     <\/div>\n<\/div>\n<div  data-key=\"rad_image_widget\"  id=\"rpwIK89IX5P21XD0WRPW56O2VPTTNCSVPOI\" class=\" w_full w_layout_element   rad-widget\">\n\t<div class=\"image-inner-wrap image-stretched \">\n\t\t\t\t\n\t\t<div  class=' hover-item  image-align-none' itemscope itemprop='http:\/\/schema.org\/ImageObject'>   <img itemprop='image'   alt=\"\" title=\"4 images (1) (1)\"  class='' src='https:\/\/faardit.org.ar\/web\/wp-content\/uploads\/2021\/08\/4-images-1-1-225x225.jpg'     \/>  <\/div>\t\t\t\t\t<\/div>\n<\/div>\n\t\t\n\t<\/div>\n\n\t\n<\/div>\n\n\t\t\n<div class=\"rad-container  layout_element  two_third last  clearfix\" id=\"rpcUN20M6JR3288LYDUKLEYY37OWCKMAH6Q\" data-layout=\"two_third\">\n\t<span class=\"vline\" style='-webkit-transition-delay:700ms;transition-delay:700ms;'><\/span>\n\t \t\n\n\t<div class=\"rad-inner-container clearfix\">\n\t \n\n\n<div  data-key=\"rad_text_widget\"  style='-webkit-transition-delay:0s;transition-delay:0s;' id=\"rpwMHO18OQRQA20AUYASQBCFNOJS5MNQDVK\" class=\" w_full w_layout_element  top   rad-widget\">\n\t\n<div class='ioa-text-column none  col-align-left  clearfix'> \n      \n      <div class='ioa-text-area'>\n        <h3 class='text-title'> <\/h3>\n        \n        \n        \n        \n      <\/div> \n     <\/div>\n<\/div>\n<div  data-key=\"rad_toggle_widget\"  id=\"rpwADAT7A8B0A8NVGTEFD04OR3GNJTWMGGE\" class=\" w_full w_layout_element   rad-widget\">\n\n\t<div class=\"toggle-inner-wrap\">\n\t\t\n\n\t\t<div class=\" clearfix toggle-style-simple\" itemscope itemtype=\"http:\/\/schema.org\/ItemList\">\n  \t\t\n\t\t\n\t\t <div class='toggle ' itemscope itemtype='http:\/\/schema.org\/Thing'><h4><a href=\"#tg69f46c02dd050\" class='toggle-title ' itemprop='name'  > <i class='ioa-front-icon  plus-2icon-'><\/i> BREVE BIO<\/a><\/h4><div id='tg69f46c02dd050' itemprop='description' class='toggle-body collapse'>\n<p><span style=\"color: #000000;\">\u2022 Jefe del Servicio de Diagn\u00f3stico por Im\u00e1genes. Sanatorio Allende, C\u00f3rdoba, Argentina.<\/span><br \/><span style=\"color: #000000;\">\u2022 Profesor Adjunto de la C\u00e1tedra de Diagn\u00f3stico por Im\u00e1genes de la Facultad de Medicina de la<\/span><br \/><span style=\"color: #000000;\">Universidad Cat\u00f3lica de C\u00f3rdoba.<\/span><br \/><span style=\"color: #000000;\">\u2022 Profesor de Pos Grado de Diagn\u00f3stico por Im\u00e1genes de la Universidad Cat\u00f3lica de C\u00f3rdoba y<\/span><br \/><span style=\"color: #000000;\">de la Universidad Nacional de C\u00f3rdoba.<\/span><br \/><span style=\"color: #000000;\">\u2022 Miembro del Comit\u00e9 de Capacitaci\u00f3n y Docencia del Sanatorio Allende.<\/span><\/p>\n<h5 style=\"text-align: left;\"><a href=\"https:\/\/faardit.org.ar\/web\/wp-content\/uploads\/2021\/08\/AlbertoMarangoniCVFAARDIT.pdf\"><strong>DESCARGAR CV<\/strong><\/a><\/h5>\n<\/div> <\/div> <div class='toggle ' itemscope itemtype='http:\/\/schema.org\/Thing'><h4><a href=\"#tg69f46c02dd27e\" class='toggle-title ' itemprop='name'  > <i class='ioa-front-icon  plus-2icon-'><\/i> CLASES<\/a><\/h4><div id='tg69f46c02dd27e' itemprop='description' class='toggle-body collapse'>\n<p><span style=\"color: #000000;\">1. Drenaje Biliar Percut\u00e1neo Guiado por Im\u00e1genes: \u00bfC\u00f3mo lo Hago?<\/span><br \/><span style=\"color: #000000;\">2. Gastrostom\u00eda Percut\u00e1nea Guiada por Radioscopia: \u00bfC\u00f3mo lo Hago?<\/span><br \/><span style=\"color: #000000;\">3. Nefrostom\u00eda Percut\u00e1nea Guiada por Radioscopia y Ecograf\u00eda: \u00bfC\u00f3mo lo Hago?<\/span><br \/><span style=\"color: #000000;\">4. Drenajes de Abscesos Abdominales y Pelvianos. T\u00e9cnica y elecci\u00f3n de Accesos<\/span><br \/><span style=\"color: #000000;\">5. Biopsia Percut\u00e1nea Guiada por TC de Tumores de P\u00e1ncreas: \u00bfC\u00f3mo lo Hago?<\/span><br \/><span style=\"color: #000000;\">6. Biopsia Percut\u00e1nea de Lesiones Hep\u00e1ticas: \u00bfC\u00f3mo lo Hago?<\/span><\/p>\n<\/div> <\/div>\n\t\t\n  \n\t\t<\/div>\n\n\t\n\t<\/div>\n<\/div>\n\n\t\t\n\t<\/div>\n\n\t\n<\/div>\n\n\t\t\t\n\t\n\t<\/div>\n\n\t\t\n\n\t\t<\/div>\n<\/div>\t\n\n<div class=\"page-section  clearfix last-section\" style=\"z-index:2\" id='rpsPQKSG3WBWD7N7R2FYQCI6SDPKYRVVENV' data-exheight='0' >\n\t\n\t<div class=\"section-inner-wrap\">\n\n\t\t\n\n\n\t\t\t\n\n\t<div class=\"skeleton section-content auto_align clearfix\" data-width=\"Contained\">\n\t\t\n\t\t\t\t\t\n<div class=\"rad-container  layout_element  one_third first  top   clearfix\" id=\"rpcWX8PEPAVIESK40Q1DVIYDPK247OLAYQB\" data-layout=\"one_third\">\n\t\n\t \t\n\n\t<div class=\"rad-inner-container clearfix\">\n\t \n\n\n<div  data-key=\"rad_text_widget\"  style='-webkit-transition-delay:0s;transition-delay:0s;' id=\"rpwB34TM3MOBS9QQX9TU70QMT5M20EG447C\" class=\" w_full w_layout_element  top   rad-widget\">\n\t\n<div class='ioa-text-column none  col-align-left  clearfix'> \n      \n      <div class='ioa-text-area'>\n        <h3 class='text-title'>Dr. Alejandro De La Vega<\/h3>\n        \n        \n        \n        \n      <\/div> \n     <\/div>\n<\/div>\n<div  data-key=\"rad_image_widget\"  id=\"rpwEWAPUDTU1KPQWFYGUNDKPTDX3F1TE4CJ\" class=\" w_full w_layout_element   rad-widget\">\n\t<div class=\"image-inner-wrap image-stretched \">\n\t\t\t\t\n\t\t<div  class=' hover-item  image-align-none' itemscope itemprop='http:\/\/schema.org\/ImageObject'>   <img itemprop='image'   alt=\"\" title=\"delavegaalejandroFinal\"  class='' src='https:\/\/faardit.org.ar\/web\/wp-content\/uploads\/2021\/08\/delavegaalejandroFinal-333x333.jpg'     \/>  <\/div>\t\t\t\t\t<\/div>\n<\/div>\n\t\t\n\t<\/div>\n\n\t\n<\/div>\n\n\t\t\n<div class=\"rad-container  layout_element  two_third last top   clearfix\" id=\"rpcQT7SVL581A1XSHWDPDKUYGO5D864DN2R\" data-layout=\"two_third\">\n\t\n\t \t\n\n\t<div class=\"rad-inner-container clearfix\">\n\t \n\n\n<div  data-key=\"rad_text_widget\"  style='-webkit-transition-delay:0s;transition-delay:0s;' id=\"rpwHCJXR284V64SI0Q2ST6WP17S85SKS46H\" class=\" w_full w_layout_element  top   rad-widget\">\n\t\n<div class='ioa-text-column none  col-align-left  clearfix'> \n      \n      <div class='ioa-text-area'>\n        <h3 class='text-title'> <\/h3>\n        \n        \n        \n        \n      <\/div> \n     <\/div>\n<\/div> \n\n\n<div  data-key=\"rad_text_widget\"  style='-webkit-transition-delay:0s;transition-delay:0s;' id=\"rpwHVBH6E7JRBLM657U060JAJ5ECLYGWQNR\" class=\" w_full w_layout_element   rad-widget\">\n\t\n<div class='ioa-text-column none  col-align-left  clearfix'> \n      \n      <div class='ioa-text-area'>\n        <h3 class='text-title'> <\/h3>\n        \n        \n        \n        \n      <\/div> \n     <\/div>\n<\/div>\n<div  data-key=\"rad_toggle_widget\"  id=\"rpwPVB5LRBA9L9AJRST3SH7NPHU19G5KOUT\" class=\" w_full w_layout_element   rad-widget\">\n\n\t<div class=\"toggle-inner-wrap\">\n\t\t\n\n\t\t<div class=\" clearfix toggle-style-simple\" itemscope itemtype=\"http:\/\/schema.org\/ItemList\">\n  \t\t\n\t\t\n\t\t <div class='toggle ' itemscope itemtype='http:\/\/schema.org\/Thing'><h4><a href=\"#tg69f46c02df047\" class='toggle-title ' itemprop='name'  > <i class='ioa-front-icon  plus-2icon-'><\/i> BREVE BIO<\/a><\/h4><div id='tg69f46c02df047' itemprop='description' class='toggle-body collapse'>\n<p><span style=\"color: #000000;\">\u2022 Jefe de Servicio de Diagn\u00f3stico Cardiovascular en TC y RM. Grupo Leben Salud. Neuqu\u00e9n. Argentina.<\/span><\/p>\n<h5 style=\"text-align: left;\"><a href=\"https:\/\/faardit.org.ar\/web\/wp-content\/uploads\/2021\/08\/DrAlejandroDeLaVegaCvFaardit.pdf\"><strong>DESCARGAR CV<\/strong><\/a><\/h5>\n<\/div> <\/div> <div class='toggle ' itemscope itemtype='http:\/\/schema.org\/Thing'><h4><a href=\"#tg69f46c02df1c2\" class='toggle-title ' itemprop='name'  > <i class='ioa-front-icon  plus-2icon-'><\/i> CLASES<\/a><\/h4><div id='tg69f46c02df1c2' itemprop='description' class='toggle-body collapse'>\n<p><span style=\"color: #000000;\">Clases a Dictar<\/span><\/p>\n<\/div> <\/div>\n\t\t\n  \n\t\t<\/div>\n\n\t\n\t<\/div>\n<\/div>\n\n\t\t\n\t<\/div>\n\n\t\n<\/div>\n\n\t\t\n<div class=\"rad-container  layout_element  full last first   clearfix\" id=\"rpcKO2IQ05A6S9FN6IS71MUL8O5C8OO828E\" data-layout=\"full\">\n\t<span class=\"vline\" style='-webkit-transition-delay:700ms;transition-delay:700ms;'><\/span>\n\t \t\n\n\t<div class=\"rad-inner-container clearfix\">\n\t\t\t\n\t<\/div>\n\n\t\n<\/div>\n\n\t\t\t\n\t\n\t<\/div>\n\n\t\t\n\n\t\t<\/div>\n<\/div>\t\n\n<\/p>\n","protected":false},"excerpt":{"rendered":"","protected":false},"author":1,"featured_media":0,"parent":0,"menu_order":0,"comment_status":"closed","ping_status":"closed","template":"","meta":[],"_links":{"self":[{"href":"https:\/\/faardit.org.ar\/web\/wp-json\/wp\/v2\/pages\/5414"}],"collection":[{"href":"https:\/\/faardit.org.ar\/web\/wp-json\/wp\/v2\/pages"}],"about":[{"href":"https:\/\/faardit.org.ar\/web\/wp-json\/wp\/v2\/types\/page"}],"author":[{"embeddable":true,"href":"https:\/\/faardit.org.ar\/web\/wp-json\/wp\/v2\/users\/1"}],"replies":[{"embeddable":true,"href":"https:\/\/faardit.org.ar\/web\/wp-json\/wp\/v2\/comments?post=5414"}],"version-history":[{"count":8,"href":"https:\/\/faardit.org.ar\/web\/wp-json\/wp\/v2\/pages\/5414\/revisions"}],"predecessor-version":[{"id":6755,"href":"https:\/\/faardit.org.ar\/web\/wp-json\/wp\/v2\/pages\/5414\/revisions\/6755"}],"wp:attachment":[{"href":"https:\/\/faardit.org.ar\/web\/wp-json\/wp\/v2\/media?parent=5414"}],"curies":[{"name":"wp","href":"https:\/\/api.w.org\/{rel}","templated":true}]}}