{"id":5424,"date":"2022-01-21T18:44:47","date_gmt":"2022-01-21T18:44:47","guid":{"rendered":"https:\/\/faardit.org.ar\/web\/?page_id=5424"},"modified":"2025-10-17T13:09:45","modified_gmt":"2025-10-17T13:09:45","slug":"profesores-oncologia","status":"publish","type":"page","link":"https:\/\/faardit.org.ar\/web\/profesores-oncologia\/","title":{"rendered":"Profesores &#8211; Oncolog\u00eda"},"content":{"rendered":"<p><div class=\"page-section  clearfix first-section\" style=\"z-index:1\" id='rpsKP51COIR8G0N9YL71IOAQ3NPLRFCW7A8' data-exheight='0' >\n\t\n\t<div class=\"section-inner-wrap\">\n\n\t\t\n\n\n\t\t\t\n\n\t<div class=\"skeleton section-content auto_align clearfix\" data-width=\"Contained\">\n\t\t\n\t\t\t\t\t\n<div class=\"rad-container  layout_element  full last first  top   clearfix\" id=\"rpcJF3M5FBTDSJRTSUQBG22KWRA8A0QELBT\" data-layout=\"full\">\n\t\n\t \t\n\n\t<div class=\"rad-inner-container clearfix\">\n\t \n\n\n<div  data-key=\"rad_text_widget\"  style='-webkit-transition-delay:0s;transition-delay:0s;' id=\"rpwD8YWASKGAN9YM2CL0SH1L4DJGLJYDE7X\" class=\" w_full w_layout_element  top  widget-animate widget-animate-fade-top  rad-widget\">\n\t\n<div class='ioa-text-column centered  col-align-center  clearfix'> \n      <div class='ioa-icon-area' style='margin-top:0'> <img src='https:\/\/faardit.org.ar\/web\/wp-content\/uploads\/2024\/01\/Oncologia-Ene24@2x.png' alt='text icon'\/>  <\/div>\n      <div class='ioa-text-area'>\n        <h3 class='text-title'>Oncolog\u00eda<\/h3>\n        \n        \n        \n        \n      <\/div> \n     <\/div>\n<\/div>\n<div  data-key=\"rad_divider_widget\"  id=\"rpwO101TFRIEGR3BO2EOCWP5JJUXDB5AD8M\" class=\" w_full w_layout_element   rad-widget\" style=\"padding:\">\n\t<div class=\"divider line\"  >\n\t\t\t\t\t\t\t\t\t<\/div>\n<\/div>\n\n\t\t\n\t<\/div>\n\n\t\n<\/div>\n\n\t\t\t\n\t\n\t<\/div>\n\n\t\t\n\n\t\t<\/div>\n<\/div>\t\n\n<div class=\"page-section  clearfix \" style=\"z-index:2\" id='rpsOFJUYNQRVCR80MDBDPQHLXWT1E2EUOYS' data-exheight='0' >\n\t\n\t<div class=\"section-inner-wrap\">\n\n\t\t\n\n\n\t\t\t\n\n\t<div class=\"skeleton section-content auto_align clearfix\" data-width=\"Contained\">\n\t\t\n\t\t\t\t\t\n<div class=\"rad-container  layout_element  one_third first  top   clearfix\" id=\"rpcU6OAPF5HOU627W40GV15LFWYKBOO2MDA\" data-layout=\"one_third\">\n\t\n\t \t\n\n\t<div class=\"rad-inner-container clearfix\">\n\t \n\n\n<div  data-key=\"rad_text_widget\"  style='-webkit-transition-delay:0s;transition-delay:0s;' id=\"rpwQCH2FMABT2D61O34GG1H23OJ5CB51CFE\" class=\" w_full w_layout_element  top   rad-widget\">\n\t\n<div class='ioa-text-column none  col-align-left  clearfix'> \n      \n      <div class='ioa-text-area'>\n        <h3 class='text-title'>Dra. Antonella Kovic <\/h3>\n        \n        \n        \n        \n      <\/div> \n     <\/div>\n<\/div>\n<div  data-key=\"rad_image_widget\"  id=\"rpwHH0HJRQTWW1XR3FTCBFMUWMWPJIX6GLN\" class=\" w_full w_layout_element   rad-widget\">\n\t<div class=\"image-inner-wrap image-stretched \">\n\t\t\t\t\n\t\t<div  class=' hover-item  image-align-none' itemscope itemprop='http:\/\/schema.org\/ImageObject'>   <img itemprop='image'   alt=\"\" title=\"kovic\"  class='' src='https:\/\/faardit.org.ar\/web\/wp-content\/uploads\/2025\/10\/kovic-333x397.jpeg'     \/>  <\/div>\t\t\t\t\t<\/div>\n<\/div>\n\t\t\n\t<\/div>\n\n\t\n<\/div>\n\n\t\t\n<div class=\"rad-container  layout_element  two_third last top   clearfix\" id=\"rpcSSGD1W3VAYC93SF2JD4TTMASEFCKGM2S\" data-layout=\"two_third\">\n\t\n\t \t\n\n\t<div class=\"rad-inner-container clearfix\">\n\t \n\n\n<div  data-key=\"rad_text_widget\"  style='-webkit-transition-delay:0s;transition-delay:0s;' id=\"rpwOX0V1XLRSK5W1RSYGDXEM56P6RK8HF3V\" class=\" w_full w_layout_element  top   rad-widget\">\n\t\n<div class='ioa-text-column none  col-align-left  clearfix'> \n      \n      <div class='ioa-text-area'>\n        <h3 class='text-title'> <\/h3>\n        \n        \n        \n        \n      <\/div> \n     <\/div>\n<\/div> \n\n\n<div  data-key=\"rad_text_widget\"  style='-webkit-transition-delay:0s;transition-delay:0s;' id=\"rpwE8OA9VAN3KJO1UUH84KJLOJ6RXDSCRJA\" class=\" w_full w_layout_element   rad-widget\">\n\t\n<div class='ioa-text-column none  col-align-left  clearfix'> \n      \n      <div class='ioa-text-area'>\n        <h3 class='text-title'> <\/h3>\n        \n        \n        \n        \n      <\/div> \n     <\/div>\n<\/div>\n<div  data-key=\"rad_toggle_widget\"  id=\"rpwD0V9E1HJ2DYF8AN3H2GGLT6G4W14SCYF\" class=\" w_full w_layout_element   rad-widget\">\n\n\t<div class=\"toggle-inner-wrap\">\n\t\t\n\n\t\t<div class=\" clearfix toggle-style-simple\" itemscope itemtype=\"http:\/\/schema.org\/ItemList\">\n  \t\t\n\t\t\n\t\t <div class='toggle ' itemscope itemtype='http:\/\/schema.org\/Thing'><h4><a href=\"#tg69e521761e843\" class='toggle-title ' itemprop='name'  > <i class='ioa-front-icon  plus-2icon-'><\/i> BREVE BIO<\/a><\/h4><div id='tg69e521761e843' itemprop='description' class='toggle-body collapse'>\n<p><span style=\"color: #000000;\">M\u00e9dica especialista en Diagn\u00f3stico por Im\u00e1genes.<\/span><br \/><span style=\"color: #000000;\">Subespecialista en Im\u00e1genes Oncol\u00f3gicas.<\/span><br \/><span style=\"color: #000000;\">Medica staff de Diagn\u00f3stico por Im\u00e1genes del Instituto Alexander Fleming.<\/span><br \/><span style=\"color: #000000;\">Medica staff del equipo de PET-CT de IMAT.<\/span><br \/><span style=\"color: #000000;\">Medica staff de Nuclear Medicine World.<\/span><br \/><span style=\"color: #000000;\">Miembro de la Sociedad Argentina de Radiolog\u00eda.<\/span><br \/><span style=\"color: #000000;\">Miembro de ESOI- European Society Of Oncologic Imaging<\/span><br \/><span style=\"color: #000000;\">Miembro de ESUR- European Society Of Urogenital Radiology<\/span><br \/><span style=\"color: #000000;\">Miembro de ESGAR- European Society Gastrointestinal and Abdominal Radiology<\/span><\/p>\n\n<h5 style=\"text-align: left;\"><a href=\"https:\/\/faardit.org.ar\/web\/wp-content\/uploads\/2025\/10\/CV-KOVIC-Antonella-castellano-1.pdf\"><strong>DESCARGAR CV<\/strong><\/a><\/h5>\n<\/div> <\/div> <div class='toggle ' itemscope itemtype='http:\/\/schema.org\/Thing'><h4><a href=\"#tg69e521761eb30\" class='toggle-title ' itemprop='name'  > <i class='ioa-front-icon  plus-2icon-'><\/i> CLASES<\/a><\/h4><div id='tg69e521761eb30' itemprop='description' class='toggle-body collapse'>\n<p><span style=\"color: #000000;\">RECIST y todo lo que el radi\u00f3logo se resiste a conocer<\/span><br \/><span style=\"color: #000000;\">Estudio de las f\u00edstulas personales por RM<\/span><br \/><span style=\"color: #000000;\">Pr\u00f3stata y la utilidad de la RM multiparam\u00e9trica<\/span><br \/><span style=\"color: #000000;\">PET-CT en el Cancer de laringe<\/span><br \/><span style=\"color: #000000;\">Utilidad del PET-CT en el Cancer de pulm\u00f3n<\/span><br \/><span style=\"color: #000000;\">PET-PSMA: Una nueva ventana en el Ca de pr\u00f3stata<\/span><br \/><span style=\"color: #000000;\">PET-CT en patolog\u00eda digestiva<\/span><br \/><span style=\"color: #000000;\">Utilidad del PET-CT en el C\u00e1ncer de p\u00e1ncreas (Adenoca y TNE)<\/span><br \/><span style=\"color: #000000;\">Diagnostico por Im\u00e1genes en el c\u00e1ncer de es\u00f3fago<\/span><br \/><span style=\"color: #000000;\">Control Z los informes que quisiera rehacer<\/span><br \/><span style=\"color: #000000;\">Escarificaci\u00f3n del Cancer de Recto por RM<\/span><br \/><span style=\"color: #000000;\">Tumores de urotelio-m\u00e9todos diagnostico <\/span><\/p>\n<\/div> <\/div>\n\t\t\n  \n\t\t<\/div>\n\n\t\n\t<\/div>\n<\/div>\n\n\t\t\n\t<\/div>\n\n\t\n<\/div>\n\n\t\t\t\n\t\n\t<\/div>\n\n\t\t\n\n\t\t<\/div>\n<\/div>\t\n\n<div class=\"page-section  clearfix \" style=\"z-index:3\" id='rpsOJDM2E8PGY53FIDQ5MP5XT3YXUFO26KH' data-exheight='0' >\n\t\n\t<div class=\"section-inner-wrap\">\n\n\t\t\n\n\n\t\t\t\n\n\t<div class=\"skeleton section-content auto_align clearfix\" data-width=\"Contained\">\n\t\t\n\t\t\t\t\t\n<div class=\"rad-container  layout_element  one_third first  top   clearfix\" id=\"rpcR1U8M7BIO86BWO0KM0MPAH9SKGWMXHGL\" data-layout=\"one_third\">\n\t\n\t \t\n\n\t<div class=\"rad-inner-container clearfix\">\n\t \n\n\n<div  data-key=\"rad_text_widget\"  style='-webkit-transition-delay:0s;transition-delay:0s;' id=\"rpwNPME6AY160S5L7HU2NP6HBI11OEISV4B\" class=\" w_full w_layout_element  top   rad-widget\">\n\t\n<div class='ioa-text-column none  col-align-left  clearfix'> \n      \n      <div class='ioa-text-area'>\n        <h3 class='text-title'>Dra. Stella M. Batalles<\/h3>\n        \n        \n        \n        \n      <\/div> \n     <\/div>\n<\/div>\n<div  data-key=\"rad_image_widget\"  id=\"rpwFGG1JNYR8P7X7ORL7C7KFSWDN2LT9HH1\" class=\" w_full w_layout_element   rad-widget\">\n\t<div class=\"image-inner-wrap image-stretched \">\n\t\t\t\t\n\t\t<div  class=' hover-item  image-align-none' itemscope itemprop='http:\/\/schema.org\/ImageObject'>   <img itemprop='image'   alt=\"\" title=\"StellaBatalles\"  class='' src='https:\/\/faardit.org.ar\/web\/wp-content\/uploads\/2021\/08\/StellaBatalles-333x333.jpg'     \/>  <\/div>\t\t\t\t\t<\/div>\n<\/div>\n\t\t\n\t<\/div>\n\n\t\n<\/div>\n\n\t\t\n<div class=\"rad-container  layout_element  two_third last top   clearfix\" id=\"rpcORBR669TCG1YWADIB5QT5O8I0TYFRKCE\" data-layout=\"two_third\">\n\t\n\t \t\n\n\t<div class=\"rad-inner-container clearfix\">\n\t \n\n\n<div  data-key=\"rad_text_widget\"  style='-webkit-transition-delay:0s;transition-delay:0s;' id=\"rpwHJQ7UJFAOR9O9V039DUPS33F3E9X4NM9\" class=\" w_full w_layout_element  top   rad-widget\">\n\t\n<div class='ioa-text-column none  col-align-left  clearfix'> \n      \n      <div class='ioa-text-area'>\n        <h3 class='text-title'> <\/h3>\n        \n        \n        \n        \n      <\/div> \n     <\/div>\n<\/div> \n\n\n<div  data-key=\"rad_text_widget\"  style='-webkit-transition-delay:0s;transition-delay:0s;' id=\"rpwL5UYGYIPMUILKRD7F7S6IUXYQTQAW1XV\" class=\" w_full w_layout_element   rad-widget\">\n\t\n<div class='ioa-text-column none  col-align-left  clearfix'> \n      \n      <div class='ioa-text-area'>\n        <h3 class='text-title'> <\/h3>\n        \n        \n        \n        \n      <\/div> \n     <\/div>\n<\/div>\n<div  data-key=\"rad_toggle_widget\"  id=\"rpwCKWYOASWC46NYR5PYL2ENP2JJL3L49Y6\" class=\" w_full w_layout_element   rad-widget\">\n\n\t<div class=\"toggle-inner-wrap\">\n\t\t\n\n\t\t<div class=\" clearfix toggle-style-simple\" itemscope itemtype=\"http:\/\/schema.org\/ItemList\">\n  \t\t\n\t\t\n\t\t <div class='toggle ' itemscope itemtype='http:\/\/schema.org\/Thing'><h4><a href=\"#tg69e521762087e\" class='toggle-title ' itemprop='name'  > <i class='ioa-front-icon  plus-2icon-'><\/i> BREVE BIO<\/a><\/h4><div id='tg69e521762087e' itemprop='description' class='toggle-body collapse'>\n<p><span style=\"color: #000000;\">\u2022 Instituto Cardiovascular de Rosario (ICR), Rosario, Argentina: jefe del departamento de Diagn\u00f3stico por Im\u00e1genes <\/span><\/p>\n<p><span style=\"color: #000000;\">\u2022 Diagn\u00f3stico M\u00e9dico Oro\u00f1o (DMO), Rosario, Argentina: jefe del servicio de Medicina Nuclear y PET-CT<\/span><\/p>\n<p><span style=\"color: #000000;\">\u2022 Universidad Abierta Interamericana (UAI) sede Rosario, Argentina: profesora titular de la c\u00e1tedra de Diagn\u00f3stico por Im\u00e1genes <\/span><\/p>\n<h5 style=\"text-align: left;\"><a href=\"https:\/\/faardit.org.ar\/web\/wp-content\/uploads\/2021\/08\/StellaBatallesCVFaardit.pdf\"><strong>DESCARGAR CV<\/strong><\/a><\/h5>\n<\/div> <\/div> <div class='toggle ' itemscope itemtype='http:\/\/schema.org\/Thing'><h4><a href=\"#tg69e5217620c99\" class='toggle-title ' itemprop='name'  > <i class='ioa-front-icon  plus-2icon-'><\/i> CLASES<\/a><\/h4><div id='tg69e5217620c99' itemprop='description' class='toggle-body collapse'>\n<p><span style=\"color: #000000;\">Diagn\u00f3stico por im\u00e1genes en la evaluaci\u00f3n del n\u00f3dulo tiroideo<\/span><\/p>\n<p><span style=\"color: #000000;\">PET-CT en c\u00e1ncer de cabeza y cuello<\/span><\/p>\n<p><span style=\"color: #000000;\">PET-CT en c\u00e1ncer de tiroides<\/span><\/p>\n<p><span style=\"color: #000000;\">Medicina Nuclear en el seguimiento del c\u00e1ncer de tiroides<\/span><\/p>\n<p><span style=\"color: #000000;\">Evaluaci\u00f3n ecogr\u00e1fica del n\u00f3dulo de tiroides<\/span><\/p>\n<p><span style=\"color: #000000;\">Seguimiento en el c\u00e1ncer de tiroides<\/span><\/p>\n<p><span style=\"color: #000000;\">Estadificaci\u00f3n por im\u00e1genes en el c\u00e1ncer de tiroides<\/span><\/p>\n<p><span style=\"color: #000000;\">Terapia con Yodo radiactivo en el c\u00e1ncer de tiroides<\/span><\/p>\n<p><span style=\"color: #000000;\">Sistemas de clasificaci\u00f3n ecogr\u00e1fica de riesgo de malignididad del n\u00f3dulo tiroideo<\/span><\/p>\n<p><span style=\"color: #000000;\">Ablaci\u00f3n por radiofrecuencia del n\u00f3dulo tiroideo<\/span><\/p>\n<p><span style=\"color: #000000;\">Nuevas estrategias de Diagn\u00f3stico por Im\u00e1genes en Endocrinolog\u00eda<\/span><\/p>\n<p><span style=\"color: #000000;\">Diagn\u00f3stico por im\u00e1genes y PAAF de tiroides y ganglios cervicales<\/span><\/p>\n<p><span style=\"color: #000000;\">Ecograf\u00eda en el seguimiento activo del carcinoma diferenciado de tiroides<\/span><\/p>\n<p><span style=\"color: #000000;\">Estudio ecogr\u00e1fico de los ganglios del cuello<\/span><\/p>\n<p><span style=\"color: #000000;\">Punci\u00f3n aspirativa con aguja fina (PAAF) de tiroides y de ganglios del cuello<\/span><\/p>\n<p><span style=\"color: #000000;\">Valor de la TCMS, RM y PET-CT en la evaluaci\u00f3n del n\u00f3dulo tiroideo<\/span><\/p>\n<p><span style=\"color: #000000;\">Medicina Nuclear en el diagn\u00f3stico del n\u00f3dulo de tiroides<\/span><\/p>\n<p><span style=\"color: #000000;\">Diagn\u00f3stico por Im\u00e1genes en patolog\u00eda de las gl\u00e1ndulas salivales<\/span><\/p>\n<p><span style=\"color: #000000;\">Anatom\u00eda radiol\u00f3gica del cuello<\/span><\/p>\n<\/div> <\/div>\n\t\t\n  \n\t\t<\/div>\n\n\t\n\t<\/div>\n<\/div>\n\n\t\t\n\t<\/div>\n\n\t\n<\/div>\n\n\t\t\t\n\t\n\t<\/div>\n\n\t\t\n\n\t\t<\/div>\n<\/div>\t\n\n<div class=\"page-section  clearfix last-section\" style=\"z-index:4\" id='rpsV7LXIPTQQQ7U7D43P1H68RIKTBT3B4VG' data-exheight='0' >\n\t\n\t<div class=\"section-inner-wrap\">\n\n\t\t\n\n\n\t\t\t\n\n\t<div class=\"skeleton section-content auto_align clearfix\" data-width=\"Contained\">\n\t\t\n\t\t\t\t\t\n<div class=\"rad-container  layout_element  one_third first  top   clearfix\" id=\"rpcCAHMM14JDUJQP53IIL5DCK7WCHAVBBWD\" data-layout=\"one_third\">\n\t\n\t \t\n\n\t<div class=\"rad-inner-container clearfix\">\n\t \n\n\n<div  data-key=\"rad_text_widget\"  style='-webkit-transition-delay:0s;transition-delay:0s;' id=\"rpwROHU8K7EG4VRD4YJDD48VCCFJ61Q4KXI\" class=\" w_full w_layout_element  top   rad-widget\">\n\t\n<div class='ioa-text-column none  col-align-left  clearfix'> \n      \n      <div class='ioa-text-area'>\n        <h3 class='text-title'>Dra. Alejandra Salgado<\/h3>\n        \n        \n        \n        \n      <\/div> \n     <\/div>\n<\/div>\n<div  data-key=\"rad_image_widget\"  id=\"rpwYXTSJY4C7QHSR06U4V78GSQ3SAGIQ4SG\" class=\" w_full w_layout_element   rad-widget\">\n\t<div class=\"image-inner-wrap image-stretched \">\n\t\t\t\t\n\t\t<div  class=' hover-item  image-align-none' itemscope itemprop='http:\/\/schema.org\/ImageObject'>   <img itemprop='image'   alt=\"\" title=\"salgado alejandra\"  class='' src='https:\/\/faardit.org.ar\/web\/wp-content\/uploads\/2025\/07\/salgado-alejandra-238x203.png'     \/>  <\/div>\t\t\t\t\t<\/div>\n<\/div>\n\t\t\n\t<\/div>\n\n\t\n<\/div>\n\n\t\t\n<div class=\"rad-container  layout_element  two_third last top   clearfix\" id=\"rpcYQ9B13TQ9DI06WTMN1PNFNYPH7AJ79AN\" data-layout=\"two_third\">\n\t\n\t \t\n\n\t<div class=\"rad-inner-container clearfix\">\n\t \n\n\n<div  data-key=\"rad_text_widget\"  style='-webkit-transition-delay:0s;transition-delay:0s;' id=\"rpwQPUE2KDJQ87SQVLBUPQO6K06NQESCI95\" class=\" w_full w_layout_element  top   rad-widget\">\n\t\n<div class='ioa-text-column none  col-align-left  clearfix'> \n      \n      <div class='ioa-text-area'>\n        <h3 class='text-title'> <\/h3>\n        \n        \n        \n        \n      <\/div> \n     <\/div>\n<\/div> \n\n\n<div  data-key=\"rad_text_widget\"  style='-webkit-transition-delay:0s;transition-delay:0s;' id=\"rpwL5XK2LH3Q0VCL8JJWVWEOYU47K9BVPVB\" class=\" w_full w_layout_element   rad-widget\">\n\t\n<div class='ioa-text-column none  col-align-left  clearfix'> \n      \n      <div class='ioa-text-area'>\n        <h3 class='text-title'> <\/h3>\n        \n        \n        \n        \n      <\/div> \n     <\/div>\n<\/div>\n<div  data-key=\"rad_toggle_widget\"  id=\"rpwRHCF8T6MRDYDWPEPGLXXU6TDRV93U6CH\" class=\" w_full w_layout_element   rad-widget\">\n\n\t<div class=\"toggle-inner-wrap\">\n\t\t\n\n\t\t<div class=\" clearfix toggle-style-simple\" itemscope itemtype=\"http:\/\/schema.org\/ItemList\">\n  \t\t\n\t\t\n\t\t <div class='toggle ' itemscope itemtype='http:\/\/schema.org\/Thing'><h4><a href=\"#tg69e5217622d4c\" class='toggle-title ' itemprop='name'  > <i class='ioa-front-icon  plus-2icon-'><\/i> BREVE BIO<\/a><\/h4><div id='tg69e5217622d4c' itemprop='description' class='toggle-body collapse'>\n<p><span style=\"color: #000000;\">M\u00e9dica especialista en Diagn\u00f3stico por Im\u00e1genes con orientaci\u00f3n a TC y PET\/CT fundamentalmente dentro del \u00e1rea de Oncoim\u00e1genes.<\/span><\/p>\n<p><span style=\"color: #000000;\"><strong>Actividad profesional actual<\/strong><\/span><\/p>\n<ul>\n<li style=\"color: #000000;\"><span style=\"color: #000000;\">Cargo de m\u00e9dica de planta en el Servicio de Diagn\u00f3stico por Im\u00e1genes del Instituto de Oncolog\u00eda Alexander Fleming (2016 hasta la actualidad)<\/span><\/li>\n<li style=\"color: #000000;\"><span style=\"color: #000000;\">M\u00e9dica del \u00e1rea PET\/CT en el centro de Im\u00e1genes \u201cIMAT\u201d (2022 hasta la actualidad)<\/span><\/li>\n<li style=\"color: #000000;\"><span style=\"color: #000000;\">Miembro del cuerpo docente de la Universidad de Maim\u00f3nides en el Posgrado de Diagn\u00f3stico por Im\u00e1genes en la Ciudad Aut\u00f3noma de Buenos Aires (2025)<\/span><\/li>\n<\/ul>\n<h5 style=\"text-align: left;\"><a href=\"https:\/\/faardit.org.ar\/web\/wp-content\/uploads\/2025\/07\/Curriculum-ampliado-Dra-Salgado-Alejandra-FAARDIT.doc\"><strong>DESCARGAR CV<\/strong><\/a><\/h5>\n<\/div> <\/div> <div class='toggle ' itemscope itemtype='http:\/\/schema.org\/Thing'><h4><a href=\"#tg69e5217623041\" class='toggle-title ' itemprop='name'  > <i class='ioa-front-icon  plus-2icon-'><\/i> CLASES<\/a><\/h4><div id='tg69e5217623041' itemprop='description' class='toggle-body collapse'>\n<ul>\n<li style=\"color: #000000;\"><span style=\"color: #000000;\">PET\/CT en la patolog\u00eda de tubo digestivo: ca g\u00e1strico y colon.<\/span><\/li>\n<li style=\"color: #000000;\"><span style=\"color: #000000;\">Estudio del adenocarcinoma de p\u00e1ncreas: espectro de TC-RM y PET\/CT.<\/span><\/li>\n<li style=\"color: #000000;\"><span style=\"color: #000000;\">Evaluaci\u00f3n de TNE de p\u00e1ncreas con PET\/CT<\/span><br \/><span style=\"color: #000000;\">Aplicaciones del PET\/CT en la patolog\u00eda de paratiroides.<\/span><\/li>\n<li style=\"color: #000000;\"><span style=\"color: #000000;\">Aplicaciones del PET\/CT en la patolog\u00eda neopl\u00e1sica de tiroides.<\/span><\/li>\n<li style=\"color: #000000;\"><span style=\"color: #000000;\">PET\/CT PSMA: de la teor\u00eda a casos cl\u00ednicos cotidianos.<\/span><\/li>\n<li style=\"color: #000000;\"><span style=\"color: #000000;\">Utilidad del PET\/CT en la evaluaci\u00f3n de linfomas.<\/span><\/li>\n<li style=\"color: #000000;\"><span style=\"color: #000000;\">Melanoma y PET\/CT en la pr\u00e1ctica oncol\u00f3gica cotidiana.<\/span><\/li>\n<li style=\"color: #000000;\"><span style=\"color: #000000;\">Puesta al d\u00eda del uso de PET\/CT en la patolog\u00eda mamaria neopl\u00e1sica.<\/span><\/li>\n<li style=\"color: #000000;\"><span style=\"color: #000000;\">Utilidad del PET\/CT en la evaluaci\u00f3n metast\u00e1sica de la patolog\u00eda oncol\u00f3gica renal.<\/span><\/li>\n<li style=\"color: #000000;\"><span style=\"color: #000000;\">Aplicaciones del PET\/CT en patolog\u00eda pulmonar oncol\u00f3gica<\/span><\/li>\n<\/ul>\n<\/div> <\/div>\n\t\t\n  \n\t\t<\/div>\n\n\t\n\t<\/div>\n<\/div>\n\n\t\t\n\t<\/div>\n\n\t\n<\/div>\n\n\t\t\t\n\t\n\t<\/div>\n\n\t\t\n\n\t\t<\/div>\n<\/div>\t\n\n<\/p>\n","protected":false},"excerpt":{"rendered":"","protected":false},"author":1,"featured_media":0,"parent":0,"menu_order":0,"comment_status":"closed","ping_status":"closed","template":"","meta":[],"_links":{"self":[{"href":"https:\/\/faardit.org.ar\/web\/wp-json\/wp\/v2\/pages\/5424"}],"collection":[{"href":"https:\/\/faardit.org.ar\/web\/wp-json\/wp\/v2\/pages"}],"about":[{"href":"https:\/\/faardit.org.ar\/web\/wp-json\/wp\/v2\/types\/page"}],"author":[{"embeddable":true,"href":"https:\/\/faardit.org.ar\/web\/wp-json\/wp\/v2\/users\/1"}],"replies":[{"embeddable":true,"href":"https:\/\/faardit.org.ar\/web\/wp-json\/wp\/v2\/comments?post=5424"}],"version-history":[{"count":17,"href":"https:\/\/faardit.org.ar\/web\/wp-json\/wp\/v2\/pages\/5424\/revisions"}],"predecessor-version":[{"id":8143,"href":"https:\/\/faardit.org.ar\/web\/wp-json\/wp\/v2\/pages\/5424\/revisions\/8143"}],"wp:attachment":[{"href":"https:\/\/faardit.org.ar\/web\/wp-json\/wp\/v2\/media?parent=5424"}],"curies":[{"name":"wp","href":"https:\/\/api.w.org\/{rel}","templated":true}]}}