{"id":5432,"date":"2022-01-21T18:48:12","date_gmt":"2022-01-21T18:48:12","guid":{"rendered":"https:\/\/faardit.org.ar\/web\/?page_id=5432"},"modified":"2024-01-16T19:10:04","modified_gmt":"2024-01-16T19:10:04","slug":"profesores-cardioimagenes","status":"publish","type":"page","link":"https:\/\/faardit.org.ar\/web\/profesores-cardioimagenes\/","title":{"rendered":"Profesores &#8211; Cardioim\u00e1genes"},"content":{"rendered":"<p><div class=\"page-section  clearfix first-section\" style=\"z-index:1\" id='rpsOFJUYNQRVCR80MDBDPQHLXWT1E2EUOYS' data-exheight='0' >\n\t\n\t<div class=\"section-inner-wrap\">\n\n\t\t\n\n\n\t\t\t\n\n\t<div class=\"skeleton section-content auto_align clearfix\" data-width=\"Contained\">\n\t\t\n\t\t\t\t\t\n<div class=\"rad-container  layout_element  full last first  top   clearfix\" id=\"rpcG4JLUPDNI9T2NBHIG95QPCR6IHFA2ONB\" data-layout=\"full\">\n\t\n\t \t\n\n\t<div class=\"rad-inner-container clearfix\">\n\t \n\n\n<div  data-key=\"rad_text_widget\"  style='-webkit-transition-delay:0s;transition-delay:0s;' id=\"rpwV1I6LDP4Y6ORT0Y0YUWS1BFAGXIJK6X6\" class=\" w_full w_layout_element  top  widget-animate widget-animate-fade-top  rad-widget\">\n\t\n<div class='ioa-text-column centered  col-align-center  clearfix'> \n      <div class='ioa-icon-area' style='margin-top:0'> <img src='https:\/\/faardit.org.ar\/web\/wp-content\/uploads\/2024\/01\/Cardiovascular-Ene24@2x.png' alt='text icon'\/>  <\/div>\n      <div class='ioa-text-area'>\n        <h3 class='text-title'>Cardioim\u00e1genes<\/h3>\n        \n        \n        \n        \n      <\/div> \n     <\/div>\n<\/div>\n<div  data-key=\"rad_divider_widget\"  id=\"rpwF17Y3U407KER0OG2BL26EQNLO3XYM2CJ\" class=\" w_full w_layout_element   rad-widget\" style=\"padding:\">\n\t<div class=\"divider line\"  >\n\t\t\t\t\t\t\t\t\t<\/div>\n<\/div>\n\n\t\t\n\t<\/div>\n\n\t\n<\/div>\n\n\t\t\n<div class=\"rad-container  layout_element  one_third first   clearfix\" id=\"rpcUW89EESAE4BU2JPIB3GA4M9YSSAY68G4\" data-layout=\"one_third\">\n\t<span class=\"vline\" style='-webkit-transition-delay:350ms;transition-delay:350ms;'><\/span>\n\t \t\n\n\t<div class=\"rad-inner-container clearfix\">\n\t \n\n\n<div  data-key=\"rad_text_widget\"  style='-webkit-transition-delay:0s;transition-delay:0s;' id=\"rpwHBJR0U79TX4HBJ6T5ORWVG54AANPLELT\" class=\" w_full w_layout_element  top   rad-widget\">\n\t\n<div class='ioa-text-column none  col-align-left  clearfix'> \n      \n      <div class='ioa-text-area'>\n        <h3 class='text-title'>Dr. Jos\u00e9 Brice\u00f1o Polacre<\/h3>\n        \n        \n        \n        \n      <\/div> \n     <\/div>\n<\/div>\n<div  data-key=\"rad_image_widget\"  id=\"rpwCOPO8T8HXCLHWSHJDCQSB9CKT4WWEJHX\" class=\" w_full w_layout_element   rad-widget\">\n\t<div class=\"image-inner-wrap image-stretched \">\n\t\t\t\t\n\t\t<div  class=' hover-item  image-align-none' itemscope itemprop='http:\/\/schema.org\/ImageObject'>   <img itemprop='image'   alt=\"\" title=\"JoseBrice\u00f1oPolacre\"  class='' src='https:\/\/faardit.org.ar\/web\/wp-content\/uploads\/2021\/08\/JoseBricenoPolacre-333x333.jpg'     \/>  <\/div>\t\t\t\t\t<\/div>\n<\/div>\n\t\t\n\t<\/div>\n\n\t\n<\/div>\n\n\t\t\n<div class=\"rad-container  layout_element  two_third last  clearfix\" id=\"rpcNN6VRMJ1QD6FQF18L7065R6MM4BOJS6M\" data-layout=\"two_third\">\n\t<span class=\"vline\" style='-webkit-transition-delay:700ms;transition-delay:700ms;'><\/span>\n\t \t\n\n\t<div class=\"rad-inner-container clearfix\">\n\t \n\n\n<div  data-key=\"rad_text_widget\"  style='-webkit-transition-delay:0s;transition-delay:0s;' id=\"rpwJLEXBCAAVDHP150X9LR0FAX6VNB53JMV\" class=\" w_full w_layout_element  top   rad-widget\">\n\t\n<div class='ioa-text-column none  col-align-left  clearfix'> \n      \n      <div class='ioa-text-area'>\n        <h3 class='text-title'> <\/h3>\n        \n        \n        \n        \n      <\/div> \n     <\/div>\n<\/div> \n\n\n<div  data-key=\"rad_text_widget\"  style='-webkit-transition-delay:0s;transition-delay:0s;' id=\"rpwJ7M53H2PEX3L8AKNRMON9M1JTAEKOWKK\" class=\" w_full w_layout_element   rad-widget\">\n\t\n<div class='ioa-text-column none  col-align-left  clearfix'> \n      \n      <div class='ioa-text-area'>\n        <h3 class='text-title'> <\/h3>\n        \n        \n        \n        \n      <\/div> \n     <\/div>\n<\/div>\n<div  data-key=\"rad_toggle_widget\"  id=\"rpwJ26WO5CEDPQVEPDID67DEURXWEC128R8\" class=\" w_full w_layout_element   rad-widget\">\n\n\t<div class=\"toggle-inner-wrap\">\n\t\t\n\n\t\t<div class=\" clearfix toggle-style-simple\" itemscope itemtype=\"http:\/\/schema.org\/ItemList\">\n  \t\t\n\t\t\n\t\t <div class='toggle ' itemscope itemtype='http:\/\/schema.org\/Thing'><h4><a href=\"#tg69f46cbb3d670\" class='toggle-title ' itemprop='name'  > <i class='ioa-front-icon  plus-2icon-'><\/i> BREVE BIO<\/a><\/h4><div id='tg69f46cbb3d670' itemprop='description' class='toggle-body collapse'>\n<p><span style=\"color: #000000;\">\u2022 MEDICAL ADVISOR RADIOLOGY BAYER <\/span><\/p>\n<p><span style=\"color: #000000;\">\u2022 MIEMBRO CORRESPONDIENTE DE LA ACADEMIA NACIONAL DE MEDICINA DE VENEZUELA.<\/span><\/p>\n<p><span style=\"color: #000000;\">\u2022 PROFESOR DEL COLEGIO INTERAMERICANO DE RADIOLOGIA &#8211; CIR.<\/span><\/p>\n<h5 style=\"text-align: left;\"><a href=\"https:\/\/faardit.org.ar\/web\/wp-content\/uploads\/2021\/08\/JoseBricenoPolacreVCFaardit-1.pdf\"><strong>DESCARGAR CV<\/strong><\/a><\/h5>\n<\/div> <\/div> <div class='toggle ' itemscope itemtype='http:\/\/schema.org\/Thing'><h4><a href=\"#tg69f46cbb3d911\" class='toggle-title ' itemprop='name'  > <i class='ioa-front-icon  plus-2icon-'><\/i> CLASES<\/a><\/h4><div id='tg69f46cbb3d911' itemprop='description' class='toggle-body collapse'>\n<p>Baja Dosis En La Exploraci\u00f3n Cardiovascular Por Tomografia.<\/p>\n<p>Hallazgos Incidentales Tor\u00e1xicos En Tomograf\u00eda Card\u00edaca.<\/p>\n<p>Abc De La Angiotomografia Coronaria \u2013 Aspectos B\u00e1sicos.<\/p>\n<p>Dosis De Radiaci\u00f3n Y T\u00e9cnicas De Reducci\u00f3n En Imagenologia Tor\u00e1xica.<\/p>\n<p>Medios De Contraste En Tomograf\u00eda Y Resonancia Magn\u00e9tica.<\/p>\n<p>Reacciones Adversas A Los Medios De Contraste.<\/p>\n<p>Caracter\u00edsticas Anat\u00f3micas Y Morfol\u00f3gicas De N\u00f3dulo Pulmonar Solitario &#8211; Im\u00e1genes.<\/p>\n<p>Diagnostico Por Im\u00e1genes De N\u00f3dulos Pulmonares Interpretaci\u00f3n\u00a0 \u2013 Computed Assisted Diagnosis (Cad).<\/p>\n<p>Despistaje De C\u00e1ncer Pulmonar.<\/p>\n<p>Enfermedades Intersticiales Pulmonares \u2013 Tomograf\u00eda De Alta Resoluci\u00f3n Y Baja Dosis. Como Y Cuando Realizarla.<\/p>\n<p>Caracter\u00edsticas Tomograficas Del N\u00f3dulo Pulmonar Solitario. Benigno Vs Maligno.<\/p>\n<p>Covid 19 \u2013 Protocolos Y T\u00e9cnicas En Rayos X Y Tc.<\/p>\n<p>Covid 19 Visto Desde Las Im\u00e1genes Diagnosticas \u2013 Rol De Los Rayos X.<\/p>\n<\/div> <\/div>\n\t\t\n  \n\t\t<\/div>\n\n\t\n\t<\/div>\n<\/div>\n\n\t\t\n\t<\/div>\n\n\t\n<\/div>\n\n\t\t\t\n\t\n\t<\/div>\n\n\t\t\n\n\t\t<\/div>\n<\/div>\t\n\n<div class=\"page-section  clearfix last-section\" style=\"z-index:2\" id='rpsPQKSG3WBWD7N7R2FYQCI6SDPKYRVVENV' data-exheight='0' >\n\t\n\t<div class=\"section-inner-wrap\">\n\n\t\t\n\n\n\t\t\t\n\n\t<div class=\"skeleton section-content auto_align clearfix\" data-width=\"Contained\">\n\t\t\n\t\t\t\t\t\n<div class=\"rad-container  layout_element  one_third first  top   clearfix\" id=\"rpcWX8PEPAVIESK40Q1DVIYDPK247OLAYQB\" data-layout=\"one_third\">\n\t\n\t \t\n\n\t<div class=\"rad-inner-container clearfix\">\n\t \n\n\n<div  data-key=\"rad_text_widget\"  style='-webkit-transition-delay:0s;transition-delay:0s;' id=\"rpwB34TM3MOBS9QQX9TU70QMT5M20EG447C\" class=\" w_full w_layout_element  top   rad-widget\">\n\t\n<div class='ioa-text-column none  col-align-left  clearfix'> \n      \n      <div class='ioa-text-area'>\n        <h3 class='text-title'>Dr. Alejandro De La Vega<\/h3>\n        \n        \n        \n        \n      <\/div> \n     <\/div>\n<\/div>\n<div  data-key=\"rad_image_widget\"  id=\"rpwEWAPUDTU1KPQWFYGUNDKPTDX3F1TE4CJ\" class=\" w_full w_layout_element   rad-widget\">\n\t<div class=\"image-inner-wrap image-stretched \">\n\t\t\t\t\n\t\t<div  class=' hover-item  image-align-none' itemscope itemprop='http:\/\/schema.org\/ImageObject'>   <img itemprop='image'   alt=\"\" title=\"delavegaalejandroFinal\"  class='' src='https:\/\/faardit.org.ar\/web\/wp-content\/uploads\/2021\/08\/delavegaalejandroFinal-333x333.jpg'     \/>  <\/div>\t\t\t\t\t<\/div>\n<\/div>\n\t\t\n\t<\/div>\n\n\t\n<\/div>\n\n\t\t\n<div class=\"rad-container  layout_element  two_third last top   clearfix\" id=\"rpcQT7SVL581A1XSHWDPDKUYGO5D864DN2R\" data-layout=\"two_third\">\n\t\n\t \t\n\n\t<div class=\"rad-inner-container clearfix\">\n\t \n\n\n<div  data-key=\"rad_text_widget\"  style='-webkit-transition-delay:0s;transition-delay:0s;' id=\"rpwHCJXR284V64SI0Q2ST6WP17S85SKS46H\" class=\" w_full w_layout_element  top   rad-widget\">\n\t\n<div class='ioa-text-column none  col-align-left  clearfix'> \n      \n      <div class='ioa-text-area'>\n        <h3 class='text-title'> <\/h3>\n        \n        \n        \n        \n      <\/div> \n     <\/div>\n<\/div> \n\n\n<div  data-key=\"rad_text_widget\"  style='-webkit-transition-delay:0s;transition-delay:0s;' id=\"rpwHVBH6E7JRBLM657U060JAJ5ECLYGWQNR\" class=\" w_full w_layout_element   rad-widget\">\n\t\n<div class='ioa-text-column none  col-align-left  clearfix'> \n      \n      <div class='ioa-text-area'>\n        <h3 class='text-title'> <\/h3>\n        \n        \n        \n        \n      <\/div> \n     <\/div>\n<\/div>\n<div  data-key=\"rad_toggle_widget\"  id=\"rpwPVB5LRBA9L9AJRST3SH7NPHU19G5KOUT\" class=\" w_full w_layout_element   rad-widget\">\n\n\t<div class=\"toggle-inner-wrap\">\n\t\t\n\n\t\t<div class=\" clearfix toggle-style-simple\" itemscope itemtype=\"http:\/\/schema.org\/ItemList\">\n  \t\t\n\t\t\n\t\t <div class='toggle ' itemscope itemtype='http:\/\/schema.org\/Thing'><h4><a href=\"#tg69f46cbb3f554\" class='toggle-title ' itemprop='name'  > <i class='ioa-front-icon  plus-2icon-'><\/i> BREVE BIO<\/a><\/h4><div id='tg69f46cbb3f554' itemprop='description' class='toggle-body collapse'>\n<p><span style=\"color: #000000;\">\u2022 Jefe de Servicio de Diagn\u00f3stico Cardiovascular en TC y RM. Grupo Leben Salud. Neuqu\u00e9n. Argentina.<\/span><\/p>\n<h5 style=\"text-align: left;\"><a href=\"https:\/\/faardit.org.ar\/web\/wp-content\/uploads\/2021\/08\/DrAlejandroDeLaVegaCvFaardit.pdf\"><strong>DESCARGAR CV<\/strong><\/a><\/h5>\n<\/div> <\/div> <div class='toggle ' itemscope itemtype='http:\/\/schema.org\/Thing'><h4><a href=\"#tg69f46cbb3f6df\" class='toggle-title ' itemprop='name'  > <i class='ioa-front-icon  plus-2icon-'><\/i> CLASES<\/a><\/h4><div id='tg69f46cbb3f6df' itemprop='description' class='toggle-body collapse'>\n<p><span style=\"color: #000000;\">Clases a Dictar<\/span><\/p>\n<\/div> <\/div>\n\t\t\n  \n\t\t<\/div>\n\n\t\n\t<\/div>\n<\/div>\n\n\t\t\n\t<\/div>\n\n\t\n<\/div>\n\n\t\t\t\n\t\n\t<\/div>\n\n\t\t\n\n\t\t<\/div>\n<\/div>\t\n\n<\/p>\n","protected":false},"excerpt":{"rendered":"","protected":false},"author":1,"featured_media":0,"parent":0,"menu_order":0,"comment_status":"closed","ping_status":"closed","template":"","meta":[],"_links":{"self":[{"href":"https:\/\/faardit.org.ar\/web\/wp-json\/wp\/v2\/pages\/5432"}],"collection":[{"href":"https:\/\/faardit.org.ar\/web\/wp-json\/wp\/v2\/pages"}],"about":[{"href":"https:\/\/faardit.org.ar\/web\/wp-json\/wp\/v2\/types\/page"}],"author":[{"embeddable":true,"href":"https:\/\/faardit.org.ar\/web\/wp-json\/wp\/v2\/users\/1"}],"replies":[{"embeddable":true,"href":"https:\/\/faardit.org.ar\/web\/wp-json\/wp\/v2\/comments?post=5432"}],"version-history":[{"count":6,"href":"https:\/\/faardit.org.ar\/web\/wp-json\/wp\/v2\/pages\/5432\/revisions"}],"predecessor-version":[{"id":6757,"href":"https:\/\/faardit.org.ar\/web\/wp-json\/wp\/v2\/pages\/5432\/revisions\/6757"}],"wp:attachment":[{"href":"https:\/\/faardit.org.ar\/web\/wp-json\/wp\/v2\/media?parent=5432"}],"curies":[{"name":"wp","href":"https:\/\/api.w.org\/{rel}","templated":true}]}}