{"id":5445,"date":"2022-01-21T19:04:15","date_gmt":"2022-01-21T19:04:15","guid":{"rendered":"https:\/\/faardit.org.ar\/web\/?page_id=5445"},"modified":"2026-05-06T18:29:51","modified_gmt":"2026-05-06T18:29:51","slug":"profesores-ecografia","status":"publish","type":"page","link":"https:\/\/faardit.org.ar\/web\/profesores-ecografia\/","title":{"rendered":"Profesores &#8211; Ecograf\u00eda"},"content":{"rendered":"<p><div class=\"page-section  clearfix first-section\" style=\"z-index:1\" id='rpsXK9GL0CPYN4JCR0X5VF2XVSTDN21SQKS' data-exheight='0' >\n\t\n\t<div class=\"section-inner-wrap\">\n\n\t\t\n\n\n\t\t\t\n\n\t<div class=\"skeleton section-content auto_align clearfix\" data-width=\"Contained\">\n\t\t\n\t\t\t\t\t\n<div class=\"rad-container  layout_element  full last first  top   clearfix\" id=\"rpcUV96Y71U8FCTBV52SU52O2FOEPFD9AB3\" data-layout=\"full\">\n\t\n\t \t\n\n\t<div class=\"rad-inner-container clearfix\">\n\t \n\n\n<div  data-key=\"rad_text_widget\"  style='-webkit-transition-delay:0s;transition-delay:0s;' id=\"rpwLG9HTES75ULS9O8DA5RKXLA8G3X5DY0R\" class=\" w_full w_layout_element  top  widget-animate widget-animate-fade-top  rad-widget\">\n\t\n<div class='ioa-text-column centered  col-align-center  clearfix'> \n      <div class='ioa-icon-area' style='margin-top:0'> <img src='https:\/\/faardit.org.ar\/web\/wp-content\/uploads\/2024\/01\/Ecografia-General-Ene24@2x.png' alt='text icon'\/>  <\/div>\n      <div class='ioa-text-area'>\n        <h3 class='text-title'>Ecograf\u00eda<\/h3>\n        \n        \n        \n        \n      <\/div> \n     <\/div>\n<\/div>\n<div  data-key=\"rad_divider_widget\"  id=\"rpwYR34QGMV5BECW9FADOEC3UA7E5CTIS4W\" class=\" w_full w_layout_element   rad-widget\" style=\"padding:\">\n\t<div class=\"divider line\"  >\n\t\t\t\t\t\t\t\t\t<\/div>\n<\/div>\n\n\t\t\n\t<\/div>\n\n\t\n<\/div>\n\n\t\t\t\n\t\n\t<\/div>\n\n\t\t\n\n\t\t<\/div>\n<\/div>\t\n\n<div class=\"page-section  clearfix \" style=\"z-index:2\" id='rpsKN2068RKWWV2BGG7RXWAXCLNNH67CWFY' data-exheight='0' >\n\t\n\t<div class=\"section-inner-wrap\">\n\n\t\t\n\n\n\t\t\t\n\n\t<div class=\"skeleton section-content auto_align clearfix\" data-width=\"Contained\">\n\t\t\n\t\t\t\t\t\n<div class=\"rad-container  layout_element  one_third first  top   clearfix\" id=\"rpcM4L5T6CTSQYB59QVM7NKYW60SGDPPB4X\" data-layout=\"one_third\">\n\t\n\t \t\n\n\t<div class=\"rad-inner-container clearfix\">\n\t \n\n\n<div  data-key=\"rad_text_widget\"  style='-webkit-transition-delay:0s;transition-delay:0s;' id=\"rpwJN533JCYM8IHH8NXP2OGJALTXWSO7PL0\" class=\" w_full w_layout_element  top   rad-widget\">\n\t\n<div class='ioa-text-column none  col-align-left  clearfix'> \n      \n      <div class='ioa-text-area'>\n        <h3 class='text-title'>Dra. Patricia A. Nally<\/h3>\n        \n        \n        \n        \n      <\/div> \n     <\/div>\n<\/div>\n<div  data-key=\"rad_image_widget\"  id=\"rpwKXELNO0VU2PJMF8QE443XU18UIXBUE1A\" class=\" w_full w_layout_element   rad-widget\">\n\t<div class=\"image-inner-wrap image-stretched \">\n\t\t\t\t\n\t\t<div  class=' hover-item  image-align-none' itemscope itemprop='http:\/\/schema.org\/ImageObject'>   <img itemprop='image'   alt=\"\" title=\"PatriciaNally\"  class='' src='https:\/\/faardit.org.ar\/web\/wp-content\/uploads\/2021\/08\/PatriciaNally-333x333.jpg'     \/>  <\/div>\t\t\t\t\t<\/div>\n<\/div>\n\t\t\n\t<\/div>\n\n\t\n<\/div>\n\n\t\t\n<div class=\"rad-container  layout_element  two_third last top   clearfix\" id=\"rpcTDYQSW93HT9VGHTCONYBJDRRY6AUN2HN\" data-layout=\"two_third\">\n\t\n\t \t\n\n\t<div class=\"rad-inner-container clearfix\">\n\t \n\n\n<div  data-key=\"rad_text_widget\"  style='-webkit-transition-delay:0s;transition-delay:0s;' id=\"rpwPT5A7NLOX9HB9J2MBW8NBAXU4435324E\" class=\" w_full w_layout_element  top   rad-widget\">\n\t\n<div class='ioa-text-column none  col-align-left  clearfix'> \n      \n      <div class='ioa-text-area'>\n        <h3 class='text-title'> <\/h3>\n        \n        \n        \n        \n      <\/div> \n     <\/div>\n<\/div> \n\n\n<div  data-key=\"rad_text_widget\"  style='-webkit-transition-delay:0s;transition-delay:0s;' id=\"rpwM82RFA31PR9PCV4B9H4J6JAM7YIR0O82\" class=\" w_full w_layout_element   rad-widget\">\n\t\n<div class='ioa-text-column none  col-align-left  clearfix'> \n      \n      <div class='ioa-text-area'>\n        <h3 class='text-title'> <\/h3>\n        \n        \n        \n        \n      <\/div> \n     <\/div>\n<\/div>\n<div  data-key=\"rad_toggle_widget\"  id=\"rpwQFURK2XAJX9BFVETG60334VJBONX3JPB\" class=\" w_full w_layout_element   rad-widget\">\n\n\t<div class=\"toggle-inner-wrap\">\n\t\t\n\n\t\t<div class=\" clearfix toggle-style-simple\" itemscope itemtype=\"http:\/\/schema.org\/ItemList\">\n  \t\t\n\t\t\n\t\t <div class='toggle ' itemscope itemtype='http:\/\/schema.org\/Thing'><h4><a href=\"#tg6a00817617640\" class='toggle-title ' itemprop='name'  > <i class='ioa-front-icon  plus-2icon-'><\/i> BREVE BIO<\/a><\/h4><div id='tg6a00817617640' itemprop='description' class='toggle-body collapse'>\n<ul>\n<li><span style=\"color: #000000;\">Especialista en Diagn\u00f3stico por Im\u00e1genes Sub especializada en Im\u00e1genes<\/span><br \/><span style=\"color: #000000;\">Deportivas y Musculoesqueleticas<\/span><\/li>\n<li><span style=\"color: #000000;\">Especialista Diagn\u00f3stico por Im\u00e1genes en Pediatr\u00eda<\/span><\/li>\n<li><span style=\"color: #000000;\">Jefa de Servicio del \u00c1rea de Ultrasonido Musculoesquel\u00e9tico y Radiolog\u00eda de<\/span><br \/><span style=\"color: #000000;\">Traumat\u00f3logos Asociados SA. Mar del Plata Argentina (1996 a la actualidad)<\/span><\/li>\n<li><span style=\"color: #000000;\">Encargada \u00c1rea de Diagn\u00f3stico por Im\u00e1genes en Hemofilia del Hospital<\/span><br \/><span style=\"color: #000000;\">Interzonal Materno Infantil de Mar del Plata (2010 a 2022) Buenos Aires<\/span><br \/><span style=\"color: #000000;\">Argentina.<\/span><\/li>\n<li><span style=\"color: #000000;\">M\u00e9dico Consultor Ad Honorem Hospital Interzonal Especializado Materno<\/span><br \/><span style=\"color: #000000;\">Infantil de Mar del Plata (HIEMI), Buenos Aires, Argentina<\/span><\/li>\n<li><span style=\"color: #000000;\">Jefe de Unidad de Diagn\u00f3stico y Tratamiento, Alta complejidad TAC e<\/span><br \/><span style=\"color: #000000;\">Intervencionismo en Hospital Interzonal Especializado Materno Infantil de Mar<\/span><br \/><span style=\"color: #000000;\">del Plata (HIEMI), Buenos Aires, Argentina (2017-2021)<\/span><\/li>\n<li><span style=\"color: #000000;\">Jefa de Unidad de Diagn\u00f3stico y Tratamiento Radiolog\u00eda General Hospital<\/span><br \/><span style=\"color: #000000;\">Materno Infantil (HIEMI) Mar del Plata Buenos Aires Argentina (2013-2017).<\/span><\/li>\n<li><span style=\"color: #000000;\">M\u00e9dica de planta permanente Especialista en Diagn\u00f3stico por Im\u00e1genes, en<\/span><br \/><span style=\"color: #000000;\">Hospital Materno Infantil de (HIEMI) Mar del Plata Buenos Aires Argentina<\/span><br \/><span style=\"color: #000000;\">(1997-2021)<\/span><\/li>\n<li><span style=\"color: #000000;\">Profesor de la Federaci\u00f3n Argentina de Asociaciones de Radiolog\u00eda,<\/span><br \/><span style=\"color: #000000;\">Diagn\u00f3stico por Im\u00e1genes y Terapia Radiante FAARDIT.<\/span><\/li>\n<li><span style=\"color: #000000;\">Profesor del Colegio Interamericano de Radiolog\u00eda (CIR)<\/span><\/li>\n<li><span style=\"color: #000000;\">Profesor de la Radiologic Society North America (RSNA 2024\/2025)<\/span><\/li>\n<li><span style=\"color: #000000;\">Coordinadora del Comit\u00e9 Musculoesquel\u00e9tico de la Sociedad Argentina de<\/span><br \/><span style=\"color: #000000;\">Radiolog\u00eda Pedi\u00e1trica (SARP)<\/span><\/li>\n<li><span style=\"color: #000000;\">Coordinadora \u00c1rea Diagn\u00f3stico por Im\u00e1genes Asociaci\u00f3n Argentina de<\/span><br \/><span style=\"color: #000000;\">Hemofilia y Des\u00f3rdenes Asociados<\/span><\/li>\n<li><span style=\"color: #000000;\">Integrante Comit\u00e9 Nacional de Diagn\u00f3stico por Im\u00e1genes de la Sociedad<\/span><br \/><span style=\"color: #000000;\">Argentina de Pediatr\u00eda (SAP) (2021-2025)<\/span><\/li>\n<li><span style=\"color: #000000;\">Vicepresidenta 2da del Comit\u00e9 de la Sociedad Argentina de Pediatr\u00eda Filial Mar<\/span><br \/><span style=\"color: #000000;\">del Plata<\/span><\/li>\n<li><span style=\"color: #000000;\">Coordinador del Workshop de Capacitaci\u00f3n en ECOGRAF\u00cdA Hands On del<\/span><br \/><span style=\"color: #000000;\">M\u00f3dulo Musculoesquel\u00e9tico en el Congreso Argentino de Radiolog\u00eda (2005 a<\/span><br \/><span style=\"color: #000000;\">2019)<\/span><\/li>\n<li><span style=\"color: #000000;\">Coordinador del Workshop de Capacitaci\u00f3n en ECOGRAF\u00cdA Hands On del<\/span><br \/><span style=\"color: #000000;\">M\u00f3dulo Musculoesquel\u00e9tico en el Congreso de la Federaci\u00f3n Mundial de<\/span><br \/><span style=\"color: #000000;\">Hemofilia realizado en Madrid Espa\u00f1a (Marzo 2024) y Kuala Lumpur (2026)<\/span><\/li>\n<\/ul>\n<\/div> <\/div>\n\t\t\n  \n\t\t<\/div>\n\n\t\n\t<\/div>\n<\/div>\n\n\t\t\n\t<\/div>\n\n\t\n<\/div>\n\n\t\t\n<div class=\"rad-container  layout_element  one_third first   clearfix\" id=\"rpcAS0U8FRH0W1PG2SXXGDLT54UHBEO7P8O\" data-layout=\"one_third\">\n\t<span class=\"vline\" style='-webkit-transition-delay:350ms;transition-delay:350ms;'><\/span>\n\t \t\n\n\t<div class=\"rad-inner-container clearfix\">\n\t \n\n\n<div  data-key=\"rad_text_widget\"  style='-webkit-transition-delay:0s;transition-delay:0s;' id=\"rpwWLXURS6UNEEU9DSOR2G8Q57DLQ5FYG6T\" class=\" w_full w_layout_element  top   rad-widget\">\n\t\n<div class='ioa-text-column none  col-align-left  clearfix'> \n      \n      <div class='ioa-text-area'>\n        <h3 class='text-title'>Dra. Stella M. Batalles<\/h3>\n        \n        \n        \n        \n      <\/div> \n     <\/div>\n<\/div>\n<div  data-key=\"rad_image_widget\"  id=\"rpwCRJICUK998O10EJMWPNRXP813UIQXLFM\" class=\" w_full w_layout_element   rad-widget\">\n\t<div class=\"image-inner-wrap image-stretched \">\n\t\t\t\t\n\t\t<div  class=' hover-item  image-align-none' itemscope itemprop='http:\/\/schema.org\/ImageObject'>   <img itemprop='image'   alt=\"\" title=\"StellaBatalles\"  class='' src='https:\/\/faardit.org.ar\/web\/wp-content\/uploads\/2021\/08\/StellaBatalles-333x333.jpg'     \/>  <\/div>\t\t\t\t\t<\/div>\n<\/div>\n\t\t\n\t<\/div>\n\n\t\n<\/div>\n\n\t\t\n<div class=\"rad-container  layout_element  two_third last  clearfix\" id=\"rpcT3J6K692O4D3QKCAYV7PO1TKX11SHPIR\" data-layout=\"two_third\">\n\t<span class=\"vline\" style='-webkit-transition-delay:700ms;transition-delay:700ms;'><\/span>\n\t \t\n\n\t<div class=\"rad-inner-container clearfix\">\n\t \n\n\n<div  data-key=\"rad_text_widget\"  style='-webkit-transition-delay:0s;transition-delay:0s;' id=\"rpwJY8343MJXRIEXT8WWOS32QYQULR5G249\" class=\" w_full w_layout_element  top   rad-widget\">\n\t\n<div class='ioa-text-column none  col-align-left  clearfix'> \n      \n      <div class='ioa-text-area'>\n        <h3 class='text-title'> <\/h3>\n        \n        \n        \n        \n      <\/div> \n     <\/div>\n<\/div> \n\n\n<div  data-key=\"rad_text_widget\"  style='-webkit-transition-delay:0s;transition-delay:0s;' id=\"rpwWM4CAUOG0F8VWAR8I62YSF37S9JFH681\" class=\" w_full w_layout_element   rad-widget\">\n\t\n<div class='ioa-text-column none  col-align-left  clearfix'> \n      \n      <div class='ioa-text-area'>\n        <h3 class='text-title'> <\/h3>\n        \n        \n        \n        \n      <\/div> \n     <\/div>\n<\/div>\n<div  data-key=\"rad_toggle_widget\"  id=\"rpwHO0KEHKNE9YULFR2LQWMO3E8GM6W015Q\" class=\" w_full w_layout_element   rad-widget\">\n\n\t<div class=\"toggle-inner-wrap\">\n\t\t\n\n\t\t<div class=\" clearfix toggle-style-simple\" itemscope itemtype=\"http:\/\/schema.org\/ItemList\">\n  \t\t\n\t\t\n\t\t <div class='toggle ' itemscope itemtype='http:\/\/schema.org\/Thing'><h4><a href=\"#tg6a00817618ed7\" class='toggle-title ' itemprop='name'  > <i class='ioa-front-icon  plus-2icon-'><\/i> BREVE BIO<\/a><\/h4><div id='tg6a00817618ed7' itemprop='description' class='toggle-body collapse'>\n<ul>\n<li><span style=\"color: #000000;\">Instituto Cardiovascular de Rosario (ICR), Rosario, Argentina: jefe del departamento<\/span><br \/><span style=\"color: #000000;\">de Diagn\u00f3stico por Im\u00e1genes<\/span><\/li>\n<li><span style=\"color: #000000;\">Diagn\u00f3stico M\u00e9dico Oro\u00f1o (DMO), Rosario, Argentina: jefe del servicio de Medicina<\/span><br \/><span style=\"color: #000000;\">Nuclear y PET-CT<\/span><\/li>\n<li><span style=\"color: #000000;\">Universidad Abierta Interamericana (UAI) sede Rosario, Argentina: profesora titular<\/span><br \/><span style=\"color: #000000;\">de la c\u00e1tedra de Diagn\u00f3stico por Im\u00e1genes<\/span><\/li>\n<\/ul>\n<\/div> <\/div>\n\t\t\n  \n\t\t<\/div>\n\n\t\n\t<\/div>\n<\/div>\n\n\t\t\n\t<\/div>\n\n\t\n<\/div>\n\n\t\t\t\n\t\n\t<\/div>\n\n\t\t\n\n\t\t<\/div>\n<\/div>\t\n\n<div class=\"page-section  clearfix last-section\" style=\"z-index:3\" id='rpsGYK1H87ME1WUORE392OG4M7FCIKJYG76' data-exheight='0' >\n\t\n\t<div class=\"section-inner-wrap\">\n\n\t\t\n\n\n\t\t\t\n\n\t<div class=\"skeleton section-content auto_align clearfix\" data-width=\"Contained\">\n\t\t\n\t\t\t\t\t\n<div class=\"rad-container  layout_element  one_third first  top   clearfix\" id=\"rpcIW06VKPWBGCAXEG07Q7ARCD3GAEDVK8J\" data-layout=\"one_third\">\n\t\n\t \t\n\n\t<div class=\"rad-inner-container clearfix\">\n\t \n\n\n<div  data-key=\"rad_text_widget\"  style='-webkit-transition-delay:0s;transition-delay:0s;' id=\"rpwLY0X8NB85LQ93CLX34D9TQWJWKHAW4CN\" class=\" w_full w_layout_element  top   rad-widget\">\n\t\n<div class='ioa-text-column none  col-align-left  clearfix'> \n      \n      <div class='ioa-text-area'>\n        <h3 class='text-title'>Dr. Mario Pelizzari<\/h3>\n        \n        \n        \n        \n      <\/div> \n     <\/div>\n<\/div>\n<div  data-key=\"rad_image_widget\"  id=\"rpwCAJ19RW9PM6RQDYH5VEL6MRI3SUKC2IH\" class=\" w_full w_layout_element   rad-widget\">\n\t<div class=\"image-inner-wrap image-stretched \">\n\t\t\t\t\n\t\t<div  class=' hover-item  image-align-none' itemscope itemprop='http:\/\/schema.org\/ImageObject'>   <img itemprop='image'   alt=\"\" title=\"MarioPelizzari\"  class='' src='https:\/\/faardit.org.ar\/web\/wp-content\/uploads\/2021\/08\/MarioPelizzari-333x333.jpg'     \/>  <\/div>\t\t\t\t\t<\/div>\n<\/div>\n\t\t\n\t<\/div>\n\n\t\n<\/div>\n\n\t\t\n<div class=\"rad-container  layout_element  two_third last top   clearfix\" id=\"rpcSLS8N3FISVBTSW6P5P8ENVFWPD89P7ON\" data-layout=\"two_third\">\n\t\n\t \t\n\n\t<div class=\"rad-inner-container clearfix\">\n\t \n\n\n<div  data-key=\"rad_text_widget\"  style='-webkit-transition-delay:0s;transition-delay:0s;' id=\"rpwARN7YNRYBYFOE8ADFFBLVEPRMT2WX4QF\" class=\" w_full w_layout_element  top   rad-widget\">\n\t\n<div class='ioa-text-column none  col-align-left  clearfix'> \n      \n      <div class='ioa-text-area'>\n        <h3 class='text-title'> <\/h3>\n        \n        \n        \n        \n      <\/div> \n     <\/div>\n<\/div> \n\n\n<div  data-key=\"rad_text_widget\"  style='-webkit-transition-delay:0s;transition-delay:0s;' id=\"rpwP86PULTITU60VQNUTXSVVOUI12X2NRJ8\" class=\" w_full w_layout_element   rad-widget\">\n\t\n<div class='ioa-text-column none  col-align-left  clearfix'> \n      \n      <div class='ioa-text-area'>\n        <h3 class='text-title'> <\/h3>\n        \n        \n        \n        \n      <\/div> \n     <\/div>\n<\/div>\n<div  data-key=\"rad_toggle_widget\"  id=\"rpwMJKSNPLIYE3Y3KN5GAYQCBV65IY32OB8\" class=\" w_full w_layout_element   rad-widget\">\n\n\t<div class=\"toggle-inner-wrap\">\n\t\t\n\n\t\t<div class=\" clearfix toggle-style-simple\" itemscope itemtype=\"http:\/\/schema.org\/ItemList\">\n  \t\t\n\t\t\n\t\t <div class='toggle ' itemscope itemtype='http:\/\/schema.org\/Thing'><h4><a href=\"#tg6a0081761ae03\" class='toggle-title ' itemprop='name'  > <i class='ioa-front-icon  plus-2icon-'><\/i> BREVE BIO<\/a><\/h4><div id='tg6a0081761ae03' itemprop='description' class='toggle-body collapse'>\n<ul>\n<li><span style=\"color: #000000;\">Instituto Oulton. Jefe de servicio departamento de Imagenolog\u00eda Pedi\u00e1trica y<\/span><br \/><span style=\"color: #000000;\">Materno fetal.<\/span><\/li>\n<li><span style=\"color: #000000;\">Jefe de servicio departamento de Im\u00e1genes Dermatol\u00f3gicas y Dermoest\u00e9ticas.<\/span><\/li>\n<li><span style=\"color: #000000;\">Cl\u00ednica Universitaria Reina Fabiola. Jefe de servicio departamento de<\/span><br \/><span style=\"color: #000000;\">Imagenolog\u00eda Pedi\u00e1trica y Materno fetal.<\/span><\/li>\n<li><span style=\"color: #000000;\">Jefe de servicio departamento de Im\u00e1genes Dermatol\u00f3gicas y Dermoest\u00e9ticas.<\/span><\/li>\n<li><span style=\"color: #000000;\">Coordinador de la Carrera de Diagn\u00f3stico por Im\u00e1genes de la Universidad<\/span><br \/><span style=\"color: #000000;\">Cat\u00f3lica de C\u00f3rdoba, del Instituto Oulton.<\/span><\/li>\n<\/ul>\n<\/div> <\/div>\n\t\t\n  \n\t\t<\/div>\n\n\t\n\t<\/div>\n<\/div>\n\n\t\t\n\t<\/div>\n\n\t\n<\/div>\n\n\t\t\t\n\t\n\t<\/div>\n\n\t\t\n\n\t\t<\/div>\n<\/div>\t\n\n<\/p>\n","protected":false},"excerpt":{"rendered":"","protected":false},"author":1,"featured_media":0,"parent":0,"menu_order":0,"comment_status":"closed","ping_status":"closed","template":"","meta":[],"_links":{"self":[{"href":"https:\/\/faardit.org.ar\/web\/wp-json\/wp\/v2\/pages\/5445"}],"collection":[{"href":"https:\/\/faardit.org.ar\/web\/wp-json\/wp\/v2\/pages"}],"about":[{"href":"https:\/\/faardit.org.ar\/web\/wp-json\/wp\/v2\/types\/page"}],"author":[{"embeddable":true,"href":"https:\/\/faardit.org.ar\/web\/wp-json\/wp\/v2\/users\/1"}],"replies":[{"embeddable":true,"href":"https:\/\/faardit.org.ar\/web\/wp-json\/wp\/v2\/comments?post=5445"}],"version-history":[{"count":12,"href":"https:\/\/faardit.org.ar\/web\/wp-json\/wp\/v2\/pages\/5445\/revisions"}],"predecessor-version":[{"id":8487,"href":"https:\/\/faardit.org.ar\/web\/wp-json\/wp\/v2\/pages\/5445\/revisions\/8487"}],"wp:attachment":[{"href":"https:\/\/faardit.org.ar\/web\/wp-json\/wp\/v2\/media?parent=5445"}],"curies":[{"name":"wp","href":"https:\/\/api.w.org\/{rel}","templated":true}]}}