{"id":5527,"date":"2022-01-25T15:51:19","date_gmt":"2022-01-25T15:51:19","guid":{"rendered":"https:\/\/faardit.org.ar\/web\/?page_id=5527"},"modified":"2024-01-12T14:50:12","modified_gmt":"2024-01-12T14:50:12","slug":"archivo-casos-del-mes-materno-fetal","status":"publish","type":"page","link":"https:\/\/faardit.org.ar\/web\/archivo-casos-del-mes-materno-fetal\/","title":{"rendered":"Archivo Casos del mes &#8211; Materno Fetal"},"content":{"rendered":"<div class=\"page-section  clearfix first-section last-section\" style=\"z-index:1\" id='rpsBUHFTLLQ3YHLKJURYWRSAF5PQVR0CPPK' data-exheight='0' >\n\t\n\t<div class=\"section-inner-wrap\">\n\n\t\t\n\n\n\t\t\t\n\n\t<div class=\"skeleton section-content auto_align clearfix\" data-width=\"Contained\">\n\t\t\n\t\t\t\t\t\n<div class=\"rad-container  layout_element  full last first  top   clearfix\" id=\"rpcKOCI9R0TK0YHGF7GU0972GCXKGMBCXC1\" data-layout=\"full\">\n\t\n\t \t\n\n\t<div class=\"rad-inner-container clearfix\">\n\t \n\n\n<div  data-key=\"rad_text_widget\"  style='-webkit-transition-delay:0s;transition-delay:0s;' id=\"rpwKMLVK3XJC8HJ7VIFISFU96VI30SXYFQ7\" class=\" w_full w_layout_element  top  widget-animate widget-animate-fade-top  rad-widget\">\n\t\n<div class='ioa-text-column centered  col-align-center  clearfix'> \n      <div class='ioa-icon-area' style='margin-top:0'> <img src='https:\/\/faardit.org.ar\/web\/wp-content\/uploads\/2022\/01\/Materno-Fetal.png' alt='text icon'\/>  <\/div>\n      <div class='ioa-text-area'>\n        <h3 class='text-title'>MATERNO FETAL<\/h3>\n        \n        \n        \n        \n      <\/div> \n     <\/div>\n<\/div>\n<div  data-key=\"rad_toggle_widget\"  id=\"rpwVPO6QAHQWLEIEEWVQLQM726UAKPUH0GI\" class=\" w_full w_layout_element   rad-widget\">\n\n\t<div class=\"toggle-inner-wrap\">\n\t\t\n\n\t\t<div class=\" clearfix toggle-style-simple\" itemscope itemtype=\"http:\/\/schema.org\/ItemList\">\n  \t\t\n\t\t\n\t\t <div class='toggle ' itemscope itemtype='http:\/\/schema.org\/Thing'><h4><a href=\"#tg69e3a2300fed0\" class='toggle-title ' itemprop='name'  > <i class='ioa-front-icon  plus-2icon-'><\/i> Caso del Mes n\u00b051 Mayo 2021, \u00abS\u00edndrome Coraz\u00f3n Izquierdo Hipopl\u00e1sico\u00bb<\/a><\/h4><div id='tg69e3a2300fed0' itemprop='description' class='toggle-body collapse'>\n<p><iframe title=\"Caso del Mes n\u00b051 Mayo 2021, \"S\u00edndrome Coraz\u00f3n Izquierdo Hipopl\u00e1sico\"\" width=\"500\" height=\"281\" src=\"https:\/\/www.youtube.com\/embed\/QKJKiClHOuk?feature=oembed\" frameborder=\"0\" allow=\"accelerometer; autoplay; clipboard-write; encrypted-media; gyroscope; picture-in-picture; web-share\" allowfullscreen><\/iframe><\/p>\n<p><strong><span style=\"color: #000000;\"><a href=\"https:\/\/faardit.org.ar\/web\/wp-content\/uploads\/2021\/05\/Ivana-Bergeonneau.jpg\"><img loading=\"lazy\" class=\"alignleft  wp-image-4918\" src=\"https:\/\/faardit.org.ar\/web\/wp-content\/uploads\/2021\/05\/Ivana-Bergeonneau.jpg\" alt=\"\" width=\"119\" height=\"159\" srcset=\"https:\/\/faardit.org.ar\/web\/wp-content\/uploads\/2021\/05\/Ivana-Bergeonneau.jpg 960w, https:\/\/faardit.org.ar\/web\/wp-content\/uploads\/2021\/05\/Ivana-Bergeonneau-225x300.jpg 225w, https:\/\/faardit.org.ar\/web\/wp-content\/uploads\/2021\/05\/Ivana-Bergeonneau-768x1024.jpg 768w, https:\/\/faardit.org.ar\/web\/wp-content\/uploads\/2021\/05\/Ivana-Bergeonneau-300x400.jpg 300w\" sizes=\"(max-width: 119px) 100vw, 119px\" \/><\/a>Dra. Ivana Bergeonneau<\/span><\/strong><\/p>\n<p>\u00a0<\/p>\n<p>\u00a0<\/p>\n<p>\u00a0<\/p>\n<p>\u00a0<\/p>\n<p><strong><span style=\"color: #000000;\"><a href=\"https:\/\/faardit.org.ar\/web\/wp-content\/uploads\/2021\/05\/Silvana-Lopez-R-2020.png\"><img loading=\"lazy\" class=\"alignleft  wp-image-4919\" src=\"https:\/\/faardit.org.ar\/web\/wp-content\/uploads\/2021\/05\/Silvana-Lopez-R-2020.png\" alt=\"\" width=\"120\" height=\"154\" srcset=\"https:\/\/faardit.org.ar\/web\/wp-content\/uploads\/2021\/05\/Silvana-Lopez-R-2020.png 371w, https:\/\/faardit.org.ar\/web\/wp-content\/uploads\/2021\/05\/Silvana-Lopez-R-2020-233x300.png 233w\" sizes=\"(max-width: 120px) 100vw, 120px\" \/><\/a>Dra. Silvana L\u00f3pez Romero <\/span><\/strong><\/p>\n<p>\u00a0<\/p>\n<p>\u00a0<\/p>\n<p>\u00a0<\/p>\n<p>\u00a0<\/p>\n<p><span style=\"color: #000000;\">\u2022 Hospital Impersonal de Agudos y Cr\u00f3nicos Dr. Aleandro Korn. Melchor Romero; partido de La Plata. Provincia de Buenos Aires. Argentina. Medico de planta del Servicio de Diagn\u00f3stico por Im\u00e1genes<\/span><\/p>\n<p><span style=\"color: #000000;\">Miembro titular de:<\/span><\/p>\n<p><span style=\"color: #000000;\">\u2022 Sociedad de diagn\u00f3stico y terap\u00e9utica por im\u00e1genes de La Plata.<\/span><\/p>\n<p><span style=\"color: #000000;\">\u2022 Federaci\u00f3n Argentina de Asociaciones de Radiolog\u00eda, Diagn\u00f3stico por Im\u00e1genes y Terapia Radiante (FAARDIT)<\/span><\/p>\n<\/div> <\/div> <div class='toggle ' itemscope itemtype='http:\/\/schema.org\/Thing'><h4><a href=\"#tg69e3a23010185\" class='toggle-title ' itemprop='name'  > <i class='ioa-front-icon  plus-2icon-'><\/i> Caso del Mes n\u00b034 Enero 2021, \u00abDefecto Aislado Tabique Ventricular\u00bb<\/a><\/h4><div id='tg69e3a23010185' itemprop='description' class='toggle-body collapse'>\n<p><iframe title=\"Caso del Mes n\u00b034 Enero 2021, \"Defecto Aislado Tabique Ventricular\"\" width=\"500\" height=\"281\" src=\"https:\/\/www.youtube.com\/embed\/PV6rl7T4PH0?feature=oembed\" frameborder=\"0\" allow=\"accelerometer; autoplay; clipboard-write; encrypted-media; gyroscope; picture-in-picture; web-share\" allowfullscreen><\/iframe><\/p>\n<p><a href=\"https:\/\/faardit.org.ar\/web\/wp-content\/uploads\/2021\/01\/Ivana-Bergeonneau.jpg\"><img loading=\"lazy\" class=\"alignleft  wp-image-4610\" src=\"https:\/\/faardit.org.ar\/web\/wp-content\/uploads\/2021\/01\/Ivana-Bergeonneau.jpg\" alt=\"\" width=\"146\" height=\"194\" srcset=\"https:\/\/faardit.org.ar\/web\/wp-content\/uploads\/2021\/01\/Ivana-Bergeonneau.jpg 960w, https:\/\/faardit.org.ar\/web\/wp-content\/uploads\/2021\/01\/Ivana-Bergeonneau-225x300.jpg 225w, https:\/\/faardit.org.ar\/web\/wp-content\/uploads\/2021\/01\/Ivana-Bergeonneau-768x1024.jpg 768w, https:\/\/faardit.org.ar\/web\/wp-content\/uploads\/2021\/01\/Ivana-Bergeonneau-300x400.jpg 300w\" sizes=\"(max-width: 146px) 100vw, 146px\" \/><\/a> <a href=\"https:\/\/faardit.org.ar\/web\/wp-content\/uploads\/2021\/01\/Silvana-Lopez-R-2020.png\"><img loading=\"lazy\" class=\"alignleft  wp-image-4611\" src=\"https:\/\/faardit.org.ar\/web\/wp-content\/uploads\/2021\/01\/Silvana-Lopez-R-2020.png\" alt=\"\" width=\"149\" height=\"192\" srcset=\"https:\/\/faardit.org.ar\/web\/wp-content\/uploads\/2021\/01\/Silvana-Lopez-R-2020.png 371w, https:\/\/faardit.org.ar\/web\/wp-content\/uploads\/2021\/01\/Silvana-Lopez-R-2020-233x300.png 233w\" sizes=\"(max-width: 149px) 100vw, 149px\" \/><\/a><\/p>\n<p><span style=\"color: #000000;\"><strong>Dra. Silvana L\u00f3pez Romero y Dra. Ivana Bergeonneau<\/strong><\/span><\/p>\n<p><span style=\"color: #000000;\">\u2022 Hospital Impersonal de Agudos y Cr\u00f3nicos Dr. Aleandro Korn (Melchor Romero, partido de La Plata. Prov. Bs.As). Medicas de planta del Servicio de Diagn\u00f3stico por Im\u00e1genes<\/span><\/p>\n<p><span style=\"color: #000000;\">\u2022 Miembros titulares de:<\/span><\/p>\n<p><span style=\"color: #000000;\">&#8211; Sociedad de diagn\u00f3stico y terap\u00e9utica por im\u00e1genes de La Plata.<\/span><\/p>\n<p><span style=\"color: #000000;\">&#8211; Federaci\u00f3n Argentina de Asociaciones de Radiolog\u00eda, Diagn\u00f3stico por Im\u00e1genes y Terapia Radiante (FAARDIT).<\/span><\/p>\n<\/div> <\/div> <div class='toggle ' itemscope itemtype='http:\/\/schema.org\/Thing'><h4><a href=\"#tg69e3a230103a6\" class='toggle-title ' itemprop='name'  > <i class='ioa-front-icon  plus-2icon-'><\/i> Caso del Mes n\u00b0103 Julio 2022, \u00abMalformaci\u00f3n Aneurism\u00e1tica de la Vena de Galeno\u00bb Dra. Daiana Goldy<\/a><\/h4><div id='tg69e3a230103a6' itemprop='description' class='toggle-body collapse'>\n<p><iframe title=\"Caso del Mes n\u00b0103 Julio 2022, \"Malformaci\u00f3n Aneurism\u00e1tica de la Vena de Galeno\" Dra. Daiana Goldy\" width=\"500\" height=\"281\" src=\"https:\/\/www.youtube.com\/embed\/MLVXLlVSjBk?feature=oembed\" frameborder=\"0\" allow=\"accelerometer; autoplay; clipboard-write; encrypted-media; gyroscope; picture-in-picture; web-share\" allowfullscreen><\/iframe><\/p>\n<p><span style=\"color: #000000;\"><b><span style=\"color: #000000;\"><a href=\"https:\/\/faardit.org.ar\/web\/wp-content\/uploads\/2022\/07\/1-foto.jpg\"><img loading=\"lazy\" class=\"alignleft wp-image-5829\" src=\"https:\/\/faardit.org.ar\/web\/wp-content\/uploads\/2022\/07\/1-foto.jpg\" alt=\"\" width=\"105\" height=\"151\" srcset=\"https:\/\/faardit.org.ar\/web\/wp-content\/uploads\/2022\/07\/1-foto.jpg 220w, https:\/\/faardit.org.ar\/web\/wp-content\/uploads\/2022\/07\/1-foto-208x300.jpg 208w\" sizes=\"(max-width: 105px) 100vw, 105px\" \/><\/a>Dra. Goldy Daina<\/span><\/b><\/span><\/p>\n<p>\u2022 Residente de 4\u00b0 del Hospital Clemente \u00c1lvarez de Rosario<\/p>\n<p>\u2022 Menci\u00f3n Especial 44 Encuentro de Residentes<\/p>\n<p>\u00a0<\/p>\n<\/div> <\/div>\n\t\t\n  \n\t\t<\/div>\n\n\t\n\t<\/div>\n<\/div>\n\n\t\t\n\t<\/div>\n\n\t\n<\/div>\n\n\t\t\t\n\t\n\t<\/div>\n\n\t\t\n\n\t\t<\/div>\n<\/div>\t\n\n\n","protected":false},"excerpt":{"rendered":"","protected":false},"author":1,"featured_media":0,"parent":0,"menu_order":0,"comment_status":"closed","ping_status":"closed","template":"","meta":[],"_links":{"self":[{"href":"https:\/\/faardit.org.ar\/web\/wp-json\/wp\/v2\/pages\/5527"}],"collection":[{"href":"https:\/\/faardit.org.ar\/web\/wp-json\/wp\/v2\/pages"}],"about":[{"href":"https:\/\/faardit.org.ar\/web\/wp-json\/wp\/v2\/types\/page"}],"author":[{"embeddable":true,"href":"https:\/\/faardit.org.ar\/web\/wp-json\/wp\/v2\/users\/1"}],"replies":[{"embeddable":true,"href":"https:\/\/faardit.org.ar\/web\/wp-json\/wp\/v2\/comments?post=5527"}],"version-history":[{"count":4,"href":"https:\/\/faardit.org.ar\/web\/wp-json\/wp\/v2\/pages\/5527\/revisions"}],"predecessor-version":[{"id":6711,"href":"https:\/\/faardit.org.ar\/web\/wp-json\/wp\/v2\/pages\/5527\/revisions\/6711"}],"wp:attachment":[{"href":"https:\/\/faardit.org.ar\/web\/wp-json\/wp\/v2\/media?parent=5527"}],"curies":[{"name":"wp","href":"https:\/\/api.w.org\/{rel}","templated":true}]}}