{"id":5963,"date":"2022-10-18T17:36:39","date_gmt":"2022-10-18T17:36:39","guid":{"rendered":"https:\/\/faardit.org.ar\/web\/?page_id=5963"},"modified":"2024-01-18T17:34:57","modified_gmt":"2024-01-18T17:34:57","slug":"responsabilidad-social-y-humanitaria","status":"publish","type":"page","link":"https:\/\/faardit.org.ar\/web\/responsabilidad-social-y-humanitaria\/","title":{"rendered":"Responsabilidad Social y Humanitaria"},"content":{"rendered":"<div class=\"page-section  clearfix first-section last-section\" style=\"z-index:1\" id='rpsBUHFTLLQ3YHLKJURYWRSAF5PQVR0CPPK' data-exheight='0' >\n\t\n\t<div class=\"section-inner-wrap\">\n\n\t\t\n\n\n\t\t\t\n\n\t<div class=\"skeleton section-content auto_align clearfix\" data-width=\"Contained\">\n\t\t\n\t\t\t\t\t\n<div class=\"rad-container  layout_element  two_third first  top   clearfix\" id=\"rpcU7CTJWG5C8I69RWD10AQVFH5YUKX83Q1\" data-layout=\"two_third\">\n\t\n\t \t\n\n\t<div class=\"rad-inner-container clearfix\">\n\t \n\n\n<div  data-key=\"rad_text_widget\"  style='-webkit-transition-delay:0s;transition-delay:0s;' id=\"rpwO7XRB5T7B20RR53K7O4B3HK4TNK19C3F\" class=\" w_full w_layout_element  top   rad-widget\">\n\t\n<div class='ioa-text-column none  col-align-left  clearfix'> \n      \n      <div class='ioa-text-area'>\n        <h3 class='text-title'>Alianza estrat\u00e9gica con la Fundaci\u00f3n Sayani<\/h3>\n        \n        \n        <div class='ioa-text clearfix'>\n<p style=\"text-align: justify;\"><span style=\"color: #000000;\">Junto a la Sociedad Argentina de Radiolog\u00eda (SAR) trabajamos en colaboraci\u00f3n con Fudaci\u00f3n Sayani para el desarrollo de su actividad solidaria.<\/span><\/p>\n<p style=\"text-align: justify;\"><span style=\"color: #000000;\"><strong>SOBRE FUNDACI\u00d3N SAYANI<\/strong><\/span><\/p>\n<p style=\"text-align: justify;\"><span style=\"color: #000000;\">Fundaci\u00f3n Sayani (FS) es una instituci\u00f3n fundada el 3 de septiembre del 2015 que busca fortalecer y acompa\u00f1ar de manera integral a los pacientes y sus familias, en la prevenci\u00f3n y control de las ECNT (Enfermedades Cr\u00f3nicas No Transmisibles) y la<\/span><br \/><span style=\"color: #000000;\">gesti\u00f3n de sus factores de riesgo con la atenci\u00f3n especializada de prestaciones de servicios de salud con excelencia cl\u00ednica, calidez y seguridad en los procesos. Tambi\u00e9n brindamos capacitaci\u00f3n continua de equipos de salud y la poblaci\u00f3n en general; con campa\u00f1as de difusi\u00f3n en promoci\u00f3n de salud y prevenci\u00f3n de enfermedades. Llegando<\/span><br \/><span style=\"color: #000000;\">a localidades remotas, colabora<\/span><\/p>\n<p style=\"text-align: justify;\"><span style=\"color: #000000;\">Desde el a\u00f1o 2018\u00a0 Fundaci\u00f3n Sayani en alianza con la S.A.R. (Sociedad Argentina de<\/span><br \/><span style=\"color: #000000;\">Radiolog\u00eda) y la F.A.A.R.D.I.T. (Federaci\u00f3n Argentina de Asociaciones de Radiolog\u00eda,<\/span><br \/><span style=\"color: #000000;\">Diagn\u00f3stico por im\u00e1genes y Terapia Radiante) inicia las primeras Jornadas Humanitarias de Detecci\u00f3n de C\u00e1ncer de H\u00edgado, en la zona de la Quebrada de<\/span><br \/><span style=\"color: #000000;\">Humahuaca.\u00a0 Fue una semana completa de trabajo realizando ecograf\u00edas abdominales, an\u00e1lisis de sangre y atenci\u00f3n del equipo de salud a personas con factores de riesgo.<\/span><\/p>\n<p style=\"text-align: justify;\"><span style=\"color: #000000;\">Acercamos a zonas de muy dif\u00edcil acceso la oportunidad de acceder a estudios con\u00a0 equipos port\u00e1tiles de \u00faltima generaci\u00f3n, realizados por m\u00e9dicos especialistas en diagn\u00f3stico por im\u00e1genes, hepatolog\u00eda, enfermeros, agentes sanitarios, bioqu\u00edmicos, nutricionistas y voluntarios de diferentes puntos del pa\u00eds.\u00a0 La actividad se realiz\u00f3<\/span><br \/><span style=\"color: #000000;\">haciendo base en el Hospital Gral. Belgrano de Humahuaca, donde tambi\u00e9n se sum\u00f3\u00a0 la Municipalidad de Humahuaca.<\/span><\/p>\n<p style=\"text-align: justify;\"><span style=\"color: #000000;\">Desde FAARDIT y SAR, invitamos a nuestros asociados a colaborar con Fundaci\u00f3n<\/span><br \/><span style=\"color: #000000;\">Sayani, para poder as\u00ed fortalecer su actividad, acercando el Diagn\u00f3stico por Im\u00e1genes a<\/span><br \/><span style=\"color: #000000;\">cada vez mas poblaciones vulnerables.<\/span><\/p>\n<\/div>\n        \n      <\/div> \n     <\/div>\n<\/div>\t\t\n\t<\/div>\n\n\t\n<\/div>\n\n\t\t\n<div class=\"rad-container  layout_element  one_third last top   clearfix\" id=\"rpcDPCJME092W48YAJG6NMHV4F50MF7PP5I\" data-layout=\"one_third\">\n\t\n\t \t\n\n\t<div class=\"rad-inner-container clearfix\">\n\t\n<div  data-key=\"rad_image_widget\"  id=\"rpwDJU8FQ2E24CX575NDH162UKA9A1LAT18\" class=\" w_full w_layout_element  top   rad-widget\">\n\t<div class=\"image-inner-wrap image-stretched \">\n\t\t\t\t\n\t\t<div  class=' hover-item  image-align-none' itemscope itemprop='http:\/\/schema.org\/ImageObject'> <img src='https:\/\/faardit.org.ar\/web\/wp-content\/uploads\/2022\/10\/Fundacion-Sayani.png' itemprop='url' alt='' title='Fundacion Sayani' \/>  <\/div>\t\t\t\t\t<\/div>\n<\/div>\n\n<div  data-key=\"rad_image_widget\"  id=\"rpwY27G650GGLS645097HMUQLC6HF4UOQ38\" class=\" w_full w_layout_element   rad-widget\">\n\t<div class=\"image-inner-wrap \">\n\t\t\t\t\n\t\t<div  class=' hover-item  image-align-none' itemscope itemprop='http:\/\/schema.org\/ImageObject'>   <img itemprop='image'   alt=\"\" title=\"LogoSAR(Color)\"  class='' src='https:\/\/faardit.org.ar\/web\/wp-content\/uploads\/2022\/10\/Logo-SAR-124x150.jpg'     \/>  <\/div>\t\t\t\t\t<\/div>\n<\/div>\n\t\t\n\t<\/div>\n\n\t\n<\/div>\n\n\t\t\n<div class=\"rad-container  layout_element  full last first   clearfix\" id=\"rpcGK4CLWH9E1WVUWDS184OGJ0POYBBDYXJ\" data-layout=\"full\">\n\t<span class=\"vline\" style='-webkit-transition-delay:700ms;transition-delay:700ms;'><\/span>\n\t \t\n\n\t<div class=\"rad-inner-container clearfix\">\n\t\n<div  data-key=\"rad_button_widget\"  id=\"rpwVXVI9C6EIBIKUDGHRXD6A26CR21PKCOG\" class=\" button-align-center  w_full w_layout_element  top   clearfix rad-widget rad-button-widget \">\n\t<a   href=\"https:\/\/sayani.org.ar\/donaciones\/\" target='_BLANK' class=\" ioa-button style-default size-block\">\n\t\t\t\t\t\t<span>COLABOR\u00c1 CON LA FUNDACI\u00d3N SAYANI<\/span>\n\t<\/a>\n<\/div>\n\n\t\t\n\t<\/div>\n\n\t\n<\/div>\n\n\t\t\n<div class=\"rad-container  layout_element  full last first   clearfix\" id=\"rpcQCVRVU43QL5YV6KU36RWG2RVVB53IUTD\" data-layout=\"full\">\n\t<span class=\"vline\" style='-webkit-transition-delay:1050ms;transition-delay:1050ms;'><\/span>\n\t \t\n\n\t<div class=\"rad-inner-container clearfix\">\n\t\n<div  data-key=\"rad_gallery_widget\"  id=\"rpwBUYG41I0DTC0BQUXBM3327VB24AAXS29\" class=\" w_full w_layout_element  top   rad-widget\">\n\t<div class=\"gallery-inner-wrap\">\n\t\t\n\t\t<div class=\"gallery-data \"  itemscope itemtype=\"http:\/\/schema.org\/ImageGallery\" >\n\t\t\t<span class=\"ioa-loader\"><\/span>\n\t\t\t<div class=\"ioa-gallery seleneGallery hard \" data-effect_type=\"fade\"data-thumbnails=\"true\"  data-autoplay=\"true\" data-captions=\"false\" data-fullscreen=\"false\" data-arrow_control=\"true\"  data-duration=\"3\"  data-height=\"200\"  data-width=\"1060\" > \n                \t\t\t\t<div class=\"gallery-holder\">\n\t\t\t\t\t\t\t\t\t\t\t\t\n\t\t\t\t\t\t\t\t<div class=\"gallery-item\"  data-thumbnail=\"https:\/\/faardit.org.ar\/web\/wp-content\/uploads\/2022\/10\/Foto-Sayani-01-150x150.jpg\" style=\"line-height:200px\">\n\t\t\t\t\t\t\t\t\n\t\t\t\t\t\t\t\t  <img itemprop='image'   alt=\"\" title=\"Foto Sayani 01\"  class='' src='https:\/\/faardit.org.ar\/web\/wp-content\/uploads\/2022\/10\/Foto-Sayani-01-267x200.jpg'     \/>\t\t\t\t\t\t\t<\/div>\t\t\n\t\t\t\t\t\t\t\t\t\t\t\t\t\t\n\t\t\t\t\t\t\t\t<div class=\"gallery-item\"  data-thumbnail=\"https:\/\/faardit.org.ar\/web\/wp-content\/uploads\/2022\/10\/Recurso-75-150x150.jpg\" style=\"line-height:200px\">\n\t\t\t\t\t\t\t\t\n\t\t\t\t\t\t\t\t  <img itemprop='image'   alt=\"\" title=\"Recurso 75\"  class='' src='https:\/\/faardit.org.ar\/web\/wp-content\/uploads\/2022\/10\/Recurso-75-203x200.jpg'     \/>\t\t\t\t\t\t\t<\/div>\t\t\n\t\t\t\t\t\t\t\t\t\t\t\t\t\t\n\t\t\t\t\t\t\t\t<div class=\"gallery-item\"  data-thumbnail=\"https:\/\/faardit.org.ar\/web\/wp-content\/uploads\/2022\/10\/Recurso-74-150x150.jpg\" style=\"line-height:200px\">\n\t\t\t\t\t\t\t\t\n\t\t\t\t\t\t\t\t  <img itemprop='image'   alt=\"\" title=\"Recurso 74\"  class='' src='https:\/\/faardit.org.ar\/web\/wp-content\/uploads\/2022\/10\/Recurso-74-168x200.jpg'     \/>\t\t\t\t\t\t\t<\/div>\t\t\n\t\t\t\t\t\t\t\t\t\t\t\t\t\t\n\t\t\t\t\t\t\t\t<div class=\"gallery-item\"  data-thumbnail=\"https:\/\/faardit.org.ar\/web\/wp-content\/uploads\/2022\/10\/Recurso-62-150x150.jpg\" style=\"line-height:200px\">\n\t\t\t\t\t\t\t\t\n\t\t\t\t\t\t\t\t  <img itemprop='image'   alt=\"\" title=\"Recurso 62\"  class='' src='https:\/\/faardit.org.ar\/web\/wp-content\/uploads\/2022\/10\/Recurso-62-355x200.jpg'     \/>\t\t\t\t\t\t\t<\/div>\t\t\n\t\t\t\t\t\t\t\t\t\t\t\t\t\t\n\t\t\t\t\t\t\t\t<div class=\"gallery-item\"  data-thumbnail=\"https:\/\/faardit.org.ar\/web\/wp-content\/uploads\/2022\/10\/Recurso-61-150x150.jpg\" style=\"line-height:200px\">\n\t\t\t\t\t\t\t\t\n\t\t\t\t\t\t\t\t  <img itemprop='image'   alt=\"\" title=\"Recurso 61\"  class='' src='https:\/\/faardit.org.ar\/web\/wp-content\/uploads\/2022\/10\/Recurso-61-237x200.jpg'     \/>\t\t\t\t\t\t\t<\/div>\t\t\n\t\t\t\t\t\t\t\t\t\t\t\t\t\t\n\t\t\t\t\t\t\t\t<div class=\"gallery-item\"  data-thumbnail=\"https:\/\/faardit.org.ar\/web\/wp-content\/uploads\/2022\/10\/Recurso-60-150x150.jpg\" style=\"line-height:200px\">\n\t\t\t\t\t\t\t\t\n\t\t\t\t\t\t\t\t  <img itemprop='image'   alt=\"\" title=\"Recurso 60\"  class='' src='https:\/\/faardit.org.ar\/web\/wp-content\/uploads\/2022\/10\/Recurso-60-236x200.jpg'     \/>\t\t\t\t\t\t\t<\/div>\t\t\n\t\t\t\t\t\t\t\t\t\t\t\t\t\t\n\t\t\t\t\t\t\t\t<div class=\"gallery-item\"  data-thumbnail=\"https:\/\/faardit.org.ar\/web\/wp-content\/uploads\/2022\/10\/Recurso-59-150x150.jpg\" style=\"line-height:200px\">\n\t\t\t\t\t\t\t\t\n\t\t\t\t\t\t\t\t  <img itemprop='image'   alt=\"\" title=\"Recurso 59\"  class='' src='https:\/\/faardit.org.ar\/web\/wp-content\/uploads\/2022\/10\/Recurso-59-117x200.jpg'     \/>\t\t\t\t\t\t\t<\/div>\t\t\n\t\t\t\t\t\t\t\t\t\t\t\t\t\t\n\t\t\t\t\t\t\t\t<div class=\"gallery-item\"  data-thumbnail=\"https:\/\/faardit.org.ar\/web\/wp-content\/uploads\/2022\/10\/Recurso-58-150x150.jpg\" style=\"line-height:200px\">\n\t\t\t\t\t\t\t\t\n\t\t\t\t\t\t\t\t  <img itemprop='image'   alt=\"\" title=\"Recurso 58\"  class='' src='https:\/\/faardit.org.ar\/web\/wp-content\/uploads\/2022\/10\/Recurso-58-238x200.jpg'     \/>\t\t\t\t\t\t\t<\/div>\t\t\n\t\t\t\t\t\t\t\t\t\t\t\t\t\t\n\t\t\t\t\t\t\t\t<div class=\"gallery-item\"  data-thumbnail=\"https:\/\/faardit.org.ar\/web\/wp-content\/uploads\/2022\/10\/Recurso-57-150x150.jpg\" style=\"line-height:200px\">\n\t\t\t\t\t\t\t\t\n\t\t\t\t\t\t\t\t  <img itemprop='image'   alt=\"\" title=\"Recurso 57\"  class='' src='https:\/\/faardit.org.ar\/web\/wp-content\/uploads\/2022\/10\/Recurso-57-236x200.jpg'     \/>\t\t\t\t\t\t\t<\/div>\t\t\n\t\t\t\t\t\t\t\t\t\t\t\t\t\t\n\t\t\t\t\t\t\t\t<div class=\"gallery-item\"  data-thumbnail=\"https:\/\/faardit.org.ar\/web\/wp-content\/uploads\/2022\/10\/Recurso-52-150x150.jpg\" style=\"line-height:200px\">\n\t\t\t\t\t\t\t\t\n\t\t\t\t\t\t\t\t  <img itemprop='image'   alt=\"\" title=\"Recurso 52\"  class='' src='https:\/\/faardit.org.ar\/web\/wp-content\/uploads\/2022\/10\/Recurso-52-156x200.jpg'     \/>\t\t\t\t\t\t\t<\/div>\t\t\n\t\t\t\t\t\t\t\t\t\t\t\t\t\t\n\t\t\t\t\t\t\t\t<div class=\"gallery-item\"  data-thumbnail=\"https:\/\/faardit.org.ar\/web\/wp-content\/uploads\/2022\/10\/Recurso-51-150x150.jpg\" style=\"line-height:200px\">\n\t\t\t\t\t\t\t\t\n\t\t\t\t\t\t\t\t  <img itemprop='image'   alt=\"\" title=\"Recurso 51\"  class='' src='https:\/\/faardit.org.ar\/web\/wp-content\/uploads\/2022\/10\/Recurso-51-171x200.jpg'     \/>\t\t\t\t\t\t\t<\/div>\t\t\n\t\t\t\t\t\t\t\t\t\t\t\t\t\t\n\t\t\t\t\t\t\t\t<div class=\"gallery-item\"  data-thumbnail=\"https:\/\/faardit.org.ar\/web\/wp-content\/uploads\/2022\/10\/Recurso-50-150x150.jpg\" style=\"line-height:200px\">\n\t\t\t\t\t\t\t\t\n\t\t\t\t\t\t\t\t  <img itemprop='image'   alt=\"\" title=\"Recurso 50\"  class='' src='https:\/\/faardit.org.ar\/web\/wp-content\/uploads\/2022\/10\/Recurso-50-355x200.jpg'     \/>\t\t\t\t\t\t\t<\/div>\t\t\n\t\t\t\t\t\t\t\t\t\t\t\t\t\t\n\t\t\t\t\t\t\t\t<div class=\"gallery-item\"  data-thumbnail=\"https:\/\/faardit.org.ar\/web\/wp-content\/uploads\/2022\/10\/Recurso-37-150x150.jpg\" style=\"line-height:200px\">\n\t\t\t\t\t\t\t\t\n\t\t\t\t\t\t\t\t  <img itemprop='image'   alt=\"\" title=\"Recurso 37\"  class='' src='https:\/\/faardit.org.ar\/web\/wp-content\/uploads\/2022\/10\/Recurso-37-290x200.jpg'     \/>\t\t\t\t\t\t\t<\/div>\t\t\n\t\t\t\t\t\t\t\t\n\n\t\t\t\t<\/div>\n\n\t\t\t<\/div>\n\n\t\t<\/div>\n\n\t\t\n\t<\/div>\n<\/div>\n\n\t\t\n\t<\/div>\n\n\t\n<\/div>\n\n\t\t\t\n\t\n\t<\/div>\n\n\t\t\n\n\t\t<\/div>\n<\/div>\t\n\n\n","protected":false},"excerpt":{"rendered":"","protected":false},"author":1,"featured_media":0,"parent":0,"menu_order":0,"comment_status":"closed","ping_status":"closed","template":"","meta":[],"_links":{"self":[{"href":"https:\/\/faardit.org.ar\/web\/wp-json\/wp\/v2\/pages\/5963"}],"collection":[{"href":"https:\/\/faardit.org.ar\/web\/wp-json\/wp\/v2\/pages"}],"about":[{"href":"https:\/\/faardit.org.ar\/web\/wp-json\/wp\/v2\/types\/page"}],"author":[{"embeddable":true,"href":"https:\/\/faardit.org.ar\/web\/wp-json\/wp\/v2\/users\/1"}],"replies":[{"embeddable":true,"href":"https:\/\/faardit.org.ar\/web\/wp-json\/wp\/v2\/comments?post=5963"}],"version-history":[{"count":9,"href":"https:\/\/faardit.org.ar\/web\/wp-json\/wp\/v2\/pages\/5963\/revisions"}],"predecessor-version":[{"id":6788,"href":"https:\/\/faardit.org.ar\/web\/wp-json\/wp\/v2\/pages\/5963\/revisions\/6788"}],"wp:attachment":[{"href":"https:\/\/faardit.org.ar\/web\/wp-json\/wp\/v2\/media?parent=5963"}],"curies":[{"name":"wp","href":"https:\/\/api.w.org\/{rel}","templated":true}]}}