{"id":6005,"date":"2022-10-24T19:33:19","date_gmt":"2022-10-24T19:33:19","guid":{"rendered":"https:\/\/faardit.org.ar\/web\/?page_id=6005"},"modified":"2022-10-24T19:55:48","modified_gmt":"2022-10-24T19:55:48","slug":"videos-congresos-cadi-2021","status":"publish","type":"page","link":"https:\/\/faardit.org.ar\/web\/videos-congresos-cadi-2021\/","title":{"rendered":"Videos Congresos (CADI 2021)"},"content":{"rendered":"<div class=\"page-section  clearfix first-section last-section\" style=\"z-index:1\" id='rpsK2FWUGK1M6URDL4PHPASFF11VVN6YPMU' data-exheight='0' >\n\t\n\t<div class=\"section-inner-wrap\">\n\n\t\t\n\n\n\t\t\t\n\n\t<div class=\"skeleton section-content auto_align clearfix\" data-width=\"Contained\">\n\t\t\n\t\t\t\t\t\n<div class=\"rad-container  layout_element  one_half first  top   clearfix\" id=\"rpcNWMW668FXMGSD8JGY886J602J9AWQA3A\" data-layout=\"one_half\">\n\t\n\t \t\n\n\t<div class=\"rad-inner-container clearfix\">\n\t \n\n\n<div  data-key=\"rad_text_widget\"  style='-webkit-transition-delay:0s;transition-delay:0s;' id=\"rpwD11G0D8J25T7CAH3IPW8O2NT42OEGRYW\" class=\" w_full w_layout_element  top   rad-widget\">\n\t\n<div class='ioa-text-column none  col-align-center  clearfix'> \n      \n      <div class='ioa-text-area'>\n        <h3 class='text-title'>D\u00cdA 1  - SALA A<\/h3>\n        \n        \n        \n        \n      <\/div> \n     <\/div>\n<\/div> \n\n\n<div  data-key=\"rad_text_widget\"  style='-webkit-transition-delay:0s;transition-delay:0s;' id=\"rpwI8723JAXO9IIQOJSM2QR41QN6P3W9JB8\" class=\" w_full w_layout_element   rad-widget\">\n\t\n<div class='ioa-text-column none  col-align-left  clearfix'> \n      \n      <div class='ioa-text-area'>\n        <h3 class='text-title'> <\/h3>\n        \n        \n        <div class='ioa-text clearfix'>\n<p>[embedyt] https:\/\/www.youtube.com\/embed?listType=playlist&amp;list=PLA2OhAjIte70uLVSkzOsjfJ1rirnbJH51&amp;v=H_Di9jem3v8[\/embedyt]<\/p>\n<p>\u00a0<\/p>\n<p><strong><span style=\"color: #000000;\">Charlas: <\/span><\/strong><\/p>\n<p><span style=\"color: #000000;\">\u2022 Casos Abdomen <\/span><\/p>\n<p><span style=\"color: #000000;\">\u2022 Carcinoma Hepatocelular seg\u00fan la Clasificaci\u00f3n BCLC <\/span><\/p>\n<p><span style=\"color: #000000;\">\u2022 Ceremonia de Apertura <\/span><\/p>\n<p><span style=\"color: #000000;\">\u2022 Conferencia Inaugural: Entre Generaciones. El Desaf\u00edo de la Transformaci\u00f3n <\/span><\/p>\n<p><span style=\"color: #000000;\">\u2022 T\u00f3rax Temas frecuentes: Enfoque con casos cl\u00ednicos <\/span><\/p>\n<p><span style=\"color: #000000;\">\u2022 Respondiendo Preguntas Frecuentes sobre el Uso de Medios de Contraste<\/span><\/p>\n<\/div>\n        \n      <\/div> \n     <\/div>\n<\/div>\t\t\n\t<\/div>\n\n\t\n<\/div>\n\n\t\t\n<div class=\"rad-container  layout_element  one_half last top   clearfix\" id=\"rpcUW6QA527A4UUSIIPYA3KW1NVT2SH0FV2\" data-layout=\"one_half\">\n\t\n\t \t\n\n\t<div class=\"rad-inner-container clearfix\">\n\t \n\n\n<div  data-key=\"rad_text_widget\"  style='-webkit-transition-delay:0s;transition-delay:0s;' id=\"rpwOWU5ES2V9D7L539TNUUWVGKN8TAR46AU\" class=\" w_full w_layout_element  top   rad-widget\">\n\t\n<div class='ioa-text-column none  col-align-center  clearfix'> \n      \n      <div class='ioa-text-area'>\n        <h3 class='text-title'>D\u00cdA 1 - SALA B<\/h3>\n        \n        \n        \n        \n      <\/div> \n     <\/div>\n<\/div> \n\n\n<div  data-key=\"rad_text_widget\"  style='-webkit-transition-delay:0s;transition-delay:0s;' id=\"rpwDTRQW8KSLDAS2YHR8EO704ST7GX5XSLR\" class=\" w_full w_layout_element   rad-widget\">\n\t\n<div class='ioa-text-column none  col-align-left  clearfix'> \n      \n      <div class='ioa-text-area'>\n        <h3 class='text-title'> <\/h3>\n        \n        \n        <div class='ioa-text clearfix'>\n<p>[embedyt] https:\/\/www.youtube.com\/embed?listType=playlist&amp;list=PLA2OhAjIte70uLVSkzOsjfJ1rirnbJH51&amp;v=EMJSQMqHPy8[\/embedyt]<\/p>\n<p>\u00a0<\/p>\n<p><span style=\"color: #000000;\"><strong>Charlas: <\/strong><\/span><\/p>\n<p><span style=\"color: #000000;\">\u2022 Neuroradiolog\u00eda: Casos Cl\u00ednicos Interactivos <\/span><\/p>\n<p><span style=\"color: #000000;\">\u2022 Neuroim\u00e1genes en patolog\u00eda tumoral <\/span><\/p>\n<p><span style=\"color: #000000;\">\u2022 Mama: XIV Congreso SIBIM: Casos Interactivos <\/span><\/p>\n<p><span style=\"color: #000000;\">\u2022 XIV Congreso SIBIM: Formaci\u00f3n en Imagen Mamaria, subespecialidad de la Radiolog\u00eda y del m\u00e9dico radi\u00f3logo <\/span><\/p>\n<p><span style=\"color: #000000;\">\u2022 Aplicaciones concretas de la TC espectral en la pr\u00e1ctica cl\u00ednica<\/span><\/p>\n<\/div>\n        \n      <\/div> \n     <\/div>\n<\/div>\t\t\n\t<\/div>\n\n\t\n<\/div>\n\n\t\t\n<div class=\"rad-container  layout_element  one_half first   clearfix\" id=\"rpcI7D87E48ET333OQMAF74AY9420FB8QW8\" data-layout=\"one_half\">\n\t<span class=\"vline\" style='-webkit-transition-delay:350ms;transition-delay:350ms;'><\/span>\n\t \t\n\n\t<div class=\"rad-inner-container clearfix\">\n\t \n\n\n<div  data-key=\"rad_text_widget\"  style='-webkit-transition-delay:0s;transition-delay:0s;' id=\"rpwX4RU2HUSN2LNIKU5JIF2P22IRFV4DMYK\" class=\" w_full w_layout_element  top   rad-widget\">\n\t\n<div class='ioa-text-column none  col-align-center  clearfix'> \n      \n      <div class='ioa-text-area'>\n        <h3 class='text-title'>D\u00cdA 2 - SALA A<\/h3>\n        \n        \n        <div class='ioa-text clearfix'>\n<p>[embedyt] https:\/\/www.youtube.com\/embed?listType=playlist&amp;list=PLA2OhAjIte70uLVSkzOsjfJ1rirnbJH51&amp;v=dU-OszVsunE[\/embedyt]<\/p>\n<p>\u00a0<\/p>\n<p><span style=\"color: #000000;\"><strong>Charlas:<\/strong><\/span><\/p>\n<p><span style=\"color: #000000;\">\u2022 Im\u00e1genes en el cuello, \u00ablo que el radi\u00f3logo debe saber\u00bb (Cabeza y Cuello) <\/span><\/p>\n<p><span style=\"color: #000000;\">\u2022 Taller Interactivo de Casos Cl\u00ednicos (Cabeza y Cuello) <\/span><\/p>\n<p><span style=\"color: #000000;\">\u2022 Elevando el valor del radi\u00f3logo con herramientas cl\u00ednicas avanzadas <\/span><\/p>\n<p><span style=\"color: #000000;\">\u2022 Infertilidad masculina y disfunci\u00f3n er\u00e9ctil<\/span><\/p>\n<p><span style=\"color: #000000;\">\u2022 Endometriosis. Rol del radi\u00f3logo en el diagn\u00f3stico y la estadificaci\u00f3n. Ecograf\u00eda y Resonancia Magn\u00e9tica <\/span><\/p>\n<p><span style=\"color: #000000;\">\u2022 Imagenolog\u00eda en Medicina del Deporte<\/span><\/p>\n<\/div>\n        \n      <\/div> \n     <\/div>\n<\/div>\t\t\n\t<\/div>\n\n\t\n<\/div>\n\n\t\t\n<div class=\"rad-container  layout_element  one_half last  clearfix\" id=\"rpcX1QNT1ISHGVD73ODP4P7FC4U6XUBQWIB\" data-layout=\"one_half\">\n\t<span class=\"vline\" style='-webkit-transition-delay:700ms;transition-delay:700ms;'><\/span>\n\t \t\n\n\t<div class=\"rad-inner-container clearfix\">\n\t \n\n\n<div  data-key=\"rad_text_widget\"  style='-webkit-transition-delay:0s;transition-delay:0s;' id=\"rpwN16ON1X3JALXN1JGYR7WFDE5U25FO13O\" class=\" w_full w_layout_element  top   rad-widget\">\n\t\n<div class='ioa-text-column none  col-align-center  clearfix'> \n      \n      <div class='ioa-text-area'>\n        <h3 class='text-title'>D\u00cdA 2 - SALA B<\/h3>\n        \n        \n        <div class='ioa-text clearfix'>\n<p>[embedyt] https:\/\/www.youtube.com\/embed?listType=playlist&amp;list=PLA2OhAjIte70uLVSkzOsjfJ1rirnbJH51&amp;v=m8IoXXdZpcU[\/embedyt]<\/p>\n<p>\u00a0<\/p>\n<p><span style=\"color: #000000;\"><strong>Charlas:<\/strong> <\/span><\/p>\n<p><span style=\"color: #000000;\">\u2022 Pediatr\u00eda &#8211; SESION SLARP <\/span><\/p>\n<p><span style=\"color: #000000;\">\u2022 Pediatr\u00eda &#8211; SESION SLARP 2. Casos Interactivos <\/span><\/p>\n<p><span style=\"color: #000000;\">\u2022 Clasificaci\u00f3n molecular del c\u00e1ncer\u00a0<\/span><\/p>\n<p><span style=\"color: #000000;\">\u2022 Diagnosticando por un Premio\u00a0 <\/span><\/p>\n<p><span style=\"color: #000000;\">\u2022 Up-To-Date: PET-CT en Onco-Hematolog\u00eda\u00a0<\/span><\/p>\n<p><span style=\"color: #000000;\">\u2022 Novedades de la Inteligencia Artificial embebida en los sistemas de Tomograf\u00eda Computada, Resonancia Magn\u00e9tica y en la asistencia al Diagn\u00f3stico por Im\u00e1genes.<\/span><\/p>\n<\/div>\n        \n      <\/div> \n     <\/div>\n<\/div>\t\t\n\t<\/div>\n\n\t\n<\/div>\n\n\t\t\n<div class=\"rad-container  layout_element  one_half first   clearfix\" id=\"rpcK13KKEST6B0PD61U1557COGXS6N7HF27\" data-layout=\"one_half\">\n\t<span class=\"vline\" style='-webkit-transition-delay:700ms;transition-delay:700ms;'><\/span>\n\t \t\n\n\t<div class=\"rad-inner-container clearfix\">\n\t \n\n\n<div  data-key=\"rad_text_widget\"  style='-webkit-transition-delay:0s;transition-delay:0s;' id=\"rpwODCB9HYR50O5TLWR6F6TEMUSULBE9VOW\" class=\" w_full w_layout_element  top   rad-widget\">\n\t\n<div class='ioa-text-column none  col-align-center  clearfix'> \n      \n      <div class='ioa-text-area'>\n        <h3 class='text-title'>D\u00cdA 2 - SALA C<\/h3>\n        \n        \n        <div class='ioa-text clearfix'>\n<p>[embedyt] https:\/\/www.youtube.com\/embed?listType=playlist&amp;list=PLA2OhAjIte70uLVSkzOsjfJ1rirnbJH51&amp;v=hzZjPtv1m2o[\/embedyt]<\/p>\n<p>\u00a0<\/p>\n<p><span style=\"color: #000000;\"><strong>Charlas: <\/strong><\/span><\/p>\n<p><span style=\"color: #000000;\">\u2022 ISS &#8211; Curso de la International Skeletal Society<\/span><\/p>\n<p><span style=\"color: #000000;\">\u2022 DRX Compass Radiologia Digital con IA <\/span><\/p>\n<p><span style=\"color: #000000;\">\u2022 ISS &#8211; Curso de la International Skeletal Society <\/span><\/p>\n<p><span style=\"color: #000000;\">\u2022 GE Healthcare. Caso Cl\u00ednico: Aplicaci\u00f3n Pr\u00e1ctica de IA en RM con AIR&#x2122; Recon DL &#8211; IMARED Chile<\/span><\/p>\n<\/div>\n        \n      <\/div> \n     <\/div>\n<\/div>\t\t\n\t<\/div>\n\n\t\n<\/div>\n\n\t\t\n<div class=\"rad-container  layout_element  one_half last  clearfix\" id=\"rpcTGH9KYQ9CCKBDPH8G6HEVP7POSFM05VA\" data-layout=\"one_half\">\n\t<span class=\"vline\" style='-webkit-transition-delay:1050ms;transition-delay:1050ms;'><\/span>\n\t \t\n\n\t<div class=\"rad-inner-container clearfix\">\n\t \n\n\n<div  data-key=\"rad_text_widget\"  style='-webkit-transition-delay:0s;transition-delay:0s;' id=\"rpwR0YTTPXUU585JN7BLJOB950TY6FFYEJ9\" class=\" w_full w_layout_element  top   rad-widget\">\n\t\n<div class='ioa-text-column none  col-align-center  clearfix'> \n      \n      <div class='ioa-text-area'>\n        <h3 class='text-title'>D\u00cdA 3 - SALA A<\/h3>\n        \n        \n        <div class='ioa-text clearfix'>\n<p>[embedyt] https:\/\/www.youtube.com\/embed?listType=playlist&amp;list=PLA2OhAjIte70uLVSkzOsjfJ1rirnbJH51&amp;v=unH5NWDTcPA[\/embedyt]<\/p>\n<p>\u00a0<\/p>\n<p><strong><span style=\"color: #000000;\">Charlas:<\/span><\/strong><\/p>\n<p><span style=\"color: #000000;\">\u2022 Neuroim\u00e1genes en patolog\u00eda inflamatoria infecciosa <\/span><\/p>\n<p><span style=\"color: #000000;\">\u2022 Casos Cl\u00ednicos Interactivos de Neuroradiolog\u00eda\u00a0<\/span><\/p>\n<p><span style=\"color: #000000;\">\u2022 Screening y Novedades Tecnol\u00f3gicas en Mamograf\u00eda <\/span><\/p>\n<p><span style=\"color: #000000;\">\u2022 Club del P\u00e1ncreas. Tumores qu\u00edsticos <\/span><\/p>\n<p><span style=\"color: #000000;\">\u2022 Ecograf\u00eda Doppler &#8211; Acto de Clausura CADI 2021<\/span><\/p>\n<p><span style=\"color: #000000;\">\u2022 Acto de Clausura CADI 2021<\/span><\/p>\n<\/div>\n        \n      <\/div> \n     <\/div>\n<\/div>\t\t\n\t<\/div>\n\n\t\n<\/div>\n\n\t\t\n<div class=\"rad-container  layout_element  one_half first   clearfix\" id=\"rpcCPKNDXAT4PSGK9TTQE5R33KTKV9GNJ9F\" data-layout=\"one_half\">\n\t<span class=\"vline\" style='-webkit-transition-delay:1050ms;transition-delay:1050ms;'><\/span>\n\t \t\n\n\t<div class=\"rad-inner-container clearfix\">\n\t \n\n\n<div  data-key=\"rad_text_widget\"  style='-webkit-transition-delay:0s;transition-delay:0s;' id=\"rpwP8DE575C4CE9KB8SXHVK9X0CODT2ENQD\" class=\" w_full w_layout_element  top   rad-widget\">\n\t\n<div class='ioa-text-column none  col-align-center  clearfix'> \n      \n      <div class='ioa-text-area'>\n        <h3 class='text-title'>D\u00cdA 3 - SALA B<\/h3>\n        \n        \n        <div class='ioa-text clearfix'>\n<p>[embedyt] https:\/\/www.youtube.com\/embed?listType=playlist&amp;list=PLA2OhAjIte70uLVSkzOsjfJ1rirnbJH51&amp;v=BBGVqej1JfE[\/embedyt]<\/p>\n<p>\u00a0<\/p>\n<p><span style=\"color: #000000;\"><strong>Charlas:<\/strong><\/span><\/p>\n<p><span style=\"color: #000000;\">\u2022 Sinergia Musculoesquel\u00e9tica <\/span><\/p>\n<p><span style=\"color: #000000;\">\u2022 T\u00f3rax <\/span><\/p>\n<p><span style=\"color: #000000;\">\u2022 ALAT CADI 2021 <\/span><\/p>\n<p><span style=\"color: #000000;\">\u2022 Desarrollo de IA de United Imaging en CT y MR<\/span><\/p>\n<p><span style=\"color: #000000;\">\u2022 T\u00e9cnicos y Licenciados en Bioim\u00e1genes VI: Pediatr\u00eda <\/span><\/p>\n<p><span style=\"color: #000000;\">\u2022 T\u00e9cnicos y Licenciados en Bioim\u00e1genes V: Pediatr\u00eda<\/span><\/p>\n<\/div>\n        \n      <\/div> \n     <\/div>\n<\/div>\t\t\n\t<\/div>\n\n\t\n<\/div>\n\n\t\t\n<div class=\"rad-container  layout_element  one_half last  clearfix\" id=\"rpcAVRWK0XDCJ55HEJ3GLXAIDBHH3VR8OKB\" data-layout=\"one_half\">\n\t<span class=\"vline\" style='-webkit-transition-delay:1400ms;transition-delay:1400ms;'><\/span>\n\t \t\n\n\t<div class=\"rad-inner-container clearfix\">\n\t \n\n\n<div  data-key=\"rad_text_widget\"  style='-webkit-transition-delay:0s;transition-delay:0s;' id=\"rpwMINX7UREFMAB1V6QEM1FOKFLY2NNL734\" class=\" w_full w_layout_element  top   rad-widget\">\n\t\n<div class='ioa-text-column none  col-align-center  clearfix'> \n      \n      <div class='ioa-text-area'>\n        <h3 class='text-title'>D\u00cdA 3 - SALA C<\/h3>\n        \n        \n        <div class='ioa-text clearfix'>\n<p>[embedyt] https:\/\/www.youtube.com\/embed?listType=playlist&amp;list=PLA2OhAjIte70uLVSkzOsjfJ1rirnbJH51&amp;v=eFAhQTPUtQg[\/embedyt]<\/p>\n<p>\u00a0<\/p>\n<p><strong><span style=\"color: #000000;\">Charlas: <\/span><\/strong><\/p>\n<p><span style=\"color: #000000;\">\u2022 M\u00e9dicos en Formaci\u00f3n: T\u00f3rax <\/span><\/p>\n<p><span style=\"color: #000000;\">\u2022 M\u00e9dicos en Formaci\u00f3n: Emergencias <\/span><\/p>\n<p><span style=\"color: #000000;\">\u2022 M\u00e9dicos en Formaci\u00f3n: Contrastes por TC y RM\u00a0<\/span><\/p>\n<p><span style=\"color: #000000;\">\u2022 M\u00e9dicos en Formaci\u00f3n: Neurorradiolog\u00eda<\/span><\/p>\n<p><span style=\"color: #000000;\">\u2022 M\u00e9dicos en Formaci\u00f3n: Im\u00e1genes Osteoarticulares<\/span><\/p>\n<\/div>\n        \n      <\/div> \n     <\/div>\n<\/div>\t\t\n\t<\/div>\n\n\t\n<\/div>\n\n\t\t\t\n\t\n\t<\/div>\n\n\t\t\n\n\t\t<\/div>\n<\/div>\t\n\n\n","protected":false},"excerpt":{"rendered":"","protected":false},"author":1,"featured_media":0,"parent":0,"menu_order":0,"comment_status":"closed","ping_status":"closed","template":"","meta":[],"_links":{"self":[{"href":"https:\/\/faardit.org.ar\/web\/wp-json\/wp\/v2\/pages\/6005"}],"collection":[{"href":"https:\/\/faardit.org.ar\/web\/wp-json\/wp\/v2\/pages"}],"about":[{"href":"https:\/\/faardit.org.ar\/web\/wp-json\/wp\/v2\/types\/page"}],"author":[{"embeddable":true,"href":"https:\/\/faardit.org.ar\/web\/wp-json\/wp\/v2\/users\/1"}],"replies":[{"embeddable":true,"href":"https:\/\/faardit.org.ar\/web\/wp-json\/wp\/v2\/comments?post=6005"}],"version-history":[{"count":4,"href":"https:\/\/faardit.org.ar\/web\/wp-json\/wp\/v2\/pages\/6005\/revisions"}],"predecessor-version":[{"id":6009,"href":"https:\/\/faardit.org.ar\/web\/wp-json\/wp\/v2\/pages\/6005\/revisions\/6009"}],"wp:attachment":[{"href":"https:\/\/faardit.org.ar\/web\/wp-json\/wp\/v2\/media?parent=6005"}],"curies":[{"name":"wp","href":"https:\/\/api.w.org\/{rel}","templated":true}]}}