{"id":6076,"date":"2023-01-16T15:26:33","date_gmt":"2023-01-16T15:26:33","guid":{"rendered":"https:\/\/faardit.org.ar\/web\/?page_id=6076"},"modified":"2026-03-18T18:24:26","modified_gmt":"2026-03-18T18:24:26","slug":"asociacion-la-plata","status":"publish","type":"page","link":"https:\/\/faardit.org.ar\/web\/asociacion-la-plata\/","title":{"rendered":""},"content":{"rendered":"<p><div class=\"page-section  clearfix first-section\" style=\"z-index:1\" id='rpsKFJF2APNNPR0FJX32XAL2UY8JNEAT949' data-exheight='0' >\n\t\n\t<div class=\"section-inner-wrap\">\n\n\t\t\n\n\n\t\t\t\n\n\t<div class=\"skeleton section-content auto_align clearfix\" data-width=\"Contained\">\n\t\t\n\t\t\t\t\t\n<div class=\"rad-container  layout_element  full last first  top   clearfix\" id=\"rpcCI7BMBSDUMW42JVVONQFPN47RJ88R0PK\" data-layout=\"full\">\n\t\n\t \t\n\n\t<div class=\"rad-inner-container clearfix\">\n\t\n<div  data-key=\"rad_intro_widget\"  id=\"rpwG1Q356NUU4D3GWBWUFV7PUQ09R6W8N4K\" class=\" w_full w_layout_element  top   rad-widget\">\n\t<div class=\"col-left intro_title-inner-wrap\">\n\t\t\t\n\t\t<div class=\"intro_title-title-inner-wrap clearfix\"  itemscope itemtype=\"http:\/\/schema.org\/Thing\">\n\t\t\t\n\t\t\t\t\t\t\t\t<h2 itemprop=\"name\" class=\"clearfix custom-font\">Asociaci\u00f3n de Diagn\u00f3stico y Terap\u00e9utica por Im\u00e1genes de la Prov. Bs.As.<\/h2>\n\t\t\t\t\t\t\t\t\t\n\t\t<\/div>\t\n\n\t\t\n\t<\/div>\n<\/div>\n\n\t\t\n\t<\/div>\n\n\t\n<\/div>\n\n\t\t\t\n\t\n\t<\/div>\n\n\t\t\n\n\t\t<\/div>\n<\/div>\t\n\n<div class=\"page-section  clearfix last-section\" style=\"z-index:2\" id='rpsLVIY37LE34T32QW2O25MVEY007E06G5S' data-exheight='0' >\n\t\n\t<div class=\"section-inner-wrap\">\n\n\t\t\n\n\n\t\t\t\n\n\t<div class=\"skeleton section-content auto_align clearfix\" data-width=\"Contained\">\n\t\t\n\t\t\t\t\t\n<div class=\"rad-container  layout_element  one_half first  top   clearfix\" id=\"rpcE26C231AB2NHJSG5WKQDW9GA20DIXNM2\" data-layout=\"one_half\">\n\t\n\t \t\n\n\t<div class=\"rad-inner-container clearfix\">\n\t \n\n\n<div  data-key=\"rad_text_widget\"  style='-webkit-transition-delay:0s;transition-delay:0s;' id=\"rpwYMUEKLHP2KYMCK29KYWCX3G4G85OLP2D\" class=\" w_full w_layout_element  top   rad-widget\">\n\t\n<div class='ioa-text-column none  col-align-left  clearfix'> \n      \n      <div class='ioa-text-area'>\n        <h3 class='text-title'>Domicilio<\/h3>\n        \n        \n        \n        \n      <\/div> \n     <\/div>\n<\/div> \n\n\n<div  data-key=\"rad_text_widget\"  style='-webkit-transition-delay:0s;transition-delay:0s;' id=\"rpwGTC7PKBOOMVC77F2374M30BIDVDSLNDE\" class=\" w_full w_layout_element   rad-widget\">\n\t\n<div class='ioa-text-column none  col-align-left  clearfix'> \n      \n      <div class='ioa-text-area'>\n        <h3 class='text-title'>Correo electr\u00f3nico<\/h3>\n        \n        \n        <div class='ioa-text clearfix'>\n<p><span style=\"color: #000000;\">secretaria@sorpba.org<\/span><\/p>\n<\/div>\n        \n      <\/div> \n     <\/div>\n<\/div> \n\n\n<div  data-key=\"rad_text_widget\"  style='-webkit-transition-delay:0s;transition-delay:0s;' id=\"rpwYOLDP91CQ7319KSGT7RCTI2XWVIUMCFK\" class=\" w_full w_layout_element   rad-widget\">\n\t\n<div class='ioa-text-column none  col-align-left  clearfix'> \n      \n      <div class='ioa-text-area'>\n        <h3 class='text-title'>Sitio Web<\/h3>\n        \n        \n        <div class='ioa-text clearfix'>\n<p><a href=\"http:\/\/www.sorpba.org\/\" target=\"_blank\" rel=\"noopener noreferrer\" data-saferedirecturl=\"https:\/\/www.google.com\/url?q=http:\/\/www.sorpba.org&amp;source=gmail&amp;ust=1760616894663000&amp;usg=AOvVaw1W4Fu9M3QCwjoka1nLZZXK\">www.sorpba.org<\/a><\/p>\n<\/div>\n        \n      <\/div> \n     <\/div>\n<\/div> \n\n\n<div  data-key=\"rad_text_widget\"  style='-webkit-transition-delay:0s;transition-delay:0s;' id=\"rpwY73IO1RRSNQQ89AON2D54H0A884FKVO0\" class=\" w_full w_layout_element   rad-widget\">\n\t\n<div class='ioa-text-column none  col-align-left  clearfix'> \n      \n      <div class='ioa-text-area'>\n        <h3 class='text-title'>Comisi\u00f3n Directiva<\/h3>\n        \n        \n        <div class='ioa-text clearfix'>\n<p><span style=\"color: #000000;\"><strong>Presidente:<\/strong><\/span><br \/><span style=\"color: #000000;\">Dr. Leandro Mazza<\/span><\/p>\n<p><span style=\"color: #000000;\"><strong>Vicepresidente:<\/strong><\/span><br \/><span style=\"color: #000000;\">Dr. Santiago Miraglia<\/span><\/p>\n<p><span style=\"color: #000000;\"><strong>Tesorero:<\/strong><\/span><br \/><span style=\"color: #000000;\">Dr. Grisel Iocco<\/span><\/p>\n<p><span style=\"color: #000000;\"><strong>Secretario general:<\/strong><\/span><br \/><span style=\"color: #000000;\">Dr. Gast\u00f3n P\u00e9rez Zenatti<\/span><\/p>\n<p><span style=\"color: #000000;\"><strong>Secretario de actas:<\/strong><\/span><br \/><span style=\"color: #000000;\">Dr. David Laur\u00eda<\/span><\/p>\n<p><span style=\"color: #000000;\"><strong>Vocales titulares:<\/strong><\/span><br \/><span style=\"color: #000000;\">Dr. Guillermo Mon<\/span><br \/><span style=\"color: #000000;\">Dr. Cesar Torres<\/span><\/p>\n<p><span style=\"color: #000000;\"><strong>Vocales suplentes:<\/strong><\/span><br \/><span style=\"color: #000000;\">Dra. Betina Pievani<br \/>Dra. Marina de Majo<br \/>Dr. Hernan Contretas\u00a0<\/span><\/p>\n<p><span style=\"color: #000000;\"><strong>Revisores de cuentas:<\/strong><\/span><br \/><span style=\"color: #000000;\">Dr. Pablo Pedelaborde (Gral. Belgrano)<\/span><\/p>\n<p><span style=\"color: #000000;\"><strong>Revisores de cuentas suplentes:<\/strong><\/span><br \/>Dr. Nicol\u00e1s C\u00e9dola<\/p>\n<p><span style=\"color: #000000;\"><strong>Tribunal de \u00c9tica:<\/strong><\/span><br \/><span style=\"color: #000000;\">Dr. Carlos Gonz\u00e1lez<\/span><br \/><span style=\"color: #000000;\">Dra. Cecilia Belm\u00fadez<\/span><br \/><span style=\"color: #000000;\">Dr. Leda Vargas<\/span><\/p>\n<\/div>\n        \n      <\/div> \n     <\/div>\n<\/div>\t\t\n\t<\/div>\n\n\t\n<\/div>\n\n\t\t\n<div class=\"rad-container  layout_element  one_half last top   clearfix\" id=\"rpcKEE8UL6OG8CJX8SIR5PEB0NE7QDFT41T\" data-layout=\"one_half\">\n\t\n\t \t\n\n\t<div class=\"rad-inner-container clearfix\">\n\t \n\n\n<div  data-key=\"rad_text_widget\"  style='-webkit-transition-delay:0s;transition-delay:0s;' id=\"rpwPM1AAKR20YL4CFYC69VF4BL2K1B73HAX\" class=\" w_full w_layout_element  top   rad-widget\">\n\t\n<div class='ioa-text-column none  col-align-center  clearfix'> \n      \n      <div class='ioa-text-area'>\n        <h3 class='text-title'>Pr\u00f3ximos eventos de la Asociaci\u00f3n<\/h3>\n        \n        \n        \n        \n      <\/div> \n     <\/div>\n<\/div>\n<div  data-key=\"rad_post_list_widget\"  id=\"rpwV4VNLJDAQ9LEWWR7J0N1FLUYQWUULCOF\" class=\" w_full w_layout_element   rad-widget\">\n  <div class=\"post_list-inner-wrap  \" >\n\n\n        <ul  itemscope itemtype=\"http:\/\/schema.org\/ItemList\" class=\"rad-posts-list hoverable posts plain-list clearfix \" >          \n            <\/ul>\n        \n\n    \n  <\/div>\n<\/div>\n\t\t\n\t<\/div>\n\n\t\n<\/div>\n\n\t\t\t\n\t\n\t<\/div>\n\n\t\t\n\n\t\t<\/div>\n<\/div>\t\n\n<\/p>\n","protected":false},"excerpt":{"rendered":"","protected":false},"author":1,"featured_media":0,"parent":0,"menu_order":0,"comment_status":"closed","ping_status":"closed","template":"","meta":[],"_links":{"self":[{"href":"https:\/\/faardit.org.ar\/web\/wp-json\/wp\/v2\/pages\/6076"}],"collection":[{"href":"https:\/\/faardit.org.ar\/web\/wp-json\/wp\/v2\/pages"}],"about":[{"href":"https:\/\/faardit.org.ar\/web\/wp-json\/wp\/v2\/types\/page"}],"author":[{"embeddable":true,"href":"https:\/\/faardit.org.ar\/web\/wp-json\/wp\/v2\/users\/1"}],"replies":[{"embeddable":true,"href":"https:\/\/faardit.org.ar\/web\/wp-json\/wp\/v2\/comments?post=6076"}],"version-history":[{"count":14,"href":"https:\/\/faardit.org.ar\/web\/wp-json\/wp\/v2\/pages\/6076\/revisions"}],"predecessor-version":[{"id":8385,"href":"https:\/\/faardit.org.ar\/web\/wp-json\/wp\/v2\/pages\/6076\/revisions\/8385"}],"wp:attachment":[{"href":"https:\/\/faardit.org.ar\/web\/wp-json\/wp\/v2\/media?parent=6076"}],"curies":[{"name":"wp","href":"https:\/\/api.w.org\/{rel}","templated":true}]}}