{"id":6309,"date":"2023-06-22T13:17:07","date_gmt":"2023-06-22T13:17:07","guid":{"rendered":"https:\/\/faardit.org.ar\/web\/?page_id=6309"},"modified":"2026-03-10T14:10:56","modified_gmt":"2026-03-10T14:10:56","slug":"haga-su-diagnostico","status":"publish","type":"page","link":"https:\/\/faardit.org.ar\/web\/haga-su-diagnostico\/","title":{"rendered":"Haga su diagn\u00f3stico"},"content":{"rendered":"<p><div class=\"page-section  clearfix first-section\" style=\"z-index:1\" id='rpsBVY3JJX0L9BQEE9NH5MUQ5VBWP83P8UN' data-exheight='0' >\n\t\n\t<div class=\"section-inner-wrap\">\n\n\t\t\n\n\n\t\t\t\n\n\t<div class=\"skeleton section-content auto_align clearfix\" data-width=\"Contained\">\n\t\t\n\t\t\t\t\t\n<div class=\"rad-container  layout_element  full last first  top   clearfix\" id=\"rpcDK1ING904LYLI6P4CHMIJKN4SUTSPSBO\" data-layout=\"full\">\n\t\n\t \t\n\n\t<div class=\"rad-inner-container clearfix\">\n\t\n<div  data-key=\"rad_image_widget\"  id=\"rpwAK4JADVND7N8L6M7U9SWJK2WC0YS29AP\" class=\" w_full w_layout_element  top   rad-widget\">\n\t<div class=\"image-inner-wrap \">\n\t\t\t\t\n\t\t<div  class=' hover-item  image-align-none' itemscope itemprop='http:\/\/schema.org\/ImageObject'>   <img itemprop='image'   alt=\"\" title=\"Portada-HagaSuDiagnostico 2024\"  class='' src='https:\/\/faardit.org.ar\/web\/wp-content\/uploads\/2024\/01\/Portada-HagaSuDiagnostico-2024-1060x174.jpg'     \/>  <\/div>\t\t\t\t\t<\/div>\n<\/div>\n\t\t\n\t<\/div>\n\n\t\n<\/div>\n\n\t\t\t\n\t\n\t<\/div>\n\n\t\t\n\n\t\t<\/div>\n<\/div>\t\n\n<div class=\"page-section  clearfix \" style=\"z-index:2\" id='rpsBUHFTLLQ3YHLKJURYWRSAF5PQVR0CPPK' data-exheight='0' >\n\t\n\t<div class=\"section-inner-wrap\">\n\n\t\t\n\n\n\t\t\t\n\n\t<div class=\"skeleton section-content auto_align clearfix\" data-width=\"Contained\">\n\t\t\n\t\t\t\t\t\n<div class=\"rad-container  layout_element  two_third first  top   clearfix\" id=\"rpcU7CTJWG5C8I69RWD10AQVFH5YUKX83Q1\" data-layout=\"two_third\">\n\t\n\t \t\n\n\t<div class=\"rad-inner-container clearfix\">\n\t \n\n\n<div  data-key=\"rad_text_widget\"  style='-webkit-transition-delay:0s;transition-delay:0s;' id=\"rpwO7XRB5T7B20RR53K7O4B3HK4TNK19C3F\" class=\" w_full w_layout_element  top   rad-widget\">\n\t\n<div class='ioa-text-column none  col-align-left  clearfix'> \n      \n      <div class='ioa-text-area'>\n        <h3 class='text-title'> Te invitamos a ser parte de \"Haga su diagn\u00f3stico\"<\/h3>\n        \n        \n        <div class='ioa-text clearfix'>\n<p><span style=\"color: #000000;\">\u00abHaga su diagn\u00f3stico\u00bb es una plataforma que desarroll\u00f3 FAARDIT y que consta de un desaf\u00edo semanal para residentes o m\u00e9dicos j\u00f3venes.<\/span><\/p>\n<p><span style=\"color: #000000;\">El objetivo es ofrecer una propuesta de aprendizaje did\u00e1ctica que le permita a cada m\u00e9dico, residente o estudiante ejercitar su conocimiento sobre diferentes \u00e1reas y especialidades de nuestra profesi\u00f3n.<\/span><\/p>\n<p><span style=\"color: #000000;\"><strong>\u00bfDe qu\u00e9 se trata?<\/strong><\/span><br \/><span style=\"color: #000000;\">\u2022 Todas las semanas se va a presentar un caso que contiene una breve descripci\u00f3n y una serie de opciones.<\/span><br \/><span style=\"color: #000000;\">\u2022 Cada participante debe elegir la opci\u00f3n que considera correcta.<\/span><br \/><span style=\"color: #000000;\">\u2022 Se suman puntos semanalmente y los participantes compiten por importantes premios.<\/span><\/p>\n<\/div>\n        \n      <\/div> \n     <\/div>\n<\/div>\t\t\n\t<\/div>\n\n\t\n<\/div>\n\n\t\t\n<div class=\"rad-container  layout_element  one_third last top   clearfix\" id=\"rpcH193UFG4SK3UXJA7GITD6BX6M3NR6B77\" data-layout=\"one_third\">\n\t\n\t \t\n\n\t<div class=\"rad-inner-container clearfix\">\n\t\n<div  data-key=\"rad_image_widget\"  id=\"rpwSWFHMBF8GLECD2UITH7U8MOIX079GPO8\" class=\" w_full w_layout_element  top   rad-widget\">\n\t<div class=\"image-inner-wrap image-stretched \">\n\t\t\t\t\n\t\t<div  class=' hover-item  image-align-none' itemscope itemprop='http:\/\/schema.org\/ImageObject'> <img src='https:\/\/faardit.org.ar\/web\/wp-content\/uploads\/2023\/06\/Logo-Bacon.png' itemprop='url' alt='' title='Logo Bacon' \/>  <\/div>\t\t\t\t\t<\/div>\n<\/div>\n\t\t\n\t<\/div>\n\n\t\n<\/div>\n\n\t\t\n<div class=\"rad-container  layout_element  full last first   senseBGModel  clearfix\" id=\"rpcAEN81NSC0SL6YBNQL90MV0NUBFUAP5QB\" data-layout=\"full\">\n\t<span class=\"vline\" style='-webkit-transition-delay:700ms;transition-delay:700ms;'><\/span>\n\t \t\n\n\t<div class=\"rad-inner-container clearfix\">\n\t \n\n\n<div  data-key=\"rad_text_widget\"  style='-webkit-transition-delay:0s;transition-delay:0s;' id=\"rpwTW8WLQ6ELRE7P1SYX5GLL5Y5T5BQQ3YA\" class=\" w_full w_layout_element  top   rad-widget\">\n\t\n<div class='ioa-text-column none  col-align-left  clearfix'> \n      \n      <div class='ioa-text-area'>\n        \n        \n        \n        <div class='ioa-text clearfix'>\n<p><span style=\"color: #000000;\"><strong>HOMENAJE A GONZALO RODR\u00cdGUEZ<\/strong><\/span><\/p>\n<p style=\"text-align: left;\"><span style=\"color: #000000;\"><em>Brindamos un <strong>especial homenaje a Gonzalo Rodr\u00edguez, una figura hist\u00f3rica de Laboratorios Bacon<\/strong>, quien desde el primer momento acompa\u00f1\u00f3 e impuls\u00f3 este proyecto con pasi\u00f3n, compromiso y una profunda vocaci\u00f3n de servicio por la educaci\u00f3n m\u00e9dica.<\/em><\/span><\/p>\n<\/div>\n        \n      <\/div> \n     <\/div>\n<\/div>\t\t\n\t<\/div>\n\n\t\n<\/div>\n\n\t\t\n<div class=\"rad-container  layout_element  full last first   clearfix\" id=\"rpcXHVSAOPR5UCXCPMGR89C8CNNKUKUXOI2\" data-layout=\"full\">\n\t<span class=\"vline\" style='-webkit-transition-delay:1050ms;transition-delay:1050ms;'><\/span>\n\t \t\n\n\t<div class=\"rad-inner-container clearfix\">\n\t\n<div  data-key=\"rad_button_widget\"  id=\"rpwO35ODKRQY6TVFQWOACFT82BB8P5XD6E0\" class=\" button-align-center  w_full w_layout_element  top   clearfix rad-widget rad-button-widget \">\n\t<a   href=\"http:\/\/casos-a-diagnosticar.faardit.org.ar\/login\" target='_BLANK' class=\" ioa-button style-default size-block\">\n\t\t\t\t\t\t<span>REGISTRO<\/span>\n\t<\/a>\n<\/div>\n\n\t\t\n\t<\/div>\n\n\t\n<\/div>\n\n\t\t\n<div class=\"rad-container  layout_element  full last first   clearfix\" id=\"rpcHNO6W2KTPJ0J9UJORTA2J06FFK69HL1V\" data-layout=\"full\">\n\t<span class=\"vline\" style='-webkit-transition-delay:1400ms;transition-delay:1400ms;'><\/span>\n\t \t\n\n\t<div class=\"rad-inner-container clearfix\">\n\t\n<div  data-key=\"rad_divider_widget\"  id=\"rpwCROLL5O0OCNTSUOPSCX2RLX2E2IE52LE\" class=\" w_full w_layout_element  top   rad-widget\" style=\"padding:\">\n\t<div class=\"divider line\"  >\n\t\t\t\t\t\t\t\t\t<\/div>\n<\/div>\n\n\t\t\n\t<\/div>\n\n\t\n<\/div>\n\n\t\t\n<div class=\"rad-container  layout_element  one_half first   clearfix\" id=\"rpcSFCKCARFJ2WMYU74M2EOI9GL828M9TGA\" data-layout=\"one_half\">\n\t<span class=\"vline\" style='-webkit-transition-delay:1400ms;transition-delay:1400ms;'><\/span>\n\t \t\n\n\t<div class=\"rad-inner-container clearfix\">\n\t \n\n\n<div  data-key=\"rad_text_widget\"  style='-webkit-transition-delay:0s;transition-delay:0s;' id=\"rpwYAVAKOLRCY0DN39TYWXPIRP69QSTU71M\" class=\" w_full w_layout_element  top   rad-widget\">\n\t\n<div class='ioa-text-column none  col-align-left  clearfix'> \n      \n      <div class='ioa-text-area'>\n        <h3 class='text-title'>Responsables del \u00c1rea<\/h3>\n        \n        \n        \n        \n      <\/div> \n     <\/div>\n<\/div>\n<div  data-key=\"rad_toggle_widget\"  id=\"rpwICF1LAWEVQCR2BCTLOYS6QPE18SI9V7I\" class=\" w_full w_layout_element   rad-widget\">\n\n\t<div class=\"toggle-inner-wrap\">\n\t\t\n\n\t\t<div class=\" clearfix toggle-style-styled\" itemscope itemtype=\"http:\/\/schema.org\/ItemList\">\n  \t\t\n\t\t\n\t\t <div class='toggle ' itemscope itemtype='http:\/\/schema.org\/Thing'><h4><a href=\"#tg69d02248955f0\" class='toggle-title ' itemprop='name'  > <i class='ioa-front-icon  plus-2icon-'><\/i> DRA. MARIA MARCELA TOMBESI<\/a><\/h4><div id='tg69d02248955f0' itemprop='description' class='toggle-body collapse'>\n<p><span style=\"color: #000000;\"><strong><a style=\"color: #000000;\" href=\"https:\/\/faardit.org.ar\/web\/wp-content\/uploads\/2023\/06\/foto-burno.png\"><img loading=\"lazy\" class=\"wp-image-6930 alignleft\" src=\"https:\/\/faardit.org.ar\/web\/wp-content\/uploads\/2024\/04\/Marcela-Tombesi-298x300.jpg\" alt=\"\" width=\"113\" height=\"114\" srcset=\"https:\/\/faardit.org.ar\/web\/wp-content\/uploads\/2024\/04\/Marcela-Tombesi-298x300.jpg 298w, https:\/\/faardit.org.ar\/web\/wp-content\/uploads\/2024\/04\/Marcela-Tombesi-150x150.jpg 150w, https:\/\/faardit.org.ar\/web\/wp-content\/uploads\/2024\/04\/Marcela-Tombesi-300x300.jpg 300w, https:\/\/faardit.org.ar\/web\/wp-content\/uploads\/2024\/04\/Marcela-Tombesi.jpg 374w\" sizes=\"(max-width: 113px) 100vw, 113px\" \/><\/a>Dr. Maria Marcela Tombesi<br \/><\/strong>\u2022 Marcela Tombesi, especialista en Radiolog\u00eda Pedi\u00e1trica, Hospital Dr. Jos\u00e9 Penna Bah\u00eda Blanca.<\/span><\/p>\n<p><span style=\"color: #000000;\">\u2022 Miembro Comit\u00e9 de Im\u00e1genes de la Sociedad Argentina de Pediatr\u00eda.<\/span><\/p>\n<p><span style=\"color: #000000;\">\u2022 Miembro de la Comisi\u00f3n directiva de la Sociedad Latinoamericana de\u00a0 \u00a0 \u00a0Radiolog\u00eda Pedi\u00e1trica<\/span><br \/><span style=\"color: #000000;\">(SLARP)<\/span><\/p>\n<\/div> <\/div> <div class='toggle ' itemscope itemtype='http:\/\/schema.org\/Thing'><h4><a href=\"#tg69d0224895891\" class='toggle-title ' itemprop='name'  > <i class='ioa-front-icon  plus-2icon-'><\/i> DR. BRUNO FRANCESCHINI<\/a><\/h4><div id='tg69d0224895891' itemprop='description' class='toggle-body collapse'>\n<p><strong><span style=\"color: #000000;\"><a href=\"https:\/\/faardit.org.ar\/web\/wp-content\/uploads\/2023\/06\/foto-burno.png\"><img loading=\"lazy\" class=\"alignleft  wp-image-6314\" src=\"https:\/\/faardit.org.ar\/web\/wp-content\/uploads\/2023\/06\/foto-burno.png\" alt=\"\" width=\"119\" height=\"112\" srcset=\"https:\/\/faardit.org.ar\/web\/wp-content\/uploads\/2023\/06\/foto-burno.png 315w, https:\/\/faardit.org.ar\/web\/wp-content\/uploads\/2023\/06\/foto-burno-300x281.png 300w\" sizes=\"(max-width: 119px) 100vw, 119px\" \/><\/a>Dr. Bruno Franceschini<\/span><\/strong><\/p>\n<div><span style=\"color: #000000;\">\u2022 Especialista en Diagn\u00f3stico por Im\u00e1genes.<\/span><br \/><span style=\"color: #000000;\">Staff del \u00e1rea Cuerpo del Instituto Conci Carpinella y Nuevo Hospital San Roque, C\u00f3rdoba Capital.<\/span><\/div>\n<div>\u00a0<\/div>\n<div><span style=\"color: #000000;\">\u2022 SORDIC &#8211; FAARDIT<\/span><\/div>\n<div>\u00a0<\/div>\n<div><span style=\"color: #000000;\">\u2022 Profesor del \u00e1rea T\u00f3rax de FAARDIT.<\/span><\/div>\n<div>\u00a0<\/div>\n<div><span style=\"color: #000000;\">\u2022 Sub Coordinador de la secci\u00f3n de Im\u00e1genes de AAMR.<\/span><\/div>\n<\/div> <\/div> <div class='toggle ' itemscope itemtype='http:\/\/schema.org\/Thing'><h4><a href=\"#tg69d0224895abe\" class='toggle-title ' itemprop='name'  > <i class='ioa-front-icon  plus-2icon-'><\/i> DR. NICOL\u00c1S NIETO ARIAS<\/a><\/h4><div id='tg69d0224895abe' itemprop='description' class='toggle-body collapse'>\n<p><strong><span style=\"color: #000000;\"><a href=\"https:\/\/faardit.org.ar\/web\/wp-content\/uploads\/2023\/06\/WhatsApp-Image-2023-05-31-at-20.41.58.jpeg\"><img loading=\"lazy\" class=\"alignleft  wp-image-6315\" src=\"https:\/\/faardit.org.ar\/web\/wp-content\/uploads\/2023\/06\/WhatsApp-Image-2023-05-31-at-20.41.58.jpeg\" alt=\"\" width=\"114\" height=\"121\" srcset=\"https:\/\/faardit.org.ar\/web\/wp-content\/uploads\/2023\/06\/WhatsApp-Image-2023-05-31-at-20.41.58.jpeg 1209w, https:\/\/faardit.org.ar\/web\/wp-content\/uploads\/2023\/06\/WhatsApp-Image-2023-05-31-at-20.41.58-283x300.jpeg 283w, https:\/\/faardit.org.ar\/web\/wp-content\/uploads\/2023\/06\/WhatsApp-Image-2023-05-31-at-20.41.58-967x1024.jpeg 967w, https:\/\/faardit.org.ar\/web\/wp-content\/uploads\/2023\/06\/WhatsApp-Image-2023-05-31-at-20.41.58-768x813.jpeg 768w\" sizes=\"(max-width: 114px) 100vw, 114px\" \/><\/a>Dr. Nicol\u00e1s Nieto Arias<\/span><\/strong><\/p>\n<p><span style=\"color: #000000;\">\u2022 Especialista en Diagnostico por Imagenes. Subespecialidad Neuroim\u00e1genes, Cabeza y Cuello.<br \/><\/span><\/p>\n<p><span style=\"color: #000000;\">\u2022 Medico de staff del Instituto Radiol\u00f3gico. Mar del plata.<br \/><\/span><\/p>\n<p><span style=\"color: #000000;\">\u2022 Miembro titular de ADITMAR y FAARDIT<\/span><\/p>\n<\/div> <\/div> <div class='toggle ' itemscope itemtype='http:\/\/schema.org\/Thing'><h4><a href=\"#tg69d0224895d33\" class='toggle-title ' itemprop='name'  > <i class='ioa-front-icon  plus-2icon-'><\/i> DR. NICOL\u00c1S CEDOLA<\/a><\/h4><div id='tg69d0224895d33' itemprop='description' class='toggle-body collapse'>\n<p><span style=\"color: #000000;\"><strong><img loading=\"lazy\" class=\"wp-image-6883 alignleft\" src=\"https:\/\/faardit.org.ar\/web\/wp-content\/uploads\/2024\/03\/NicolasCedola-333x333-1-300x300.jpg\" alt=\"\" width=\"142\" height=\"142\" srcset=\"https:\/\/faardit.org.ar\/web\/wp-content\/uploads\/2024\/03\/NicolasCedola-333x333-1-300x300.jpg 300w, https:\/\/faardit.org.ar\/web\/wp-content\/uploads\/2024\/03\/NicolasCedola-333x333-1-150x150.jpg 150w, https:\/\/faardit.org.ar\/web\/wp-content\/uploads\/2024\/03\/NicolasCedola-333x333-1.jpg 333w\" sizes=\"(max-width: 142px) 100vw, 142px\" \/>Dr. Nicol\u00e1s Cedola<\/strong><\/span><\/p>\n<p><span style=\"color: #000000;\">\u2022 M\u00e9dico radi\u00f3logo subespecialista Musculoesquel\u00e9tico<br \/><\/span><br \/><span style=\"color: #000000;\">\u2022 Presidente de asociaci\u00f3n civil de especialistas en diagn\u00f3stico y terap\u00e9utica por im\u00e1genes<\/span><br \/><span style=\"color: #000000;\">de la provincia de Buenos Aires.<br \/><\/span><br \/><span style=\"color: #000000;\">\u2022 Director m\u00e9dico Ki Salud &amp;amp; Deporte, la plata. M\u00e9dico Staff en Cytec y Centro M\u00e9dico <\/span><span style=\"color: #000000;\">Diagn\u00f3stico City Bell.<\/span><\/p>\n<\/div> <\/div> <div class='toggle ' itemscope itemtype='http:\/\/schema.org\/Thing'><h4><a href=\"#tg69d0224895f10\" class='toggle-title ' itemprop='name'  > <i class='ioa-front-icon  plus-2icon-'><\/i> DRA. MERCEDES SA\u00d1UDO<\/a><\/h4><div id='tg69d0224895f10' itemprop='description' class='toggle-body collapse'>\n<p><strong><span style=\"color: #000000;\"><a href=\"https:\/\/faardit.org.ar\/web\/wp-content\/uploads\/2023\/06\/Dra-Mercedes-Sanudo.jpg\"><img loading=\"lazy\" class=\"alignleft  wp-image-6319\" src=\"https:\/\/faardit.org.ar\/web\/wp-content\/uploads\/2023\/06\/Dra-Mercedes-Sanudo.jpg\" alt=\"\" width=\"100\" height=\"121\" srcset=\"https:\/\/faardit.org.ar\/web\/wp-content\/uploads\/2023\/06\/Dra-Mercedes-Sanudo.jpg 1170w, https:\/\/faardit.org.ar\/web\/wp-content\/uploads\/2023\/06\/Dra-Mercedes-Sanudo-246x300.jpg 246w, https:\/\/faardit.org.ar\/web\/wp-content\/uploads\/2023\/06\/Dra-Mercedes-Sanudo-840x1024.jpg 840w, https:\/\/faardit.org.ar\/web\/wp-content\/uploads\/2023\/06\/Dra-Mercedes-Sanudo-768x937.jpg 768w\" sizes=\"(max-width: 100px) 100vw, 100px\" \/><\/a>Dra. Mercedes Sa\u00f1udo<\/span><\/strong><\/p>\n<p><span style=\"color: #000000;\">Encargada del servicio de Im\u00e1genes de la Mujer en Diagn\u00f3stico por Im\u00e1genes\u00a0Jun\u00edn de la<\/span><br \/><span style=\"color: #000000;\">ciudad de Santa Fe, Argentina.<\/span><\/p>\n<\/div> <\/div> <div class='toggle ' itemscope itemtype='http:\/\/schema.org\/Thing'><h4><a href=\"#tg69d0224896274\" class='toggle-title ' itemprop='name'  > <i class='ioa-front-icon  plus-2icon-'><\/i> DR. SEBASTI\u00c1N ROSSINI<\/a><\/h4><div id='tg69d0224896274' itemprop='description' class='toggle-body collapse'>\n<p><strong><span style=\"color: #000000;\"><a href=\"https:\/\/faardit.org.ar\/web\/wp-content\/uploads\/2021\/08\/SebastianRossini.jpg\"><img loading=\"lazy\" class=\"alignleft  wp-image-5171\" src=\"https:\/\/faardit.org.ar\/web\/wp-content\/uploads\/2021\/08\/SebastianRossini.jpg\" alt=\"\" width=\"101\" height=\"101\" srcset=\"https:\/\/faardit.org.ar\/web\/wp-content\/uploads\/2021\/08\/SebastianRossini.jpg 400w, https:\/\/faardit.org.ar\/web\/wp-content\/uploads\/2021\/08\/SebastianRossini-300x300.jpg 300w, https:\/\/faardit.org.ar\/web\/wp-content\/uploads\/2021\/08\/SebastianRossini-150x150.jpg 150w\" sizes=\"(max-width: 101px) 100vw, 101px\" \/><\/a>Dr. Sebasti\u00e1n Rossi<\/span><\/strong><\/p>\n<p><span style=\"color: #000000;\">\u2022 Instituto Radiol\u00f3gico de Mar del Plata Argentina. Medico Staff del \u00e1rea de cuerpo, PET e intervencionismo.<\/span><\/p>\n<p><span style=\"color: #000000;\">\u2022 Especialista Universitario en Diagn\u00f3stico por Im\u00e1genes UBA.<\/span><\/p>\n<p><span style=\"color: #000000;\">Miembro titular de:<\/span><\/p>\n<p><span style=\"color: #000000;\">\u2022 Asociaci\u00f3n de Diagn\u00f3stico por Im\u00e1genes y Terapia Radiante de Mar del Plata (ADIT)<\/span><\/p>\n<p><span style=\"color: #000000;\">\u2022 Federaci\u00f3n Argentina de Asociaciones de Radiolog\u00eda, Diagn\u00f3stico por Im\u00e1genes y Terapia Radiante (FAARDIT)<\/span><\/p>\n<p><span style=\"color: #000000;\">\u2022 Asociaci\u00f3n Argentina de Medicina Respiratoria (AAMR)<\/span><\/p>\n<p><span style=\"color: #000000;\">\u2022 Asociaci\u00f3n Latinoamericana de T\u00f3rax (ALAT)<\/span><\/p>\n<p><span style=\"color: #000000;\">\u2022 American Roentgen Ray Society (AARS)<\/span><\/p>\n<p><span style=\"color: #000000;\">\u2022 Presidente del Comit\u00e9 Cient\u00edfico del Congreso Argentino de Diagn\u00f3stico por Im\u00e1genes (CADI).<\/span><\/p>\n<p><span style=\"color: #000000;\">\u2022 Profesor adjunto de la catedra de Diagn\u00f3stico por Im\u00e1genes de la Universidad FASTA.<\/span><\/p>\n<\/div> <\/div>\n\t\t\n  \n\t\t<\/div>\n\n\t\n\t<\/div>\n<\/div>\n\n\t\t\n\t<\/div>\n\n\t\n<\/div>\n\n\t\t\n<div class=\"rad-container  layout_element  one_half last  clearfix\" id=\"rpcGK4CLWH9E1WVUWDS184OGJ0POYBBDYXJ\" data-layout=\"one_half\">\n\t<span class=\"vline\" style='-webkit-transition-delay:1750ms;transition-delay:1750ms;'><\/span>\n\t \t\n\n\t<div class=\"rad-inner-container clearfix\">\n\t \n\n\n<div  data-key=\"rad_text_widget\"  style='-webkit-transition-delay:0s;transition-delay:0s;' id=\"rpwNCNEC4O5V2CPURWUSNC5JE5GK2I9IWPW\" class=\" w_full w_layout_element  top   rad-widget\">\n\t\n<div class='ioa-text-column none  col-align-left  clearfix'> \n      \n      <div class='ioa-text-area'>\n        <h3 class='text-title'> <\/h3>\n        \n        \n        \n        \n      <\/div> \n     <\/div>\n<\/div> \n\n\n<div  data-key=\"rad_text_widget\"  style='-webkit-transition-delay:0s;transition-delay:0s;' id=\"rpwV06UPHSTUDM6U9C4OSNFMB4RHRRRN9IY\" class=\" w_full w_layout_element   rad-widget\">\n\t\n<div class='ioa-text-column none  col-align-left  clearfix'> \n      \n      <div class='ioa-text-area'>\n        <h3 class='text-title'> <\/h3>\n        \n        \n        \n        \n      <\/div> \n     <\/div>\n<\/div>\n<div  data-key=\"rad_button_widget\"  id=\"rpwVXVI9C6EIBIKUDGHRXD6A26CR21PKCOG\" class=\" button-align-center  w_full w_layout_element   clearfix rad-widget rad-button-widget \">\n\t<a   href=\"https:\/\/faardit.org.ar\/web\/wp-content\/uploads\/2024\/07\/1-Reglamento-presentacion-de-Haga-su-diagnostico-FAARDIT-2024.pdf\" target='_BLANK' class=\" ioa-button style-default size-block\">\n\t\t\t\t\t\t<span>REGLAMENTO<\/span>\n\t<\/a>\n<\/div>\n\n\n<div  data-key=\"rad_button_widget\"  id=\"rpwI6GX6B507LCLLD8PCYGRMO0KEOYXOOPA\" class=\" button-align-center  w_full w_layout_element   clearfix rad-widget rad-button-widget \">\n\t<a   href=\"https:\/\/faardit.org.ar\/web\/wp-content\/uploads\/2024\/07\/2-Premios-Haga-su-Diagnostico-FAARDIT-2024.pdf\" target='_BLANK' class=\" ioa-button style-default size-block\">\n\t\t\t\t\t\t<span>PREMIOS<\/span>\n\t<\/a>\n<\/div>\n\n\t\t\n\t<\/div>\n\n\t\n<\/div>\n\n\t\t\t\n\t\n\t<\/div>\n\n\t\t\n\n\t\t<\/div>\n<\/div>\t\n\n<div class=\"page-section  clearfix last-section\" style=\"z-index:3\" id='rpsI8EB7DYMGQNMBOSDGUYG92OI5086QB96' data-exheight='0' >\n\t\n\t<div class=\"section-inner-wrap\">\n\n\t\t\n\n\n\t\t\t\n\n\t<div class=\"skeleton section-content auto_align clearfix\" data-width=\"Contained\">\n\t\t\n\t\t\t\t\t\t\n\t\n\t<\/div>\n\n\t\t\n\n\t\t<\/div>\n<\/div>\t\n\n<\/p>\n","protected":false},"excerpt":{"rendered":"","protected":false},"author":1,"featured_media":0,"parent":0,"menu_order":0,"comment_status":"closed","ping_status":"closed","template":"","meta":[],"_links":{"self":[{"href":"https:\/\/faardit.org.ar\/web\/wp-json\/wp\/v2\/pages\/6309"}],"collection":[{"href":"https:\/\/faardit.org.ar\/web\/wp-json\/wp\/v2\/pages"}],"about":[{"href":"https:\/\/faardit.org.ar\/web\/wp-json\/wp\/v2\/types\/page"}],"author":[{"embeddable":true,"href":"https:\/\/faardit.org.ar\/web\/wp-json\/wp\/v2\/users\/1"}],"replies":[{"embeddable":true,"href":"https:\/\/faardit.org.ar\/web\/wp-json\/wp\/v2\/comments?post=6309"}],"version-history":[{"count":36,"href":"https:\/\/faardit.org.ar\/web\/wp-json\/wp\/v2\/pages\/6309\/revisions"}],"predecessor-version":[{"id":8363,"href":"https:\/\/faardit.org.ar\/web\/wp-json\/wp\/v2\/pages\/6309\/revisions\/8363"}],"wp:attachment":[{"href":"https:\/\/faardit.org.ar\/web\/wp-json\/wp\/v2\/media?parent=6309"}],"curies":[{"name":"wp","href":"https:\/\/api.w.org\/{rel}","templated":true}]}}