{"id":656,"date":"2014-12-17T11:46:34","date_gmt":"2014-12-17T11:46:34","guid":{"rendered":"http:\/\/demo1.artillegence.com\/thelawyer\/?page_id=656"},"modified":"2024-01-18T16:02:27","modified_gmt":"2024-01-18T16:02:27","slug":"historia","status":"publish","type":"page","link":"https:\/\/faardit.org.ar\/web\/historia\/","title":{"rendered":"Nuestra Historia"},"content":{"rendered":"<div class=\"page-section  clearfix first-section last-section\" style=\"z-index:1\" id='rpsEKQSO9PA95PR0PY76U2RRRPU7TUS95JY' data-exheight='0' >\n\t\n\t<div class=\"section-inner-wrap\">\n\n\t\t\n\n\n\t\t\t\n\n\t<div class=\"skeleton section-content auto_align clearfix\" data-width=\"Contained\">\n\t\t\n\t\t\t\t\t\n<div class=\"rad-container  layout_element  three_fourth first  top   clearfix\" id=\"rpcXPLJ5ULECMWC1TFF7OHRC2UJ3MHU1IIA\" data-layout=\"three_fourth\">\n\t\n\t \t\n\n\t<div class=\"rad-inner-container clearfix\">\n\t \n\n\n<div  data-key=\"rad_text_widget\"  style='-webkit-transition-delay:0s;transition-delay:0s;' id=\"rpwQB0CNJVK329LOLF5RJ90854NMV1N7YWN\" class=\" w_full w_layout_element  top   rad-widget\">\n\t\n<div class='ioa-text-column none  col-align-left  clearfix'> \n      \n      <div class='ioa-text-area'>\n        <h3 class='text-title'> <\/h3>\n        \n        \n        <div class='ioa-text clearfix'>\n<h5>Los or\u00edgenes de FAARDIT<\/h5>\n<p>La consolidaci\u00f3n de la Federaci\u00f3n Argentina de Sociedades de Radiolog\u00eda se desarroll\u00f3 en dos per\u00edodos. El primero fue a partir del a\u00f1o 1971 cuando eran conocidos como <strong>Federaci\u00f3n Argentina de Sociedades de Radiolog\u00eda (FASR)<\/strong>, per\u00edodo que se extendi\u00f3 hasta el a\u00f1o 1986 cuando se consolidaron como <strong>Federaci\u00f3n Argentina de Asociaciones de Radiolog\u00eda, Diagn\u00f3stico por Im\u00e1genes y Terapia Radiante (FAARDIT)<\/strong>.<\/p>\n<p>El primer encuentro para delinear los principios organizativos de la futura Federaci\u00f3n Argentina de Asociaciones de Radiolog\u00eda se llev\u00f3 a cabo en la ciudad de Rosario, en el a\u00f1o 1970. Por su parte,la reuni\u00f3n fundacional se realiz\u00f3 un a\u00f1o m\u00e1s tarde en la localidad de Alta Gracia (C\u00f3rdoba), a la que asistieron delegados de todas las sociedades que exist\u00edan hasta ese momento.<\/p>\n<p>El cordob\u00e9s Dr. Carlos Quiroga Mayor fue el primer presidente de la Federaci\u00f3n. Bajo su mandatose eligi\u00f3 C\u00f3rdoba como sede dado que, en ese momento, era anfitriona del encuentro. Tambi\u00e9n se defini\u00f3 que se cambiar\u00edan de sede en funci\u00f3n de la renovaci\u00f3n de los miembros del Consejo de Administraci\u00f3n Federal. A los fines de una mejor organizaci\u00f3n y para evitar traslados onerosos se integrar\u00eda con miembros de esa sede y no de otras provincias.<\/p>\n<p>Se decidi\u00f3 considerar a cada Sociedad como un miembro individual independientemente de la cantidad de asociados por lo que no planificaron un orden de importancia seg\u00fan su n\u00famero de afiliados. En esa primera etapa (y tambi\u00e9n en las subsiguientes), las actividades eran solo de car\u00e1cter cient\u00edfico, sin trabajar con gestiones gremiales.<\/p>\n<p>Por sorteo, la ciudad de Rosario se consagr\u00f3 como segunda sede de la Federaci\u00f3n.<\/div>\n        \n      <\/div> \n     <\/div>\n<\/div>\t\t\n\t<\/div>\n\n\t\n<\/div>\n\n\t\t\n<div class=\"rad-container  layout_element right one_fourth last top   clearfix\" id=\"rpcGPTLPA54S21BAN6F6V1BK72CIQ8JA77D\" data-layout=\"one_fourth\">\n\t\n\t \t\n\n\t<div class=\"rad-inner-container clearfix\">\n\t\n<div  data-key=\"rad_button_widget\"  id=\"rpwWMH5NR7W7G6AFNP0P4COVK9GVG2PH0XF\" class=\" button-align-right  w_full w_layout_element  top   clearfix rad-widget rad-button-widget \">\n\t<a   href=\"https:\/\/faardit.org.ar\/web\/quienes-somos\/\"  class=\" ioa-button style-classic size-block has-icon \">\n\t\t\t<i class=\"ioa-front-icon ioa-front-icon user-2icon-\"><\/i>\t\t\t<span>Qui\u00e9nes Somos<\/span>\n\t<\/a>\n<\/div>\n\n\n<div  data-key=\"rad_button_widget\"  id=\"rpwIEWHMQRGL0D2D6IPOAF02WUL30EJK0VA\" class=\" button-align-right  w_full w_layout_element   clearfix rad-widget rad-button-widget \">\n\t<a   href=\"https:\/\/faardit.org.ar\/web\/sociedades-afiliadas\/\"  class=\" ioa-button style-classic size-block has-icon \">\n\t\t\t<i class=\"ioa-front-icon ioa-front-icon user-mdicon-\"><\/i>\t\t\t<span>Sociedades Afiliadas<\/span>\n\t<\/a>\n<\/div>\n\n\n<div  data-key=\"rad_button_widget\"  id=\"rpwEDKEWMBAG6HHGRSY0K3OH5KBMUN6M4SA\" class=\" button-align-right  w_full w_layout_element   clearfix rad-widget rad-button-widget \">\n\t<a   href=\"https:\/\/faardit.org.ar\/web\/consejo-administracion\/\"  class=\" ioa-button style-classic size-block has-icon \">\n\t\t\t<i class=\"ioa-front-icon ioa-front-icon usersicon-\"><\/i>\t\t\t<span>Consejo de Administraci\u00f3n<\/span>\n\t<\/a>\n<\/div>\n\n\n<div  data-key=\"rad_button_widget\"  id=\"rpwQAIYYRT3H9SW9OQLAQMS8VKNRPBA0CPA\" class=\" button-align-right  w_full w_layout_element   clearfix rad-widget rad-button-widget \">\n\t<a   href=\"https:\/\/faardit.org.ar\/web\/estatuto\/\"  class=\" ioa-button style-classic size-block has-icon \">\n\t\t\t<i class=\"ioa-front-icon ioa-front-icon doc-alt-1icon-\"><\/i>\t\t\t<span>Nuestro Estatuto<\/span>\n\t<\/a>\n<\/div>\n\n\n<div  data-key=\"rad_button_widget\"  id=\"rpwF03KMWFWHMXP8W7B6FNSLWAEV6LSX9PV\" class=\" button-align-right  w_full w_layout_element   clearfix rad-widget rad-button-widget \">\n\t<a   href=\"https:\/\/faardit.org.ar\/web\/distinciones\/\"  class=\" ioa-button style-classic size-block has-icon \">\n\t\t\t<i class=\"ioa-front-icon ioa-ti ti-medall\"><\/i>\t\t\t<span>Distinciones<\/span>\n\t<\/a>\n<\/div>\n\n\t\t\n\t<\/div>\n\n\t\n<\/div>\n\n\t\t\n<div class=\"rad-container  layout_element  three_fourth first   clearfix\" id=\"rpcB6EQ9FNE4V8C1EHEGBB5MI6PBV8WDRC5\" data-layout=\"three_fourth\">\n\t<span class=\"vline\" style='-webkit-transition-delay:350ms;transition-delay:350ms;'><\/span>\n\t \t\n\n\t<div class=\"rad-inner-container clearfix\">\n\t \n\n\n<div  data-key=\"rad_text_widget\"  style='-webkit-transition-delay:0s;transition-delay:0s;' id=\"rpwCFBHJMTCK85TM4QM7T0E9KUI20XN9F7S\" class=\" w_full w_layout_element  top   rad-widget\">\n\t\n<div class='ioa-text-column none  col-align-left  clearfix'> \n      \n      <div class='ioa-text-area'>\n        <h3 class='text-title'> <\/h3>\n        \n        \n        <div class='ioa-text clearfix'>\n<h5>Organizaci\u00f3n del Congreso Anual<\/h5>\n<p>En relaci\u00f3n a los Congresos Anuales se decidi\u00f3 alternarlos con los de la Sociedad Argentina de Radiolog\u00eda con el fin de evitar superposiciones. El desarrollo del primer congreso de la Federaci\u00f3n, durante 1973, fue el s\u00edmbolo que consolid\u00f3 la uni\u00f3n. El encuentro cont\u00f3 con la presencia de importantes profesionales en el campo de la salud: el franc\u00e9s Dr. Claude Hern\u00e1ndez, Dr. Robert Young de Londres y, a nivel nacional, los notables Dr. Francisco Eleta y Dr. Luis D. Maffei.<\/p>\n<p>La segunda gesti\u00f3n presidencial estuvo a cago del Dr. Luis D. Maffei. Bajo su gesti\u00f3n se desarroll\u00f3 el Segundo Congreso de la Federaci\u00f3n, en la Ciudad de Rosario durante 1975. El evento fue un \u00e9xito tanto en t\u00e9rminos de convocatoria como en ganancias. Las sedes posteriores donde se sucedieron respectivamente los Congresos fueron: Salta (1977), Tucum\u00e1n (1979), Buenos Aires (1981), Entre R\u00edos (1983) y Corrientes (1985).<\/div>\n        \n      <\/div> \n     <\/div>\n<\/div>\t\t\n\t<\/div>\n\n\t\n<\/div>\n\n\t\t\t\n\t\n\t<\/div>\n\n\t\t\n\n\t\t<\/div>\n<\/div>\t\n\n\n","protected":false},"excerpt":{"rendered":"","protected":false},"author":1,"featured_media":0,"parent":0,"menu_order":0,"comment_status":"open","ping_status":"closed","template":"","meta":[],"_links":{"self":[{"href":"https:\/\/faardit.org.ar\/web\/wp-json\/wp\/v2\/pages\/656"}],"collection":[{"href":"https:\/\/faardit.org.ar\/web\/wp-json\/wp\/v2\/pages"}],"about":[{"href":"https:\/\/faardit.org.ar\/web\/wp-json\/wp\/v2\/types\/page"}],"author":[{"embeddable":true,"href":"https:\/\/faardit.org.ar\/web\/wp-json\/wp\/v2\/users\/1"}],"replies":[{"embeddable":true,"href":"https:\/\/faardit.org.ar\/web\/wp-json\/wp\/v2\/comments?post=656"}],"version-history":[{"count":1,"href":"https:\/\/faardit.org.ar\/web\/wp-json\/wp\/v2\/pages\/656\/revisions"}],"predecessor-version":[{"id":6784,"href":"https:\/\/faardit.org.ar\/web\/wp-json\/wp\/v2\/pages\/656\/revisions\/6784"}],"wp:attachment":[{"href":"https:\/\/faardit.org.ar\/web\/wp-json\/wp\/v2\/media?parent=656"}],"curies":[{"name":"wp","href":"https:\/\/api.w.org\/{rel}","templated":true}]}}