{"id":6665,"date":"2023-12-22T13:56:23","date_gmt":"2023-12-22T13:56:23","guid":{"rendered":"https:\/\/faardit.org.ar\/web\/?page_id=6665"},"modified":"2024-06-27T17:23:04","modified_gmt":"2024-06-27T17:23:04","slug":"diversidad-e-inclusion","status":"publish","type":"page","link":"https:\/\/faardit.org.ar\/web\/diversidad-e-inclusion\/","title":{"rendered":"Diversidad e inclusi\u00f3n"},"content":{"rendered":"<p><div class=\"page-section  clearfix first-section\" style=\"z-index:1\" id='rpsAV78DVKY8P1WTAEJDUJSTQGSGVUQ13L3' data-exheight='0' >\n\t\n\t<div class=\"section-inner-wrap\">\n\n\t\t\n\n\n\t\t\t\n\n\t<div class=\"skeleton section-content auto_align clearfix\" data-width=\"Contained\">\n\t\t\n\t\t\t\t\t\n<div class=\"rad-container  layout_element  one_half first  top   clearfix\" id=\"rpcKG1PWXF8HYOGRRKYEI3JPCEH342E60QT\" data-layout=\"one_half\">\n\t\n\t \t\n\n\t<div class=\"rad-inner-container clearfix\">\n\t \n\n\n<div  data-key=\"rad_text_widget\"  style='-webkit-transition-delay:0s;transition-delay:0s;' id=\"rpwQEHU5EYBU491W08GMWH8R6T8LJ82EKCK\" class=\" w_full w_layout_element  top   rad-widget\">\n\t\n<div class='ioa-text-column none  col-align-left  clearfix'> \n      \n      <div class='ioa-text-area'>\n        \n        \n        \n        <div class='ioa-text clearfix'>\n<p>\u00a0<\/p>\n<p style=\"text-align: justify;\"><span style=\"color: #000000;\">En el contexto de los nuevos tiempos que corren, reconocemos y apoyamos la inclusi\u00f3n de las diversas orientaciones sexuales e identidades de g\u00e9nero en todos los \u00e1mbitos sociales.<\/span><\/p>\n<p style=\"text-align: justify;\"><span style=\"color: #000000;\">En ese marco, nuestra instituci\u00f3n cre\u00f3 la Comisi\u00f3n de Diversidad e Inclusi\u00f3n con la iniciativa de generar capacitaciones y trabajar seriamente en instancias que promuevan la inclusi\u00f3n en el \u00e1mbito profesional de la comunidad radiol\u00f3gica y del diagn\u00f3stico por imagen.<\/span><\/p>\n<p style=\"text-align: justify;\"><span style=\"color: #000000;\">Este espacio de la web, est\u00e1 creado para hacerles llegar informaci\u00f3n de inter\u00e9s, tanto en el \u00e1mbito cient\u00edfico como tambi\u00e9n de concientizaci\u00f3n para profesionales sobre esta tem\u00e1tica.<\/span><\/p>\n<p><span style=\"color: #000000;\"><strong>Miembros de la comisi\u00f3n<\/strong><\/span><\/p>\n<p><span style=\"color: #000000;\">Coordinadora: Dra. Fabiana Santost\u00e9fano<\/span><br \/><span style=\"color: #000000;\">Colaboradora: Dra. Daniela Ternak<\/span><br \/><span style=\"color: #000000;\">Colaboradora: Dra. Lorena Coto Solari<\/span><br \/><span style=\"color: #000000;\">Colaboradora: Lic. Boulan Daiana<\/span><\/p>\n<\/div>\n        \n      <\/div> \n     <\/div>\n<\/div>\t\t\n\t<\/div>\n\n\t\n<\/div>\n\n\t\t\n<div class=\"rad-container  layout_element  one_half last top   clearfix\" id=\"rpcOT939NVUPDPYUB9J7R0V3W6JXFDJXTVH\" data-layout=\"one_half\">\n\t\n\t \t\n\n\t<div class=\"rad-inner-container clearfix\">\n\t\n<div  data-key=\"rad_image_widget\"  id=\"rpwO38IRXKEEB2E39UPQQ6K2CI3NVYG4X0H\" class=\" w_full w_layout_element  top   rad-widget\">\n\t<div class=\"image-inner-wrap image-stretched \">\n\t\t\t\t\n\t\t<div  class=' hover-item  image-align-none' itemscope itemprop='http:\/\/schema.org\/ImageObject'>   <img itemprop='image'   alt=\"\" title=\"ComisionDiversidad Nov23\"  class='' src='https:\/\/faardit.org.ar\/web\/wp-content\/uploads\/2023\/12\/ComisionDiversidad-Nov23-scaled-515x643.jpg'     \/>  <\/div>\t\t\t\t\t<\/div>\n<\/div>\n\t\t\n\t<\/div>\n\n\t\n<\/div>\n\n\t\t\t\n\t\n\t<\/div>\n\n\t\t\n\n\t\t<\/div>\n<\/div>\t\n\n<div class=\"page-section  clearfix \" style=\"z-index:2\" id='rpsLOJQWEHGKQXR9X5UGQ8VJLQEAXX3SEQ4' data-exheight='0' >\n\t\n\t<div class=\"section-inner-wrap\">\n\n\t\t\n\n\n\t\t\t\n\n\t<div class=\"skeleton section-content auto_align clearfix\" data-width=\"Contained\">\n\t\t\n\t\t\t\t\t\n<div class=\"rad-container  layout_element  full last first  top   clearfix\" id=\"rpcS0JTVNB9PMNI0W8OS6JOFGTQJNV88GCH\" data-layout=\"full\">\n\t\n\t \t\n\n\t<div class=\"rad-inner-container clearfix\">\n\t \n\n\n<div  data-key=\"rad_text_widget\"  style='-webkit-transition-delay:0s;transition-delay:0s;' id=\"rpwBYC7NBHWG0CQ8PUVNRKUEWV6DFJ0CM0V\" class=\" w_full w_layout_element  top   rad-widget\">\n\t\n<div class='ioa-text-column none  col-align-left  clearfix'> \n      \n      <div class='ioa-text-area'>\n        <h3 class='text-title'> Documentos \u00fatiles<\/h3>\n        \n        \n        \n        \n      <\/div> \n     <\/div>\n<\/div>\t\t\n\t<\/div>\n\n\t\n<\/div>\n\n\t\t\t\n\t\n\t<\/div>\n\n\t\t\n\n\t\t<\/div>\n<\/div>\t\n\n<div class=\"page-section  clearfix last-section\" style=\"z-index:3\" id='rpsT5A8GBSUWJN0F6AGG05MD1J5LWMTKARH' data-exheight='0' >\n\t\n\t<div class=\"section-inner-wrap\">\n\n\t\t\n\n\n\t\t\t\n\n\t<div class=\"skeleton section-content auto_align clearfix\" data-width=\"Contained\">\n\t\t\n\t\t\t\t\t\n<div class=\"rad-container  layout_element  one_half first  top   clearfix\" id=\"rpcRBMJQ8FGG3LTUV3X2BDH6KAL992LEULX\" data-layout=\"one_half\">\n\t\n\t \t\n\n\t<div class=\"rad-inner-container clearfix\">\n\t\n<div  data-key=\"rad_button_widget\"  id=\"rpwLRDMG3K2WY7N319TM3S7CLXSPNYHNM33\" class=\" button-align-left  w_full w_layout_element  top   clearfix rad-widget rad-button-widget \">\n\t<a   href=\"https:\/\/faardit.org.ar\/web\/wp-content\/uploads\/2023\/12\/RecomendacionesEspeciales-ServicioImagenesMamarias-FAARDIT-Dic23.pdf\" target='_BLANK' class=\" ioa-button style-default size-large\">\n\t\t\t\t\t\t<span>Recomendaciones especiales para el servicio de im\u00e1genes mamarias y ginecol\u00f3gicas<\/span>\n\t<\/a>\n<\/div>\n\n\t\t\n\t<\/div>\n\n\t\n<\/div>\n\n\t\t\n<div class=\"rad-container  layout_element  one_half last top   clearfix\" id=\"rpcTP4FFCBOB6IPSI4N0X9DT5KEYPNR520E\" data-layout=\"one_half\">\n\t\n\t \t\n\n\t<div class=\"rad-inner-container clearfix\">\n\t\n<div  data-key=\"rad_button_widget\"  id=\"rpwDLQA3H3GBBVHR0RYVDWYKG6GY3BM7MDP\" class=\" button-align-left  w_full w_layout_element  top   clearfix rad-widget rad-button-widget \">\n\t<a   href=\"https:\/\/faardit.org.ar\/web\/wp-content\/uploads\/2023\/12\/Consideraciones-Generales-AtencionSalud-Trans-FAARDIT-Dic23.pdf\" target='_BLANK' class=\" ioa-button style-default size-large\">\n\t\t\t\t\t\t<span>Consideraciones generales para la atenci\u00f3n en salud de la poblaci\u00f3n trans<\/span>\n\t<\/a>\n<\/div>\n\n\t\t\n\t<\/div>\n\n\t\n<\/div>\n\n\t\t\n<div class=\"rad-container  layout_element  one_half first   clearfix\" id=\"rpcQ74RTTNEJX0K2U3RSH3I9SX5G1B3JGP0\" data-layout=\"one_half\">\n\t<span class=\"vline\" style='-webkit-transition-delay:350ms;transition-delay:350ms;'><\/span>\n\t \t\n\n\t<div class=\"rad-inner-container clearfix\">\n\t\n<div  data-key=\"rad_button_widget\"  id=\"rpwQPHI7PJD1EO15ISRF1NJSY78DXH1MSA4\" class=\" button-align-left  w_full w_layout_element  top   clearfix rad-widget rad-button-widget \">\n\t<a   href=\"https:\/\/faardit.org.ar\/web\/wp-content\/uploads\/2023\/12\/Glosario-Inclusion-FAARDIT-Dic23.pdf\" target='_BLANK' class=\" ioa-button style-default size-large\">\n\t\t\t\t\t\t<span>Glosario para la inclusi\u00f3n<\/span>\n\t<\/a>\n<\/div>\n\n\t\t\n\t<\/div>\n\n\t\n<\/div>\n\n\t\t\n<div class=\"rad-container  layout_element  one_half last  clearfix\" id=\"rpcYIAAE1DCNRFPB31XDKBV9G73TH7WXTQK\" data-layout=\"one_half\">\n\t<span class=\"vline\" style='-webkit-transition-delay:700ms;transition-delay:700ms;'><\/span>\n\t \t\n\n\t<div class=\"rad-inner-container clearfix\">\n\t\n<div  data-key=\"rad_button_widget\"  id=\"rpwS331C6BWUURBCFWFU46BF7SF5NY5Y33O\" class=\" button-align-left  w_full w_layout_element  top   clearfix rad-widget rad-button-widget \">\n\t<a   href=\"https:\/\/faardit.org.ar\/web\/wp-content\/uploads\/2023\/12\/Guia-ACR-FAARDIT-Dic23.pdf\" target='_BLANK' class=\" ioa-button style-default size-large\">\n\t\t\t\t\t\t<span>Gu\u00eda de la American College of Radiology<\/span>\n\t<\/a>\n<\/div>\n\n\t\t\n\t<\/div>\n\n\t\n<\/div>\n\n\t\t\n<div class=\"rad-container  layout_element  full last first   clearfix\" id=\"rpcV2U52JPW722RN1NOL06K5S45BFN70OR8\" data-layout=\"full\">\n\t<span class=\"vline\" style='-webkit-transition-delay:1050ms;transition-delay:1050ms;'><\/span>\n\t \t\n\n\t<div class=\"rad-inner-container clearfix\">\n\t\n<div  data-key=\"rad_divider_widget\"  id=\"rpwNJDIS2M8T6T7UP8P5MACUGJKS37EI76J\" class=\" w_full w_layout_element  top   rad-widget\" style=\"padding:\">\n\t<div class=\"divider line\"  >\n\t\t\t\t\t\t\t\t\t<\/div>\n<\/div>\n\n\t\t\n\t<\/div>\n\n\t\n<\/div>\n\n\t\t\n<div class=\"rad-container  layout_element  full last first   clearfix\" id=\"rpcMB5GI2AHTIODKFS86PQY6BFV5KXBO5HX\" data-layout=\"full\">\n\t<span class=\"vline\" style='-webkit-transition-delay:1400ms;transition-delay:1400ms;'><\/span>\n\t \t\n\n\t<div class=\"rad-inner-container clearfix\">\n\t \n\n\n<div  data-key=\"rad_text_widget\"  style='-webkit-transition-delay:0s;transition-delay:0s;' id=\"rpwNS2DNLEMUKDREBNPB41QDGC4QN1S3I7K\" class=\" w_full w_layout_element  top   rad-widget\">\n\t\n<div class='ioa-text-column none  col-align-left  clearfix'> \n      \n      <div class='ioa-text-area'>\n        <h3 class='text-title'>Afiches para colocar en consultorios y\/o centros m\u00e9dicos<\/h3>\n        \n        \n        \n        \n      <\/div> \n     <\/div>\n<\/div>\t\t\n\t<\/div>\n\n\t\n<\/div>\n\n\t\t\n<div class=\"rad-container  layout_element  one_half first   senseBGModel  clearfix\" id=\"rpcOH8N3QR1Q8L2EY63AK4RJH7BMFRAJH03\" data-layout=\"one_half\">\n\t<span class=\"vline\" style='-webkit-transition-delay:1400ms;transition-delay:1400ms;'><\/span>\n\t \t\n\n\t<div class=\"rad-inner-container clearfix\">\n\t \n\n\n<div  data-key=\"rad_text_widget\"  style='-webkit-transition-delay:0s;transition-delay:0s;' id=\"rpwAB7BXV6C8OE5SVRWYLONJ4H6KRL7GI1B\" class=\" w_full w_layout_element  top   rad-widget\">\n\t\n<div class='ioa-text-column none  col-align-left  clearfix'> \n      \n      <div class='ioa-text-area'>\n        \n        \n        \n        <div class='ioa-text clearfix'>\n<p><span style=\"color: #000000;\"><strong>Paso a paso para imprimir y colocar f\u00e1cilmente<\/strong><\/span><\/p>\n<p><span style=\"color: #000000;\">Cada afiche contiene informaci\u00f3n \u00fatil para abordar la atenci\u00f3n m\u00e9dica con una perspectiva que respete la diversidad y la inclusi\u00f3n.\u00a0<\/span><\/p>\n<p><span style=\"color: #000000;\"><em>Recomendaciones para la impresi\u00f3n:<\/em><\/span><\/p>\n<p><span style=\"color: #000000;\">\u2022 Descargar los archivos y no modificar su formato. Est\u00e1n en JPG.<\/span><\/p>\n<p><span style=\"color: #000000;\">\u2022 El tama\u00f1o es A3 y es un archivo optimizado para impresi\u00f3n.<\/span><\/p>\n<p><span style=\"color: #000000;\">\u2022 Imprimir a color y de un solo lado (Frente).<\/span><\/p>\n<p><span style=\"color: #000000;\">\u2022 Sugerimos que la impresi\u00f3n sea en un papel de buena calidad:\u00a0<\/span><\/p>\n<p><span style=\"color: #000000;\">&#8211; Papel Ilustraci\u00f3n de 90 gr. o 115 gr. (Consultar a la imprenta cu\u00e1l es la opci\u00f3n m\u00e1s conveniente que tienen)<\/span><\/p>\n<p><span style=\"color: #000000;\">&#8211; Para una opci\u00f3n m\u00e1s econ\u00f3mica se puede imprimir en papel obra de 90 gr. o 120 gr.<\/span><\/p>\n<\/div>\n        \n      <\/div> \n     <\/div>\n<\/div>\t\t\n\t<\/div>\n\n\t\n<\/div>\n\n\t\t\n<div class=\"rad-container  layout_element  one_half last  clearfix\" id=\"rpcQ1PXQD62MQWJ4I2GJ0ORXISR5POLM7R0\" data-layout=\"one_half\">\n\t<span class=\"vline\" style='-webkit-transition-delay:1750ms;transition-delay:1750ms;'><\/span>\n\t \t\n\n\t<div class=\"rad-inner-container clearfix\">\n\t\n<div  data-key=\"rad_toggle_widget\"  id=\"rpwFOIFPW3DLDWVJUWJVXER7631RYRAMK46\" class=\" w_full w_layout_element  top   rad-widget\">\n\n\t<div class=\"toggle-inner-wrap\">\n\t\t\n\n\t\t<div class=\" clearfix toggle-style-styled\" itemscope itemtype=\"http:\/\/schema.org\/ItemList\">\n  \t\t\n\t\t\n\t\t <div class='toggle ' itemscope itemtype='http:\/\/schema.org\/Thing'><h4><a href=\"#tg69e6b05527bc8\" class='toggle-title ' itemprop='name'  > <i class='ioa-front-icon  plus-2icon-'><\/i> AFICHE 1: GLOSARIO<\/a><\/h4><div id='tg69e6b05527bc8' itemprop='description' class='toggle-body collapse'>\n<p><span style=\"color: #000000;\"><em>Son dos afiches en total. Cada uno contiene una serie de t\u00e9rminos para tener en cuenta a la hora de la atenci\u00f3n m\u00e9dica.<\/em><\/span><\/p>\n<p><a href=\"https:\/\/drive.google.com\/drive\/folders\/1fGEhuVYeXo_B57vXF1XssU_lk5jk7EYf?usp=sharing\"><strong>DESCARGAR<\/strong><\/a><\/p>\n<\/div> <\/div> <div class='toggle ' itemscope itemtype='http:\/\/schema.org\/Thing'><h4><a href=\"#tg69e6b05527d8a\" class='toggle-title ' itemprop='name'  > <i class='ioa-front-icon  plus-2icon-'><\/i> AFICHE 2: RECOMENDACIONES ESPECIALES PARA EL SERVICIO DE IM\u00c1GENES MAMARIAS Y GINECOL\u00d3GICAS<\/a><\/h4><div id='tg69e6b05527d8a' itemprop='description' class='toggle-body collapse'>\n<p><span style=\"color: #000000;\"><em>Hac\u00e9 click aqu\u00ed abajo para acceder al archivo de impresi\u00f3n<\/em><\/span><\/p>\n<p><a href=\"https:\/\/drive.google.com\/drive\/folders\/1Mo1dNLcet6Pm8sQwYA4S2BFeOyx-AnAt?usp=drive_link\"><strong>DESCARGAR<\/strong><\/a><\/p>\n<\/div> <\/div> <div class='toggle ' itemscope itemtype='http:\/\/schema.org\/Thing'><h4><a href=\"#tg69e6b05527f51\" class='toggle-title ' itemprop='name'  > <i class='ioa-front-icon  plus-2icon-'><\/i> AFICHE 3: CONSIDERACIONES GENERALES PARA LA ATENCI\u00d3N SALUD DE LA POBLACI\u00d3N TRANS<\/a><\/h4><div id='tg69e6b05527f51' itemprop='description' class='toggle-body collapse'>\n<p><span style=\"color: #000000;\"><em>Hac\u00e9 click aqu\u00ed abajo para acceder al archivo de impresi\u00f3n<\/em><\/span><\/p>\n<p><a href=\"https:\/\/drive.google.com\/drive\/folders\/15SWUo-Y43kVCroPc3DggkW-pGSoyWOc8?usp=drive_link\"><strong>DESCARGAR<\/strong><\/a><\/p>\n<\/div> <\/div>\n\t\t\n  \n\t\t<\/div>\n\n\t\n\t<\/div>\n<\/div>\n\n\t\t\n\t<\/div>\n\n\t\n<\/div>\n\n\t\t\t\n\t\n\t<\/div>\n\n\t\t\n\n\t\t<\/div>\n<\/div>\t\n\n<\/p>\n","protected":false},"excerpt":{"rendered":"","protected":false},"author":1,"featured_media":0,"parent":0,"menu_order":0,"comment_status":"closed","ping_status":"closed","template":"","meta":[],"_links":{"self":[{"href":"https:\/\/faardit.org.ar\/web\/wp-json\/wp\/v2\/pages\/6665"}],"collection":[{"href":"https:\/\/faardit.org.ar\/web\/wp-json\/wp\/v2\/pages"}],"about":[{"href":"https:\/\/faardit.org.ar\/web\/wp-json\/wp\/v2\/types\/page"}],"author":[{"embeddable":true,"href":"https:\/\/faardit.org.ar\/web\/wp-json\/wp\/v2\/users\/1"}],"replies":[{"embeddable":true,"href":"https:\/\/faardit.org.ar\/web\/wp-json\/wp\/v2\/comments?post=6665"}],"version-history":[{"count":10,"href":"https:\/\/faardit.org.ar\/web\/wp-json\/wp\/v2\/pages\/6665\/revisions"}],"predecessor-version":[{"id":7111,"href":"https:\/\/faardit.org.ar\/web\/wp-json\/wp\/v2\/pages\/6665\/revisions\/7111"}],"wp:attachment":[{"href":"https:\/\/faardit.org.ar\/web\/wp-json\/wp\/v2\/media?parent=6665"}],"curies":[{"name":"wp","href":"https:\/\/api.w.org\/{rel}","templated":true}]}}