{"id":677,"date":"2014-12-17T12:54:09","date_gmt":"2014-12-17T12:54:09","guid":{"rendered":"http:\/\/demo1.artillegence.com\/thelawyer\/?page_id=677"},"modified":"2024-01-19T13:30:04","modified_gmt":"2024-01-19T13:30:04","slug":"encuentro-residentes","status":"publish","type":"page","link":"https:\/\/faardit.org.ar\/web\/encuentro-residentes\/","title":{"rendered":"Encuentros de residentes"},"content":{"rendered":"<div id=\"pl-677\" class=\"panel-layout\">\n<div id=\"pg-677-0\" class=\"panel-grid panel-no-style\" data-style=\"{&quot;background_display&quot;:&quot;tile&quot;,&quot;cell_alignment&quot;:&quot;flex-start&quot;}\">\n<div id=\"pgc-677-0-0\" class=\"panel-grid-cell\" data-weight=\"0.8\">\n<div id=\"panel-677-0-0-0\" class=\"so-panel widget widget_sow-editor panel-first-child panel-last-child\" data-index=\"0\" data-style=\"{&quot;background_image_attachment&quot;:false,&quot;background_display&quot;:&quot;tile&quot;}\">\n<div class=\"so-widget-sow-editor so-widget-sow-editor-base\">\n<div class=\"siteorigin-widget-tinymce textwidget\">\n<div dir=\"ltr\">\n<p><span style=\"color: #000000;\">El Encuentro de Residentes (ER) es una actividad acad\u00e9mica organizada por FAARDIT (Federaci\u00f3n Argentina de Radiolog\u00eda) en la que residentes de distintas escuelas de radiolog\u00eda (Argentina y de toda Am\u00e9rica) presentan casos de alta complejidad para ser discutidos y analizados con el auditorio.<\/span><\/p>\n<p><span style=\"color: #000000;\">La actividad es <strong>de los residentes\u00a0<\/strong>y es coordinada por expertos en distintas \u00e1reas del diagn\u00f3stico por im\u00e1genes. Ellos son quienes acompa\u00f1an a los participantes en la discusi\u00f3n del caso presentado.<\/span><\/p>\n<p><span style=\"color: #000000;\">Esta actividad se desarrolla desde hace m\u00e1s de 30 a\u00f1os, en la misma m\u00e1s de 150 escuelas han participado y se han presentado m\u00e1s de 1000 casos cl\u00ednicos.<\/span><\/p>\n<hr \/>\n<\/div>\n<\/div>\n<\/div>\n<\/div>\n<\/div>\n<div id=\"pgc-677-0-1\" class=\"panel-grid-cell\" data-weight=\"0.2\">\n<div id=\"panel-677-0-1-0\" class=\"so-panel widget widget_sow-editor panel-first-child panel-last-child\" data-index=\"1\" data-style=\"{&quot;padding&quot;:&quot;20px 20px 20px 20px&quot;,&quot;background&quot;:&quot;#e0e2e2&quot;,&quot;background_image_attachment&quot;:false,&quot;background_display&quot;:&quot;tile&quot;}\">\n<div class=\"panel-widget-style panel-widget-style-for-677-0-1-0\">\n<div class=\"so-widget-sow-editor so-widget-sow-editor-base\">\n<h3 class=\"widget-title\"><span style=\"color: #000000;\">Secciones<\/span><\/h3>\n<div class=\"siteorigin-widget-tinymce textwidget\">\n<div class=\"siteorigin-widget-tinymce textwidget\">\n<h6><span style=\"color: #000000;\"><a style=\"color: #000000;\" href=\"https:\/\/faardit.org.ar\/web\/encuentro-residentes\/informacion\/\" target=\"_blank\" rel=\"noopener noreferrer\">I<span style=\"color: #000080;\">NFORMACI\u00d3N DE INTER\u00c9S<\/span><\/a><\/span><\/h6>\n<h6><span style=\"color: #000080;\"><a style=\"color: #000080;\" href=\"https:\/\/faardit.org.ar\/web\/encuentro-residentes\/presentacion-caso-clinico\/\" target=\"_blank\" rel=\"noopener noreferrer\">C\u00d3MO PREPARAR UN CASO CL\u00cdNICO<\/a><\/span><\/h6>\n<h6><span style=\"color: #000080;\"><a style=\"color: #000080;\" href=\"https:\/\/faardit.org.ar\/web\/encuentro-residentes\/proximos-talleres\/\" target=\"_blank\" rel=\"noopener noreferrer\">PR\u00d3XIMOS TALLERES<\/a><\/span><\/h6>\n<h6><span style=\"color: #000080;\"><a style=\"color: #000080;\" href=\"https:\/\/faardit.org.ar\/web\/encuentro-residentes\/proximos-encuentros\/\" target=\"_blank\" rel=\"noopener noreferrer\">PR\u00d3XIMOS ENCUENTROS<\/a><\/span><\/h6>\n<h6><span style=\"color: #000080;\">EVENTOS ANTERIORES<\/span><\/h6>\n<h6><span style=\"color: #000080;\"><a style=\"color: #000080;\" href=\"https:\/\/faardit.org.ar\/web\/encuentro-residentes\/inscripcion-proximo-encuentro\/\" target=\"_blank\" rel=\"noopener noreferrer\">INSCRIPCI\u00d3N AL PR\u00d3XIMO ENCUENTRO DE RESIDENTES<\/a><\/span><\/h6>\n<\/div>\n<\/div>\n<\/div>\n<\/div>\n<\/div>\n<\/div>\n<\/div>\n<div id=\"pg-677-1\" class=\"panel-grid panel-no-style\" data-style=\"{&quot;background_image_attachment&quot;:false,&quot;background_display&quot;:&quot;tile&quot;,&quot;cell_alignment&quot;:&quot;flex-start&quot;}\" data-ratio=\"1\" data-ratio-direction=\"right\">\n<div id=\"pgc-677-1-0\" class=\"panel-grid-cell\" data-weight=\"1\">\n<div id=\"panel-677-1-0-0\" class=\"so-panel widget widget_sow-editor panel-first-child panel-last-child\" data-index=\"2\" data-style=\"{&quot;background_image_attachment&quot;:false,&quot;background_display&quot;:&quot;tile&quot;}\">\n<div class=\"so-widget-sow-editor so-widget-sow-editor-base\">\n<div class=\"siteorigin-widget-tinymce textwidget\">\n<h2 style=\"text-align: center;\"><span style=\"color: #000000;\">V\u00cdDEOS DE 43\u00ba ENCUENTRO DE RESIDENTES<\/span><\/h2>\n<hr \/>\n<p>&nbsp;<\/p>\n<\/div>\n<\/div>\n<\/div>\n<\/div>\n<\/div>\n<div id=\"pg-677-2\" class=\"panel-grid panel-no-style\" data-style=\"{&quot;background_image_attachment&quot;:false,&quot;background_display&quot;:&quot;tile&quot;,&quot;cell_alignment&quot;:&quot;flex-start&quot;}\" data-ratio=\"1\" data-ratio-direction=\"right\">\n<div id=\"pgc-677-2-0\" class=\"panel-grid-cell\" data-weight=\"0.33333333333333\">\n<div id=\"panel-677-2-0-0\" class=\"so-panel widget widget_sow-editor panel-first-child panel-last-child\" data-index=\"3\" data-style=\"{&quot;background_image_attachment&quot;:false,&quot;background_display&quot;:&quot;tile&quot;}\">\n<div class=\"so-widget-sow-editor so-widget-sow-editor-base\">\n<div class=\"siteorigin-widget-tinymce textwidget\">\n<h3 class=\"vf-text_title\" style=\"text-align: center;\"><span style=\"color: #000000;\">43\u00ba ER &#8211; NEURORADIOLOGIA<\/span><\/h3>\n<div class=\"vtext vf-text_data\" style=\"text-align: center;\"><span style=\"color: #000000;\">[embedyt] https:\/\/www.youtube.com\/embed?listType=playlist&amp;list=PLWDRNwuP5-QyQvRPb-fVmgaacqfSthm6V&amp;v=-KtRxKWrr8s&amp;layout=gallery[\/embedyt]<\/span><\/div>\n<\/div>\n<\/div>\n<\/div>\n<\/div>\n<div id=\"pgc-677-2-1\" class=\"panel-grid-cell\" data-weight=\"0.33333333333333\">\n<div id=\"panel-677-2-1-0\" class=\"so-panel widget widget_sow-editor panel-first-child panel-last-child\" data-index=\"4\" data-style=\"{&quot;background_image_attachment&quot;:false,&quot;background_display&quot;:&quot;tile&quot;}\">\n<div class=\"so-widget-sow-editor so-widget-sow-editor-base\">\n<div class=\"siteorigin-widget-tinymce textwidget\">\n<h3 class=\"vf-text_title\" style=\"text-align: center;\"><span style=\"color: #000000;\">43\u00ba ER &#8211; NEURORADIOLOGIA<\/span><\/h3>\n<div class=\"vtext vf-text_data\" style=\"text-align: center;\"><span style=\"color: #000000;\">[embedyt] https:\/\/www.youtube.com\/embed?listType=playlist&amp;list=PLWDRNwuP5-QybbJTZEcSKxPEXFJ7tWx8Z&amp;v=Q0UOZb98keA&amp;layout=gallery[\/embedyt]<\/span><\/div>\n<\/div>\n<\/div>\n<\/div>\n<\/div>\n<div id=\"pgc-677-2-2\" class=\"panel-grid-cell\" data-weight=\"0.33333333333333\">\n<div id=\"panel-677-2-2-0\" class=\"so-panel widget widget_sow-editor panel-first-child panel-last-child\" data-index=\"5\" data-style=\"{&quot;background_image_attachment&quot;:false,&quot;background_display&quot;:&quot;tile&quot;}\">\n<div class=\"so-widget-sow-editor so-widget-sow-editor-base\">\n<div class=\"siteorigin-widget-tinymce textwidget\">\n<h3 class=\"vf-text_title\" style=\"text-align: center;\"><span style=\"color: #000000;\">43\u00ba ER &#8211; MKS<\/span><\/h3>\n<div class=\"vtext vf-text_data\" style=\"text-align: center;\"><span style=\"color: #000000;\">[embedyt] https:\/\/www.youtube.com\/embed?listType=playlist&amp;list=PLWDRNwuP5-QzBg837ZLwFfd0xe0_AQ3c9&amp;v=xowxxCSkdcA&amp;layout=gallery[\/embedyt]<\/span><\/div>\n<\/div>\n<\/div>\n<\/div>\n<\/div>\n<\/div>\n<div id=\"pg-677-3\" class=\"panel-grid panel-no-style\" data-style=\"{&quot;background_image_attachment&quot;:false,&quot;background_display&quot;:&quot;tile&quot;,&quot;cell_alignment&quot;:&quot;flex-start&quot;}\" data-ratio=\"1\" data-ratio-direction=\"right\">\n<div id=\"pgc-677-3-0\" class=\"panel-grid-cell\" data-weight=\"1\">\n<div id=\"panel-677-3-0-0\" class=\"so-panel widget widget_sow-slider panel-first-child panel-last-child\" data-index=\"6\" data-style=\"{&quot;background_image_attachment&quot;:false,&quot;background_display&quot;:&quot;tile&quot;}\"><span style=\"color: #000000;\"><div class=\"so-widget-sow-slider so-widget-sow-slider-default-0c1369c4c991\"><div class=\"sow-slider-base \" style=\"display: none\"><ul class=\"sow-slider-images\" data-settings=\"{&quot;pagination&quot;:true,&quot;speed&quot;:800,&quot;timeout&quot;:8000,&quot;paused&quot;:false,&quot;pause_on_hover&quot;:false,&quot;swipe&quot;:true,&quot;nav_always_show_mobile&quot;:&quot;&quot;,&quot;breakpoint&quot;:&quot;780px&quot;}\">\t\t<li class=\"sow-slider-image  sow-slider-image-cover\" style=\"background-image: url(https:\/\/faardit.org.ar\/web\/wp-content\/uploads\/2020\/07\/PHOTO-2020-07-22-10-47-10.jpg)\" >\n\t\t\t\t\t\t\t\t\t<img width=\"960\" height=\"720\" src=\"https:\/\/faardit.org.ar\/web\/wp-content\/uploads\/2020\/07\/PHOTO-2020-07-22-10-47-10.jpg\" class=\"sow-slider-background-image\" alt=\"\" loading=\"eager\" srcset=\"https:\/\/faardit.org.ar\/web\/wp-content\/uploads\/2020\/07\/PHOTO-2020-07-22-10-47-10.jpg 960w, https:\/\/faardit.org.ar\/web\/wp-content\/uploads\/2020\/07\/PHOTO-2020-07-22-10-47-10-300x225.jpg 300w, https:\/\/faardit.org.ar\/web\/wp-content\/uploads\/2020\/07\/PHOTO-2020-07-22-10-47-10-768x576.jpg 768w\" sizes=\"(max-width: 960px) 100vw, 960px\" \/>\t\t\t\t\t\t\t\t<\/li>\n\t\t\t\t<li class=\"sow-slider-image  sow-slider-image-cover\" style=\"background-image: url(https:\/\/faardit.org.ar\/web\/wp-content\/uploads\/2020\/07\/PHOTO-2020-07-22-10-47-12.jpg)\" >\n\t\t\t\t\t\t\t\t\t<img width=\"960\" height=\"720\" src=\"https:\/\/faardit.org.ar\/web\/wp-content\/uploads\/2020\/07\/PHOTO-2020-07-22-10-47-12.jpg\" class=\"sow-slider-background-image\" alt=\"\" loading=\"eager\" srcset=\"https:\/\/faardit.org.ar\/web\/wp-content\/uploads\/2020\/07\/PHOTO-2020-07-22-10-47-12.jpg 960w, https:\/\/faardit.org.ar\/web\/wp-content\/uploads\/2020\/07\/PHOTO-2020-07-22-10-47-12-300x225.jpg 300w, https:\/\/faardit.org.ar\/web\/wp-content\/uploads\/2020\/07\/PHOTO-2020-07-22-10-47-12-768x576.jpg 768w\" sizes=\"(max-width: 960px) 100vw, 960px\" \/>\t\t\t\t\t\t\t\t<\/li>\n\t\t\t\t<li class=\"sow-slider-image  sow-slider-image-cover\" style=\"background-image: url(https:\/\/faardit.org.ar\/web\/wp-content\/uploads\/2020\/07\/PHOTO-2020-07-22-10-47-13-1.jpg)\" >\n\t\t\t\t\t\t\t\t\t<img width=\"960\" height=\"717\" src=\"https:\/\/faardit.org.ar\/web\/wp-content\/uploads\/2020\/07\/PHOTO-2020-07-22-10-47-13-1.jpg\" class=\"sow-slider-background-image\" alt=\"\" loading=\"eager\" srcset=\"https:\/\/faardit.org.ar\/web\/wp-content\/uploads\/2020\/07\/PHOTO-2020-07-22-10-47-13-1.jpg 960w, https:\/\/faardit.org.ar\/web\/wp-content\/uploads\/2020\/07\/PHOTO-2020-07-22-10-47-13-1-300x224.jpg 300w, https:\/\/faardit.org.ar\/web\/wp-content\/uploads\/2020\/07\/PHOTO-2020-07-22-10-47-13-1-768x574.jpg 768w\" sizes=\"(max-width: 960px) 100vw, 960px\" \/>\t\t\t\t\t\t\t\t<\/li>\n\t\t\t\t<li class=\"sow-slider-image  sow-slider-image-cover\" style=\"background-image: url(https:\/\/faardit.org.ar\/web\/wp-content\/uploads\/2020\/07\/PHOTO-2020-07-22-10-47-13.jpg)\" >\n\t\t\t\t\t\t\t\t\t<img width=\"960\" height=\"720\" src=\"https:\/\/faardit.org.ar\/web\/wp-content\/uploads\/2020\/07\/PHOTO-2020-07-22-10-47-13.jpg\" class=\"sow-slider-background-image\" alt=\"\" loading=\"eager\" srcset=\"https:\/\/faardit.org.ar\/web\/wp-content\/uploads\/2020\/07\/PHOTO-2020-07-22-10-47-13.jpg 960w, https:\/\/faardit.org.ar\/web\/wp-content\/uploads\/2020\/07\/PHOTO-2020-07-22-10-47-13-300x225.jpg 300w, https:\/\/faardit.org.ar\/web\/wp-content\/uploads\/2020\/07\/PHOTO-2020-07-22-10-47-13-768x576.jpg 768w\" sizes=\"(max-width: 960px) 100vw, 960px\" \/>\t\t\t\t\t\t\t\t<\/li>\n\t\t<\/ul>\t\t\t\t<ol class=\"sow-slider-pagination\">\n\t\t\t\t\t\t\t\t\t\t\t<li><a href=\"#\" data-goto=\"0\" aria-label=\"mostrar diapositiva 1\"><\/a><\/li>\n\t\t\t\t\t\t\t\t\t\t\t<li><a href=\"#\" data-goto=\"1\" aria-label=\"mostrar diapositiva 2\"><\/a><\/li>\n\t\t\t\t\t\t\t\t\t\t\t<li><a href=\"#\" data-goto=\"2\" aria-label=\"mostrar diapositiva 3\"><\/a><\/li>\n\t\t\t\t\t\t\t\t\t\t\t<li><a href=\"#\" data-goto=\"3\" aria-label=\"mostrar diapositiva 4\"><\/a><\/li>\n\t\t\t\t\t\t\t\t\t<\/ol>\n\n\t\t\t\t<div class=\"sow-slide-nav sow-slide-nav-next\">\n\t\t\t\t\t<a href=\"#\" data-goto=\"next\" aria-label=\"diapositiva siguiente\" data-action=\"next\">\n\t\t\t\t\t\t<em class=\"sow-sld-icon-thin-right\"><\/em>\n\t\t\t\t\t<\/a>\n\t\t\t\t<\/div>\n\n\t\t\t\t<div class=\"sow-slide-nav sow-slide-nav-prev\">\n\t\t\t\t\t<a href=\"#\" data-goto=\"previous\" aria-label=\"diapositiva anterior\" data-action=\"prev\">\n\t\t\t\t\t\t<em class=\"sow-sld-icon-thin-left\"><\/em>\n\t\t\t\t\t<\/a>\n\t\t\t\t<\/div>\n\t\t\t\t<\/div><\/div><\/span><\/div>\n<\/div>\n<\/div>\n<\/div>\n","protected":false},"excerpt":{"rendered":"<p>El Encuentro de Residentes (ER) es una actividad acad\u00e9mica organizada por FAARDIT (Federaci\u00f3n Argentina de Radiolog\u00eda) en la que residentes de distintas escuelas de radiolog\u00eda (Argentina y de toda Am\u00e9rica) presentan casos de alta complejidad para ser discutidos y analizados con el auditorio. La actividad&#8230;<\/p>\n","protected":false},"author":1,"featured_media":0,"parent":0,"menu_order":0,"comment_status":"open","ping_status":"closed","template":"","meta":[],"_links":{"self":[{"href":"https:\/\/faardit.org.ar\/web\/wp-json\/wp\/v2\/pages\/677"}],"collection":[{"href":"https:\/\/faardit.org.ar\/web\/wp-json\/wp\/v2\/pages"}],"about":[{"href":"https:\/\/faardit.org.ar\/web\/wp-json\/wp\/v2\/types\/page"}],"author":[{"embeddable":true,"href":"https:\/\/faardit.org.ar\/web\/wp-json\/wp\/v2\/users\/1"}],"replies":[{"embeddable":true,"href":"https:\/\/faardit.org.ar\/web\/wp-json\/wp\/v2\/comments?post=677"}],"version-history":[{"count":13,"href":"https:\/\/faardit.org.ar\/web\/wp-json\/wp\/v2\/pages\/677\/revisions"}],"predecessor-version":[{"id":6800,"href":"https:\/\/faardit.org.ar\/web\/wp-json\/wp\/v2\/pages\/677\/revisions\/6800"}],"wp:attachment":[{"href":"https:\/\/faardit.org.ar\/web\/wp-json\/wp\/v2\/media?parent=677"}],"curies":[{"name":"wp","href":"https:\/\/api.w.org\/{rel}","templated":true}]}}