{"id":8241,"date":"2025-11-26T19:09:13","date_gmt":"2025-11-26T19:09:13","guid":{"rendered":"https:\/\/faardit.org.ar\/web\/?page_id=8241"},"modified":"2025-11-27T17:35:20","modified_gmt":"2025-11-27T17:35:20","slug":"certificacion-gestion-calidad","status":"publish","type":"page","link":"https:\/\/faardit.org.ar\/web\/certificacion-gestion-calidad\/","title":{"rendered":"Certificaci\u00f3n de sistemas de gesti\u00f3n de la calidad en diagn\u00f3stico por im\u00e1genes"},"content":{"rendered":"<p><div class=\"page-section  clearfix first-section\" style=\"z-index:1\" id='rpsCX0EQ7LVM0XNP440VFOHTMVH6VBY4LQS' data-exheight='0' >\n\t\n\t<div class=\"section-inner-wrap\">\n\n\t\t\n\n\n\t\t\t\n\n\t<div class=\"skeleton section-content auto_align clearfix\" data-width=\"Contained\">\n\t\t\n\t\t\t\t\t\n<div class=\"rad-container  layout_element  full last first  top   clearfix\" id=\"rpcUYQWM6ALQBC2OO55VF86NUGC1091XOHU\" data-layout=\"full\">\n\t\n\t \t\n\n\t<div class=\"rad-inner-container clearfix\">\n\t \n\n\n<div  data-key=\"rad_text_widget\"  style='-webkit-transition-delay:0s;transition-delay:0s;' id=\"rpwCBKGRSNRMHCNTGQX0NTB8GX9M4H4D07P\" class=\" w_full w_layout_element  top   rad-widget\">\n\t\n<div class='ioa-text-column none  col-align-left  clearfix'> \n      \n      <div class='ioa-text-area'>\n        <h3 class='text-title'>Certificaci\u00f3n de sistemas de gesti\u00f3n de la calidad en diagn\u00f3stico por im\u00e1genes<\/h3>\n        \n        \n        \n        \n      <\/div> \n     <\/div>\n<\/div>\t\t\n\t<\/div>\n\n\t\n<\/div>\n\n\t\t\t\n\t\n\t<\/div>\n\n\t\t\n\n\t\t<\/div>\n<\/div>\t\n\n<div class=\"page-section  clearfix \" style=\"z-index:2\" id='rpsR06I43DHCUHNAB9AL5BGRW3WYM7EFM6S' data-exheight='0' >\n\t\n\t<div class=\"section-inner-wrap\">\n\n\t\t\n\n\n\t\t\t\n\n\t<div class=\"skeleton section-content auto_align clearfix\" data-width=\"Contained\">\n\t\t\n\t\t\t\t\t\n<div class=\"rad-container  layout_element  two_third first  top   clearfix\" id=\"rpcC0740UOQH1R8H9S47BK27NJRP9VRXGED\" data-layout=\"two_third\">\n\t\n\t \t\n\n\t<div class=\"rad-inner-container clearfix\">\n\t \n\n\n<div  data-key=\"rad_text_widget\"  style='-webkit-transition-delay:0s;transition-delay:0s;' id=\"rpwNMEFQRO3R2SJSCTV9LJM7F4KX5CHX3T8\" class=\" w_full w_layout_element  top   rad-widget\">\n\t\n<div class='ioa-text-column none  col-align-left  clearfix'> \n      \n      <div class='ioa-text-area'>\n        <h3 class='text-title'>Obten\u00e9 tu certificaci\u00f3n<\/h3>\n        \n        \n        <div class='ioa-text clearfix'>\n<p><span style=\"color: #000000;\">Desde el a\u00f1o 2019, nuestra federaci\u00f3n ofrece la posibilidad de certificar <strong>Sistemas de gesti\u00f3n de la calidad en diagn\u00f3stico por im\u00e1genes<\/strong> mediante una evaluaci\u00f3n y cumplimiento de ciertos requisitos.<\/span><\/p>\n<p><span style=\"color: #000000;\">A trav\u00e9s de auditor\u00edas peri\u00f3dicas se busca :<\/span><\/p>\n<ul>\n<li><span style=\"color: #000000;\">Optimizar las pr\u00e1cticas y procesos internos.<\/span><\/li>\n<li><span style=\"color: #000000;\">Garantizar una adecuada gesti\u00f3n de la radioprotecci\u00f3n.<\/span><\/li>\n<li><span style=\"color: #000000;\">Proporcionar mayor seguridad al paciente y mejorar su experiencia.<\/span><\/li>\n<\/ul>\n<p><span style=\"color: #000000;\">La <strong>Norma de Certificaci\u00f3n<\/strong> a ser evaluada es propuesta por FAARDIT, que es la instituci\u00f3n que otorga y certifica la vigencia del certificado. Para ello realiza auditor\u00edas que incluyen:<\/span><\/p>\n<ul>\n<li><span style=\"color: #000000;\">Controles de calidad de los equipos.<\/span><\/li>\n<li><span style=\"color: #000000;\">Evaluaci\u00f3n de procesos y entrevistas.<\/span><\/li>\n<li><span style=\"color: #000000;\">Observaci\u00f3n de documentos de un sistema de gesti\u00f3n.<\/span><\/li>\n<li><span style=\"color: #000000;\">Evaluaci\u00f3n de instalaciones y detecci\u00f3n de oportunidades de mejora.<\/span><\/li>\n<\/ul>\n<p>\u00a0<\/p>\n<p><span style=\"color: #000000;\"><strong>Im\u00e1genes M\u00e9dicas Borelli S.A.S.<\/strong> es hasta el momento la \u00fanica instituci\u00f3n que desde el a\u00f1o 2022 mantiene su certificado vigente \u00a1Felicitaciones!<\/span><\/p>\n<p><span style=\"color: #000000;\">Para m\u00e1s info, comunicarse al correo juan@faardit.org.ar<\/span><\/p>\n<\/div>\n        \n      <\/div> \n     <\/div>\n<\/div>\t\t\n\t<\/div>\n\n\t\n<\/div>\n\n\t\t\n<div class=\"rad-container  layout_element  one_third last top   clearfix\" id=\"rpcQTLVQ3HNSEGUSDBL0MPDCJYLL4VBTU94\" data-layout=\"one_third\">\n\t\n\t \t\n\n\t<div class=\"rad-inner-container clearfix\">\n\t\n<div  data-key=\"rad_image_widget\"  id=\"rpwBMO5KOMS3V3I2AEE7WTVKWYEUAG0JSUA\" class=\" w_full w_layout_element  top   rad-widget\">\n\t<div class=\"image-inner-wrap image-stretched \">\n\t\t\t\t\n\t\t<div  class=' hover-item  image-align-none' itemscope itemprop='http:\/\/schema.org\/ImageObject'> <img src='https:\/\/faardit.org.ar\/web\/wp-content\/uploads\/2025\/11\/medica-dedicada-realizar-diagnosticos-en-un-moderno-departamento-de-radiologia-de-un-hospital-comprimida-scaled.jpg' itemprop='url' alt='' title='medica-dedicada-realizar-diagnosticos-en-un-moderno-departamento-de-radiologia-de-un-hospital-comprimida' \/>  <\/div>\t\t\t\t\t<\/div>\n<\/div>\n\t\t\n\t<\/div>\n\n\t\n<\/div>\n\n\t\t\t\n\t\n\t<\/div>\n\n\t\t\n\n\t\t<\/div>\n<\/div>\t\n\n<div class=\"page-section  clearfix \" style=\"z-index:3\" id='rpsSXRKL9V9SML7U4MRRW8NG061BU82SXE0' data-exheight='0' >\n\t\n\t<div class=\"section-inner-wrap\">\n\n\t\t\n\n\n\t\t\t\n\n\t<div class=\"skeleton section-content auto_align clearfix\" data-width=\"Contained\">\n\t\t\n\t\t\t\t\t\n<div class=\"rad-container  layout_element  full last first  top   clearfix\" id=\"rpcXBDF82LMS6TCJ1KXHVCGTNAAVXEW66JV\" data-layout=\"full\">\n\t\n\t \t\n\n\t<div class=\"rad-inner-container clearfix\">\n\t \n\n\n<div  data-key=\"rad_text_widget\"  style='-webkit-transition-delay:0s;transition-delay:0s;' id=\"rpwXDLUJPHDDV35O4NJUADC9O8MTA5TENGF\" class=\" w_full w_layout_element  top   rad-widget\">\n\t\n<div class='ioa-text-column none  col-align-left  clearfix'> \n      \n      <div class='ioa-text-area'>\n        <h3 class='text-title'>Para descargar<\/h3>\n        \n        \n        \n        \n      <\/div> \n     <\/div>\n<\/div>\t\t\n\t<\/div>\n\n\t\n<\/div>\n\n\t\t\n<div class=\"rad-container  layout_element  one_half first   clearfix\" id=\"rpcYOCHRJ2GIGVQW7U05QH800YVIIBBEEBF\" data-layout=\"one_half\">\n\t<span class=\"vline\" style='-webkit-transition-delay:350ms;transition-delay:350ms;'><\/span>\n\t \t\n\n\t<div class=\"rad-inner-container clearfix\">\n\t\n<div  data-key=\"rad_button_widget\"  id=\"rpwD7ENTKC5PTQY1QQV9UJIP2RE2L5GBBY8\" class=\" button-align-center  w_full w_layout_element  top   clearfix rad-widget rad-button-widget \">\n\t<a   href=\"https:\/\/faardit.org.ar\/web\/wp-content\/uploads\/2025\/10\/FAARDIT-2025-Certificacion-de-Centros-de-DxI-Requisitos-para-Certificar-Resumen.pdf\"  class=\" ioa-button style-default size-default\">\n\t\t\t\t\t\t<span>Metodolog\u00eda para certificaci\u00f3n en gesti\u00f3n de la calidad<\/span>\n\t<\/a>\n<\/div>\n\n\t\t\n\t<\/div>\n\n\t\n<\/div>\n\n\t\t\n<div class=\"rad-container  layout_element  one_half last  clearfix\" id=\"rpcBIM3T389P9SBDF2C2SGLSNXNJCARFJB0\" data-layout=\"one_half\">\n\t<span class=\"vline\" style='-webkit-transition-delay:700ms;transition-delay:700ms;'><\/span>\n\t \t\n\n\t<div class=\"rad-inner-container clearfix\">\n\t\n<div  data-key=\"rad_button_widget\"  id=\"rpwY5H0MTL9CXGA730U8Y029K335HNJW9AL\" class=\" button-align-center  w_full w_layout_element  top   clearfix rad-widget rad-button-widget \">\n\t<a   href=\"https:\/\/faardit.org.ar\/web\/wp-content\/uploads\/2025\/10\/Planilla-para-solicitar-presupuesto-2025-FAARDIT-1.pdf\"  class=\" ioa-button style-default size-default\">\n\t\t\t\t\t\t<span>Plantilla de solicitud de presupuesto<\/span>\n\t<\/a>\n<\/div>\n\n\t\t\n\t<\/div>\n\n\t\n<\/div>\n\n\t\t\t\n\t\n\t<\/div>\n\n\t\t\n\n\t\t<\/div>\n<\/div>\t\n\n<div class=\"page-section  clearfix last-section\" style=\"z-index:4\" id='rpsAWUJH12CXIFLOUMXUOUS4F6GHJO4836D' data-exheight='0' >\n\t\n\t<div class=\"section-inner-wrap\">\n\n\t\t\n\n\n\t\t\t\n\n\t<div class=\"skeleton section-content auto_align clearfix\" data-width=\"Contained\">\n\t\t\n\t\t\t\t\t\n<div class=\"rad-container  layout_element  full last first  top   clearfix\" id=\"rpcDGQ38OTXFMQK6MY3QRWO00Q7QS0TY477\" data-layout=\"full\">\n\t\n\t \t\n\n\t<div class=\"rad-inner-container clearfix\">\n\t \n\n\n<div  data-key=\"rad_text_widget\"  style='-webkit-transition-delay:0s;transition-delay:0s;' id=\"rpwVO7FS0RGANM6T5LPK2J7OJEO42429SLX\" class=\" w_full w_layout_element  top   rad-widget\">\n\t\n<div class='ioa-text-column none  col-align-left  clearfix'> \n      \n      <div class='ioa-text-area'>\n        <h3 class='text-title'> Galer\u00eda de fotos<\/h3>\n        \n        \n        \n        \n      <\/div> \n     <\/div>\n<\/div>\n<div  data-key=\"rad_gallery_widget\"  id=\"rpwUHBPMHW00EXYFAYMD4Y3HR9ARMK1BNRT\" class=\" w_full w_layout_element   rad-widget\">\n\t<div class=\"gallery-inner-wrap\">\n\t\t\n\t\t<div class=\"gallery-data \"  itemscope itemtype=\"http:\/\/schema.org\/ImageGallery\" >\n\t\t\t<span class=\"ioa-loader\"><\/span>\n\t\t\t<div class=\"ioa-gallery seleneGallery hard \" data-effect_type=\"fade\"data-thumbnails=\"true\"  data-autoplay=\"false\" data-captions=\"false\" data-fullscreen=\"false\" data-arrow_control=\"true\"  data-duration=\"4\"  data-height=\"400\"  data-width=\"1060\" > \n                \t\t\t\t<div class=\"gallery-holder\">\n\t\t\t\t\t\t\t\t\t\t\t\t\n\t\t\t\t\t\t\t\t<div class=\"gallery-item\"  data-thumbnail=\"https:\/\/faardit.org.ar\/web\/wp-content\/uploads\/2025\/11\/01-Auditoria-Certificacion-Sistema-Gestion-Calidad-FAARDIT-150x150.jpg\" style=\"line-height:400px\">\n\t\t\t\t\t\t\t\t\n\t\t\t\t\t\t\t\t  <img itemprop='image'   alt=\"\" title=\"01 Auditoria Certificacion Sistema Gestion Calidad FAARDIT\"  class='' src='https:\/\/faardit.org.ar\/web\/wp-content\/uploads\/2025\/11\/01-Auditoria-Certificacion-Sistema-Gestion-Calidad-FAARDIT-185x400.jpg'     \/>\t\t\t\t\t\t\t<\/div>\t\t\n\t\t\t\t\t\t\t\t\t\t\t\t\t\t\n\t\t\t\t\t\t\t\t<div class=\"gallery-item\"  data-thumbnail=\"https:\/\/faardit.org.ar\/web\/wp-content\/uploads\/2025\/11\/02-Auditoria-Certificacion-Sistema-Gestion-Calidad-FAARDIT-150x150.jpg\" style=\"line-height:400px\">\n\t\t\t\t\t\t\t\t\n\t\t\t\t\t\t\t\t  <img itemprop='image'   alt=\"\" title=\"02 Auditoria Certificacion Sistema Gestion Calidad FAARDIT\"  class='' src='https:\/\/faardit.org.ar\/web\/wp-content\/uploads\/2025\/11\/02-Auditoria-Certificacion-Sistema-Gestion-Calidad-FAARDIT-185x400.jpg'     \/>\t\t\t\t\t\t\t<\/div>\t\t\n\t\t\t\t\t\t\t\t\t\t\t\t\t\t\n\t\t\t\t\t\t\t\t<div class=\"gallery-item\"  data-thumbnail=\"https:\/\/faardit.org.ar\/web\/wp-content\/uploads\/2025\/11\/03-Auditoria-Certificacion-Sistema-Gestion-Calidad-FAARDIT-150x150.jpg\" style=\"line-height:400px\">\n\t\t\t\t\t\t\t\t\n\t\t\t\t\t\t\t\t  <img itemprop='image'   alt=\"\" title=\"03 Auditoria Certificacion Sistema Gestion Calidad FAARDIT\"  class='' src='https:\/\/faardit.org.ar\/web\/wp-content\/uploads\/2025\/11\/03-Auditoria-Certificacion-Sistema-Gestion-Calidad-FAARDIT-180x400.jpg'     \/>\t\t\t\t\t\t\t<\/div>\t\t\n\t\t\t\t\t\t\t\t\t\t\t\t\t\t\n\t\t\t\t\t\t\t\t<div class=\"gallery-item\"  data-thumbnail=\"https:\/\/faardit.org.ar\/web\/wp-content\/uploads\/2025\/11\/04-Auditoria-Certificacion-Sistema-Gestion-Calidad-FAARDIT-150x150.jpg\" style=\"line-height:400px\">\n\t\t\t\t\t\t\t\t\n\t\t\t\t\t\t\t\t  <img itemprop='image'   alt=\"\" title=\"04 Auditoria Certificacion Sistema Gestion Calidad FAARDIT\"  class='' src='https:\/\/faardit.org.ar\/web\/wp-content\/uploads\/2025\/11\/04-Auditoria-Certificacion-Sistema-Gestion-Calidad-FAARDIT-180x400.jpg'     \/>\t\t\t\t\t\t\t<\/div>\t\t\n\t\t\t\t\t\t\t\t\t\t\t\t\t\t\n\t\t\t\t\t\t\t\t<div class=\"gallery-item\"  data-thumbnail=\"https:\/\/faardit.org.ar\/web\/wp-content\/uploads\/2025\/11\/05-Auditoria-Certificacion-Sistema-Gestion-Calidad-FAARDIT-150x150.jpg\" style=\"line-height:400px\">\n\t\t\t\t\t\t\t\t\n\t\t\t\t\t\t\t\t  <img itemprop='image'   alt=\"\" title=\"05 Auditoria Certificacion Sistema Gestion Calidad FAARDIT\"  class='' src='https:\/\/faardit.org.ar\/web\/wp-content\/uploads\/2025\/11\/05-Auditoria-Certificacion-Sistema-Gestion-Calidad-FAARDIT-889x400.jpg'     \/>\t\t\t\t\t\t\t<\/div>\t\t\n\t\t\t\t\t\t\t\t\t\t\t\t\t\t\n\t\t\t\t\t\t\t\t<div class=\"gallery-item\"  data-thumbnail=\"https:\/\/faardit.org.ar\/web\/wp-content\/uploads\/2025\/11\/06-Auditoria-Certificacion-Sistema-Gestion-Calidad-FAARDIT-150x150.jpg\" style=\"line-height:400px\">\n\t\t\t\t\t\t\t\t\n\t\t\t\t\t\t\t\t  <img itemprop='image'   alt=\"\" title=\"06 Auditoria Certificacion Sistema Gestion Calidad FAARDIT\"  class='' src='https:\/\/faardit.org.ar\/web\/wp-content\/uploads\/2025\/11\/06-Auditoria-Certificacion-Sistema-Gestion-Calidad-FAARDIT-300x400.jpg'     \/>\t\t\t\t\t\t\t<\/div>\t\t\n\t\t\t\t\t\t\t\t\t\t\t\t\t\t\n\t\t\t\t\t\t\t\t<div class=\"gallery-item\"  data-thumbnail=\"https:\/\/faardit.org.ar\/web\/wp-content\/uploads\/2025\/11\/07-Auditoria-Certificacion-Sistema-Gestion-Calidad-FAARDIT-150x150.jpg\" style=\"line-height:400px\">\n\t\t\t\t\t\t\t\t\n\t\t\t\t\t\t\t\t  <img itemprop='image'   alt=\"\" title=\"07 Auditoria Certificacion Sistema Gestion Calidad FAARDIT\"  class='' src='https:\/\/faardit.org.ar\/web\/wp-content\/uploads\/2025\/11\/07-Auditoria-Certificacion-Sistema-Gestion-Calidad-FAARDIT-300x400.jpg'     \/>\t\t\t\t\t\t\t<\/div>\t\t\n\t\t\t\t\t\t\t\t\t\t\t\t\t\t\n\t\t\t\t\t\t\t\t<div class=\"gallery-item\"  data-thumbnail=\"https:\/\/faardit.org.ar\/web\/wp-content\/uploads\/2025\/11\/08-Auditoria-Certificacion-Sistema-Gestion-Calidad-FAARDIT-150x150.jpg\" style=\"line-height:400px\">\n\t\t\t\t\t\t\t\t\n\t\t\t\t\t\t\t\t  <img itemprop='image'   alt=\"\" title=\"08 Auditoria Certificacion Sistema Gestion Calidad FAARDIT\"  class='' src='https:\/\/faardit.org.ar\/web\/wp-content\/uploads\/2025\/11\/08-Auditoria-Certificacion-Sistema-Gestion-Calidad-FAARDIT-185x400.jpg'     \/>\t\t\t\t\t\t\t<\/div>\t\t\n\t\t\t\t\t\t\t\t\n\n\t\t\t\t<\/div>\n\n\t\t\t<\/div>\n\n\t\t<\/div>\n\n\t\t\n\t<\/div>\n<\/div>\n\n\t\t\n\t<\/div>\n\n\t\n<\/div>\n\n\t\t\t\n\t\n\t<\/div>\n\n\t\t\n\n\t\t<\/div>\n<\/div>\t\n\n<\/p>\n","protected":false},"excerpt":{"rendered":"","protected":false},"author":1,"featured_media":0,"parent":0,"menu_order":0,"comment_status":"closed","ping_status":"closed","template":"","meta":[],"_links":{"self":[{"href":"https:\/\/faardit.org.ar\/web\/wp-json\/wp\/v2\/pages\/8241"}],"collection":[{"href":"https:\/\/faardit.org.ar\/web\/wp-json\/wp\/v2\/pages"}],"about":[{"href":"https:\/\/faardit.org.ar\/web\/wp-json\/wp\/v2\/types\/page"}],"author":[{"embeddable":true,"href":"https:\/\/faardit.org.ar\/web\/wp-json\/wp\/v2\/users\/1"}],"replies":[{"embeddable":true,"href":"https:\/\/faardit.org.ar\/web\/wp-json\/wp\/v2\/comments?post=8241"}],"version-history":[{"count":15,"href":"https:\/\/faardit.org.ar\/web\/wp-json\/wp\/v2\/pages\/8241\/revisions"}],"predecessor-version":[{"id":8268,"href":"https:\/\/faardit.org.ar\/web\/wp-json\/wp\/v2\/pages\/8241\/revisions\/8268"}],"wp:attachment":[{"href":"https:\/\/faardit.org.ar\/web\/wp-json\/wp\/v2\/media?parent=8241"}],"curies":[{"name":"wp","href":"https:\/\/api.w.org\/{rel}","templated":true}]}}